{"id":105029,"date":"2025-11-16T23:50:45","date_gmt":"2025-11-17T07:50:45","guid":{"rendered":"https:\/\/www.solargard.com\/product\/wpf-windshield-protection-film\/"},"modified":"2025-12-09T05:38:22","modified_gmt":"2025-12-09T13:38:22","slug":"wpf-windshield-protection-film","status":"publish","type":"product","link":"https:\/\/www.solargard.com\/sv\/product\/wpf-windshield-protection-film\/","title":{"rendered":"WPF Clearshield\u00ae WPF Skyddsfilm f\u00f6r fordonsglas"},"content":{"rendered":"<p><strong>Clearshield\u00ae WPF Windshield Protection Film \u00e4r<br \/>\nDet b\u00e4sta skyddet du aldrig kommer se!<br \/>\n<\/strong><\/p>\n<div class=\"wpb_text_column wpb_content_element\">\n<h3 class=\"wpb_wrapper\">Varf\u00f6r skyddsfilm f\u00f6r fordonsglas?<\/h3>\n<\/div>\n<div class=\"wpb_text_column wpb_content_element vc_custom_1743098405314\">\n<div class=\"wpb_wrapper\">\n<p><span>Att byta vindruta \u00e4r dyrt och frustrerande \u2013 men med Clearshield WPF kan du undvika besv\u00e4ret.<\/span><\/p>\n<ul>\n<li><span><strong>\u201dBubbelfri\u201d applicering<\/strong>\u00a0\u2013 F\u00e5 den professionellt installerad f\u00f6r ett felfritt och s\u00f6ml\u00f6st utseende.<\/span><\/li>\n<li><span><\/span><span><strong>Helt klar sikt<\/strong>\u00a0\u2013 Bibeh\u00e5ller perfekt sikt, dag som natt.<\/span><\/li>\n<li><span><\/span><span><strong>Stenskottsskydd\u00a0<\/strong>\u2013 Skyddar mot stenskott, skr\u00e4p fr\u00e5n v\u00e4gen och vardagligt slitage.<\/span><\/li>\n<li><span><\/span><span><strong>UV-skydd\u00a0<\/strong>\u2013 Blockerar 99 % av UV-str\u00e5larna f\u00f6r att skydda din inredning, elektronik och inte minst dig sj\u00e4lv.<\/span><\/li>\n<li><span><\/span><span><strong>L\u00e5ngsiktigt och prisv\u00e4rt skydd<\/strong>\u00a0\u2013 Hj\u00e4lper till att undvika kostsamma reparationer och byten av glasrutor.<\/span><\/li>\n<\/ul>\n<\/div>\n<\/div>\n<h4><span style=\"color: #00ccff;\"><a style=\"color: #00ccff;\" href=\"https:\/\/www.solargard.com\/sv\/wpf-skyddsfilm-glas\/\" target=\"_blank\" rel=\"noopener\"><strong>L\u00e4s mer &gt;<\/strong><\/a><strong>\u00a0 \u00a0 \u00a0\u00a0<\/strong><\/span><\/h4>\n","protected":false},"excerpt":{"rendered":"<p>Clearshield\u00ae WPF Windshield Protection Film \u00e4r Det b\u00e4sta skyddet du aldrig kommer se! Varf\u00f6r skyddsfilm f\u00f6r fordonsglas? Att byta vindruta \u00e4r dyrt och frustrerande \u2013 men med Clearshield WPF kan du undvika besv\u00e4ret. \u201dBubbelfri\u201d applicering\u00a0\u2013 F\u00e5 den professionellt installerad f\u00f6r ett felfritt och s\u00f6ml\u00f6st utseende. Helt klar sikt\u00a0\u2013 Bibeh\u00e5ller perfekt sikt, dag som natt. Stenskottsskydd\u00a0\u2013 &hellip; <a href=\"https:\/\/www.solargard.com\/sv\/product\/wpf-windshield-protection-film\/\">Continued<\/a><\/p>\n","protected":false},"featured_media":105030,"comment_status":"open","ping_status":"closed","template":"","meta":{"_acf_changed":false},"product_brand":[],"product_cat":[1781],"product_tag":[],"class_list":{"0":"post-105029","1":"product","2":"type-product","3":"status-publish","4":"has-post-thumbnail","6":"product_cat-skyddsfilm-vindruta-sv","8":"first","9":"instock","10":"shipping-taxable","11":"product-type-simple"},"acf":[],"_links":{"self":[{"href":"https:\/\/www.solargard.com\/sv\/wp-json\/wp\/v2\/product\/105029","targetHints":{"allow":["GET"]}}],"collection":[{"href":"https:\/\/www.solargard.com\/sv\/wp-json\/wp\/v2\/product"}],"about":[{"href":"https:\/\/www.solargard.com\/sv\/wp-json\/wp\/v2\/types\/product"}],"replies":[{"embeddable":true,"href":"https:\/\/www.solargard.com\/sv\/wp-json\/wp\/v2\/comments?post=105029"}],"wp:featuredmedia":[{"embeddable":true,"href":"https:\/\/www.solargard.com\/sv\/wp-json\/wp\/v2\/media\/105030"}],"wp:attachment":[{"href":"https:\/\/www.solargard.com\/sv\/wp-json\/wp\/v2\/media?parent=105029"}],"wp:term":[{"taxonomy":"product_brand","embeddable":true,"href":"https:\/\/www.solargard.com\/sv\/wp-json\/wp\/v2\/product_brand?post=105029"},{"taxonomy":"product_cat","embeddable":true,"href":"https:\/\/www.solargard.com\/sv\/wp-json\/wp\/v2\/product_cat?post=105029"},{"taxonomy":"product_tag","embeddable":true,"href":"https:\/\/www.solargard.com\/sv\/wp-json\/wp\/v2\/product_tag?post=105029"}],"curies":[{"name":"wp","href":"https:\/\/api.w.org\/{rel}","templated":true}]}}