{"id":23506,"date":"2015-01-07T19:55:13","date_gmt":"2015-01-07T19:55:13","guid":{"rendered":"https:\/\/www.solargard.com\/se\/?post_type=product&#038;p=23506"},"modified":"2025-04-09T05:54:18","modified_gmt":"2025-04-09T13:54:18","slug":"truevue","status":"publish","type":"product","link":"https:\/\/www.solargard.com\/sv\/product\/truevue\/","title":{"rendered":"Interi\u00f6r &#8211; TrueVue"},"content":{"rendered":"<p><strong><em>F\u00f6r en klar utsikt b\u00e5de dag och natt<\/em><\/strong><\/p>\n<p>Solar Gard TrueVue f\u00f6nsterfilm erbjuder en enast\u00e5ende optisk klarhet och oslagbar utsikt b\u00e5de dag som natt.<\/p>\n<p>TrueVue ger dig:<\/p>\n<ul>\n<li>Effektivt skydd fr\u00e5n solens skadliga UV-str\u00e5lning<\/li>\n<li>V\u00e4rmeavvisning med upp till 82% f\u00f6r en h\u00f6gre komfort<\/li>\n<li>Minskning av b\u00e5de kostnaden f\u00f6r kylning samt din ekologiska milj\u00f6p\u00e5verkan<\/li>\n<li>Reduktion av v\u00e4rmetoppar f\u00f6r en j\u00e4mnare och behagligare inomhustemperatur<\/li>\n<li>Bl\u00e4ndningsreduktion med upp till 94%<\/li>\n<li>Insynsskydd dagtid<\/li>\n<\/ul>\n<p>TrueVue finns\u00a0i fyra nyanser, 5, 15, 30 och 40:<\/p>\n<ul>\n<li>\u00a0Ger dig ett antal valm\u00f6jligheter vad g\u00e4ller visuellt utseende och solv\u00e4rmereduktion.<\/li>\n<\/ul>\n","protected":false},"excerpt":{"rendered":"<p>F\u00f6r en klar utsikt b\u00e5de dag och natt Solar Gard TrueVue f\u00f6nsterfilm erbjuder en enast\u00e5ende optisk klarhet och oslagbar utsikt b\u00e5de dag som natt. TrueVue ger dig: Effektivt skydd fr\u00e5n solens skadliga UV-str\u00e5lning V\u00e4rmeavvisning med upp till 82% f\u00f6r en h\u00f6gre komfort Minskning av b\u00e5de kostnaden f\u00f6r kylning samt din ekologiska milj\u00f6p\u00e5verkan Reduktion av v\u00e4rmetoppar &hellip; <a href=\"https:\/\/www.solargard.com\/sv\/product\/truevue\/\">Continued<\/a><\/p>\n","protected":false},"featured_media":28345,"comment_status":"open","ping_status":"closed","template":"","meta":{"_acf_changed":false},"product_brand":[],"product_cat":[806,811],"product_tag":[1479,1434,1494,1524],"class_list":{"0":"post-23506","1":"product","2":"type-product","3":"status-publish","4":"has-post-thumbnail","6":"product_cat-fastighetsfilm","7":"product_cat-solskydd","8":"product_tag-heat-sv","9":"product_tag-home-sv","10":"product_tag-privacy-sv","11":"product_tag-reflective-sv","13":"first","14":"instock","15":"shipping-taxable","16":"product-type-simple"},"acf":[],"_links":{"self":[{"href":"https:\/\/www.solargard.com\/sv\/wp-json\/wp\/v2\/product\/23506","targetHints":{"allow":["GET"]}}],"collection":[{"href":"https:\/\/www.solargard.com\/sv\/wp-json\/wp\/v2\/product"}],"about":[{"href":"https:\/\/www.solargard.com\/sv\/wp-json\/wp\/v2\/types\/product"}],"replies":[{"embeddable":true,"href":"https:\/\/www.solargard.com\/sv\/wp-json\/wp\/v2\/comments?post=23506"}],"wp:featuredmedia":[{"embeddable":true,"href":"https:\/\/www.solargard.com\/sv\/wp-json\/wp\/v2\/media\/28345"}],"wp:attachment":[{"href":"https:\/\/www.solargard.com\/sv\/wp-json\/wp\/v2\/media?parent=23506"}],"wp:term":[{"taxonomy":"product_brand","embeddable":true,"href":"https:\/\/www.solargard.com\/sv\/wp-json\/wp\/v2\/product_brand?post=23506"},{"taxonomy":"product_cat","embeddable":true,"href":"https:\/\/www.solargard.com\/sv\/wp-json\/wp\/v2\/product_cat?post=23506"},{"taxonomy":"product_tag","embeddable":true,"href":"https:\/\/www.solargard.com\/sv\/wp-json\/wp\/v2\/product_tag?post=23506"}],"curies":[{"name":"wp","href":"https:\/\/api.w.org\/{rel}","templated":true}]}}