{"id":23507,"date":"2014-11-03T19:58:19","date_gmt":"2014-11-03T19:58:19","guid":{"rendered":"https:\/\/www.solargard.com\/se\/?post_type=product&#038;p=23507"},"modified":"2025-04-08T04:50:05","modified_gmt":"2025-04-08T12:50:05","slug":"solar-bronze","status":"publish","type":"product","link":"https:\/\/www.solargard.com\/sv\/product\/solar-bronze\/","title":{"rendered":"Interi\u00f6r &#8211; Solar Bronze"},"content":{"rendered":"<p><span>Solar Gard Bronze-serien ger en varm kopparfinish till f\u00f6nster och harmonierar samtidigt med naturliga f\u00e4rgteman och jordtoner. Dessa filmer ger stor v\u00e4rmereflektion och ett bra insynsskydd, men sl\u00e4pper \u00e4nd\u00e5 in en stor m\u00e4ngd dagsljus. Ge din fastighet ett v\u00e4rme- och insynsskydd med stil\u00a0med Solar Bronze.<\/span><\/p>\n","protected":false},"excerpt":{"rendered":"<p>Solar Gard Bronze-serien ger en varm kopparfinish till f\u00f6nster och harmonierar samtidigt med naturliga f\u00e4rgteman och jordtoner. Dessa filmer ger stor v\u00e4rmereflektion och ett bra insynsskydd, men sl\u00e4pper \u00e4nd\u00e5 in en stor m\u00e4ngd dagsljus. Ge din fastighet ett v\u00e4rme- och insynsskydd med stil\u00a0med Solar Bronze.<\/p>\n","protected":false},"featured_media":28422,"comment_status":"open","ping_status":"closed","template":"","meta":{"_acf_changed":false},"product_brand":[],"product_cat":[806,811],"product_tag":[1449,1479,1494,1524],"class_list":{"0":"post-23507","1":"product","2":"type-product","3":"status-publish","4":"has-post-thumbnail","6":"product_cat-fastighetsfilm","7":"product_cat-solskydd","8":"product_tag-commercial-sv","9":"product_tag-heat-sv","10":"product_tag-privacy-sv","11":"product_tag-reflective-sv","13":"first","14":"outofstock","15":"shipping-taxable","16":"product-type-simple"},"acf":[],"_links":{"self":[{"href":"https:\/\/www.solargard.com\/sv\/wp-json\/wp\/v2\/product\/23507","targetHints":{"allow":["GET"]}}],"collection":[{"href":"https:\/\/www.solargard.com\/sv\/wp-json\/wp\/v2\/product"}],"about":[{"href":"https:\/\/www.solargard.com\/sv\/wp-json\/wp\/v2\/types\/product"}],"replies":[{"embeddable":true,"href":"https:\/\/www.solargard.com\/sv\/wp-json\/wp\/v2\/comments?post=23507"}],"wp:featuredmedia":[{"embeddable":true,"href":"https:\/\/www.solargard.com\/sv\/wp-json\/wp\/v2\/media\/28422"}],"wp:attachment":[{"href":"https:\/\/www.solargard.com\/sv\/wp-json\/wp\/v2\/media?parent=23507"}],"wp:term":[{"taxonomy":"product_brand","embeddable":true,"href":"https:\/\/www.solargard.com\/sv\/wp-json\/wp\/v2\/product_brand?post=23507"},{"taxonomy":"product_cat","embeddable":true,"href":"https:\/\/www.solargard.com\/sv\/wp-json\/wp\/v2\/product_cat?post=23507"},{"taxonomy":"product_tag","embeddable":true,"href":"https:\/\/www.solargard.com\/sv\/wp-json\/wp\/v2\/product_tag?post=23507"}],"curies":[{"name":"wp","href":"https:\/\/api.w.org\/{rel}","templated":true}]}}