{"id":23508,"date":"2014-11-03T12:56:39","date_gmt":"2014-11-03T19:56:39","guid":{"rendered":"https:\/\/www.solargard.com\/se\/?post_type=product&#038;p=23508"},"modified":"2023-02-14T04:58:59","modified_gmt":"2023-02-14T12:58:59","slug":"ecolux","status":"publish","type":"product","link":"https:\/\/www.solargard.com\/sv\/product\/ecolux\/","title":{"rendered":"Low-E Ecolux&#x2122;"},"content":{"rendered":"<h2>V\u00e5r l\u00e5genergifilm arbetar h\u00e5rt p\u00e5 att spara energi och p\u00e5 att du ska f\u00e5 en komfortabel inomhustemperatur &#8211; \u00e5ret runt!<\/h2>\n<p>T\u00e4nk dig en inomhusmilj\u00f6 d\u00e4r temperaturen \u00e4r j\u00e4mn och komfortabel, oberoende av vilken tiden \u00e4r p\u00e5 dygnet eller vilken \u00e5rstid det \u00e4r. Vi kan kalla det din egen &#8221;personliga komfortzon&#8221;. Det \u00e4r inte f\u00f6r kallt och det \u00e4r inte f\u00f6r varmt. Allt bara k\u00e4nns bara bra, och du kan njuta av komforten i ditt hem. T\u00e4nk dig nu \u00e4ven att din komfortzon inte kr\u00e4ver lika mycket energi som den normalt g\u00f6r. Dessutom \u00e4r det mycket m\u00f6jligt att du f\u00e5 en positiv \u00f6verraskning n\u00e4r du ser n\u00e4sta elr\u00e4kning. P\u00e5 k\u00f6pet bidrar du till att reducera koldioxidutsl\u00e4ppen i atmosf\u00e4ren och att du drar ditt str\u00e5 till stacken vad g\u00e4ller att skydda milj\u00f6n.<\/p>\n<p>L\u00e5ter det f\u00f6r bra f\u00f6r att vara sant? Ecolux&#x2122; hj\u00e4lper dig bibeh\u00e5lla ditt inomhusklimat precis som du vill ha det, dygnet runt och under hela \u00e5ret.<\/p>\n<p><a href=\"https:\/\/www.solargard.com\/sv\/ecolux\">L\u00e4s mer om Ecolux<\/a><\/p>\n","protected":false},"excerpt":{"rendered":"<p>V\u00e5r l\u00e5genergifilm arbetar h\u00e5rt p\u00e5 att spara energi och p\u00e5 att du ska f\u00e5 en komfortabel inomhustemperatur &#8211; \u00e5ret runt! T\u00e4nk dig en inomhusmilj\u00f6 d\u00e4r temperaturen \u00e4r j\u00e4mn och komfortabel, oberoende av vilken tiden \u00e4r p\u00e5 dygnet eller vilken \u00e5rstid det \u00e4r. Vi kan kalla det din egen &#8221;personliga komfortzon&#8221;. Det \u00e4r inte f\u00f6r kallt &hellip; <a href=\"https:\/\/www.solargard.com\/sv\/product\/ecolux\/\">Continued<\/a><\/p>\n","protected":false},"featured_media":48509,"comment_status":"open","ping_status":"closed","template":"","meta":{"_acf_changed":false},"product_brand":[],"product_cat":[808],"product_tag":[1539,1479,1434,1666],"class_list":{"0":"post-23508","1":"product","2":"type-product","3":"status-publish","4":"has-post-thumbnail","6":"product_cat-lag-emmissivity","7":"product_tag-black-grey-sv","8":"product_tag-heat-sv","9":"product_tag-home-sv","10":"product_tag-neutral-sv","12":"first","13":"outofstock","14":"shipping-taxable","15":"product-type-simple"},"acf":[],"_links":{"self":[{"href":"https:\/\/www.solargard.com\/sv\/wp-json\/wp\/v2\/product\/23508","targetHints":{"allow":["GET"]}}],"collection":[{"href":"https:\/\/www.solargard.com\/sv\/wp-json\/wp\/v2\/product"}],"about":[{"href":"https:\/\/www.solargard.com\/sv\/wp-json\/wp\/v2\/types\/product"}],"replies":[{"embeddable":true,"href":"https:\/\/www.solargard.com\/sv\/wp-json\/wp\/v2\/comments?post=23508"}],"wp:featuredmedia":[{"embeddable":true,"href":"https:\/\/www.solargard.com\/sv\/wp-json\/wp\/v2\/media\/48509"}],"wp:attachment":[{"href":"https:\/\/www.solargard.com\/sv\/wp-json\/wp\/v2\/media?parent=23508"}],"wp:term":[{"taxonomy":"product_brand","embeddable":true,"href":"https:\/\/www.solargard.com\/sv\/wp-json\/wp\/v2\/product_brand?post=23508"},{"taxonomy":"product_cat","embeddable":true,"href":"https:\/\/www.solargard.com\/sv\/wp-json\/wp\/v2\/product_cat?post=23508"},{"taxonomy":"product_tag","embeddable":true,"href":"https:\/\/www.solargard.com\/sv\/wp-json\/wp\/v2\/product_tag?post=23508"}],"curies":[{"name":"wp","href":"https:\/\/api.w.org\/{rel}","templated":true}]}}