{"id":23510,"date":"2014-11-03T19:58:27","date_gmt":"2014-11-03T19:58:27","guid":{"rendered":"https:\/\/www.solargard.com\/se\/?post_type=product&#038;p=23510"},"modified":"2025-04-09T03:28:24","modified_gmt":"2025-04-09T11:28:24","slug":"stainless-steel","status":"publish","type":"product","link":"https:\/\/www.solargard.com\/sv\/product\/stainless-steel\/","title":{"rendered":"Interi\u00f6r &#8211; Stainless Steel"},"content":{"rendered":"<p><span>Produktserien Solar Gard Stainless Steel \u00e4r en popul\u00e4r solfilmsl\u00f6sning f\u00f6r bost\u00e4der och byggnader \u00f6verallt. Dessa filmer \u00e4r gr\u00e5tonade och l\u00e5greflekterande, vilket g\u00f6r dem till ett naturligt komplement till de flesta milj\u00f6er b\u00e5de inom- och utomhus. Metallskikten, det h\u00f6geffektiva limmet och det rept\u00e5liga ytskiktet som anv\u00e4nds i denna serie ger den h\u00f6g prestanda, h\u00f6g h\u00e5llbarhet och l\u00e5ng livsl\u00e4ngd \u2013 vilket g\u00f6r den till det sj\u00e4lvklara valet f\u00f6r m\u00e5nga hus- och fastighets\u00e4gare.<\/span><\/p>\n","protected":false},"excerpt":{"rendered":"<p>Produktserien Solar Gard Stainless Steel \u00e4r en popul\u00e4r solfilmsl\u00f6sning f\u00f6r bost\u00e4der och byggnader \u00f6verallt. Dessa filmer \u00e4r gr\u00e5tonade och l\u00e5greflekterande, vilket g\u00f6r dem till ett naturligt komplement till de flesta milj\u00f6er b\u00e5de inom- och utomhus. Metallskikten, det h\u00f6geffektiva limmet och det rept\u00e5liga ytskiktet som anv\u00e4nds i denna serie ger den h\u00f6g prestanda, h\u00f6g h\u00e5llbarhet och &hellip; <a href=\"https:\/\/www.solargard.com\/sv\/product\/stainless-steel\/\">Continued<\/a><\/p>\n","protected":false},"featured_media":33308,"comment_status":"open","ping_status":"closed","template":"","meta":{"_acf_changed":false},"product_brand":[],"product_cat":[806,811],"product_tag":[1449,1524],"class_list":{"0":"post-23510","1":"product","2":"type-product","3":"status-publish","4":"has-post-thumbnail","6":"product_cat-fastighetsfilm","7":"product_cat-solskydd","8":"product_tag-commercial-sv","9":"product_tag-reflective-sv","11":"first","12":"outofstock","13":"shipping-taxable","14":"product-type-simple"},"acf":[],"_links":{"self":[{"href":"https:\/\/www.solargard.com\/sv\/wp-json\/wp\/v2\/product\/23510","targetHints":{"allow":["GET"]}}],"collection":[{"href":"https:\/\/www.solargard.com\/sv\/wp-json\/wp\/v2\/product"}],"about":[{"href":"https:\/\/www.solargard.com\/sv\/wp-json\/wp\/v2\/types\/product"}],"replies":[{"embeddable":true,"href":"https:\/\/www.solargard.com\/sv\/wp-json\/wp\/v2\/comments?post=23510"}],"wp:featuredmedia":[{"embeddable":true,"href":"https:\/\/www.solargard.com\/sv\/wp-json\/wp\/v2\/media\/33308"}],"wp:attachment":[{"href":"https:\/\/www.solargard.com\/sv\/wp-json\/wp\/v2\/media?parent=23510"}],"wp:term":[{"taxonomy":"product_brand","embeddable":true,"href":"https:\/\/www.solargard.com\/sv\/wp-json\/wp\/v2\/product_brand?post=23510"},{"taxonomy":"product_cat","embeddable":true,"href":"https:\/\/www.solargard.com\/sv\/wp-json\/wp\/v2\/product_cat?post=23510"},{"taxonomy":"product_tag","embeddable":true,"href":"https:\/\/www.solargard.com\/sv\/wp-json\/wp\/v2\/product_tag?post=23510"}],"curies":[{"name":"wp","href":"https:\/\/api.w.org\/{rel}","templated":true}]}}