{"id":23511,"date":"2014-11-03T19:56:23","date_gmt":"2014-11-03T19:56:23","guid":{"rendered":"https:\/\/www.solargard.com\/se\/?post_type=product&#038;p=23511"},"modified":"2025-04-08T04:12:20","modified_gmt":"2025-04-08T12:12:20","slug":"silver","status":"publish","type":"product","link":"https:\/\/www.solargard.com\/sv\/product\/silver\/","title":{"rendered":"Interi\u00f6r &#8211; Silver"},"content":{"rendered":"<p><span>Solar Gards Silver-serie best\u00e5r av ett brett sortiment filmer tillverkade av metaller som guld, silver och brons. Serien ger ett optimalt insynsskydd och sl\u00e4pper in ett minimum av solv\u00e4rme. Den \u00e4r ett popul\u00e4rt val i kommersiella fastigheter \u2013 Silver-serien ger en behagligt sval inomhusmilj\u00f6 och stora energibesparingar.<\/span><\/p>\n<h4 align=\"left\">Filmens egenskaper<\/h4>\n<ul>\n<li>Reflekterar bort v\u00e4rmen ist\u00e4llet f\u00f6r att absorbera den vilket resulterar i en mer effektiv v\u00e4rmereduktion och \u00f6kad inomhuskomfort<\/li>\n<li>\u00d6kar insynsskyddet (spegeleffekt) samtidigt som det ger ett enhetligare utseende p\u00e5 fasaden<\/li>\n<li>H\u00f6g v\u00e4rmereduktion och l\u00e5ng garantitid ger god\u00a0payback p\u00e5 din investering<\/li>\n<li>UV-str\u00e5lningen reduceras med mer \u00e4n 99% och skyddar m\u00e4nniskor och byggnader fr\u00e5n skadliga ultraviolett str\u00e5lning (UVA och UVB) med en solskyddsfaktor p\u00e5 285+<\/li>\n<\/ul>\n","protected":false},"excerpt":{"rendered":"<p>Solar Gards Silver-serie best\u00e5r av ett brett sortiment filmer tillverkade av metaller som guld, silver och brons. Serien ger ett optimalt insynsskydd och sl\u00e4pper in ett minimum av solv\u00e4rme. Den \u00e4r ett popul\u00e4rt val i kommersiella fastigheter \u2013 Silver-serien ger en behagligt sval inomhusmilj\u00f6 och stora energibesparingar. Filmens egenskaper Reflekterar bort v\u00e4rmen ist\u00e4llet f\u00f6r att &hellip; <a href=\"https:\/\/www.solargard.com\/sv\/product\/silver\/\">Continued<\/a><\/p>\n","protected":false},"featured_media":28447,"comment_status":"open","ping_status":"closed","template":"","meta":{"_acf_changed":false},"product_brand":[],"product_cat":[806,811],"product_tag":[1449,1479,1494,1524],"class_list":{"0":"post-23511","1":"product","2":"type-product","3":"status-publish","4":"has-post-thumbnail","6":"product_cat-fastighetsfilm","7":"product_cat-solskydd","8":"product_tag-commercial-sv","9":"product_tag-heat-sv","10":"product_tag-privacy-sv","11":"product_tag-reflective-sv","13":"first","14":"instock","15":"shipping-taxable","16":"product-type-simple"},"acf":[],"_links":{"self":[{"href":"https:\/\/www.solargard.com\/sv\/wp-json\/wp\/v2\/product\/23511","targetHints":{"allow":["GET"]}}],"collection":[{"href":"https:\/\/www.solargard.com\/sv\/wp-json\/wp\/v2\/product"}],"about":[{"href":"https:\/\/www.solargard.com\/sv\/wp-json\/wp\/v2\/types\/product"}],"replies":[{"embeddable":true,"href":"https:\/\/www.solargard.com\/sv\/wp-json\/wp\/v2\/comments?post=23511"}],"wp:featuredmedia":[{"embeddable":true,"href":"https:\/\/www.solargard.com\/sv\/wp-json\/wp\/v2\/media\/28447"}],"wp:attachment":[{"href":"https:\/\/www.solargard.com\/sv\/wp-json\/wp\/v2\/media?parent=23511"}],"wp:term":[{"taxonomy":"product_brand","embeddable":true,"href":"https:\/\/www.solargard.com\/sv\/wp-json\/wp\/v2\/product_brand?post=23511"},{"taxonomy":"product_cat","embeddable":true,"href":"https:\/\/www.solargard.com\/sv\/wp-json\/wp\/v2\/product_cat?post=23511"},{"taxonomy":"product_tag","embeddable":true,"href":"https:\/\/www.solargard.com\/sv\/wp-json\/wp\/v2\/product_tag?post=23511"}],"curies":[{"name":"wp","href":"https:\/\/api.w.org\/{rel}","templated":true}]}}