{"id":23512,"date":"2014-11-03T12:58:12","date_gmt":"2016-03-08T19:55:41","guid":{"rendered":"https:\/\/www.solargard.com\/se\/?post_type=product&#038;p=23512"},"modified":"2026-01-29T06:23:47","modified_gmt":"2026-01-29T14:23:47","slug":"sentinel","status":"publish","type":"product","link":"https:\/\/www.solargard.com\/sv\/product\/sentinel\/","title":{"rendered":"Exteri\u00f6r &#8211; Alla Sentinel Plus"},"content":{"rendered":"<p><span>Solar Gard\u00ae Sentinel\u2122 Plus \u00e4r en filmserie av utsidesfilmer (OSW) b\u00e5de f\u00f6r din komfort och din s\u00e4kerhet. De \u00e4r ideala f\u00f6r bost\u00e4der som har l\u00e5genergiglas, laminerade glas eller tr\u00e5dglas.<\/span><\/p>\n<p><span><strong>Sentinel och Sentinel Plus solskyddsfilmer<\/strong> \u00e4r utformade som ett yttre skydd f\u00f6r\u00a0fastigheter genom att reducera v\u00e4rmetoppar, bl\u00e4ndning och skadlig\u00a0UV-str\u00e5lning.<\/span><\/p>\n<ul>\n<li><a href=\"https:\/\/www.solargard.com\/wp-content\/uploads\/2020\/06\/Solar-Gard-Sample-Page-Sentinel-Plus-DX5.pdf\" target=\"_blank\" rel=\"noopener\">Sentinel Plus DX 5<\/a><span>\u00a0<\/span><span>\u00a0<\/span><span style=\"color: #ffcc00;\">I<\/span><span>\u00a0<\/span><span>\u00a0<\/span><a href=\"https:\/\/www.solargard.com\/wp-content\/uploads\/2020\/06\/Solar-Gard-Sample-Page-Sentinel-Plus-DX15.pdf\" target=\"_blank\" rel=\"noopener\">Sentinel Plus 15<\/a> (Duo-reflektiv)<\/li>\n<li><a href=\"https:\/\/www.solargard.com\/wp-content\/uploads\/2018\/11\/Solar-Gard-Sample-Page-SPS20-2018-lr.pdf\" target=\"_blank\" rel=\"noopener\">Sentinel Plus Silver 20<\/a><span>\u00a0<\/span>\u00a0<span style=\"color: #ffcc00;\">I<\/span><span>\u00a0<\/span>\u00a0<a href=\"https:\/\/www.solargard.com\/wp-content\/uploads\/2018\/11\/Solar-Gard-Sample-Page-SPS35-2018-lr.pdf\" target=\"_blank\" rel=\"noopener\">Sentinel Plus Silver 35<\/a><\/li>\n<li><a href=\"https:\/\/www.solargard.com\/wp-content\/uploads\/2018\/11\/Solar-Gard-Sample-Page-SPSS15-2018-lr.pdf\" target=\"_blank\" rel=\"noopener\">Sentinel Plus Stainless Steel 15<\/a><span>\u00a0<\/span>\u00a0<span style=\"color: #ffcc00;\">I\u00a0<\/span>\u00a0<a href=\"https:\/\/www.solargard.com\/wp-content\/uploads\/2018\/11\/Solar-Gard-Sample-Page-SPSS25-2018-lr.pdf\" target=\"_blank\" rel=\"noopener\">Sentinel Plus Stainless Steel 25<\/a><br \/>\n<a href=\"https:\/\/www.solargard.com\/wp-content\/uploads\/2018\/11\/Solar-Gard-Sample-Page-SPSS40-2018-lr.pdf\" target=\"_blank\" rel=\"noopener\">Sentinel Plus Stainless Steel 40<\/a><\/li>\n<li><a href=\"https:\/\/www.solargard.com\/wp-content\/uploads\/2023\/04\/Solar-Gard-Sample-Page-Sentinel-Plus-SX-50.pdf\" target=\"_blank\" rel=\"noopener\">Sentinel Plus SX 50<\/a><span>\u00a0<\/span>\u00a0<span style=\"color: #ffcc00;\">I\u00a0<\/span><span>\u00a0<\/span><a href=\"https:\/\/www.solargard.com\/wp-content\/uploads\/2025\/05\/SAMPLE-PAGE-SOLAR-GARD-Sentinel-Plus-SX-80.pdf\" target=\"_blank\" rel=\"noopener\">Sentinel Plus SX 80<\/a><\/li>\n<li><a href=\"https:\/\/www.solargard.com\/wp-content\/uploads\/2019\/01\/Solar-Gard-Sample-Page-SPSB20-2019.pdf\" target=\"_blank\" rel=\"noopener\">Sentinel Plus Solar Bronze 20<\/a><\/li>\n<li><a href=\"https:\/\/www.solargard.com\/wp-content\/uploads\/2018\/11\/Solar-Gard-Sample-Page-SP-4milCL-2018-lr.pdf?x93385\" target=\"_blank\" rel=\"noopener\">Sentinel Plus 4 Mil Clear<\/a><\/li>\n<li><a href=\"https:\/\/www.solargard.com\/wp-content\/uploads\/2022\/09\/Solar-Gard-Sample-Page-Sentinel-Silver-20-PC.pdf\" target=\"_blank\" rel=\"noopener\">Sentinel Silver 20 PC<\/a><span>\u00a0<\/span>\u00a0<span style=\"color: #ffcc00;\">I\u00a0<\/span><span>\u00a0<\/span><a href=\"https:\/\/www.solargard.com\/wp-content\/uploads\/2019\/04\/Solar-Gard-Sample-Page-S4MilPC.pdf?x93385\" target=\"_blank\" rel=\"noopener\">Sentinel 4 Mil Clear PC<\/a><\/li>\n<\/ul>\n<p><strong><span style=\"color: #ff9900;\">NYHETER\u00a0\u00bb\u00a0<\/span><a href=\"https:\/\/www.solargard.com\/sv\/product\/sentinel-plus-qxn-75\/\" target=\"_blank\" rel=\"noopener\">Sentinel Plus QXN<\/a><span>\u00a0<\/span><span style=\"color: #ff9900;\">\u00bb\u00a0<\/span><a href=\"https:\/\/www.solargard.com\/sv\/product\/sentinel-plus-dx-serien\/\" target=\"_blank\" rel=\"noopener\">Sentinel Plus DX<\/a><span>\u00a0<\/span><span style=\"color: #ff9900;\">\u00bb\u00a0<\/span><a href=\"https:\/\/www.solargard.com\/sv\/product\/sentinel-plus-qx-series\/\" target=\"_blank\" rel=\"noopener\">Sentinel Plus QX<\/a><\/strong><\/p>\n<p><span>*<\/span><a href=\"https:\/\/www.solargard.com\/sv\/affars-garanti-leverans-villkor\/\" target=\"_blank\" rel=\"noopener noreferrer\" data-link-type=\"web\">Se v\u00e5ra f\u00f6rs\u00e4ljnings- och garantivillkor<\/a><\/p>\n<p><strong>V\u00e5r Sentinel s\u00e4kerhetsfilm<\/strong> som \u00e4r helt transparent f\u00f6rst\u00e4rker och skyddar f\u00f6nster, glasr\u00e4cken, etc. fr\u00e5n utsidan och beh\u00e5ller krossat glas p\u00e5 plats i filmen vid eventuell olycka, vandalism och speciellt vid sj\u00e4lvsprickor i glaset.<br \/>\n<span style=\"color: #ff6600;\"><a style=\"color: #ff6600;\" href=\"https:\/\/youtu.be\/6FMejvtT-jQ\" target=\"_blank\" rel=\"noopener noreferrer\"><strong>Se testvideo &gt;<\/strong><\/a><\/span><\/p>\n<p>&nbsp;<\/p>\n","protected":false},"excerpt":{"rendered":"<p>Solar Gard\u00ae Sentinel\u2122 Plus \u00e4r en filmserie av utsidesfilmer (OSW) b\u00e5de f\u00f6r din komfort och din s\u00e4kerhet. De \u00e4r ideala f\u00f6r bost\u00e4der som har l\u00e5genergiglas, laminerade glas eller tr\u00e5dglas. Sentinel och Sentinel Plus solskyddsfilmer \u00e4r utformade som ett yttre skydd f\u00f6r\u00a0fastigheter genom att reducera v\u00e4rmetoppar, bl\u00e4ndning och skadlig\u00a0UV-str\u00e5lning. Sentinel Plus DX 5\u00a0\u00a0I\u00a0\u00a0Sentinel Plus 15 (Duo-reflektiv) &hellip; <a href=\"https:\/\/www.solargard.com\/sv\/product\/sentinel\/\">Continued<\/a><\/p>\n","protected":false},"featured_media":103432,"comment_status":"open","ping_status":"closed","template":"","meta":{"_acf_changed":false},"product_brand":[],"product_cat":[806,807,811],"product_tag":[1554,1449,1464,1479,1666,1524],"class_list":{"0":"post-23512","1":"product","2":"type-product","3":"status-publish","4":"has-post-thumbnail","6":"product_cat-fastighetsfilm","7":"product_cat-exterior-films-se","8":"product_cat-solskydd","9":"product_tag-clear-sv","10":"product_tag-commercial-sv","11":"product_tag-glare-sv","12":"product_tag-heat-sv","13":"product_tag-neutral-sv","14":"product_tag-reflective-sv","16":"first","17":"outofstock","18":"shipping-taxable","19":"product-type-simple"},"acf":[],"_links":{"self":[{"href":"https:\/\/www.solargard.com\/sv\/wp-json\/wp\/v2\/product\/23512","targetHints":{"allow":["GET"]}}],"collection":[{"href":"https:\/\/www.solargard.com\/sv\/wp-json\/wp\/v2\/product"}],"about":[{"href":"https:\/\/www.solargard.com\/sv\/wp-json\/wp\/v2\/types\/product"}],"replies":[{"embeddable":true,"href":"https:\/\/www.solargard.com\/sv\/wp-json\/wp\/v2\/comments?post=23512"}],"wp:featuredmedia":[{"embeddable":true,"href":"https:\/\/www.solargard.com\/sv\/wp-json\/wp\/v2\/media\/103432"}],"wp:attachment":[{"href":"https:\/\/www.solargard.com\/sv\/wp-json\/wp\/v2\/media?parent=23512"}],"wp:term":[{"taxonomy":"product_brand","embeddable":true,"href":"https:\/\/www.solargard.com\/sv\/wp-json\/wp\/v2\/product_brand?post=23512"},{"taxonomy":"product_cat","embeddable":true,"href":"https:\/\/www.solargard.com\/sv\/wp-json\/wp\/v2\/product_cat?post=23512"},{"taxonomy":"product_tag","embeddable":true,"href":"https:\/\/www.solargard.com\/sv\/wp-json\/wp\/v2\/product_tag?post=23512"}],"curies":[{"name":"wp","href":"https:\/\/api.w.org\/{rel}","templated":true}]}}