{"id":23513,"date":"2014-11-03T19:58:34","date_gmt":"2014-11-03T19:58:34","guid":{"rendered":"https:\/\/www.solargard.com\/se\/?post_type=product&#038;p=23513"},"modified":"2025-03-06T04:11:41","modified_gmt":"2025-03-06T12:11:41","slug":"klar-sakerhetsfilm","status":"publish","type":"product","link":"https:\/\/www.solargard.com\/sv\/product\/klar-sakerhetsfilm\/","title":{"rendered":"Klar s\u00e4kerhetsfilm"},"content":{"rendered":"<h2>Solar Gard Armorcoat\u00ae ger bevisat skydd mot glassplitter<\/h2>\n<div class=\"mceTemp\"><\/div>\n<p><img loading=\"lazy\" decoding=\"async\" class=\"wp-image-103784  alignleft\" src=\"https:\/\/www.solargard.com\/wp-content\/uploads\/2025\/03\/armorcoat-logo-red-bl-shield120094-262x300.png\" alt=\"\" width=\"93\" height=\"107\" srcset=\"https:\/\/www.solargard.com\/wp-content\/uploads\/2025\/03\/armorcoat-logo-red-bl-shield120094-262x300.png 262w, https:\/\/www.solargard.com\/wp-content\/uploads\/2025\/03\/armorcoat-logo-red-bl-shield120094-893x1024.png 893w, https:\/\/www.solargard.com\/wp-content\/uploads\/2025\/03\/armorcoat-logo-red-bl-shield120094-768x881.png 768w, https:\/\/www.solargard.com\/wp-content\/uploads\/2025\/03\/armorcoat-logo-red-bl-shield120094-83x95.png 83w, https:\/\/www.solargard.com\/wp-content\/uploads\/2025\/03\/armorcoat-logo-red-bl-shield120094-600x688.png 600w, https:\/\/www.solargard.com\/wp-content\/uploads\/2025\/03\/armorcoat-logo-red-bl-shield120094.png 1000w\" sizes=\"auto, (max-width: 93px) 100vw, 93px\" \/><\/p>\n<p>De optiskt klara s\u00e4kerhetsklassade s\u00e4kerhetsfilmerna \/ explosionsskyddsfilmerna i Solar Gard Armorcoat\u00ae-serien \u00e4r transparenta och om\u00f6jliga att uppt\u00e4cka p\u00e5 glas, vilket g\u00f6r dem till ett perfekt eftermonterat skydd. Till skillnad fr\u00e5n m\u00e5nga andra filmer \u00e4r de klara s\u00e4kerhetsfilmerna i Armorcoat\u00ae-serien antireflexbehandlade och d\u00e4rf\u00f6r n\u00e4rmast osynliga p\u00e5 f\u00f6nstret. Dina f\u00f6nster bevarar sitt naturliga utseende dygnet runt. Ingen spegeleffekt eller synlig f\u00f6r\u00e4ndring av glasytan uppst\u00e5r utan f\u00f6nstrens naturliga egenskaper bevaras.<\/p>\n<p>Filmens flexibla lager av h\u00f6gelastisk polyester, dess kraftiga lim, UV-blockerare och rept\u00e5liga ytskikt mildrar skadeverkningarna vid explosioner och besitter en enast\u00e5ende f\u00f6rm\u00e5ga att st\u00e5 emot slag och st\u00f6tar \u2013 och de tjockare filmerna ger \u00e4nnu b\u00e4ttre skydd. Dessa klara filmer h\u00e5ller inte bara glassplitter p\u00e5 plats, UV-reduktionen skyddar \u00e4ven dina varor och v\u00e4rdesaker mot blekning. Filmerna finns i olika tjocklekar, fr\u00e5n 0,05 mm (2 mil) till 0,35 mm (14 mil).<\/p>\n<hr \/>\n<p><a href=\"https:\/\/www.youtube.com\/playlist?list=PLTQ5GR7sD4PzBwJkgUayNN8cUgGNEqfnO\" target=\"_blank\" rel=\"noopener noreferrer\">VIDEO: Explosion, intr\u00e5ng, m.m. &gt;<\/a><br \/>\n<a href=\"https:\/\/www.solargard.com\/sv\/explosions-skydd\/\">Armorcoat Explosionsskydd &gt;<\/a><br \/>\n<a href=\"https:\/\/www.solargard.com\/sv\/product\/sol-och-sakerhetsfilm\/\">Armorcoat Sol- &amp; S\u00e4kerhetsfilm &gt;<\/a><br \/>\n<a href=\"https:\/\/www.solargard.com\/sv\/blog\/armorcoat-14-mil-passed-tough-explosion-test\/\" target=\"_blank\" rel=\"noopener\">Armorcoat klarar ER1 &#8211; EN13541 test &gt;<\/a><\/p>\n","protected":false},"excerpt":{"rendered":"<p>Solar Gard Armorcoat\u00ae ger bevisat skydd mot glassplitter De optiskt klara s\u00e4kerhetsklassade s\u00e4kerhetsfilmerna \/ explosionsskyddsfilmerna i Solar Gard Armorcoat\u00ae-serien \u00e4r transparenta och om\u00f6jliga att uppt\u00e4cka p\u00e5 glas, vilket g\u00f6r dem till ett perfekt eftermonterat skydd. Till skillnad fr\u00e5n m\u00e5nga andra filmer \u00e4r de klara s\u00e4kerhetsfilmerna i Armorcoat\u00ae-serien antireflexbehandlade och d\u00e4rf\u00f6r n\u00e4rmast osynliga p\u00e5 f\u00f6nstret. Dina &hellip; <a href=\"https:\/\/www.solargard.com\/sv\/product\/klar-sakerhetsfilm\/\">Continued<\/a><\/p>\n","protected":false},"featured_media":33260,"comment_status":"open","ping_status":"closed","template":"","meta":{"_acf_changed":false},"product_brand":[],"product_cat":[806,810],"product_tag":[1554,1449,1509],"class_list":{"0":"post-23513","1":"product","2":"type-product","3":"status-publish","4":"has-post-thumbnail","6":"product_cat-fastighetsfilm","7":"product_cat-sakerhet-och-trygghet","8":"product_tag-clear-sv","9":"product_tag-commercial-sv","10":"product_tag-safety-sv","12":"first","13":"outofstock","14":"shipping-taxable","15":"product-type-simple"},"acf":[],"_links":{"self":[{"href":"https:\/\/www.solargard.com\/sv\/wp-json\/wp\/v2\/product\/23513","targetHints":{"allow":["GET"]}}],"collection":[{"href":"https:\/\/www.solargard.com\/sv\/wp-json\/wp\/v2\/product"}],"about":[{"href":"https:\/\/www.solargard.com\/sv\/wp-json\/wp\/v2\/types\/product"}],"replies":[{"embeddable":true,"href":"https:\/\/www.solargard.com\/sv\/wp-json\/wp\/v2\/comments?post=23513"}],"wp:featuredmedia":[{"embeddable":true,"href":"https:\/\/www.solargard.com\/sv\/wp-json\/wp\/v2\/media\/33260"}],"wp:attachment":[{"href":"https:\/\/www.solargard.com\/sv\/wp-json\/wp\/v2\/media?parent=23513"}],"wp:term":[{"taxonomy":"product_brand","embeddable":true,"href":"https:\/\/www.solargard.com\/sv\/wp-json\/wp\/v2\/product_brand?post=23513"},{"taxonomy":"product_cat","embeddable":true,"href":"https:\/\/www.solargard.com\/sv\/wp-json\/wp\/v2\/product_cat?post=23513"},{"taxonomy":"product_tag","embeddable":true,"href":"https:\/\/www.solargard.com\/sv\/wp-json\/wp\/v2\/product_tag?post=23513"}],"curies":[{"name":"wp","href":"https:\/\/api.w.org\/{rel}","templated":true}]}}