{"id":23516,"date":"2014-11-03T19:58:41","date_gmt":"2014-11-03T19:58:41","guid":{"rendered":"https:\/\/www.solargard.com\/se\/?post_type=product&#038;p=23516"},"modified":"2025-04-13T22:52:46","modified_gmt":"2025-04-14T06:52:46","slug":"sol-och-sakerhetsfilm","status":"publish","type":"product","link":"https:\/\/www.solargard.com\/sv\/product\/sol-och-sakerhetsfilm\/","title":{"rendered":"Sol- och s\u00e4kerhetsfilm"},"content":{"rendered":"<h2>Armorcoat\u00ae S\u00e4kerhetsfilmer med solskydd sparar energi och skyddar dina f\u00f6nster<\/h2>\n<p><img loading=\"lazy\" decoding=\"async\" class=\"wp-image-103784 alignleft\" src=\"https:\/\/www.solargard.com\/wp-content\/uploads\/2025\/03\/armorcoat-logo-red-bl-shield120094-262x300.png\" alt=\"\" width=\"93\" height=\"106\" srcset=\"https:\/\/www.solargard.com\/wp-content\/uploads\/2025\/03\/armorcoat-logo-red-bl-shield120094-262x300.png 262w, https:\/\/www.solargard.com\/wp-content\/uploads\/2025\/03\/armorcoat-logo-red-bl-shield120094-893x1024.png 893w, https:\/\/www.solargard.com\/wp-content\/uploads\/2025\/03\/armorcoat-logo-red-bl-shield120094-768x881.png 768w, https:\/\/www.solargard.com\/wp-content\/uploads\/2025\/03\/armorcoat-logo-red-bl-shield120094-83x95.png 83w, https:\/\/www.solargard.com\/wp-content\/uploads\/2025\/03\/armorcoat-logo-red-bl-shield120094-600x688.png 600w, https:\/\/www.solargard.com\/wp-content\/uploads\/2025\/03\/armorcoat-logo-red-bl-shield120094.png 1000w\" sizes=\"auto, (max-width: 93px) 100vw, 93px\" \/>S\u00e4kerhetsfilmerna\u00a0kombinerade med\u00a0solskydd i Solar Gard Armorcoat\u00ae-serien \u00e4r tonade och reflekterande f\u00f6r att ytterligare ge f\u00f6rdelar ut\u00f6ver splitterskyddet och UV-reduktionen. I dessa filmer finns ett metalliserat lager polyester, belagda med t\u00e5liga metaller f\u00f6r att f\u00e5 h\u00f6geffektiva solskyddsegenskaper och toningar. F\u00f6rutom att h\u00e5lla glaset p\u00e5 plats om det g\u00e5r s\u00f6nder \u00e4r dessa filmer utvalda f\u00f6r sin f\u00f6rm\u00e5ga att ge insynsskydd, ge en j\u00e4mnare och behagligare temperatur, minska bl\u00e4ndning som \u00e4r p\u00e5frestande f\u00f6r \u00f6gonen samt skydda inredning och varor mot blekning. V\u00e4lj s\u00e4kerhetsfilm med solskydd f\u00f6r att skydda m\u00e4nniskor och egendom, skapa ett svalt och behagligt inomhusklimat samtidigt som du sparar energi.<\/p>\n<p>Vi erbjuder dessa kombinerade sol- och s\u00e4kerhetsfilmer:<\/p>\n<ul>\n<li style=\"font-weight: 400;\">Ac 4 mil Silver 20<\/li>\n<li style=\"font-weight: 400;\">Ac 4 mil Stainless Steel 20<\/li>\n<li style=\"font-weight: 400;\">Ac 4 mil Stainless Steel 35<\/li>\n<li style=\"font-weight: 400;\">Ac 8 mil silver 20<\/li>\n<li style=\"font-weight: 400;\">Ac 8 mil silver 35<\/li>\n<\/ul>\n<p><a href=\"https:\/\/www.solargard.com\/sv\/product\/klar-sakerhetsfilm\/\">Solar Gard Armorcoat Transparent S\u00e4kerhetsfilm &gt;<\/a><br \/>\n<a href=\"https:\/\/www.solargard.com\/sv\/explosions-skydd\/\">Armorcoat Explosionsskydd &gt;<\/a><br \/>\n<a href=\"https:\/\/www.solargard.com\/sv\/sakerhet-skolor\/\">Armorcoat S\u00e4kerhetsfilm i Skolor &gt;<\/a><\/p>\n","protected":false},"excerpt":{"rendered":"<p>Armorcoat\u00ae S\u00e4kerhetsfilmer med solskydd sparar energi och skyddar dina f\u00f6nster S\u00e4kerhetsfilmerna\u00a0kombinerade med\u00a0solskydd i Solar Gard Armorcoat\u00ae-serien \u00e4r tonade och reflekterande f\u00f6r att ytterligare ge f\u00f6rdelar ut\u00f6ver splitterskyddet och UV-reduktionen. I dessa filmer finns ett metalliserat lager polyester, belagda med t\u00e5liga metaller f\u00f6r att f\u00e5 h\u00f6geffektiva solskyddsegenskaper och toningar. F\u00f6rutom att h\u00e5lla glaset p\u00e5 plats om &hellip; <a href=\"https:\/\/www.solargard.com\/sv\/product\/sol-och-sakerhetsfilm\/\">Continued<\/a><\/p>\n","protected":false},"featured_media":33244,"comment_status":"open","ping_status":"closed","template":"","meta":{"_acf_changed":false},"product_brand":[],"product_cat":[806,810],"product_tag":[1554,1449,1464,1479,1666,1524,1509],"class_list":{"0":"post-23516","1":"product","2":"type-product","3":"status-publish","4":"has-post-thumbnail","6":"product_cat-fastighetsfilm","7":"product_cat-sakerhet-och-trygghet","8":"product_tag-clear-sv","9":"product_tag-commercial-sv","10":"product_tag-glare-sv","11":"product_tag-heat-sv","12":"product_tag-neutral-sv","13":"product_tag-reflective-sv","14":"product_tag-safety-sv","16":"first","17":"outofstock","18":"shipping-taxable","19":"product-type-simple"},"acf":[],"_links":{"self":[{"href":"https:\/\/www.solargard.com\/sv\/wp-json\/wp\/v2\/product\/23516","targetHints":{"allow":["GET"]}}],"collection":[{"href":"https:\/\/www.solargard.com\/sv\/wp-json\/wp\/v2\/product"}],"about":[{"href":"https:\/\/www.solargard.com\/sv\/wp-json\/wp\/v2\/types\/product"}],"replies":[{"embeddable":true,"href":"https:\/\/www.solargard.com\/sv\/wp-json\/wp\/v2\/comments?post=23516"}],"wp:featuredmedia":[{"embeddable":true,"href":"https:\/\/www.solargard.com\/sv\/wp-json\/wp\/v2\/media\/33244"}],"wp:attachment":[{"href":"https:\/\/www.solargard.com\/sv\/wp-json\/wp\/v2\/media?parent=23516"}],"wp:term":[{"taxonomy":"product_brand","embeddable":true,"href":"https:\/\/www.solargard.com\/sv\/wp-json\/wp\/v2\/product_brand?post=23516"},{"taxonomy":"product_cat","embeddable":true,"href":"https:\/\/www.solargard.com\/sv\/wp-json\/wp\/v2\/product_cat?post=23516"},{"taxonomy":"product_tag","embeddable":true,"href":"https:\/\/www.solargard.com\/sv\/wp-json\/wp\/v2\/product_tag?post=23516"}],"curies":[{"name":"wp","href":"https:\/\/api.w.org\/{rel}","templated":true}]}}