{"id":23519,"date":"2014-11-03T19:57:16","date_gmt":"2016-03-08T20:03:01","guid":{"rendered":"https:\/\/www.solargard.com\/se\/?post_type=product&#038;p=23519"},"modified":"2025-05-14T23:16:55","modified_gmt":"2025-05-15T07:16:55","slug":"dekorfilmer","status":"publish","type":"product","link":"https:\/\/www.solargard.com\/sv\/product\/dekorfilmer\/","title":{"rendered":"Dekorfilmer"},"content":{"rendered":"<h1><span data-sheets-value=\"{&quot;1&quot;:2,&quot;2&quot;:&quot;Decorative Window and Privacy Film&quot;}\" data-sheets-userformat=\"{&quot;2&quot;:33585598,&quot;4&quot;:[null,2,15397341],&quot;5&quot;:{&quot;1&quot;:[{&quot;1&quot;:2,&quot;2&quot;:0,&quot;5&quot;:[null,2,0]},{&quot;1&quot;:0,&quot;2&quot;:0,&quot;3&quot;:3},{&quot;1&quot;:1,&quot;2&quot;:0,&quot;4&quot;:1}]},&quot;6&quot;:{&quot;1&quot;:[{&quot;1&quot;:2,&quot;2&quot;:0,&quot;5&quot;:[null,2,0]},{&quot;1&quot;:0,&quot;2&quot;:0,&quot;3&quot;:3},{&quot;1&quot;:1,&quot;2&quot;:0,&quot;4&quot;:1}]},&quot;7&quot;:{&quot;1&quot;:[{&quot;1&quot;:2,&quot;2&quot;:0,&quot;5&quot;:[null,2,0]},{&quot;1&quot;:0,&quot;2&quot;:0,&quot;3&quot;:3},{&quot;1&quot;:1,&quot;2&quot;:0,&quot;4&quot;:1}]},&quot;8&quot;:{&quot;1&quot;:[{&quot;1&quot;:2,&quot;2&quot;:0,&quot;5&quot;:[null,2,0]},{&quot;1&quot;:0,&quot;2&quot;:0,&quot;3&quot;:3},{&quot;1&quot;:1,&quot;2&quot;:0,&quot;4&quot;:1}]},&quot;10&quot;:1,&quot;11&quot;:4,&quot;14&quot;:[null,2,0],&quot;15&quot;:&quot;Calibri&quot;,&quot;16&quot;:8,&quot;17&quot;:1,&quot;28&quot;:1}\">Dekor- och insynsskyddsfilm<\/span><\/h1>\n<p><strong>Solar Gards dekorativa f\u00f6nsterfilmer begr\u00e4nsar o\u00f6nskad insyn och minskar solbl\u00e4ndning utan att blockera dagsljuset. Filmerna s\u00e4krar befintliga glas d\u00e5 de markerar en annars transparant glasyta och vid eventuell kollision med glaset, h\u00e5ller det krossade glaset p\u00e5 plats i filmen och minskar kroppsskada.\u00a0<\/strong><\/p>\n<table style=\"border-collapse: collapse; width: 100%; height: 72px;\">\n<tbody>\n<tr style=\"height: 24px;\">\n<td style=\"width: 33.3333%; text-align: center; height: 24px;\">CLEAR FROST RA 50<\/td>\n<td style=\"width: 33.3333%; text-align: center; height: 24px;\">WHITE OPAQUE RA<\/td>\n<td style=\"width: 33.3333%; text-align: center; height: 24px;\">BLACK OPAQUE RA<\/td>\n<\/tr>\n<tr style=\"height: 24px;\">\n<td style=\"width: 33.3333%; text-align: center; height: 24px;\"><img loading=\"lazy\" decoding=\"async\" class=\"alignnone wp-image-104134\" src=\"https:\/\/www.solargard.com\/wp-content\/uploads\/2014\/11\/White-Opaque-2-300x225.jpg\" alt=\"\" width=\"250\" height=\"188\" srcset=\"https:\/\/www.solargard.com\/wp-content\/uploads\/2014\/11\/White-Opaque-2-300x225.jpg 300w, https:\/\/www.solargard.com\/wp-content\/uploads\/2014\/11\/White-Opaque-2-768x576.jpg 768w, https:\/\/www.solargard.com\/wp-content\/uploads\/2014\/11\/White-Opaque-2-640x480.jpg 640w, https:\/\/www.solargard.com\/wp-content\/uploads\/2014\/11\/White-Opaque-2-127x95.jpg 127w, https:\/\/www.solargard.com\/wp-content\/uploads\/2014\/11\/White-Opaque-2-600x450.jpg 600w, https:\/\/www.solargard.com\/wp-content\/uploads\/2014\/11\/White-Opaque-2.jpg 1000w\" sizes=\"auto, (max-width: 250px) 100vw, 250px\" \/><\/td>\n<td style=\"width: 33.3333%; text-align: center; height: 24px;\"><img loading=\"lazy\" decoding=\"async\" class=\"alignnone wp-image-104132\" src=\"https:\/\/www.solargard.com\/wp-content\/uploads\/2014\/11\/Clear-Frost-1-300x225.jpg\" alt=\"\" width=\"250\" height=\"188\" srcset=\"https:\/\/www.solargard.com\/wp-content\/uploads\/2014\/11\/Clear-Frost-1-300x225.jpg 300w, https:\/\/www.solargard.com\/wp-content\/uploads\/2014\/11\/Clear-Frost-1-768x576.jpg 768w, https:\/\/www.solargard.com\/wp-content\/uploads\/2014\/11\/Clear-Frost-1-640x480.jpg 640w, https:\/\/www.solargard.com\/wp-content\/uploads\/2014\/11\/Clear-Frost-1-127x95.jpg 127w, https:\/\/www.solargard.com\/wp-content\/uploads\/2014\/11\/Clear-Frost-1-600x450.jpg 600w, https:\/\/www.solargard.com\/wp-content\/uploads\/2014\/11\/Clear-Frost-1.jpg 1000w\" sizes=\"auto, (max-width: 250px) 100vw, 250px\" \/><\/td>\n<td style=\"width: 33.3333%; text-align: center; height: 24px;\"><img loading=\"lazy\" decoding=\"async\" class=\"alignnone wp-image-104131\" src=\"https:\/\/www.solargard.com\/wp-content\/uploads\/2014\/11\/Black-Opaque-1-300x225.jpg\" alt=\"\" width=\"250\" height=\"188\" srcset=\"https:\/\/www.solargard.com\/wp-content\/uploads\/2014\/11\/Black-Opaque-1-300x225.jpg 300w, https:\/\/www.solargard.com\/wp-content\/uploads\/2014\/11\/Black-Opaque-1-768x576.jpg 768w, https:\/\/www.solargard.com\/wp-content\/uploads\/2014\/11\/Black-Opaque-1-640x480.jpg 640w, https:\/\/www.solargard.com\/wp-content\/uploads\/2014\/11\/Black-Opaque-1-127x95.jpg 127w, https:\/\/www.solargard.com\/wp-content\/uploads\/2014\/11\/Black-Opaque-1-600x450.jpg 600w, https:\/\/www.solargard.com\/wp-content\/uploads\/2014\/11\/Black-Opaque-1.jpg 1000w\" sizes=\"auto, (max-width: 250px) 100vw, 250px\" \/><\/td>\n<\/tr>\n<tr style=\"height: 24px;\">\n<td style=\"width: 33.3333%; text-align: center; height: 24px;\"><a href=\"https:\/\/www.solargard.com\/wp-content\/uploads\/2023\/05\/Solar-Gard-Sample-Page-Clearfrost-RA-50.pdf\" target=\"_blank\" rel=\"noopener\">Produktblad<\/a><\/td>\n<td style=\"width: 33.3333%; height: 24px; text-align: center;\"><a href=\"https:\/\/www.solargard.com\/wp-content\/uploads\/2023\/05\/Solar-Gard-Sample-Page-White-Opaque-RA.pdf\" target=\"_blank\" rel=\"noopener\">Produktblad<\/a><\/td>\n<td style=\"width: 33.3333%; height: 24px; text-align: center;\"><a href=\"https:\/\/www.solargard.com\/wp-content\/uploads\/2023\/05\/Solar-Gard-Sample-Page-Black-Opaque-RA.pdf\" target=\"_blank\" rel=\"noopener\">Produktblad<\/a><\/td>\n<\/tr>\n<\/tbody>\n<\/table>\n<p>Solar Gards dekorfilmer \u00e4r ett kostnadseffektivt insynsskydd som b\u00e5de \u00e4r flexibelt och ger fantastiska resultat. Frostad film \u00e4r en mycket billigare l\u00f6sning \u00e4n etsat glas och \u00e4r utbytbar vid behov. Filmerna i Opaque-serien ger ett h\u00f6geffektivt insynsskydd. Black Opaque ger en fullst\u00e4ndig m\u00f6rkl\u00e4ggning och 100% insynsskydd.<\/p>\n<p>Solar Gards dekorfilmer ger obegr\u00e4nsade m\u00f6jligheter f\u00f6r att skapa vackra och unika l\u00f6sningar f\u00f6r alla typer av f\u00f6retag, oavsett om m\u00e5let \u00e4r att locka uppm\u00e4rksamhet eller skapa ett diskret insynsskydd. Det \u00e4r m\u00f6jligt att skapa en unik design f\u00f6r f\u00f6retaget och det g\u00e5r \u00e4ven att cadsk\u00e4ra filmen i vilket m\u00f6nster som helst. Resultatet f\u00f6rh\u00f6jer vilken milj\u00f6 som helst och man kan till exempel montera Clear Frost-filmen p\u00e5 samma f\u00f6nster som White Opaque eller Black Opaque f\u00f6r att ge en k\u00e4nsla av djup.<\/p>\n","protected":false},"excerpt":{"rendered":"<p>Dekor- och insynsskyddsfilm Solar Gards dekorativa f\u00f6nsterfilmer begr\u00e4nsar o\u00f6nskad insyn och minskar solbl\u00e4ndning utan att blockera dagsljuset. Filmerna s\u00e4krar befintliga glas d\u00e5 de markerar en annars transparant glasyta och vid eventuell kollision med glaset, h\u00e5ller det krossade glaset p\u00e5 plats i filmen och minskar kroppsskada.\u00a0 CLEAR FROST RA 50 WHITE OPAQUE RA BLACK OPAQUE RA &hellip; <a href=\"https:\/\/www.solargard.com\/sv\/product\/dekorfilmer\/\">Continued<\/a><\/p>\n","protected":false},"featured_media":33113,"comment_status":"open","ping_status":"closed","template":"","meta":{"_acf_changed":false},"product_brand":[],"product_cat":[1096,806],"product_tag":[1449],"class_list":{"0":"post-23519","1":"product","2":"type-product","3":"status-publish","4":"has-post-thumbnail","6":"product_cat-dekorfilmer","7":"product_cat-fastighetsfilm","8":"product_tag-commercial-sv","10":"first","11":"outofstock","12":"shipping-taxable","13":"product-type-simple"},"acf":[],"_links":{"self":[{"href":"https:\/\/www.solargard.com\/sv\/wp-json\/wp\/v2\/product\/23519","targetHints":{"allow":["GET"]}}],"collection":[{"href":"https:\/\/www.solargard.com\/sv\/wp-json\/wp\/v2\/product"}],"about":[{"href":"https:\/\/www.solargard.com\/sv\/wp-json\/wp\/v2\/types\/product"}],"replies":[{"embeddable":true,"href":"https:\/\/www.solargard.com\/sv\/wp-json\/wp\/v2\/comments?post=23519"}],"wp:featuredmedia":[{"embeddable":true,"href":"https:\/\/www.solargard.com\/sv\/wp-json\/wp\/v2\/media\/33113"}],"wp:attachment":[{"href":"https:\/\/www.solargard.com\/sv\/wp-json\/wp\/v2\/media?parent=23519"}],"wp:term":[{"taxonomy":"product_brand","embeddable":true,"href":"https:\/\/www.solargard.com\/sv\/wp-json\/wp\/v2\/product_brand?post=23519"},{"taxonomy":"product_cat","embeddable":true,"href":"https:\/\/www.solargard.com\/sv\/wp-json\/wp\/v2\/product_cat?post=23519"},{"taxonomy":"product_tag","embeddable":true,"href":"https:\/\/www.solargard.com\/sv\/wp-json\/wp\/v2\/product_tag?post=23519"}],"curies":[{"name":"wp","href":"https:\/\/api.w.org\/{rel}","templated":true}]}}