{"id":23520,"date":"2015-03-17T16:50:31","date_gmt":"2015-03-17T16:50:31","guid":{"rendered":"https:\/\/www.solargard.com\/se\/?post_type=product&#038;p=23520"},"modified":"2017-04-26T09:32:41","modified_gmt":"2017-04-26T09:32:41","slug":"graffitigard","status":"publish","type":"product","link":"https:\/\/www.solargard.com\/sv\/product\/graffitigard\/","title":{"rendered":"Graffitigard"},"content":{"rendered":"<h2>Skyddar allm\u00e4n och privat egendom fr\u00e5n vandalism<\/h2>\n<p>Skyddsfilmen Grafittigard \u00e4r en slitstark, transparent och avtagbar produkt som skyddar ytan under fr\u00e5n klotter. Den kan anv\u00e4ndas p\u00e5 glasf\u00f6nster inom- och utomhus, p\u00e5 speglar och icke-por\u00f6sa material som till exempel rostfritt st\u00e5l och marmor. Den osynliga filmen skyddar ytor fr\u00e5n f\u00e4rg, repning, klotter och till och med fr\u00e4tskador. N\u00e4r filmen har utsatts f\u00f6r vandalisering \u00e4r den enkel att ta bort och byta ut \u2013 detta minskar skadorna p\u00e5 egendomen och h\u00e5ller den snygg.<\/p>\n<p>P\u00e5 allt fr\u00e5n skyltf\u00f6nster till viadukter blir Grafittigard mer och mer popul\u00e4rt, eftersom det \u00e4r s\u00e5 oerh\u00f6rt mycket billigare att ers\u00e4tta filmen med ett nytt lager \u00e4n att byta ut eller sanera den yta som den skyddar. Skydda synliga ytor fr\u00e5n skador \u2013 avsiktliga och oavsiktliga \u2013 med Solar Gards filmer f\u00f6r graffitiskydd!<\/p>\n","protected":false},"excerpt":{"rendered":"<p>Skyddar allm\u00e4n och privat egendom fr\u00e5n vandalism Skyddsfilmen Grafittigard \u00e4r en slitstark, transparent och avtagbar produkt som skyddar ytan under fr\u00e5n klotter. Den kan anv\u00e4ndas p\u00e5 glasf\u00f6nster inom- och utomhus, p\u00e5 speglar och icke-por\u00f6sa material som till exempel rostfritt st\u00e5l och marmor. Den osynliga filmen skyddar ytor fr\u00e5n f\u00e4rg, repning, klotter och till och med &hellip; <a href=\"https:\/\/www.solargard.com\/sv\/product\/graffitigard\/\">Continued<\/a><\/p>\n","protected":false},"featured_media":28281,"comment_status":"open","ping_status":"closed","template":"","meta":{"_acf_changed":false},"product_brand":[],"product_cat":[1099],"product_tag":[1554,1449],"class_list":{"0":"post-23520","1":"product","2":"type-product","3":"status-publish","4":"has-post-thumbnail","6":"product_cat-anti-graffiti-sv","7":"product_tag-clear-sv","8":"product_tag-commercial-sv","10":"first","11":"instock","12":"shipping-taxable","13":"product-type-simple"},"acf":[],"_links":{"self":[{"href":"https:\/\/www.solargard.com\/sv\/wp-json\/wp\/v2\/product\/23520","targetHints":{"allow":["GET"]}}],"collection":[{"href":"https:\/\/www.solargard.com\/sv\/wp-json\/wp\/v2\/product"}],"about":[{"href":"https:\/\/www.solargard.com\/sv\/wp-json\/wp\/v2\/types\/product"}],"replies":[{"embeddable":true,"href":"https:\/\/www.solargard.com\/sv\/wp-json\/wp\/v2\/comments?post=23520"}],"wp:featuredmedia":[{"embeddable":true,"href":"https:\/\/www.solargard.com\/sv\/wp-json\/wp\/v2\/media\/28281"}],"wp:attachment":[{"href":"https:\/\/www.solargard.com\/sv\/wp-json\/wp\/v2\/media?parent=23520"}],"wp:term":[{"taxonomy":"product_brand","embeddable":true,"href":"https:\/\/www.solargard.com\/sv\/wp-json\/wp\/v2\/product_brand?post=23520"},{"taxonomy":"product_cat","embeddable":true,"href":"https:\/\/www.solargard.com\/sv\/wp-json\/wp\/v2\/product_cat?post=23520"},{"taxonomy":"product_tag","embeddable":true,"href":"https:\/\/www.solargard.com\/sv\/wp-json\/wp\/v2\/product_tag?post=23520"}],"curies":[{"name":"wp","href":"https:\/\/api.w.org\/{rel}","templated":true}]}}