{"id":23521,"date":"2014-11-03T19:55:23","date_gmt":"2014-11-04T03:55:23","guid":{"rendered":"https:\/\/www.solargard.com\/se\/?post_type=product&#038;p=23521"},"modified":"2023-09-13T22:45:31","modified_gmt":"2023-09-14T06:45:31","slug":"galaxie","status":"publish","type":"product","link":"https:\/\/www.solargard.com\/sv\/product\/galaxie\/","title":{"rendered":"Galaxie"},"content":{"rendered":"<p>Uppseendev\u00e4ckande utseende och prestanda med suver\u00e4na v\u00e4rmereducerande egenskaper som inte st\u00f6r elektronisk utrustning. \u00d6verl\u00e4gsen kvalitet och exceptionell prestanda tar din k\u00f6rupplevelse till en ny niv\u00e5 samtidigt som du skyddas fr\u00e5n solens v\u00e4rme och skadliga UV-str\u00e5lning.<\/p>\n<p><strong>Egenskaper och f\u00f6rdelar:<\/strong><\/p>\n<ul>\n<li>Djupsvart film i olika toningar att v\u00e4lja fr\u00e5n<\/li>\n<li>Blockerar mer \u00e4n 99% av den skadliga ultravioletta str\u00e5lningen vilket skyddar b\u00e5de dig sj\u00e4lv, dina passagerare och bilens inredning<\/li>\n<li>St\u00f6r inte GPS-, satellit- eller mobilutrustning<\/li>\n<li>Optimal klarhet, p\u00e5verkar inte sikten f\u00f6r f\u00f6raren<\/li>\n<li>\u00d6verl\u00e4gsen bl\u00e4ndningsreduktion f\u00f6r en s\u00e4ker och bekv\u00e4m k\u00f6rning<\/li>\n<li>Garanti mot kraftig blekning och f\u00e4rgf\u00f6r\u00e4ndringar i filmen<\/li>\n<li>\u00d6verl\u00e4gset repskydd som skyddar filme mot repor och dagligt slitage<\/li>\n<li>10 \u00e5rs garanti<\/li>\n<\/ul>\n","protected":false},"excerpt":{"rendered":"<p>Uppseendev\u00e4ckande utseende och prestanda med suver\u00e4na v\u00e4rmereducerande egenskaper som inte st\u00f6r elektronisk utrustning. \u00d6verl\u00e4gsen kvalitet och exceptionell prestanda tar din k\u00f6rupplevelse till en ny niv\u00e5 samtidigt som du skyddas fr\u00e5n solens v\u00e4rme och skadliga UV-str\u00e5lning. Egenskaper och f\u00f6rdelar: Djupsvart film i olika toningar att v\u00e4lja fr\u00e5n Blockerar mer \u00e4n 99% av den skadliga ultravioletta str\u00e5lningen &hellip; <a href=\"https:\/\/www.solargard.com\/sv\/product\/galaxie\/\">Continued<\/a><\/p>\n","protected":false},"featured_media":102321,"comment_status":"open","ping_status":"closed","template":"","meta":{"_acf_changed":false},"product_brand":[],"product_cat":[812,815],"product_tag":[1597,1652,1638,1524,1583],"class_list":{"0":"post-23521","1":"product","2":"type-product","3":"status-publish","4":"has-post-thumbnail","6":"product_cat-bil","7":"product_cat-icke-reflekterande","8":"product_tag-color-stability-sv","9":"product_tag-dark-tint-sv","10":"product_tag-medium-tint-sv","11":"product_tag-reflective-sv","12":"product_tag-signal-friendly-sv","14":"first","15":"instock","16":"shipping-taxable","17":"product-type-simple"},"acf":[],"_links":{"self":[{"href":"https:\/\/www.solargard.com\/sv\/wp-json\/wp\/v2\/product\/23521","targetHints":{"allow":["GET"]}}],"collection":[{"href":"https:\/\/www.solargard.com\/sv\/wp-json\/wp\/v2\/product"}],"about":[{"href":"https:\/\/www.solargard.com\/sv\/wp-json\/wp\/v2\/types\/product"}],"replies":[{"embeddable":true,"href":"https:\/\/www.solargard.com\/sv\/wp-json\/wp\/v2\/comments?post=23521"}],"wp:featuredmedia":[{"embeddable":true,"href":"https:\/\/www.solargard.com\/sv\/wp-json\/wp\/v2\/media\/102321"}],"wp:attachment":[{"href":"https:\/\/www.solargard.com\/sv\/wp-json\/wp\/v2\/media?parent=23521"}],"wp:term":[{"taxonomy":"product_brand","embeddable":true,"href":"https:\/\/www.solargard.com\/sv\/wp-json\/wp\/v2\/product_brand?post=23521"},{"taxonomy":"product_cat","embeddable":true,"href":"https:\/\/www.solargard.com\/sv\/wp-json\/wp\/v2\/product_cat?post=23521"},{"taxonomy":"product_tag","embeddable":true,"href":"https:\/\/www.solargard.com\/sv\/wp-json\/wp\/v2\/product_tag?post=23521"}],"curies":[{"name":"wp","href":"https:\/\/api.w.org\/{rel}","templated":true}]}}