{"id":23526,"date":"2026-01-08T19:56:08","date_gmt":"2026-01-09T03:56:08","guid":{"rendered":"https:\/\/www.solargard.com\/se\/?post_type=product&#038;p=23526"},"modified":"2016-03-17T19:43:30","modified_gmt":"2016-03-17T19:43:30","slug":"clearshield-pro","status":"publish","type":"product","link":"https:\/\/www.solargard.com\/sv\/product\/clearshield-pro\/","title":{"rendered":"Clearshield Pro"},"content":{"rendered":"<p>I samma sekund som du k\u00f6r ut fr\u00e5n bilhandlaren kan din nya billack uts\u00e4ttas f\u00f6r olika skador. Traditionella metoder f\u00f6r att skydda bilens lack kan faktiskt orsaka ytterligare skador, de \u00e4r oftast inte s\u00e4rskilt attraktiva och avviker oftast f\u00e4rgm\u00e4ssigt fr\u00e5n bilens lack.<\/p>\n<p>Solar Gard\u00ae Clearshield och Clearshield Pro\u00a0erbjuder den senaste och mest avancerade tekniken inom lackskyddsindustrin. Denna h\u00f6gteknologiska produkt \u00e4r n\u00e4stan om\u00f6jligt att uppt\u00e4cka p\u00e5 lacken om den applicerats av professionell mont\u00f6r. Den skyddande uretanfilmen \u00e4r utformad f\u00f6r att motst\u00e5 \u00e5verkan fr\u00e5n det vardagliga slitaget p\u00e5 v\u00e4garna s\u00e5 som grus, skr\u00e4p, stenar, v\u00e4gsalt och \u00e4ven insekter. Clearshield \u00a0sk\u00e4rs ut enligt ett m\u00f6nster, skr\u00e4ddarsytt efter bilens m\u00e4rke och modell s\u00e5 det passar som hand i handske p\u00e5 alla utsatta ytor som motorhuven, speglar och st\u00f6tf\u00e5ngare. Skyddsfilmen kr\u00e4ver inga borrade h\u00e5l eller speciella f\u00e4sten som andra skyddsprodukter.<\/p>\n<p>Du kommer inte ens att m\u00e4rka att Clearshield finns d\u00e4r men den b\u00f6rjar arbeta fr\u00e5n f\u00f6rsta stund med att skydda bilen fr\u00e5n kostsamma hack och repor. B\u00e4st av allt \u00e4r att Clearshield erbjuder 5-\u00e5rs garanti och kr\u00e4ver inget speciellt underh\u00e5ll, du tv\u00e4ttar och vaxar bilen precis som vanligt.<\/p>\n<p>Skydda din bils lack med Clearshield redan idag. Kontakta oss idag f\u00f6r att hitta din n\u00e4rmaste Clearshield-\u00e5terf\u00f6rs\u00e4ljare.<\/p>\n","protected":false},"excerpt":{"rendered":"<p>I samma sekund som du k\u00f6r ut fr\u00e5n bilhandlaren kan din nya billack uts\u00e4ttas f\u00f6r olika skador. Traditionella metoder f\u00f6r att skydda bilens lack kan faktiskt orsaka ytterligare skador, de \u00e4r oftast inte s\u00e4rskilt attraktiva och avviker oftast f\u00e4rgm\u00e4ssigt fr\u00e5n bilens lack. Solar Gard\u00ae Clearshield och Clearshield Pro\u00a0erbjuder den senaste och mest avancerade tekniken inom &hellip; <a href=\"https:\/\/www.solargard.com\/sv\/product\/clearshield-pro\/\">Continued<\/a><\/p>\n","protected":false},"featured_media":102119,"comment_status":"open","ping_status":"closed","template":"","meta":{"_acf_changed":false},"product_brand":[],"product_cat":[813],"product_tag":[1610],"class_list":{"0":"post-23526","1":"product","2":"type-product","3":"status-publish","4":"has-post-thumbnail","6":"product_cat-mala-skyddande","7":"product_tag-paint-protection-sv","9":"first","10":"outofstock","11":"shipping-taxable","12":"product-type-simple"},"acf":[],"_links":{"self":[{"href":"https:\/\/www.solargard.com\/sv\/wp-json\/wp\/v2\/product\/23526","targetHints":{"allow":["GET"]}}],"collection":[{"href":"https:\/\/www.solargard.com\/sv\/wp-json\/wp\/v2\/product"}],"about":[{"href":"https:\/\/www.solargard.com\/sv\/wp-json\/wp\/v2\/types\/product"}],"replies":[{"embeddable":true,"href":"https:\/\/www.solargard.com\/sv\/wp-json\/wp\/v2\/comments?post=23526"}],"wp:featuredmedia":[{"embeddable":true,"href":"https:\/\/www.solargard.com\/sv\/wp-json\/wp\/v2\/media\/102119"}],"wp:attachment":[{"href":"https:\/\/www.solargard.com\/sv\/wp-json\/wp\/v2\/media?parent=23526"}],"wp:term":[{"taxonomy":"product_brand","embeddable":true,"href":"https:\/\/www.solargard.com\/sv\/wp-json\/wp\/v2\/product_brand?post=23526"},{"taxonomy":"product_cat","embeddable":true,"href":"https:\/\/www.solargard.com\/sv\/wp-json\/wp\/v2\/product_cat?post=23526"},{"taxonomy":"product_tag","embeddable":true,"href":"https:\/\/www.solargard.com\/sv\/wp-json\/wp\/v2\/product_tag?post=23526"}],"curies":[{"name":"wp","href":"https:\/\/api.w.org\/{rel}","templated":true}]}}