{"id":90100,"date":"2020-06-22T06:49:05","date_gmt":"2020-06-22T14:49:05","guid":{"rendered":"https:\/\/www.solargard.com\/product\/cx-magnum-black-darkest-car-window-film\/"},"modified":"2024-07-11T23:03:20","modified_gmt":"2024-07-12T07:03:20","slug":"cx-magnum-black-morkaste-bilfilmen","status":"publish","type":"product","link":"https:\/\/www.solargard.com\/sv\/product\/cx-magnum-black-morkaste-bilfilmen\/","title":{"rendered":"CX Magnum Black | M\u00f6rkaste bilfilmserien"},"content":{"rendered":"<h1>CX Magnum Black Bilfilm<\/h1>\n<p class=\"p1\">CX Magnum Black Ceramic filmserie \u00e4r Solar Gards senaste bilfilmsnyhet. Filmen \u00e4r utvecklad med senaste nanoteknologi och absorberar och blockerar b\u00e5de den ultravioletta och den infrar\u00f6da str\u00e5lningen fr\u00e5n solen. Den avancerade nanoteknologin i CX Magnum Black blockerar mer \u00e4n 99% av UV-str\u00e5lningen, reducerar upp till 64% av IR-str\u00e5lningen samt minskar upp till 58% av solv\u00e4rmen.\u00a0 <span style=\"color: #00ccff;\"><a style=\"color: #00ccff;\" href=\"https:\/\/www.solargard.com\/wp-content\/uploads\/2024\/02\/CX-MAGNUM-BLACK-Auto-Films-BROCHURE-INT-lr.pdf\" target=\"_blank\" rel=\"noopener noreferrer\">\u2192 Ladda ner broschyr<\/a><\/span><\/p>\n<h4><strong>Egenskaper<\/strong><\/h4>\n<ul>\n<li class=\"p2\">Erbjuder en total solenergiareduktion (TSER) p\u00e5 upp till 58%<\/li>\n<li class=\"p3\">Minskar solens IR-str\u00e5lning (780-2500 nm) med upp till 64%<\/li>\n<li class=\"p2\">Blockerar mer \u00e4n 99% av den skadliga UV-str\u00e5lningen, vilket f\u00f6rhindrar \u00f6verljus<\/li>\n<li class=\"p2\">St\u00f6r inte mobiltelefoner, GPS-navigering, satellitradio och andra elektroniska enheter<\/li>\n<li class=\"p2\">Minskad interi\u00f6r blekning och bl\u00e4ndning<\/li>\n<li class=\"p4\">Minskar insynen in i bilen (CX Magnum Black S2 &amp; 5)<\/li>\n<li class=\"p4\">Djup svart f\u00e4rg<\/li>\n<li class=\"p5\">Finns i en m\u00e4ngd olika nyanser<\/li>\n<li>Upp till 1000 SPF (solskyddsfaktor)<\/li>\n<\/ul>\n<p>&nbsp;<\/p>\n","protected":false},"excerpt":{"rendered":"<p>CX Magnum Black Bilfilm CX Magnum Black Ceramic filmserie \u00e4r Solar Gards senaste bilfilmsnyhet. Filmen \u00e4r utvecklad med senaste nanoteknologi och absorberar och blockerar b\u00e5de den ultravioletta och den infrar\u00f6da str\u00e5lningen fr\u00e5n solen. Den avancerade nanoteknologin i CX Magnum Black blockerar mer \u00e4n 99% av UV-str\u00e5lningen, reducerar upp till 64% av IR-str\u00e5lningen samt minskar upp &hellip; <a href=\"https:\/\/www.solargard.com\/sv\/product\/cx-magnum-black-morkaste-bilfilmen\/\">Continued<\/a><\/p>\n","protected":false},"featured_media":96767,"comment_status":"open","ping_status":"closed","template":"","meta":{"_acf_changed":false},"product_brand":[],"product_cat":[812,1097],"product_tag":[],"class_list":{"0":"post-90100","1":"product","2":"type-product","3":"status-publish","4":"has-post-thumbnail","6":"product_cat-bil","7":"product_cat-nano-ceramic-sv","9":"first","10":"instock","11":"shipping-taxable","12":"product-type-simple"},"acf":[],"_links":{"self":[{"href":"https:\/\/www.solargard.com\/sv\/wp-json\/wp\/v2\/product\/90100","targetHints":{"allow":["GET"]}}],"collection":[{"href":"https:\/\/www.solargard.com\/sv\/wp-json\/wp\/v2\/product"}],"about":[{"href":"https:\/\/www.solargard.com\/sv\/wp-json\/wp\/v2\/types\/product"}],"replies":[{"embeddable":true,"href":"https:\/\/www.solargard.com\/sv\/wp-json\/wp\/v2\/comments?post=90100"}],"wp:featuredmedia":[{"embeddable":true,"href":"https:\/\/www.solargard.com\/sv\/wp-json\/wp\/v2\/media\/96767"}],"wp:attachment":[{"href":"https:\/\/www.solargard.com\/sv\/wp-json\/wp\/v2\/media?parent=90100"}],"wp:term":[{"taxonomy":"product_brand","embeddable":true,"href":"https:\/\/www.solargard.com\/sv\/wp-json\/wp\/v2\/product_brand?post=90100"},{"taxonomy":"product_cat","embeddable":true,"href":"https:\/\/www.solargard.com\/sv\/wp-json\/wp\/v2\/product_cat?post=90100"},{"taxonomy":"product_tag","embeddable":true,"href":"https:\/\/www.solargard.com\/sv\/wp-json\/wp\/v2\/product_tag?post=90100"}],"curies":[{"name":"wp","href":"https:\/\/api.w.org\/{rel}","templated":true}]}}