{"id":90105,"date":"2020-06-23T04:21:24","date_gmt":"2020-06-23T12:21:24","guid":{"rendered":"https:\/\/www.solargard.com\/product\/cx-magnum-ir\/"},"modified":"2025-06-09T10:26:17","modified_gmt":"2025-06-09T18:26:17","slug":"cx-magnum-ir","status":"publish","type":"product","link":"https:\/\/www.solargard.com\/sv\/product\/cx-magnum-ir\/","title":{"rendered":"CX Magnum IRC | Snygg &#038; stort utbud"},"content":{"rendered":"<h1>CX Magnum IRC Bilfilm<\/h1>\n<p class=\"p1\">CX MAGNUM IRC \u00e4r serie nanokeramiska bilfilmer som \u00e4r utformade f\u00f6r att ge ett b\u00e4ttre skydd mot v\u00e4rme och UV samt ge en sk\u00f6nare k\u00f6rkomfort. Samtidigt tillf\u00f6r denna film ett elegant utseende p\u00e5 ditt fordon. Den avancerade keramiska tekniken som CX MAGNUM IRC \u00e4r uppbyggd av, blockerar mer \u00e4n 99% av UV-str\u00e5lningen, avvisar upp till 91% av de infrar\u00f6da str\u00e5larna och erbjuder en solenergireduktion (TSER) p\u00e5 upp till 70%! Tekniken f\u00f6r keramiska nanopartiklar som anv\u00e4nds i CX MAGNUM IRC ger fordonets f\u00f6nster en djupare och mer autentisk svart nyans med minimal reflektion. \u00a0<span style=\"color: #00ccff;\"><a style=\"color: #00ccff;\" href=\"https:\/\/www.solargard.com\/wp-content\/uploads\/2024\/09\/CX-MAGNUM-IRC-Auto-Films-BROCHURE-SK0151CXMIRINT-lr.pdf\" target=\"_blank\" rel=\"noopener noreferrer\">\u2192 Ladda ner broschyr<\/a><\/span><\/p>\n<h4><strong>En av de st\u00f6rsta bilfilmsserierna p\u00e5 marknaden!<\/strong><\/h4>\n<ul>\n<li>Minskar solfilmsv\u00e4rmen med upp till 70% (TSER, total solenergireduktion)<\/li>\n<li>Blockerar infrar\u00f6d v\u00e4rmestr\u00e5lning upp till 91%<\/li>\n<li>Blockerar mer \u00e4n 99% av UV-str\u00e5larna och ger ett betydande skydd f\u00f6r f\u00f6rare och passagerare<\/li>\n<li>St\u00f6r inte mobiltelefoner, GPS-navigering, satellitradio<\/li>\n<li>Minskar avsev\u00e4rt blekning av bilens inre blekning<\/li>\n<li>Erbjuder maximal integritet med de m\u00f6rkaste filmerna som blockerar upp till 97% av det synliga ljuset<\/li>\n<li>Minskar bl\u00e4ndning upp till 97% f\u00f6r b\u00e4ttre komfort och skydd mot bl\u00e4ndande solljus<\/li>\n<li>En genuint djupsvart ton och mycket l\u00e5g reflektion<\/li>\n<li>Finns i 9 olika nyanser, en av de bredaste sortimenten p\u00e5 marknaden<\/li>\n<\/ul>\n<p>&nbsp;<\/p>\n<p class=\"p4\">\n","protected":false},"excerpt":{"rendered":"<p>CX Magnum IRC Bilfilm CX MAGNUM IRC \u00e4r serie nanokeramiska bilfilmer som \u00e4r utformade f\u00f6r att ge ett b\u00e4ttre skydd mot v\u00e4rme och UV samt ge en sk\u00f6nare k\u00f6rkomfort. Samtidigt tillf\u00f6r denna film ett elegant utseende p\u00e5 ditt fordon. Den avancerade keramiska tekniken som CX MAGNUM IRC \u00e4r uppbyggd av, blockerar mer \u00e4n 99% av &hellip; <a href=\"https:\/\/www.solargard.com\/sv\/product\/cx-magnum-ir\/\">Continued<\/a><\/p>\n","protected":false},"featured_media":87023,"comment_status":"open","ping_status":"closed","template":"","meta":{"_acf_changed":false},"product_brand":[],"product_cat":[812,1097],"product_tag":[],"class_list":{"0":"post-90105","1":"product","2":"type-product","3":"status-publish","4":"has-post-thumbnail","6":"product_cat-bil","7":"product_cat-nano-ceramic-sv","9":"first","10":"instock","11":"shipping-taxable","12":"product-type-simple"},"acf":[],"_links":{"self":[{"href":"https:\/\/www.solargard.com\/sv\/wp-json\/wp\/v2\/product\/90105","targetHints":{"allow":["GET"]}}],"collection":[{"href":"https:\/\/www.solargard.com\/sv\/wp-json\/wp\/v2\/product"}],"about":[{"href":"https:\/\/www.solargard.com\/sv\/wp-json\/wp\/v2\/types\/product"}],"replies":[{"embeddable":true,"href":"https:\/\/www.solargard.com\/sv\/wp-json\/wp\/v2\/comments?post=90105"}],"wp:featuredmedia":[{"embeddable":true,"href":"https:\/\/www.solargard.com\/sv\/wp-json\/wp\/v2\/media\/87023"}],"wp:attachment":[{"href":"https:\/\/www.solargard.com\/sv\/wp-json\/wp\/v2\/media?parent=90105"}],"wp:term":[{"taxonomy":"product_brand","embeddable":true,"href":"https:\/\/www.solargard.com\/sv\/wp-json\/wp\/v2\/product_brand?post=90105"},{"taxonomy":"product_cat","embeddable":true,"href":"https:\/\/www.solargard.com\/sv\/wp-json\/wp\/v2\/product_cat?post=90105"},{"taxonomy":"product_tag","embeddable":true,"href":"https:\/\/www.solargard.com\/sv\/wp-json\/wp\/v2\/product_tag?post=90105"}],"curies":[{"name":"wp","href":"https:\/\/api.w.org\/{rel}","templated":true}]}}