{"id":90109,"date":"2020-06-24T00:08:48","date_gmt":"2020-06-24T08:08:48","guid":{"rendered":"https:\/\/www.solargard.com\/product\/wsp3-plus-windshield-protection-film\/"},"modified":"2025-10-13T04:44:14","modified_gmt":"2025-10-13T12:44:14","slug":"wsp3-plus-windshield-protection-film","status":"publish","type":"product","link":"https:\/\/www.solargard.com\/sv\/product\/wsp3-plus-windshield-protection-film\/","title":{"rendered":"WSP3 Plus | Skyddsfilm"},"content":{"rendered":"<h1>WSP3 Plus skyddsfilm<\/h1>\n<p>En vindruta i gott skick \u00e4r avg\u00f6rande f\u00f6r s\u00e4kerheten och det \u00e4r viktigt att du beh\u00e5ller den i gott skick. Att k\u00f6ra med en skadad eller sprucken vindruta kan uts\u00e4tta b\u00e5de dig och dina passagerare f\u00f6r risker. Sprickor och skador fr\u00e5n stenskott eller annan \u00e5verkan p\u00e5 din bilruta i trafiken kan vara nog s\u00e5 irriterande men skador p\u00e5 vindrutan b\u00f6r undvikas till varje pris d\u00e5 bilens stabilitet till stor del \u00e4r beroende av vindrutans stabilitet.<br \/>\nK\u00f6r s\u00e4krare med WSP3 PLUS och minska kostnaderna f\u00f6r glasbyten eller stenskottslagning!<br \/>\n<span style=\"color: #00ccff;\">\u2192 <a style=\"color: #00ccff;\" href=\"https:\/\/bit.ly\/SolarGard-WSP3Plus-Brochure\" target=\"_blank\" rel=\"noopener noreferrer\">Ladda ner broschyr<\/a><\/span><\/p>\n<p class=\"p1\"><strong>Ett sj\u00e4lvklart val!<\/strong> V\u00e5r innovativa Solar Gard\u00ae WSP3 PLUS skyddsfilm skyddar din bil d\u00e4r det betyder mest &#8211; din vindruta!<\/p>\n<p><img loading=\"lazy\" decoding=\"async\" class=\"wp-image-87054 alignleft\" src=\"https:\/\/www.solargard.com\/wp-content\/uploads\/2020\/06\/WSP3Plus-Web-Re-engineered.jpg\" alt=\"\" width=\"433\" height=\"301\" srcset=\"https:\/\/www.solargard.com\/wp-content\/uploads\/2020\/06\/WSP3Plus-Web-Re-engineered.jpg 800w, https:\/\/www.solargard.com\/wp-content\/uploads\/2020\/06\/WSP3Plus-Web-Re-engineered-300x209.jpg 300w, https:\/\/www.solargard.com\/wp-content\/uploads\/2020\/06\/WSP3Plus-Web-Re-engineered-768x535.jpg 768w, https:\/\/www.solargard.com\/wp-content\/uploads\/2020\/06\/WSP3Plus-Web-Re-engineered-136x95.jpg 136w, https:\/\/www.solargard.com\/wp-content\/uploads\/2020\/06\/WSP3Plus-Web-Re-engineered-600x418.jpg 600w\" sizes=\"auto, (max-width: 433px) 100vw, 433px\" \/><\/p>\n<p>&nbsp;<\/p>\n<p>&nbsp;<\/p>\n","protected":false},"excerpt":{"rendered":"<p>WSP3 Plus skyddsfilm En vindruta i gott skick \u00e4r avg\u00f6rande f\u00f6r s\u00e4kerheten och det \u00e4r viktigt att du beh\u00e5ller den i gott skick. Att k\u00f6ra med en skadad eller sprucken vindruta kan uts\u00e4tta b\u00e5de dig och dina passagerare f\u00f6r risker. Sprickor och skador fr\u00e5n stenskott eller annan \u00e5verkan p\u00e5 din bilruta i trafiken kan vara &hellip; <a href=\"https:\/\/www.solargard.com\/sv\/product\/wsp3-plus-windshield-protection-film\/\">Continued<\/a><\/p>\n","protected":false},"featured_media":87039,"comment_status":"open","ping_status":"closed","template":"","meta":{"_acf_changed":false},"product_brand":[],"product_cat":[812,1781],"product_tag":[],"class_list":{"0":"post-90109","1":"product","2":"type-product","3":"status-publish","4":"has-post-thumbnail","6":"product_cat-bil","7":"product_cat-skyddsfilm-vindruta-sv","9":"first","10":"instock","11":"shipping-taxable","12":"product-type-simple"},"acf":[],"_links":{"self":[{"href":"https:\/\/www.solargard.com\/sv\/wp-json\/wp\/v2\/product\/90109","targetHints":{"allow":["GET"]}}],"collection":[{"href":"https:\/\/www.solargard.com\/sv\/wp-json\/wp\/v2\/product"}],"about":[{"href":"https:\/\/www.solargard.com\/sv\/wp-json\/wp\/v2\/types\/product"}],"replies":[{"embeddable":true,"href":"https:\/\/www.solargard.com\/sv\/wp-json\/wp\/v2\/comments?post=90109"}],"wp:featuredmedia":[{"embeddable":true,"href":"https:\/\/www.solargard.com\/sv\/wp-json\/wp\/v2\/media\/87039"}],"wp:attachment":[{"href":"https:\/\/www.solargard.com\/sv\/wp-json\/wp\/v2\/media?parent=90109"}],"wp:term":[{"taxonomy":"product_brand","embeddable":true,"href":"https:\/\/www.solargard.com\/sv\/wp-json\/wp\/v2\/product_brand?post=90109"},{"taxonomy":"product_cat","embeddable":true,"href":"https:\/\/www.solargard.com\/sv\/wp-json\/wp\/v2\/product_cat?post=90109"},{"taxonomy":"product_tag","embeddable":true,"href":"https:\/\/www.solargard.com\/sv\/wp-json\/wp\/v2\/product_tag?post=90109"}],"curies":[{"name":"wp","href":"https:\/\/api.w.org\/{rel}","templated":true}]}}