{"id":94823,"date":"2020-03-13T14:19:05","date_gmt":"2020-03-13T22:19:05","guid":{"rendered":"https:\/\/www.solargard.com\/product\/graffitigard-4plus\/"},"modified":"2025-10-22T04:10:19","modified_gmt":"2025-10-22T12:10:19","slug":"graffitigard-4plus","status":"publish","type":"product","link":"https:\/\/www.solargard.com\/sv\/product\/graffitigard-4plus\/","title":{"rendered":"Graffitigard\u2122 4PLUS"},"content":{"rendered":"<h2 align=\"left\">Frontlinjen mot graffiti och vandalism<\/h2>\n<p align=\"left\">En produkt med 4 osynliga men starka skyddslager f\u00f6r kommunikation och transport. N\u00e4r ett lager beh\u00f6ver bytas ut, tag bara bort det och du har 3 lager kvar, etc. Skydda allm\u00e4nna utrymmen och ditt f\u00f6retagas anseende med hj\u00e4lp at Saint-Gobain skyddsfilm f\u00f6r anti-vandalism.\u00a0 Graffitigard 4PLUS \u00e4r den ideala l\u00f6sningen f\u00f6r glas och andra icke-por\u00f6sa ytor.<br \/>\n<strong><a href=\"https:\/\/www.solargard.com\/wp-content\/uploads\/2025\/10\/Graffitigard-4-Plus_Sample-Page_SK0251SGG4PLUSINT.pdf\" target=\"_blank\" rel=\"noopener\">PRODUKTBLAD &gt;<\/a><\/strong><\/p>\n<ul>\n<li><strong>Skyddar utsatta ytor<\/strong> &#8211; Skyddar fr\u00e5n repor, syra och permanenta tuschpennor<\/li>\n<li><strong>F\u00e4rdigskurna i 4 lager. Enkel att installera och ta bort<\/strong> &#8211; Skr\u00e4ddarsydda f\u00f6r de ytor du vill skydda. 4 lager, enkla att demontera lager f\u00f6r lager vid behov. Mycket enklare och mer kostnadseffektivt \u00e4n graffitifilm med endast ett skyddslager.<\/li>\n<li><strong>Minskar produkt och installationskostnader<\/strong> &#8211; Undvik minskade vinster och antalet installationer p\u00e5 samma objekt genom att h\u00e5lla fordonet i r\u00f6relse, 4 g\u00e5nger l\u00e4ngre<a href=\"https:\/\/www.solargard.com\/wp-content\/uploads\/2021\/10\/GraffitigardAnti-VandalismSellSheet_SK0252SGG4PLUSSSINT_0321-1.pdf\" target=\"_blank\" rel=\"noopener\"><img loading=\"lazy\" decoding=\"async\" class=\"alignright wp-image-95614\" src=\"https:\/\/www.solargard.com\/wp-content\/uploads\/2020\/03\/graffitigard-4Plus-sell-sheet-picINT-2-264x300.jpg\" alt=\"\" width=\"200\" height=\"227\" srcset=\"https:\/\/www.solargard.com\/wp-content\/uploads\/2020\/03\/graffitigard-4Plus-sell-sheet-picINT-2-264x300.jpg 264w, https:\/\/www.solargard.com\/wp-content\/uploads\/2020\/03\/graffitigard-4Plus-sell-sheet-picINT-2-84x95.jpg 84w, https:\/\/www.solargard.com\/wp-content\/uploads\/2020\/03\/graffitigard-4Plus-sell-sheet-picINT-2.jpg 400w\" sizes=\"auto, (max-width: 200px) 100vw, 200px\" \/><\/a><\/li>\n<li><strong>Osynlig, optiskt klar polyester<\/strong> &#8211; Graffitigard 4PLUS \u00e4r optiskt klar<\/li>\n<li><strong>Fullt integrerad produktionsprocess<\/strong> &#8211; V\u00e5ra processer \u00e4r kontrollerade och integrerade hela v\u00e4gen fr\u00e5n produktion, lamineringsprocess samt f\u00e4rdiga tillskurna skyddsfilmer<\/li>\n<\/ul>\n<p>Mer info: <a href=\"https:\/\/custom-films.solargard.com\/graffitigard-4plus\" target=\"_blank\" rel=\"noopener\">custom-films.solargard.com\/graffitigard-4plus<\/a><\/p>\n","protected":false},"excerpt":{"rendered":"<p>Frontlinjen mot graffiti och vandalism En produkt med 4 osynliga men starka skyddslager f\u00f6r kommunikation och transport. N\u00e4r ett lager beh\u00f6ver bytas ut, tag bara bort det och du har 3 lager kvar, etc. Skydda allm\u00e4nna utrymmen och ditt f\u00f6retagas anseende med hj\u00e4lp at Saint-Gobain skyddsfilm f\u00f6r anti-vandalism.\u00a0 Graffitigard 4PLUS \u00e4r den ideala l\u00f6sningen f\u00f6r &hellip; <a href=\"https:\/\/www.solargard.com\/sv\/product\/graffitigard-4plus\/\">Continued<\/a><\/p>\n","protected":false},"featured_media":84473,"comment_status":"open","ping_status":"closed","template":"","meta":{"_acf_changed":false},"product_brand":[],"product_cat":[1099],"product_tag":[1554,1449],"class_list":{"0":"post-94823","1":"product","2":"type-product","3":"status-publish","4":"has-post-thumbnail","6":"product_cat-anti-graffiti-sv","7":"product_tag-clear-sv","8":"product_tag-commercial-sv","10":"first","11":"instock","12":"shipping-taxable","13":"product-type-simple"},"acf":[],"_links":{"self":[{"href":"https:\/\/www.solargard.com\/sv\/wp-json\/wp\/v2\/product\/94823","targetHints":{"allow":["GET"]}}],"collection":[{"href":"https:\/\/www.solargard.com\/sv\/wp-json\/wp\/v2\/product"}],"about":[{"href":"https:\/\/www.solargard.com\/sv\/wp-json\/wp\/v2\/types\/product"}],"replies":[{"embeddable":true,"href":"https:\/\/www.solargard.com\/sv\/wp-json\/wp\/v2\/comments?post=94823"}],"wp:featuredmedia":[{"embeddable":true,"href":"https:\/\/www.solargard.com\/sv\/wp-json\/wp\/v2\/media\/84473"}],"wp:attachment":[{"href":"https:\/\/www.solargard.com\/sv\/wp-json\/wp\/v2\/media?parent=94823"}],"wp:term":[{"taxonomy":"product_brand","embeddable":true,"href":"https:\/\/www.solargard.com\/sv\/wp-json\/wp\/v2\/product_brand?post=94823"},{"taxonomy":"product_cat","embeddable":true,"href":"https:\/\/www.solargard.com\/sv\/wp-json\/wp\/v2\/product_cat?post=94823"},{"taxonomy":"product_tag","embeddable":true,"href":"https:\/\/www.solargard.com\/sv\/wp-json\/wp\/v2\/product_tag?post=94823"}],"curies":[{"name":"wp","href":"https:\/\/api.w.org\/{rel}","templated":true}]}}