{"id":94879,"date":"2021-09-07T02:25:08","date_gmt":"2021-09-07T10:25:08","guid":{"rendered":"https:\/\/www.solargard.com\/?post_type=product&#038;p=94879"},"modified":"2025-06-09T10:28:47","modified_gmt":"2025-06-09T18:28:47","slug":"sentinel-plus-dx-serien","status":"publish","type":"product","link":"https:\/\/www.solargard.com\/sv\/product\/sentinel-plus-dx-serien\/","title":{"rendered":"Exteri\u00f6r &#8211; Sentinel Plus DX"},"content":{"rendered":"<p>Solar Gard\u00ae Sentinel \u2122 Plus DX-serien f\u00f6r utsides applikation kombinerar en utm\u00e4rkt v\u00e4rmeavvisning med en l\u00e5g visuell reflektion in i byggnaden. En perfekt l\u00f6sning f\u00f6r kontor och utrymmen med behov av att minska bl\u00e4ndning och \u00f6ka den termiska komforten. Alla Solar Gards produkter blockerar mer \u00e4n 99% av den skadliga UV -str\u00e5lningen och \u00e4r kompatibel med i princip alla typer av moderna f\u00f6nster och fasader.<\/p>\n<h4>Produktblad:<\/h4>\n<p><a href=\"https:\/\/www.solargard.com\/wp-content\/uploads\/2020\/06\/Solar-Gard-Sample-Page-Sentinel-Plus-DX5.pdf\" target=\"_blank\" rel=\"noopener noreferrer\">Sentinel Plus DX 5<\/a>\u00a0 \u00a0<span style=\"color: #ffcc00;\">I<\/span>\u00a0 \u00a0<a href=\"https:\/\/www.solargard.com\/wp-content\/uploads\/2020\/06\/Solar-Gard-Sample-Page-Sentinel-Plus-DX15.pdf\" target=\"_blank\" rel=\"noopener noreferrer\">Sentinel Plus DX 15<\/a><\/p>\n<h4>Referens<\/h4>\n<ul>\n<li><a href=\"https:\/\/www.solargard.com\/wp-content\/uploads\/2024\/04\/DX20-Malarfilm-PDF0163DX20SWA4.pdf\" target=\"_blank\" rel=\"noopener\">J\u00f6nk\u00f6pings Tingsr\u00e4tt minskar v\u00e4rme och bl\u00e4ndning med DX<\/a><br \/>\nInstallat\u00f6r: Premium Partner<span>\u00a0<\/span><a href=\"https:\/\/malarfilm.se\/\" target=\"_blank\" rel=\"noopener noreferrer\">M\u00e4larfilm AB<\/a><\/li>\n<\/ul>\n<h4>Fler referensfoton:<\/h4>\n<ul>\n<li><a href=\"https:\/\/www.facebook.com\/solargardeu\/posts\/check-out-this-sentinel-dx-20-project-pro-install-by-solargardpartner-tsp_skydds\/875720936120235\/\" target=\"_blank\" rel=\"noopener\">Villa f\u00e5r minskad v\u00e4rmeinstr\u00e5lning med DX<\/a><br \/>\nInstallat\u00f6r: Premium Partner <a href=\"https:\/\/www.tspskyddsfilm.se\/sv\/startsida.htm\" target=\"_blank\" rel=\"noopener\">TSP Skyddsfilm<\/a><\/li>\n<\/ul>\n","protected":false},"excerpt":{"rendered":"<p>Solar Gard\u00ae Sentinel \u2122 Plus DX-serien f\u00f6r utsides applikation kombinerar en utm\u00e4rkt v\u00e4rmeavvisning med en l\u00e5g visuell reflektion in i byggnaden. En perfekt l\u00f6sning f\u00f6r kontor och utrymmen med behov av att minska bl\u00e4ndning och \u00f6ka den termiska komforten. Alla Solar Gards produkter blockerar mer \u00e4n 99% av den skadliga UV -str\u00e5lningen och \u00e4r kompatibel &hellip; <a href=\"https:\/\/www.solargard.com\/sv\/product\/sentinel-plus-dx-serien\/\">Continued<\/a><\/p>\n","protected":false},"featured_media":103292,"comment_status":"open","ping_status":"closed","template":"","meta":{"_acf_changed":false},"product_brand":[],"product_cat":[806,807,811],"product_tag":[],"class_list":{"0":"post-94879","1":"product","2":"type-product","3":"status-publish","4":"has-post-thumbnail","6":"product_cat-fastighetsfilm","7":"product_cat-exterior-films-se","8":"product_cat-solskydd","10":"first","11":"instock","12":"shipping-taxable","13":"product-type-simple"},"acf":[],"_links":{"self":[{"href":"https:\/\/www.solargard.com\/sv\/wp-json\/wp\/v2\/product\/94879","targetHints":{"allow":["GET"]}}],"collection":[{"href":"https:\/\/www.solargard.com\/sv\/wp-json\/wp\/v2\/product"}],"about":[{"href":"https:\/\/www.solargard.com\/sv\/wp-json\/wp\/v2\/types\/product"}],"replies":[{"embeddable":true,"href":"https:\/\/www.solargard.com\/sv\/wp-json\/wp\/v2\/comments?post=94879"}],"wp:featuredmedia":[{"embeddable":true,"href":"https:\/\/www.solargard.com\/sv\/wp-json\/wp\/v2\/media\/103292"}],"wp:attachment":[{"href":"https:\/\/www.solargard.com\/sv\/wp-json\/wp\/v2\/media?parent=94879"}],"wp:term":[{"taxonomy":"product_brand","embeddable":true,"href":"https:\/\/www.solargard.com\/sv\/wp-json\/wp\/v2\/product_brand?post=94879"},{"taxonomy":"product_cat","embeddable":true,"href":"https:\/\/www.solargard.com\/sv\/wp-json\/wp\/v2\/product_cat?post=94879"},{"taxonomy":"product_tag","embeddable":true,"href":"https:\/\/www.solargard.com\/sv\/wp-json\/wp\/v2\/product_tag?post=94879"}],"curies":[{"name":"wp","href":"https:\/\/api.w.org\/{rel}","templated":true}]}}