{"id":98547,"date":"2014-12-11T21:20:23","date_gmt":"2014-12-11T21:20:23","guid":{"rendered":"https:\/\/www.solargard.com\/?post_type=product&#038;p=98547"},"modified":"2025-06-09T10:30:27","modified_gmt":"2025-06-09T18:30:27","slug":"silver-ag-low-e","status":"publish","type":"product","link":"https:\/\/www.solargard.com\/sv\/product\/silver-ag-low-e\/","title":{"rendered":"Low-E Silver AG"},"content":{"rendered":"<p align=\"left\"><strong>Low-E \u2013 din b\u00e4sta energibesparing \u00e5ret runt<\/strong><br \/>\nSolar Gard\u00ae Silver AG Low-E-serien kan s\u00e4nka din energi\u00e5tg\u00e5ng under b\u00e5de den kalla och den varma \u00e5rstiden och d\u00e4rmed \u00e4ven din energi och dina kostnader \u00e5ret runt.<\/p>\n<h4 align=\"left\">F\u00f6rdelar:<\/h4>\n<ul>\n<li>Minskade uppv\u00e4rmningskostnader p\u00e5 vintern<\/li>\n<li>F\u00f6rb\u00e4ttrat inomhusklimat i ditt hem hela \u00e5ret runt<\/li>\n<li>Reducerat behov av luftkonditionering under sommarm\u00e5naderna<\/li>\n<li>St\u00f6rre m\u00e4ngd naturlig dagsljus \u00e4n andra isolerande f\u00f6nsterbel\u00e4ggningar (Silver AG 50)<\/li>\n<li>Minskat behov av extra belysning under dagtid\u00a0(Silver AG 50)<\/li>\n<li>\u00d6verl\u00e4gsen utsikt och insyn\u00a0(Silver AG 50)<\/li>\n<\/ul>\n<h4 align=\"left\"><\/h4>\n","protected":false},"excerpt":{"rendered":"<p>Low-E \u2013 din b\u00e4sta energibesparing \u00e5ret runt Solar Gard\u00ae Silver AG Low-E-serien kan s\u00e4nka din energi\u00e5tg\u00e5ng under b\u00e5de den kalla och den varma \u00e5rstiden och d\u00e4rmed \u00e4ven din energi och dina kostnader \u00e5ret runt. F\u00f6rdelar: Minskade uppv\u00e4rmningskostnader p\u00e5 vintern F\u00f6rb\u00e4ttrat inomhusklimat i ditt hem hela \u00e5ret runt Reducerat behov av luftkonditionering under sommarm\u00e5naderna St\u00f6rre m\u00e4ngd &hellip; <a href=\"https:\/\/www.solargard.com\/sv\/product\/silver-ag-low-e\/\">Continued<\/a><\/p>\n","protected":false},"featured_media":98579,"comment_status":"open","ping_status":"closed","template":"","meta":{"_acf_changed":false},"product_brand":[],"product_cat":[808],"product_tag":[1449,1464,1479,1494,1524],"class_list":{"0":"post-98547","1":"product","2":"type-product","3":"status-publish","4":"has-post-thumbnail","6":"product_cat-lag-emmissivity","7":"product_tag-commercial-sv","8":"product_tag-glare-sv","9":"product_tag-heat-sv","10":"product_tag-privacy-sv","11":"product_tag-reflective-sv","13":"first","14":"instock","15":"shipping-taxable","16":"product-type-simple"},"acf":[],"_links":{"self":[{"href":"https:\/\/www.solargard.com\/sv\/wp-json\/wp\/v2\/product\/98547","targetHints":{"allow":["GET"]}}],"collection":[{"href":"https:\/\/www.solargard.com\/sv\/wp-json\/wp\/v2\/product"}],"about":[{"href":"https:\/\/www.solargard.com\/sv\/wp-json\/wp\/v2\/types\/product"}],"replies":[{"embeddable":true,"href":"https:\/\/www.solargard.com\/sv\/wp-json\/wp\/v2\/comments?post=98547"}],"wp:featuredmedia":[{"embeddable":true,"href":"https:\/\/www.solargard.com\/sv\/wp-json\/wp\/v2\/media\/98579"}],"wp:attachment":[{"href":"https:\/\/www.solargard.com\/sv\/wp-json\/wp\/v2\/media?parent=98547"}],"wp:term":[{"taxonomy":"product_brand","embeddable":true,"href":"https:\/\/www.solargard.com\/sv\/wp-json\/wp\/v2\/product_brand?post=98547"},{"taxonomy":"product_cat","embeddable":true,"href":"https:\/\/www.solargard.com\/sv\/wp-json\/wp\/v2\/product_cat?post=98547"},{"taxonomy":"product_tag","embeddable":true,"href":"https:\/\/www.solargard.com\/sv\/wp-json\/wp\/v2\/product_tag?post=98547"}],"curies":[{"name":"wp","href":"https:\/\/api.w.org\/{rel}","templated":true}]}}