{"id":42324,"date":"2016-07-06T19:33:36","date_gmt":"2016-07-06T19:33:36","guid":{"rendered":"https:\/\/www.solargard.com\/tr\/solar-gard-solutions\/"},"modified":"2021-08-24T07:02:19","modified_gmt":"2021-08-24T15:02:19","slug":"hakkinda-ev-ve-is","status":"publish","type":"page","link":"https:\/\/www.solargard.com\/tr\/hakkinda-ev-ve-is\/","title":{"rendered":"SOLAR GARD \u00c7\u00d6Z\u00dcMLER\u0130M\u0130Z"},"content":{"rendered":"<div class=\"wpb-content-wrapper\"><p>[vc_row bottom_margin=&#8221;none&#8221;][vc_column]<div class=\"section-title sg-section-title text-center\"><div class=\"copy-content\"><h4 class=\" normal-title\">En \u00e7ok \u00f6nem verdikleriniz...<\/h4><p class=\"lead x2 x2\">We're On It!<\/p><\/div><div class=\"border-bg\"><\/div><\/div>[\/vc_column][\/vc_row][vc_row top_margin=&#8221;xs&#8221; bottom_margin=&#8221;none&#8221;][vc_column width=&#8221;1\/4&#8243; offset=&#8221;vc_col-xs-6&#8243;]<div class=\"content-icon text-left\"><div class=\"content-link-image wow bounceInUp\" style=\"background-image: url(https:\/\/www.solargard.com\/wp-content\/uploads\/2016\/04\/heat_2.png)\"  data-wow-delay=\"0.25s\"><\/div><h4>ISI ENGELLEME<\/h4><h5><\/h5><p>Etkin \u0131s\u0131 engelleme, daha fazla konfor demektir<\/p><\/div>[\/vc_column][vc_column width=&#8221;1\/4&#8243; offset=&#8221;vc_col-xs-6&#8243;]<div class=\"content-icon text-left\"><div class=\"content-link-image wow bounceInUp\" style=\"background-image: url(https:\/\/www.solargard.com\/wp-content\/uploads\/2016\/04\/energy_savings.png)\"  data-wow-delay=\"0.5s\"><\/div><h4>ENERJ\u0130 MAL\u0130YET\u0130<\/h4><h5><\/h5><p>Enerji maliyetlerinde %30\u2019a varan azalma sa\u011flay\u0131n<\/p><\/div>[\/vc_column][vc_column width=&#8221;1\/4&#8243; offset=&#8221;vc_col-xs-6&#8243;]<div class=\"content-icon text-left\"><div class=\"content-link-image wow bounceInUp\" style=\"background-image: url(https:\/\/www.solargard.com\/wp-content\/uploads\/2016\/04\/prevent_fading_2.png)\"  data-wow-delay=\"0.75s\"><\/div><h4>RENK SOLMASI<\/h4><h5><\/h5><p>UV \u0131\u015f\u0131\u011f\u0131n\u0131n %99\u2019unu engelleyerek mobilyalar\u0131n\u0131z\u0131n renginin solmas\u0131n\u0131 \u00f6nler<\/p><\/div>[\/vc_column][vc_column width=&#8221;1\/4&#8243; offset=&#8221;vc_col-xs-6&#8243;]<div class=\"content-icon text-left\"><div class=\"content-link-image wow bounceInUp\" style=\"background-image: url(https:\/\/www.solargard.com\/wp-content\/uploads\/2016\/04\/glare_2.png)\"  data-wow-delay=\"1s\"><\/div><h4>PARLAMA<\/h4><h5><\/h5><p>Ekran ve monit\u00f6rlerde g\u00f6rsel konfor i\u00e7in parlamay\u0131 kontrol edin<\/p><\/div>[\/vc_column][\/vc_row][vc_row top_margin=&#8221;none&#8221; bottom_margin=&#8221;none&#8221; css=&#8221;.vc_custom_1462378279566{margin-bottom: -20px !important;}&#8221;][vc_column width=&#8221;1\/4&#8243; offset=&#8221;vc_col-xs-6&#8243;]<div class=\"content-icon text-left\"><div class=\"content-link-image wow bounceInUp\" style=\"background-image: url(https:\/\/www.solargard.com\/wp-content\/uploads\/2016\/04\/privacy_2.png)\"  data-wow-delay=\"0.25s\"><\/div><h4>G\u0130ZL\u0130L\u0130K<\/h4><h5><\/h5><p>\u0130\u00e7eride olan i\u00e7eride kal\u0131r<\/p><\/div>[\/vc_column][vc_column width=&#8221;1\/4&#8243; offset=&#8221;vc_col-xs-6&#8243;]<div class=\"content-icon text-left\"><div class=\"content-link-image wow bounceInUp\" style=\"background-image: url(https:\/\/www.solargard.com\/wp-content\/uploads\/2016\/04\/shield_2.png)\"  data-wow-delay=\"0.5s\"><\/div><h4>UV KORUMASI<\/h4><h5><\/h5><p>G\u00fcne\u015f Koruma Fakt\u00f6r\u00fc 285 muadili<\/p><\/div>[\/vc_column][vc_column width=&#8221;1\/4&#8243; offset=&#8221;vc_col-xs-6&#8243;]<div class=\"content-icon text-left\"><div class=\"content-link-image wow bounceInUp\" style=\"background-image: url(https:\/\/www.solargard.com\/wp-content\/uploads\/2016\/04\/change_look_2.png)\"  data-wow-delay=\"0.75s\"><\/div><h4>K\u0130\u015e\u0130YE \u00d6ZEL G\u00d6R\u00dcN\u00dcM<\/h4><h5><\/h5><p>Geni\u015f ton ve renk yelpazemizden kendinize en uyun olan\u0131na bak\u0131n<\/p><\/div>[\/vc_column][vc_column width=&#8221;1\/4&#8243; offset=&#8221;vc_col-xs-6&#8243;]<div class=\"content-icon text-left\"><div class=\"content-link-image wow bounceInUp\" style=\"background-image: url(https:\/\/www.solargard.com\/wp-content\/uploads\/2016\/04\/earth.png)\"  data-wow-delay=\"1s\"><\/div><h4>\u00c7EVRE<\/h4><h5><\/h5><p>Hayata pozitif etki yapan karbon negatif \u00e7\u00f6z\u00fcmler<\/p><\/div>[\/vc_column][\/vc_row][vc_row top_margin=&#8221;none&#8221; bottom_margin=&#8221;xs&#8221; css=&#8221;.vc_custom_1462378264140{margin-top: -40px !important;padding-top: -20px !important;}&#8221;][vc_column][vc_empty_space][vc_empty_space]<div class=\"section-title sg-section-title text-center\"><div class=\"copy-content\"><h4 class=\" normal-title\">G\u00fcne\u015f Kontrol\u00fcnden Daha Fazlas\u0131<\/h4><\/div><div class=\"border-bg\"><\/div><\/div>[vc_empty_space][\/vc_column][\/vc_row][vc_row top_margin=&#8221;xs&#8221; bottom_margin=&#8221;none&#8221;][vc_column width=&#8221;1\/4&#8243;][\/vc_column][vc_column width=&#8221;1\/4&#8243;]<div class=\"content-icon text-left\"><div class=\"content-link-image wow bounceInUp\" style=\"background-image: url(https:\/\/www.solargard.com\/wp-content\/uploads\/2016\/04\/safety_2.png)\"  data-wow-delay=\"0.25s\"><\/div><h4>G\u00dcVENL\u0130K \/ EMN\u0130YET<\/h4><h5><\/h5><p>\u0130zinsiz giri\u015fleri geciktirin ve insan kaynakl\u0131 zararlar\u0131 engelleyin<\/p><\/div>[\/vc_column][vc_column width=&#8221;1\/4&#8243;]<div class=\"content-icon text-left\"><div class=\"content-link-image wow bounceInUp\" style=\"background-image: url(https:\/\/www.solargard.com\/wp-content\/uploads\/2016\/04\/web-graffititidy-icon2.png)\"  data-wow-delay=\"0.5s\"><\/div><h4>GRAF\u0130T\u0130 ENGELLEME<\/h4><h5><\/h5><p>De\u011ferli y\u00fczeylerinizi vandalizme kar\u015f\u0131 koruyun<\/p><\/div>[\/vc_column][vc_column][vc_empty_space][vc_empty_space][\/vc_column][vc_column width=&#8221;1\/4&#8243;][\/vc_column][\/vc_row][vc_row full_width=&#8221;stretch_row&#8221; top_margin=&#8221;md&#8221; bottom_margin=&#8221;md&#8221; el_class=&#8221;light-blue-row&#8221;][vc_column el_class=&#8221;gray-title&#8221;]<div class=\"section-title sep-bottom-lg text-center\"><h3 class=\" normal-title\">BA\u015eARI H\u0130KAYELER\u0130<\/h3><\/div>[vc_row_inner][vc_column_inner width=&#8221;1\/3&#8243;]<a href=\"https:\/\/www.solargard.com\/tr\/project-gallery\/#!\/tr\/portfolio\/industrial-building\/?type=ajax\" class=\"content-link \"><div class=\"content-link-image\" style=\"background-image: url(https:\/\/www.solargard.com\/wp-content\/uploads\/2015\/12\/shutterstock_221616010_red-e1449259099632-300x183.jpg)\"><\/div><h4>Industrial Building<\/h4><h5><\/h5><\/a>[\/vc_column_inner][vc_column_inner el_class=&#8221;bordered&#8221; width=&#8221;1\/3&#8243;]<a href=\"https:\/\/www.solargard.com\/tr\/project-gallery\/#!\/tr\/portfolio\/royal-albert-hall\/?type=ajax\" class=\"content-link \"><div class=\"content-link-image\" style=\"background-image: url(https:\/\/www.solargard.com\/wp-content\/uploads\/2016\/03\/royal_albert_hall-300x192.jpg)\"><\/div><h4>Royal Albert Hall<\/h4><h5><\/h5><\/a>[\/vc_column_inner][vc_column_inner el_class=&#8221;bordered&#8221; width=&#8221;1\/3&#8243;]<a href=\"https:\/\/www.solargard.com\/tr\/project-gallery\/#!\/tr\/portfolio\/treasure-island-home\/?type=ajax\" class=\"content-link \"><div class=\"content-link-image\" style=\"background-image: url(https:\/\/www.solargard.com\/wp-content\/uploads\/2016\/03\/TreasureIsland-2-300x237.jpg)\"><\/div><h4>Treasure Island Home<\/h4><h5><\/h5><\/a>[\/vc_column_inner][\/vc_row_inner][\/vc_column][vc_column][\/vc_column][\/vc_row][vc_row top_margin=&#8221;md&#8221; bottom_margin=&#8221;sm&#8221;][vc_column]<div class=\"section-title sep-bottom-md text-center\"><h3 class=\" normal-title\">KAYNAKLAR<\/h3><\/div>[vc_row_inner el_class=&#8221;same-height-row&#8221;][vc_column_inner width=&#8221;1\/4&#8243;][\/vc_column_inner][vc_column_inner width=&#8221;1\/2&#8243;][vc_btn title=&#8221;Ev ve \u0130\u015f Garanti Belgeleri&#8221; style=&#8221;flat&#8221; shape=&#8221;square&#8221; color=&#8221;primary&#8221; size=&#8221;lg&#8221; align=&#8221;center&#8221; button_block=&#8221;true&#8221; el_class=&#8221;same-height-item&#8221; link=&#8221;url:https%3A%2F%2Fwww.solargard.com%2Ftr%2Fhakkinda-ev-ve-is%2Fev-ve-is%2Fev-ve-is-garantileri%2F|||&#8221;][\/vc_column_inner][vc_column_inner width=&#8221;1\/4&#8243;][\/vc_column_inner][\/vc_row_inner][\/vc_column][\/vc_row][vc_row full_width=&#8221;stretch_row&#8221; top_margin=&#8221;3x&#8221; bottom_margin=&#8221;3x&#8221; el_class=&#8221;light-blue-row&#8221;][vc_column]<div class=\"section-title sep-bottom-md text-center\"><h3 class=\" normal-title\">\u00dcR\u00dcNLER\u0130M\u0130Z\u0130 ARAYIN<\/h3><\/div>[vc_row_inner el_class=&#8221;same-height-row&#8221;][vc_column_inner width=&#8221;1\/3&#8243;][\/vc_column_inner][vc_column_inner width=&#8221;1\/3&#8243;][vc_btn title=&#8221;BA\u015eLAT&#8221; style=&#8221;flat&#8221; shape=&#8221;square&#8221; color=&#8221;primary&#8221; size=&#8221;lg&#8221; align=&#8221;center&#8221; button_block=&#8221;true&#8221; el_class=&#8221;same-height-item&#8221; link=&#8221;url:https%3A%2F%2Fwww.solargard.com%2Ftr%2Fhakkinda-ev-ve-is%2Fev-ve-is%2F|||&#8221;][\/vc_column_inner][vc_column_inner width=&#8221;1\/3&#8243;][\/vc_column_inner][\/vc_row_inner][\/vc_column][\/vc_row]<\/p>\n<\/div>","protected":false},"excerpt":{"rendered":"<p>[vc_row bottom_margin=&#8221;none&#8221;][vc_column][\/vc_column][\/vc_row][vc_row top_margin=&#8221;xs&#8221; bottom_margin=&#8221;none&#8221;][vc_column width=&#8221;1\/4&#8243; offset=&#8221;vc_col-xs-6&#8243;][\/vc_column][vc_column width=&#8221;1\/4&#8243; offset=&#8221;vc_col-xs-6&#8243;][\/vc_column][vc_column width=&#8221;1\/4&#8243; offset=&#8221;vc_col-xs-6&#8243;][\/vc_column][vc_column width=&#8221;1\/4&#8243; offset=&#8221;vc_col-xs-6&#8243;][\/vc_column][\/vc_row][vc_row top_margin=&#8221;none&#8221; bottom_margin=&#8221;none&#8221; css=&#8221;.vc_custom_1462378279566{margin-bottom: -20px !important;}&#8221;][vc_column width=&#8221;1\/4&#8243; offset=&#8221;vc_col-xs-6&#8243;][\/vc_column][vc_column width=&#8221;1\/4&#8243; offset=&#8221;vc_col-xs-6&#8243;][\/vc_column][vc_column width=&#8221;1\/4&#8243; offset=&#8221;vc_col-xs-6&#8243;][\/vc_column][vc_column width=&#8221;1\/4&#8243; offset=&#8221;vc_col-xs-6&#8243;][\/vc_column][\/vc_row][vc_row top_margin=&#8221;none&#8221; bottom_margin=&#8221;xs&#8221; css=&#8221;.vc_custom_1462378264140{margin-top: -40px !important;padding-top: -20px !important;}&#8221;][vc_column][vc_empty_space][vc_empty_space][vc_empty_space][\/vc_column][\/vc_row][vc_row top_margin=&#8221;xs&#8221; bottom_margin=&#8221;none&#8221;][vc_column width=&#8221;1\/4&#8243;][\/vc_column][vc_column width=&#8221;1\/4&#8243;][\/vc_column][vc_column width=&#8221;1\/4&#8243;][\/vc_column][vc_column][vc_empty_space][vc_empty_space][\/vc_column][vc_column width=&#8221;1\/4&#8243;][\/vc_column][\/vc_row][vc_row full_width=&#8221;stretch_row&#8221; top_margin=&#8221;md&#8221; bottom_margin=&#8221;md&#8221; el_class=&#8221;light-blue-row&#8221;][vc_column el_class=&#8221;gray-title&#8221;][vc_row_inner][vc_column_inner width=&#8221;1\/3&#8243;][\/vc_column_inner][vc_column_inner el_class=&#8221;bordered&#8221; width=&#8221;1\/3&#8243;][\/vc_column_inner][vc_column_inner el_class=&#8221;bordered&#8221; width=&#8221;1\/3&#8243;][\/vc_column_inner][\/vc_row_inner][\/vc_column][vc_column][\/vc_column][\/vc_row][vc_row top_margin=&#8221;md&#8221; bottom_margin=&#8221;sm&#8221;][vc_column][vc_row_inner el_class=&#8221;same-height-row&#8221;][vc_column_inner width=&#8221;1\/4&#8243;][\/vc_column_inner][vc_column_inner width=&#8221;1\/2&#8243;][vc_btn title=&#8221;Ev ve &hellip; <a href=\"https:\/\/www.solargard.com\/portfolio\/treasure-island-home\/\">Continued<\/a><\/p>\n","protected":false},"author":1,"featured_media":0,"parent":0,"menu_order":0,"comment_status":"closed","ping_status":"closed","template":"","meta":{"_acf_changed":false,"footnotes":""},"class_list":["post-42324","page","type-page","status-publish","hentry"],"acf":[],"_links":{"self":[{"href":"https:\/\/www.solargard.com\/tr\/wp-json\/wp\/v2\/pages\/42324","targetHints":{"allow":["GET"]}}],"collection":[{"href":"https:\/\/www.solargard.com\/tr\/wp-json\/wp\/v2\/pages"}],"about":[{"href":"https:\/\/www.solargard.com\/tr\/wp-json\/wp\/v2\/types\/page"}],"author":[{"embeddable":true,"href":"https:\/\/www.solargard.com\/tr\/wp-json\/wp\/v2\/users\/1"}],"replies":[{"embeddable":true,"href":"https:\/\/www.solargard.com\/tr\/wp-json\/wp\/v2\/comments?post=42324"}],"version-history":[{"count":0,"href":"https:\/\/www.solargard.com\/tr\/wp-json\/wp\/v2\/pages\/42324\/revisions"}],"wp:attachment":[{"href":"https:\/\/www.solargard.com\/tr\/wp-json\/wp\/v2\/media?parent=42324"}],"curies":[{"name":"wp","href":"https:\/\/api.w.org\/{rel}","templated":true}]}}