{"id":42358,"date":"2016-07-06T19:37:25","date_gmt":"2016-07-06T19:37:25","guid":{"rendered":"https:\/\/www.solargard.com\/tr\/tint-laws\/"},"modified":"2018-01-09T22:33:57","modified_gmt":"2018-01-09T22:33:57","slug":"tint-laws","status":"publish","type":"page","link":"https:\/\/www.solargard.com\/tr\/tint-laws\/","title":{"rendered":"Cam filmi Kanunlar\u0131?"},"content":{"rendered":"<div class=\"wpb-content-wrapper\"><p>[vc_row][vc_column][vc_column_text]<\/p>\n<h2>\u0130htiyaciniz olan sadece cam filmi<\/h2>\n<p>Solar Gard cam filmi pazar\u0131ndaki en geni\u015f otomotiv cam filmi \u00e7e\u015fitlili\u011fine sahiptir.<\/p>\n<p>Her araca uyumlu m\u00fckemmel bir cam filmi serisi vard\u0131r. Koyu renk, a\u00e7\u0131k renk, reflekte (aynal\u0131) yada mat renklerde \u00fcretilen filmler i\u00e7in pek \u00e7ok renk tonunda ve \u0131\u015f\u0131k ge\u00e7irgenli\u011fine sahip \u00e7e\u015fitleri i\u00e7inde size uygun se\u00e7ebilece\u011finiz bir cam filmini bulabilirsiniz.<\/p>\n<p>Solar Gard cam filmi distrib\u00fct\u00f6r\u00fcn\u00fcz cam filmi piyasas\u0131nda bilgi ve tecr\u00fcbesine g\u00fcvenebilece\u011finiz bir profesyonelli\u011fe sahiptir.<\/p>\n<p>Solar Gard bayileri \u00fcr\u00fcnlerinin g\u00fcne\u015f koruma performans\u0131na, g\u00fc\u00e7l\u00fc garanti kapsam\u0131na ve m\u00fc\u015fterilerinde olu\u015fan tam memnuniyet ile ba\u015far\u0131y\u0131 sa\u011flarlar. Biz de size destek olmak isteriz.<\/p>\n<p>Avrupa Cam Filmleri Birli\u011fi\u2019nin (EWFA- European Windo Film Association)) olu\u015fturdu\u011fu Cam Filmleri Kullan\u0131m kanunlar\u0131n\u0131 a\u015fa\u011f\u0131daki linkte inceleyebilirsiniz.<\/p>\n<ul>\n<li><span style=\"line-height: 1.42857;\">\u00dclkeler i\u00e7in olu\u015fturulan kanunlar\u0131n PDF d\u00f6k\u00fcman\u0131 i\u00e7in <\/span><a style=\"line-height: 1.42857;\" href=\"https:\/\/www.solargard.com\/wp-content\/uploads\/2016\/04\/ewfa-list-.pdf\" target=\"_blank\">EWFA L\u0130STES\u0130<\/a><span style=\"line-height: 1.42857;\"> \u2018ne t\u0131klay\u0131n\u0131z<\/span><\/li>\n<\/ul>\n<p>[\/vc_column_text][\/vc_column][\/vc_row]<\/p>\n<\/div>","protected":false},"excerpt":{"rendered":"<p>[vc_row][vc_column][vc_column_text] \u0130htiyaciniz olan sadece cam filmi Solar Gard cam filmi pazar\u0131ndaki en geni\u015f otomotiv cam filmi \u00e7e\u015fitlili\u011fine sahiptir. Her araca uyumlu m\u00fckemmel bir cam filmi serisi vard\u0131r. Koyu renk, a\u00e7\u0131k renk, reflekte (aynal\u0131) yada mat renklerde \u00fcretilen filmler i\u00e7in pek \u00e7ok renk tonunda ve \u0131\u015f\u0131k ge\u00e7irgenli\u011fine sahip \u00e7e\u015fitleri i\u00e7inde size uygun se\u00e7ebilece\u011finiz bir cam filmini &hellip; <a href=\"https:\/\/www.solargard.com\/tr\/tint-laws\/\">Continued<\/a><\/p>\n","protected":false},"author":1,"featured_media":0,"parent":0,"menu_order":0,"comment_status":"closed","ping_status":"closed","template":"","meta":{"_acf_changed":false,"footnotes":""},"class_list":["post-42358","page","type-page","status-publish","hentry"],"acf":[],"_links":{"self":[{"href":"https:\/\/www.solargard.com\/tr\/wp-json\/wp\/v2\/pages\/42358","targetHints":{"allow":["GET"]}}],"collection":[{"href":"https:\/\/www.solargard.com\/tr\/wp-json\/wp\/v2\/pages"}],"about":[{"href":"https:\/\/www.solargard.com\/tr\/wp-json\/wp\/v2\/types\/page"}],"author":[{"embeddable":true,"href":"https:\/\/www.solargard.com\/tr\/wp-json\/wp\/v2\/users\/1"}],"replies":[{"embeddable":true,"href":"https:\/\/www.solargard.com\/tr\/wp-json\/wp\/v2\/comments?post=42358"}],"version-history":[{"count":0,"href":"https:\/\/www.solargard.com\/tr\/wp-json\/wp\/v2\/pages\/42358\/revisions"}],"wp:attachment":[{"href":"https:\/\/www.solargard.com\/tr\/wp-json\/wp\/v2\/media?parent=42358"}],"curies":[{"name":"wp","href":"https:\/\/api.w.org\/{rel}","templated":true}]}}