{"id":42362,"date":"2016-07-06T19:38:05","date_gmt":"2016-07-06T19:38:05","guid":{"rendered":"https:\/\/www.solargard.com\/tr\/press\/"},"modified":"2018-01-09T22:34:06","modified_gmt":"2018-01-09T22:34:06","slug":"press","status":"publish","type":"page","link":"https:\/\/www.solargard.com\/tr\/press\/","title":{"rendered":"Press"},"content":{"rendered":"<div class=\"wpb-content-wrapper\"><p>[vc_row top_margin=&#8221;sm&#8221; bottom_margin=&#8221;md&#8221;][vc_column]<div class=\"section-title sg-section-title text-center\"><div class=\"copy-content\"><h4 class=\" normal-title\">Haberlerde<\/h4><p class=\"lead x2 x2\">We're On It!<\/p><\/div><div class=\"border-bg\"><\/div><\/div>[\/vc_column][\/vc_row][vc_row][vc_column width=&#8221;1\/2&#8243; el_class=&#8221;sep-bottom-md&#8221;][vc_column_text]<\/p>\n<h3>Solar Gard Bas\u0131n<\/h3>\n<div id=\"contentArea\">\n<div id=\"Inset\"><\/div>\n<p style=\"text-align: left;\"><span>Solar Gard, koruyan, tasarruf ettiren ve yenileyen \u00fcr\u00fcnleriyle hayat\u0131 olumlu y\u00f6nde etkiler. Mimari ve otomotiv filmlerimiz, Kaliforniya\u2019daki sekt\u00f6r lideri tesisimizde \u00fcretilmektedir. \u00c7evresel sorumlulu\u011fu bir misyon olarak alarak karbon ayak izimizi sertifikaland\u0131rd\u0131k ve \u0130klim Eylemi lideri unvan\u0131n\u0131 kazand\u0131k. <\/span><\/p>\n<p><span>Filmlerimiz enerji masraflar\u0131, solma, par\u0131lt\u0131 ve kaza, do\u011fal afet veya h\u0131rs\u0131zl\u0131k durumlar\u0131nda k\u0131r\u0131lma gibi sorunlara \u00e7\u00f6z\u00fcm sunmaktad\u0131r. 30 y\u0131l\u0131 a\u015fk\u0131n bir s\u00fcredir en g\u00fcvenilir ve pop\u00fcler cam filmi tedarik\u00e7ilerinden biriyiz ve filmlerimiz d\u00fcnya \u00e7ap\u0131nda binlerce binaya ve milyonlarca araca monte edilmi\u015ftir. Sorular\u0131n\u0131z varsa 866.300.2674 numaral\u0131 telefondan bizimle ileti\u015fime ge\u00e7iniz.<\/span><\/p>\n<h4><\/h4>\n<h4>\u0130lgili ki\u015fi<\/h4>\n<blockquote><p><span>DRIVEN<\/span><br \/>\n<span>Public Relations Agency<\/span><br \/>\n<span>951\u00a0719 1040<\/span><br \/>\n<a href=\"http:\/\/drivenpublicrelations.com\/\" target=\"_blank\" rel=\"noopener\">drivenpublicrelations.com<\/a><br \/>\n<a href=\"mailto:media@solargard.com\">media@solargard.com<\/a><\/p><\/blockquote>\n<\/div>\n<p>[\/vc_column_text][\/vc_column][vc_column width=&#8221;1\/2&#8243; css=&#8221;.vc_custom_1456244643079{border-top-width: 10px !important;border-right-width: 10px !important;border-bottom-width: 10px !important;border-left-width: 10px !important;border-left-color: #208bc9 !important;border-left-style: solid !important;border-right-color: #208bc9 !important;border-right-style: solid !important;border-top-color: #208bc9 !important;border-top-style: solid !important;border-bottom-color: #208bc9 !important;border-bottom-style: solid !important;}&#8221;][vc_wp_posts title=&#8221;haber&#8221; number=&#8221;5&#8243; category=&#8221;news-tr&#8221;][\/vc_column][\/vc_row][vc_row][vc_column][vc_column_text]<\/p>\n<p>[\/vc_column_text][\/vc_column][\/vc_row]<\/p>\n<\/div>","protected":false},"excerpt":{"rendered":"<p>[vc_row top_margin=&#8221;sm&#8221; bottom_margin=&#8221;md&#8221;][vc_column][\/vc_column][\/vc_row][vc_row][vc_column width=&#8221;1\/2&#8243; el_class=&#8221;sep-bottom-md&#8221;][vc_column_text] Solar Gard Bas\u0131n Solar Gard, koruyan, tasarruf ettiren ve yenileyen \u00fcr\u00fcnleriyle hayat\u0131 olumlu y\u00f6nde etkiler. Mimari ve otomotiv filmlerimiz, Kaliforniya\u2019daki sekt\u00f6r lideri tesisimizde \u00fcretilmektedir. \u00c7evresel sorumlulu\u011fu bir misyon olarak alarak karbon ayak izimizi sertifikaland\u0131rd\u0131k ve \u0130klim Eylemi lideri unvan\u0131n\u0131 kazand\u0131k. Filmlerimiz enerji masraflar\u0131, solma, par\u0131lt\u0131 ve kaza, do\u011fal afet veya &hellip; <a href=\"https:\/\/www.solargard.com\/tr\/press\/\">Continued<\/a><\/p>\n","protected":false},"author":1,"featured_media":0,"parent":0,"menu_order":0,"comment_status":"closed","ping_status":"closed","template":"","meta":{"_acf_changed":false,"footnotes":""},"class_list":["post-42362","page","type-page","status-publish","hentry"],"acf":[],"_links":{"self":[{"href":"https:\/\/www.solargard.com\/tr\/wp-json\/wp\/v2\/pages\/42362","targetHints":{"allow":["GET"]}}],"collection":[{"href":"https:\/\/www.solargard.com\/tr\/wp-json\/wp\/v2\/pages"}],"about":[{"href":"https:\/\/www.solargard.com\/tr\/wp-json\/wp\/v2\/types\/page"}],"author":[{"embeddable":true,"href":"https:\/\/www.solargard.com\/tr\/wp-json\/wp\/v2\/users\/1"}],"replies":[{"embeddable":true,"href":"https:\/\/www.solargard.com\/tr\/wp-json\/wp\/v2\/comments?post=42362"}],"version-history":[{"count":0,"href":"https:\/\/www.solargard.com\/tr\/wp-json\/wp\/v2\/pages\/42362\/revisions"}],"wp:attachment":[{"href":"https:\/\/www.solargard.com\/tr\/wp-json\/wp\/v2\/media?parent=42362"}],"curies":[{"name":"wp","href":"https:\/\/api.w.org\/{rel}","templated":true}]}}