{"id":42363,"date":"2016-07-06T19:38:23","date_gmt":"2016-07-06T19:38:23","guid":{"rendered":"https:\/\/www.solargard.com\/tr\/solar-control\/"},"modified":"2018-06-20T21:18:54","modified_gmt":"2018-06-20T21:18:54","slug":"gunes-kontrol","status":"publish","type":"page","link":"https:\/\/www.solargard.com\/tr\/hakkinda-ev-ve-is\/ev-ve-is\/gunes-kontrol\/","title":{"rendered":"G\u00fcne\u015f Kontrol\u00fc"},"content":{"rendered":"<div class=\"wpb-content-wrapper\"><p>[vc_row top_margin=&#8221;md&#8221; bottom_margin=&#8221;xs&#8221;][vc_column]<div class=\"section-title sg-section-title text-center\"><div class=\"copy-content\"><h4 class=\" normal-title\">G\u00fcne\u015f Cam Filmleri<\/h4><\/div><div class=\"border-bg\"><\/div><\/div>[\/vc_column][\/vc_row][vc_row top_margin=&#8221;xs&#8221; bottom_margin=&#8221;md&#8221;][vc_column width=&#8221;1\/12&#8243;][\/vc_column][vc_column width=&#8221;5\/6&#8243;][vc_column_text]<\/p>\n<h4 style=\"text-align: center;\"><span>Hi\u00e7bir \u015fey do\u011fal \u0131\u015f\u0131ktan daha iyi \u00e7evrenizi ayd\u0131nlatamaz. Ama iyi bir \u015fey bazen \u00e7ok fazla olabilir. Do\u011fal g\u00fcne\u015f \u0131\u015f\u0131\u011f\u0131 ile konfordan \u00f6d\u00fcn verdi\u011finizde istenmeyen \u0131s\u0131 ve s\u0131cak noktalar olu\u015fabilir. Solar Gard cam filmleri g\u00fcne\u015fin \u0131s\u0131 enerjisini %79\u2019a kadar geri yans\u0131tarak s\u0131cakl\u0131\u011f\u0131 kontrol etmenize imkan sa\u011flarken solma ve rahats\u0131z edici parlamay\u0131 da azalt\u0131r. Profesoneller taraf\u0131ndan uygulanan Solar Gard cam filmleri t\u00fcm g\u00fcne\u015f \u0131s\u0131s\u0131 sorunlar\u0131n\u0131za kar\u015f\u0131 geni\u015f \u00fcr\u00fcn yelpazesi sunmaktad\u0131r: <\/span><\/h4>\n<p>[\/vc_column_text][\/vc_column][vc_column width=&#8221;1\/12&#8243;][\/vc_column][\/vc_row][vc_row top_margin=&#8221;none&#8221; bottom_margin=&#8221;md&#8221;][vc_column]<div class=\"product-list vc_txt_align_center \"><a href=\"https:\/\/www.solargard.com\/tr\/product\/autumn-bronze\/\" class=\"product-link text-center\"><div class=\"product-image\" style=\"background-image: url(https:\/\/www.solargard.com\/wp-content\/uploads\/2015\/05\/Bronze-300x300.jpg)\"><\/div><h4>Autumn Bronze<\/h4><\/a><a href=\"https:\/\/www.solargard.com\/tr\/product\/lx\/\" class=\"product-link text-center\"><div class=\"product-image\" style=\"background-image: url(https:\/\/www.solargard.com\/wp-content\/uploads\/2016\/05\/LX-Hilite_alt-300x200.jpg)\"><\/div><h4>LX<\/h4><\/a><a href=\"https:\/\/www.solargard.com\/tr\/product\/panorama-slate\/\" class=\"product-link text-center\"><div class=\"product-image\" style=\"background-image: url(https:\/\/www.solargard.com\/wp-content\/uploads\/2016\/05\/Slate-300x200.jpg)\"><\/div><h4>Panorama Slate<\/h4><\/a><a href=\"https:\/\/www.solargard.com\/tr\/product\/panorama-sterling\/\" class=\"product-link text-center\"><div class=\"product-image\" style=\"background-image: url(https:\/\/www.solargard.com\/wp-content\/uploads\/2016\/03\/AyersPhoto-300x225.jpg)\"><\/div><h4>Panorama Sterling<\/h4><\/a><a href=\"https:\/\/www.solargard.com\/tr\/product\/quantum\/\" class=\"product-link text-center\"><div class=\"product-image\" style=\"background-image: url(https:\/\/www.solargard.com\/wp-content\/uploads\/2014\/11\/shutterstock_379409725_warm-300x300.jpg)\"><\/div><h4>Quantum<\/h4><\/a><a href=\"https:\/\/www.solargard.com\/tr\/product\/sentinel-plus\/\" class=\"product-link text-center\"><div class=\"product-image\" style=\"background-image: url(https:\/\/www.solargard.com\/wp-content\/uploads\/2016\/03\/solargard-sentinel-windowfilm-300x200.jpg)\"><\/div><h4>Sentinel Plus<\/h4><\/a><a href=\"https:\/\/www.solargard.com\/tr\/product\/sentinel-plus-qx-serisi\/\" class=\"product-link text-center\"><div class=\"product-image\" style=\"background-image: url(https:\/\/www.solargard.com\/wp-content\/uploads\/2020\/06\/1-QX-40-Clarion-Hotel-Arlanda-Airport-Malarfilm-SWlr-300x225.jpg)\"><\/div><h4>Sentinel Plus QX Serisi<\/h4><\/a><a href=\"https:\/\/www.solargard.com\/tr\/product\/silver\/\" class=\"product-link text-center\"><div class=\"product-image\" style=\"background-image: url(https:\/\/www.solargard.com\/wp-content\/uploads\/2014\/11\/DOE2-300x272.jpg)\"><\/div><h4>Silver<\/h4><\/a><a href=\"https:\/\/www.solargard.com\/tr\/product\/solar-bronze\/\" class=\"product-link text-center\"><div class=\"product-image\" style=\"background-image: url(https:\/\/www.solargard.com\/wp-content\/uploads\/2014\/11\/Nat_GEO-300x222.jpg)\"><\/div><h4>Solar Bronze<\/h4><\/a><a href=\"https:\/\/www.solargard.com\/tr\/product\/stainless-steel\/\" class=\"product-link text-center\"><div class=\"product-image\" style=\"background-image: url(https:\/\/www.solargard.com\/wp-content\/uploads\/2016\/05\/StainlessSteel-300x200.jpg)\"><\/div><h4>Stainless Steel<\/h4><\/a><a href=\"https:\/\/www.solargard.com\/tr\/product\/truevue\/\" class=\"product-link text-center\"><div class=\"product-image\" style=\"background-image: url(https:\/\/www.solargard.com\/wp-content\/uploads\/2016\/03\/shutterstock_270840203_edited_warm-300x200.jpg)\"><\/div><h4>TrueVue<\/h4><\/a><a href=\"https:\/\/www.solargard.com\/tr\/product\/ulr\/\" class=\"product-link text-center\"><div class=\"product-image\" style=\"background-image: url(https:\/\/www.solargard.com\/wp-content\/uploads\/2016\/05\/ULR_low-Reflect-300x200.jpg)\"><\/div><h4>ULR Low Reflectivity<\/h4><\/a><\/div>[\/vc_column][\/vc_row][vc_row full_width=&#8221;stretch_row&#8221; el_class=&#8221;light-blue-row&#8221;][vc_column el_class=&#8221;gray-title&#8221;]<div class=\"section-title sep-bottom-md text-center\"><h3 class=\" normal-title\">\u00d6ZELL\u0130KL\u0130 \u00dcR\u00dcNLER<\/h3><\/div>[vc_row_inner][vc_column_inner el_class=&#8221;bordered&#8221; width=&#8221;1\/3&#8243;]<a href=\"https:\/\/www.solargard.com\/tr\/product\/sentinel-plus\/\" class=\"content-link \"><div class=\"content-link-image\" style=\"background-image: url(https:\/\/www.solargard.com\/wp-content\/uploads\/2016\/03\/solargard-sentinel-windowfilm-300x200.jpg)\"><\/div><h4>Sentinel Plus<\/h4><h5><\/h5><p>Sentinel Plus serisi Solar Gard\u2019\u0131n d\u0131\u015f cepheden kullan\u0131labilen cam filmleri serisidir. Bu seri filmler g\u00fcne\u015f \u0131s\u0131s\u0131na ve parlamaya kar\u015f\u0131 ilk s\u0131rada koruma sa\u011flayan, y\u00fcksek \u0131s\u0131 geri yans\u0131tma \u00f6zelli\u011fine sahip, performansl\u0131 \u00fcr\u00fcnlerdir. Sentinel Plus serisi i\u00e7inde Stainless Steel, Silver ,Renksiz \u015eeffaf ve SX (y\u00fcksek performansl\u0131 a\u00e7\u0131k renkler) serisi filmler mevcuttur. Temel Faydalar\u0131: D\u0131\u015f y\u00fczeyden yap\u0131lacak uygulamalarda &hellip; <a href=\"https:\/\/www.solargard.com\/tr\/product\/sentinel-plus\/\">Continued<\/a><\/p><\/a>[\/vc_column_inner][vc_column_inner el_class=&#8221;bordered&#8221; width=&#8221;1\/3&#8243;]<a href=\"https:\/\/www.solargard.com\/tr\/product\/seffaf-guvenlik-cam-filmi\/\" class=\"content-link \"><div class=\"content-link-image\" style=\"background-image: url(https:\/\/www.solargard.com\/wp-content\/uploads\/2016\/05\/Safety-alt-300x200.jpg)\"><\/div><h4>\u015eeffaf G\u00fcvenlik Cam Filmi<\/h4><h5><\/h5><p>Solar Gard Armorcoat Clear G\u00fcvenlik Cam\u00a0Filmleri Armorcoat g\u00fcvenlik filmleri cama ba\u011fl\u0131 yaralanmalara kar\u015f\u0131 sizi korur. Eviniz, okulunuz veya ofisiniz, sadece bir yerden ibaret de\u011fildir; bunlar birer yat\u0131r\u0131md\u0131r. Tam da bu nedenle, kazayla olsun veya ba\u015fka \u015fekilde olsun bunlara zarar verebilecek her \u015feye kar\u015f\u0131 koruma sa\u011flamak \u00f6nemlidir. Da\u011f\u0131lan camlar\u0131 bir arada tutmak \u00fczere \u00f6zel olarak tasarlanm\u0131\u015f &hellip; <a href=\"https:\/\/www.solargard.com\/tr\/product\/seffaf-guvenlik-cam-filmi\/\">Continued<\/a><\/p><\/a>[\/vc_column_inner][vc_column_inner el_class=&#8221;bordered&#8221; width=&#8221;1\/3&#8243;]<a href=\"https:\/\/www.solargard.com\/tr\/product\/panorama-sterling\/\" class=\"content-link \"><div class=\"content-link-image\" style=\"background-image: url(https:\/\/www.solargard.com\/wp-content\/uploads\/2016\/03\/AyersPhoto-300x225.jpg)\"><\/div><h4>Panorama Sterling<\/h4><h5><\/h5><p>Panorama Sterling Serisi: \u201cSpektral Se\u00e7icilik\u201d teknolojisi y\u00fcksek oranda \u0131s\u0131 enerjisini geri yans\u0131t\u0131rken do\u011fal \u0131\u015f\u0131\u011f\u0131n i\u00e7eri al\u0131nmas\u0131n\u0131 sa\u011flar. Seride 6 farkl\u0131 \u0131\u015f\u0131k ge\u00e7irgenli\u011fi seviyesinde renksizden koyu tona kadar farkl\u0131 \u00e7e\u015fitte \u00fcr\u00fcn bulunmaktad\u0131r. Temel Faydalar\u0131 \u201cSpektral Se\u00e7icilik\u201d teknolojisi \u0131s\u0131y\u0131 d\u0131\u015farda tutarak do\u011fal \u0131\u015f\u0131\u011f\u0131n i\u00e7eri al\u0131nmas\u0131n\u0131 sa\u011flar Y\u00fcksek \u0131s\u0131n\u0131n d\u0131\u015farda tutulmas\u0131 ile i\u00e7 mekan konforu artt\u0131r\u0131r, enerji sarrufuna &hellip; <a href=\"https:\/\/www.solargard.com\/tr\/product\/panorama-sterling\/\">Continued<\/a><\/p><\/a>[\/vc_column_inner][\/vc_row_inner][\/vc_column][\/vc_row][vc_row top_margin=&#8221;3x&#8221; bottom_margin=&#8221;3x&#8221;][vc_column][vc_row_inner el_class=&#8221;same-height-row&#8221;][vc_column_inner width=&#8221;2\/12&#8243;][\/vc_column_inner][vc_column_inner width=&#8221;4\/12&#8243;][\/vc_column_inner][vc_column_inner width=&#8221;4\/12&#8243;][\/vc_column_inner][vc_column_inner width=&#8221;2\/12&#8243;][\/vc_column_inner][\/vc_row_inner][\/vc_column][\/vc_row][vc_row full_width=&#8221;stretch_row&#8221; bottom_margin=&#8221;xs&#8221; css=&#8221;.vc_custom_1456356765110{background-color: #e5f5fc !important;}&#8221;][vc_column width=&#8221;2\/12&#8243;][\/vc_column][vc_column width=&#8221;4\/12&#8243;]<div class=\"section-title text-center\"><h3 class=\"upper normal-title\">Y\u00dcKLEMEYE HAZIR MISINIZ?<\/h3><\/div>[\/vc_column][vc_column width=&#8221;4\/12&#8243;][vc_btn title=&#8221;B\u0130Z\u0130MLE \u0130LET\u0130\u015e\u0130ME GE\u00c7\u0130N&#8221; style=&#8221;flat&#8221; shape=&#8221;square&#8221; color=&#8221;primary&#8221; link=&#8221;url:http%3A%2F%2Fwww.solargard.com%2Ftr%2Ffind-a-dealer%2F|||&#8221;][\/vc_column][vc_column width=&#8221;2\/12&#8243;][\/vc_column][\/vc_row]<\/p>\n<\/div>","protected":false},"excerpt":{"rendered":"<p>[vc_row top_margin=&#8221;md&#8221; bottom_margin=&#8221;xs&#8221;][vc_column][\/vc_column][\/vc_row][vc_row top_margin=&#8221;xs&#8221; bottom_margin=&#8221;md&#8221;][vc_column width=&#8221;1\/12&#8243;][\/vc_column][vc_column width=&#8221;5\/6&#8243;][vc_column_text] Hi\u00e7bir \u015fey do\u011fal \u0131\u015f\u0131ktan daha iyi \u00e7evrenizi ayd\u0131nlatamaz. Ama iyi bir \u015fey bazen \u00e7ok fazla olabilir. Do\u011fal g\u00fcne\u015f \u0131\u015f\u0131\u011f\u0131 ile konfordan \u00f6d\u00fcn verdi\u011finizde istenmeyen \u0131s\u0131 ve s\u0131cak noktalar olu\u015fabilir. Solar Gard cam filmleri g\u00fcne\u015fin \u0131s\u0131 enerjisini %79\u2019a kadar geri yans\u0131tarak s\u0131cakl\u0131\u011f\u0131 kontrol etmenize imkan sa\u011flarken solma ve rahats\u0131z &hellip; <a href=\"https:\/\/www.solargard.com\/tr\/product\/panorama-sterling\/\">Continued<\/a><\/p>\n","protected":false},"author":1,"featured_media":0,"parent":42377,"menu_order":0,"comment_status":"closed","ping_status":"closed","template":"","meta":{"_acf_changed":false,"footnotes":""},"class_list":["post-42363","page","type-page","status-publish","hentry"],"acf":[],"_links":{"self":[{"href":"https:\/\/www.solargard.com\/tr\/wp-json\/wp\/v2\/pages\/42363","targetHints":{"allow":["GET"]}}],"collection":[{"href":"https:\/\/www.solargard.com\/tr\/wp-json\/wp\/v2\/pages"}],"about":[{"href":"https:\/\/www.solargard.com\/tr\/wp-json\/wp\/v2\/types\/page"}],"author":[{"embeddable":true,"href":"https:\/\/www.solargard.com\/tr\/wp-json\/wp\/v2\/users\/1"}],"replies":[{"embeddable":true,"href":"https:\/\/www.solargard.com\/tr\/wp-json\/wp\/v2\/comments?post=42363"}],"version-history":[{"count":0,"href":"https:\/\/www.solargard.com\/tr\/wp-json\/wp\/v2\/pages\/42363\/revisions"}],"up":[{"embeddable":true,"href":"https:\/\/www.solargard.com\/tr\/wp-json\/wp\/v2\/pages\/42377"}],"wp:attachment":[{"href":"https:\/\/www.solargard.com\/tr\/wp-json\/wp\/v2\/media?parent=42363"}],"curies":[{"name":"wp","href":"https:\/\/api.w.org\/{rel}","templated":true}]}}