{"id":42366,"date":"2016-07-06T19:38:58","date_gmt":"2016-07-06T19:38:58","guid":{"rendered":"https:\/\/www.solargard.com\/tr\/low-emmissivity-films\/"},"modified":"2018-01-09T22:34:09","modified_gmt":"2018-01-09T22:34:09","slug":"low-emmissivity-films","status":"publish","type":"page","link":"https:\/\/www.solargard.com\/tr\/hakkinda-ev-ve-is\/ev-ve-is\/low-emmissivity-films\/","title":{"rendered":"D\u00fc\u015f\u00fck emisyonlu filmler"},"content":{"rendered":"<div class=\"wpb-content-wrapper\"><p>[vc_row top_margin=&#8221;2x&#8221; bottom_margin=&#8221;md&#8221;][vc_column]<div class=\"section-title sg-section-title text-center\"><div class=\"copy-content\"><h4 class=\" normal-title\">Low-emissivity Films<\/h4><\/div><div class=\"border-bg\"><\/div><\/div>[\/vc_column][\/vc_row][vc_row top_margin=&#8221;none&#8221; bottom_margin=&#8221;xs&#8221;][vc_column el_class=&#8221;left-gray-title&#8221;]<div class=\"section-title text-left\"><h3 class=\"upper normal-title\">LOW EMMISSIVITY:<\/h3><\/div>[\/vc_column][\/vc_row][vc_row top_margin=&#8221;none&#8221; bottom_margin=&#8221;md&#8221;][vc_column]<div class=\"product-list vc_txt_align_center \"><a href=\"https:\/\/www.solargard.com\/tr\/product\/ecolux\/\" class=\"product-link text-center\"><div class=\"product-image\" style=\"background-image: url(https:\/\/www.solargard.com\/wp-content\/uploads\/2014\/11\/ecolux-300x300.jpg)\"><\/div><h4>Ecolux\u2122<\/h4><\/a><a href=\"https:\/\/www.solargard.com\/tr\/product\/silver-ag\/\" class=\"product-link text-center\"><div class=\"product-image\" style=\"background-image: url(https:\/\/www.solargard.com\/wp-content\/uploads\/2014\/12\/solargard-silver-ag22-2-300x200.jpg)\"><\/div><h4>Silver AG<\/h4><\/a><\/div>[\/vc_column][\/vc_row][vc_row full_width=&#8221;stretch_row&#8221; el_class=&#8221;light-blue-row&#8221;][vc_column el_class=&#8221;gray-title&#8221;]<div class=\"section-title sep-bottom-md text-center\"><h3 class=\" normal-title\">FEATURED PRODUCTS<\/h3><\/div>[vc_row_inner][vc_column_inner el_class=&#8221;bordered&#8221; width=&#8221;1\/3&#8243;]<div class=\"content-link text-left\"><div class=\"content-link-image \" style=\"background-image: url(https:\/\/www.solargard.com\/wp-content\/uploads\/2016\/03\/Pool-Windows-1024x683.jpeg)\" ><\/div><h4>Ecolux\u2122 Low-e<\/h4><h5>FOR YEAR ROUND COMFORT<\/h5><p>The ideal film when you need it all - Ecoluvx Low-e keeps you cooler in summer and warmer in winter.<\/p><\/div>[\/vc_column_inner][vc_column_inner el_class=&#8221;bordered&#8221; width=&#8221;1\/3&#8243;]<div class=\"content-link text-left\"><div class=\"content-link-image \" style=\"background-image: url(https:\/\/www.solargard.com\/wp-content\/uploads\/2015\/05\/shutterstock_339787355-2-e1455221258117.jpg)\" ><\/div><h4>Armorcoat\u00ae<\/h4><h5>GOLF BALLS TO SEVERE WEATHER<\/h5><p>Optically clear Armorcoat\u00ae safety films are colorless and undetectable on glass, making them the perfect protection retrofit where added safety is a concern.<\/p><\/div>[\/vc_column_inner][vc_column_inner el_class=&#8221;bordered&#8221; width=&#8221;1\/3&#8243;]<a href=\"https:\/\/www.solargard.com\/tr\/product\/stainless-steel\/\" class=\"content-link \"><div class=\"content-link-image\" style=\"background-image: url(https:\/\/www.solargard.com\/wp-content\/uploads\/2016\/05\/StainlessSteel-300x200.jpg)\"><\/div><h4>Stainless Steel<\/h4><h5><\/h5><p>Solar Gard Paslanmaz \u00c7elik serisi, d\u00fcnyan\u0131n her yerindeki binalar i\u00e7in yayg\u0131n olarak kabul g\u00f6ren bir solar \u00e7\u00f6z\u00fcmd\u00fcr. Bu g\u00f6lgelendirmeler, \u00e7o\u011fu i\u00e7 ve d\u0131\u015f renk gruplar\u0131na do\u011fal bir tamamlay\u0131c\u0131 i\u015flevi g\u00f6rmelerini sa\u011flayan d\u00fc\u015f\u00fck yans\u0131t\u0131c\u0131 \u00f6zellikli ve gri tondad\u0131r. Bu g\u00f6lgelendirme serisinde kullan\u0131lan paslanmaz \u00e7elik metali, katman halindeki yap\u0131\u015ft\u0131r\u0131c\u0131lar ve \u00e7izilmeye kar\u015f\u0131 dayan\u0131kl\u0131 kaplamalar y\u00fcksek performans, dayan\u0131kl\u0131l\u0131k &hellip; <a href=\"https:\/\/www.solargard.com\/tr\/product\/stainless-steel\/\">Continued<\/a><\/p><\/a>[\/vc_column_inner][\/vc_row_inner][\/vc_column][\/vc_row][vc_row top_margin=&#8221;3x&#8221; bottom_margin=&#8221;3x&#8221;][vc_column]<div class=\"section-title sep-bottom-md text-center\"><h3 class=\" normal-title\">RESOURCES<\/h3><\/div>[vc_row_inner el_class=&#8221;same-height-row&#8221;][vc_column_inner width=&#8221;1\/3&#8243;][vc_btn title=&#8221;CALCULATE YOUR ENERGY SAVINGS&#8221; style=&#8221;flat&#8221; shape=&#8221;square&#8221; color=&#8221;primary&#8221; size=&#8221;lg&#8221; align=&#8221;center&#8221; button_block=&#8221;true&#8221; el_class=&#8221;same-height-item&#8221; link=&#8221;url:%2F%3Fpage_id%3D15261|&#8221;][\/vc_column_inner][vc_column_inner width=&#8221;1\/3&#8243;][vc_btn title=&#8221;CARE INSTRUCTIONS&#8221; style=&#8221;flat&#8221; shape=&#8221;square&#8221; color=&#8221;primary&#8221; size=&#8221;lg&#8221; align=&#8221;center&#8221; button_block=&#8221;true&#8221; el_class=&#8221;same-height-item&#8221; link=&#8221;url:http%3A%2F%2Fwww.solargard.com%2Ftr%2Fcare-instructions%2F|target:%20_blank|&#8221;][\/vc_column_inner][vc_column_inner width=&#8221;1\/3&#8243;][vc_btn title=&#8221;CERTIFICATIONS&#8221; style=&#8221;flat&#8221; shape=&#8221;square&#8221; color=&#8221;primary&#8221; size=&#8221;lg&#8221; align=&#8221;center&#8221; button_block=&#8221;true&#8221; el_class=&#8221;same-height-item&#8221; link=&#8221;url:http%3A%2F%2Fwww.solargard.com%2Ftr%2Fresources%2Fsafety-and-security-certifications%2F|target:%20_blank|&#8221;][\/vc_column_inner][\/vc_row_inner][\/vc_column][\/vc_row][vc_row full_width=&#8221;stretch_row&#8221; css=&#8221;.vc_custom_1452810933692{background-color: #e5f5fc !important;}&#8221;][vc_column width=&#8221;2\/12&#8243;][\/vc_column][vc_column width=&#8221;4\/12&#8243;]<div class=\"section-title text-center\"><h3 class=\"upper normal-title\">Ready to install? <\/h3><\/div>[\/vc_column][vc_column width=&#8221;4\/12&#8243;][vc_btn title=&#8221;FIND A PRO&#8221; style=&#8221;flat&#8221; shape=&#8221;square&#8221; color=&#8221;primary&#8221; link=&#8221;url:http%3A%2F%2Fwww.solargard.com%2Ftr%2Ffind-a-dealer%2F|&#8221;][\/vc_column][vc_column width=&#8221;2\/12&#8243;][\/vc_column][\/vc_row]<\/p>\n<\/div>","protected":false},"excerpt":{"rendered":"<p>[vc_row top_margin=&#8221;2x&#8221; bottom_margin=&#8221;md&#8221;][vc_column][\/vc_column][\/vc_row][vc_row top_margin=&#8221;none&#8221; bottom_margin=&#8221;xs&#8221;][vc_column el_class=&#8221;left-gray-title&#8221;][\/vc_column][\/vc_row][vc_row top_margin=&#8221;none&#8221; bottom_margin=&#8221;md&#8221;][vc_column][\/vc_column][\/vc_row][vc_row full_width=&#8221;stretch_row&#8221; el_class=&#8221;light-blue-row&#8221;][vc_column el_class=&#8221;gray-title&#8221;][vc_row_inner][vc_column_inner el_class=&#8221;bordered&#8221; width=&#8221;1\/3&#8243;][\/vc_column_inner][vc_column_inner el_class=&#8221;bordered&#8221; width=&#8221;1\/3&#8243;][\/vc_column_inner][vc_column_inner el_class=&#8221;bordered&#8221; width=&#8221;1\/3&#8243;][\/vc_column_inner][\/vc_row_inner][\/vc_column][\/vc_row][vc_row top_margin=&#8221;3x&#8221; bottom_margin=&#8221;3x&#8221;][vc_column][vc_row_inner el_class=&#8221;same-height-row&#8221;][vc_column_inner width=&#8221;1\/3&#8243;][vc_btn title=&#8221;CALCULATE YOUR ENERGY SAVINGS&#8221; style=&#8221;flat&#8221; shape=&#8221;square&#8221; color=&#8221;primary&#8221; size=&#8221;lg&#8221; align=&#8221;center&#8221; button_block=&#8221;true&#8221; el_class=&#8221;same-height-item&#8221; link=&#8221;url:%2F%3Fpage_id%3D15261|&#8221;][\/vc_column_inner][vc_column_inner width=&#8221;1\/3&#8243;][vc_btn title=&#8221;CARE INSTRUCTIONS&#8221; style=&#8221;flat&#8221; shape=&#8221;square&#8221; color=&#8221;primary&#8221; size=&#8221;lg&#8221; align=&#8221;center&#8221; button_block=&#8221;true&#8221; el_class=&#8221;same-height-item&#8221; link=&#8221;url:http%3A%2F%2Fwww.solargard.com%2Ftr%2Fcare-instructions%2F|target:%20_blank|&#8221;][\/vc_column_inner][vc_column_inner width=&#8221;1\/3&#8243;][vc_btn title=&#8221;CERTIFICATIONS&#8221; style=&#8221;flat&#8221; shape=&#8221;square&#8221; color=&#8221;primary&#8221; size=&#8221;lg&#8221; align=&#8221;center&#8221; button_block=&#8221;true&#8221; el_class=&#8221;same-height-item&#8221; link=&#8221;url:http%3A%2F%2Fwww.solargard.com%2Ftr%2Fresources%2Fsafety-and-security-certifications%2F|target:%20_blank|&#8221;][\/vc_column_inner][\/vc_row_inner][\/vc_column][\/vc_row][vc_row full_width=&#8221;stretch_row&#8221; &hellip; <a href=\"https:\/\/www.solargard.com\/tr\/product\/stainless-steel\/\">Continued<\/a><\/p>\n","protected":false},"author":1,"featured_media":48510,"parent":42377,"menu_order":0,"comment_status":"closed","ping_status":"closed","template":"","meta":{"_acf_changed":false,"footnotes":""},"class_list":["post-42366","page","type-page","status-publish","has-post-thumbnail","hentry"],"acf":[],"_links":{"self":[{"href":"https:\/\/www.solargard.com\/tr\/wp-json\/wp\/v2\/pages\/42366","targetHints":{"allow":["GET"]}}],"collection":[{"href":"https:\/\/www.solargard.com\/tr\/wp-json\/wp\/v2\/pages"}],"about":[{"href":"https:\/\/www.solargard.com\/tr\/wp-json\/wp\/v2\/types\/page"}],"author":[{"embeddable":true,"href":"https:\/\/www.solargard.com\/tr\/wp-json\/wp\/v2\/users\/1"}],"replies":[{"embeddable":true,"href":"https:\/\/www.solargard.com\/tr\/wp-json\/wp\/v2\/comments?post=42366"}],"version-history":[{"count":0,"href":"https:\/\/www.solargard.com\/tr\/wp-json\/wp\/v2\/pages\/42366\/revisions"}],"up":[{"embeddable":true,"href":"https:\/\/www.solargard.com\/tr\/wp-json\/wp\/v2\/pages\/42377"}],"wp:featuredmedia":[{"embeddable":true,"href":"https:\/\/www.solargard.com\/tr\/wp-json\/wp\/v2\/media\/48510"}],"wp:attachment":[{"href":"https:\/\/www.solargard.com\/tr\/wp-json\/wp\/v2\/media?parent=42366"}],"curies":[{"name":"wp","href":"https:\/\/api.w.org\/{rel}","templated":true}]}}