{"id":42367,"date":"2016-07-06T19:39:12","date_gmt":"2016-07-06T19:39:12","guid":{"rendered":"https:\/\/www.solargard.com\/tr\/exterior-films\/"},"modified":"2018-06-20T21:23:46","modified_gmt":"2018-06-20T21:23:46","slug":"dis-mekan-filmleri","status":"publish","type":"page","link":"https:\/\/www.solargard.com\/tr\/hakkinda-ev-ve-is\/ev-ve-is\/dis-mekan-filmleri\/","title":{"rendered":"D\u0131\u015f cephe filmleri"},"content":{"rendered":"<div class=\"wpb-content-wrapper\"><p>[vc_row top_margin=&#8221;md&#8221; bottom_margin=&#8221;xs&#8221;][vc_column]<div class=\"section-title sg-section-title text-center\"><div class=\"copy-content\"><h4 class=\" normal-title\">D\u0131\u015f cephe filmleri<\/h4><\/div><div class=\"border-bg\"><\/div><\/div>[\/vc_column][\/vc_row][vc_row top_margin=&#8221;none&#8221;][vc_column width=&#8221;1\/4&#8243; el_class=&#8221;left-gray-title&#8221;][\/vc_column][vc_column width=&#8221;1\/2&#8243;][vc_column_text]<\/p>\n<h4 style=\"text-align: center;\">Uygulama y\u00fczeyine g\u00f6re i\u00e7 mekan filmler cam\u0131n d\u0131\u015f y\u00fczeyinde kullan\u0131lamaz yada kullan\u0131lmamal\u0131d\u0131r. Solar Gard SentinelTM Plus D\u0131\u015f Cephe (OSW) filmleri y\u00fcksek \u0131s\u0131 geri yans\u0131tma performans\u0131 ile ticari binalar\u0131n camlar\u0131n\u0131n d\u0131\u015f y\u00fczeyinde kullan\u0131l\u0131r.<\/h4>\n<p>[\/vc_column_text][\/vc_column][vc_column width=&#8221;1\/4&#8243;][\/vc_column][\/vc_row][vc_row top_margin=&#8221;none&#8221; bottom_margin=&#8221;md&#8221;][vc_column]<div class=\"product-list vc_txt_align_center \"><a href=\"https:\/\/www.solargard.com\/tr\/product\/sentinel-plus\/\" class=\"product-link text-center\"><div class=\"product-image\" style=\"background-image: url(https:\/\/www.solargard.com\/wp-content\/uploads\/2016\/03\/solargard-sentinel-windowfilm-300x200.jpg)\"><\/div><h4>Sentinel Plus<\/h4><\/a><a href=\"https:\/\/www.solargard.com\/tr\/product\/sentinel-plus-qx-serisi\/\" class=\"product-link text-center\"><div class=\"product-image\" style=\"background-image: url(https:\/\/www.solargard.com\/wp-content\/uploads\/2020\/06\/1-QX-40-Clarion-Hotel-Arlanda-Airport-Malarfilm-SWlr-300x225.jpg)\"><\/div><h4>Sentinel Plus QX Serisi<\/h4><\/a><\/div>[\/vc_column][\/vc_row][vc_row top_margin=&#8221;3x&#8221; bottom_margin=&#8221;3x&#8221;][vc_column][vc_row_inner el_class=&#8221;same-height-row&#8221;][vc_column_inner width=&#8221;2\/12&#8243;][\/vc_column_inner][vc_column_inner width=&#8221;4\/12&#8243;][\/vc_column_inner][vc_column_inner width=&#8221;4\/12&#8243;][\/vc_column_inner][vc_column_inner width=&#8221;2\/12&#8243;][\/vc_column_inner][\/vc_row_inner][\/vc_column][\/vc_row][vc_row full_width=&#8221;stretch_row&#8221; bottom_margin=&#8221;xs&#8221; css=&#8221;.vc_custom_1456356899358{background-color: #e5f5fc !important;}&#8221;][vc_column width=&#8221;2\/12&#8243;][\/vc_column][vc_column width=&#8221;4\/12&#8243;]<div class=\"section-title text-center\"><h3 class=\"upper normal-title\">Y\u00dcKLEMEYE HAZIR MISINIZ?<\/h3><\/div>[\/vc_column][vc_column width=&#8221;4\/12&#8243;][vc_btn title=&#8221;B\u0130Z\u0130MLE \u0130LET\u0130\u015e\u0130ME GE\u00c7\u0130N&#8221; style=&#8221;flat&#8221; shape=&#8221;square&#8221; color=&#8221;primary&#8221; link=&#8221;url:http%3A%2F%2Fwww.solargard.com%2Ftr%2Ffind-a-dealer%2F|||&#8221;][\/vc_column][vc_column width=&#8221;2\/12&#8243;][\/vc_column][\/vc_row]<\/p>\n<\/div>","protected":false},"excerpt":{"rendered":"<p>[vc_row top_margin=&#8221;md&#8221; bottom_margin=&#8221;xs&#8221;][vc_column][\/vc_column][\/vc_row][vc_row top_margin=&#8221;none&#8221;][vc_column width=&#8221;1\/4&#8243; el_class=&#8221;left-gray-title&#8221;][\/vc_column][vc_column width=&#8221;1\/2&#8243;][vc_column_text] Uygulama y\u00fczeyine g\u00f6re i\u00e7 mekan filmler cam\u0131n d\u0131\u015f y\u00fczeyinde kullan\u0131lamaz yada kullan\u0131lmamal\u0131d\u0131r. Solar Gard SentinelTM Plus D\u0131\u015f Cephe (OSW) filmleri y\u00fcksek \u0131s\u0131 geri yans\u0131tma performans\u0131 ile ticari binalar\u0131n camlar\u0131n\u0131n d\u0131\u015f y\u00fczeyinde kullan\u0131l\u0131r. [\/vc_column_text][\/vc_column][vc_column width=&#8221;1\/4&#8243;][\/vc_column][\/vc_row][vc_row top_margin=&#8221;none&#8221; bottom_margin=&#8221;md&#8221;][vc_column][\/vc_column][\/vc_row][vc_row top_margin=&#8221;3x&#8221; bottom_margin=&#8221;3x&#8221;][vc_column][vc_row_inner el_class=&#8221;same-height-row&#8221;][vc_column_inner width=&#8221;2\/12&#8243;][\/vc_column_inner][vc_column_inner width=&#8221;4\/12&#8243;][\/vc_column_inner][vc_column_inner width=&#8221;4\/12&#8243;][\/vc_column_inner][vc_column_inner width=&#8221;2\/12&#8243;][\/vc_column_inner][\/vc_row_inner][\/vc_column][\/vc_row][vc_row full_width=&#8221;stretch_row&#8221; bottom_margin=&#8221;xs&#8221; css=&#8221;.vc_custom_1456356899358{background-color: #e5f5fc !important;}&#8221;][vc_column &hellip; <a href=\"https:\/\/www.solargard.com\/tr\/product\/sentinel-plus-qx-serisi\/\">Continued<\/a><\/p>\n","protected":false},"author":1,"featured_media":0,"parent":42377,"menu_order":0,"comment_status":"closed","ping_status":"closed","template":"","meta":{"_acf_changed":false,"footnotes":""},"class_list":["post-42367","page","type-page","status-publish","hentry"],"acf":[],"_links":{"self":[{"href":"https:\/\/www.solargard.com\/tr\/wp-json\/wp\/v2\/pages\/42367","targetHints":{"allow":["GET"]}}],"collection":[{"href":"https:\/\/www.solargard.com\/tr\/wp-json\/wp\/v2\/pages"}],"about":[{"href":"https:\/\/www.solargard.com\/tr\/wp-json\/wp\/v2\/types\/page"}],"author":[{"embeddable":true,"href":"https:\/\/www.solargard.com\/tr\/wp-json\/wp\/v2\/users\/1"}],"replies":[{"embeddable":true,"href":"https:\/\/www.solargard.com\/tr\/wp-json\/wp\/v2\/comments?post=42367"}],"version-history":[{"count":0,"href":"https:\/\/www.solargard.com\/tr\/wp-json\/wp\/v2\/pages\/42367\/revisions"}],"up":[{"embeddable":true,"href":"https:\/\/www.solargard.com\/tr\/wp-json\/wp\/v2\/pages\/42377"}],"wp:attachment":[{"href":"https:\/\/www.solargard.com\/tr\/wp-json\/wp\/v2\/media?parent=42367"}],"curies":[{"name":"wp","href":"https:\/\/api.w.org\/{rel}","templated":true}]}}