{"id":42370,"date":"2016-07-06T19:40:08","date_gmt":"2016-07-06T19:40:08","guid":{"rendered":"https:\/\/www.solargard.com\/tr\/care-instructions\/"},"modified":"2018-06-20T21:23:12","modified_gmt":"2018-06-20T21:23:12","slug":"bakim-talimatlari","status":"publish","type":"page","link":"https:\/\/www.solargard.com\/tr\/bakim-talimatlari\/","title":{"rendered":"Bak\u0131m Talimat\u0131"},"content":{"rendered":"<div class=\"wpb-content-wrapper\"><p>[vc_row top_margin=&#8221;md&#8221; bottom_margin=&#8221;sm&#8221;][vc_column]<div class=\"section-title sg-section-title text-center\"><div class=\"copy-content\"><h4 class=\" normal-title\">Bak\u0131m Talimat\u0131 <\/h4><\/div><div class=\"border-bg\"><\/div><\/div>[\/vc_column][vc_column width=&#8221;1\/2&#8243; css=&#8221;.vc_custom_1457739255357{margin-top: 20px !important;}&#8221;][vc_column_text]<\/p>\n<h3><\/h3>\n<h3><strong>Filmin Kuruma S\u00fcresi:<\/strong><\/h3>\n<p><strong>\u00a0<\/strong><\/p>\n<p>Solar Gard cam filmlerinin uygulamas\u0131nda kullan\u0131lan montaj sol\u00fcsyonunun bir miktar kuruma s\u00fcresine ihtiyac\u0131 vard\u0131r. Bu s\u00fcre direk g\u00fcne\u015f al\u0131nan yada s\u0131cak havalarda daha k\u0131sa, so\u011fuk veya g\u00fcne\u015fli olmayan g\u00fcnlerde daha uzun olabilir.<\/p>\n<p>Bu s\u00fcre i\u00e7inde k\u00fc\u00e7\u00fck s\u0131v\u0131 dolu baloncuklar ve dumans\u0131 bir g\u00f6r\u00fcn\u00fcm olabilir. E\u011fer kuruma s\u00fcresi ortam \u015fartlar\u0131na ba\u011fl\u0131 olarak yava\u015f olursa endi\u015fe etmenize gerek yoktur. Kuruma ve tam yap\u0131\u015fma s\u00fcre\u00e7 i\u00e7inde tamamlanacakt\u0131r.<\/p>\n<p><strong>UYGULAMASI YAPILAN F\u0130LMLER\u0130 30 G\u00dcN BOYUNCA S\u0130LMEY\u0130N\u0130Z.<\/strong><\/p>\n<h4><\/h4>\n<p><!--more--><br \/>\n<!--more--><\/p>\n<h3><strong>Temizlik Talimatlar\u0131:<\/strong><\/h3>\n<p>Cam filminizin kullan\u0131m \u00f6mr\u00fcn\u00fc uzatmak i\u00e7in l\u00fctfen a\u015fa\u011f\u0131daki bak\u0131m talimatlar\u0131 uygulay\u0131n.<\/p>\n<ul>\n<li>Cam filminizin y\u00fczeyinin temizli\u011fi ve kurulamas\u0131 i\u00e7in daima temiz ve yumu\u015fak malzemelr tercih edin.<\/li>\n<\/ul>\n<p>&nbsp;<\/p>\n<ul>\n<li>Cam temizli\u011finde kullan\u0131lan pek \u00e7ok kimyasal ile temizlik yap\u0131labilir. Bununla beraber en iyi temizlik malzemesi 1litre temiz suya \u00e7ok az bir miktar s\u0131v\u0131 sabun olacakt\u0131r.<\/li>\n<\/ul>\n<p>&nbsp;<\/p>\n<ul>\n<li>Cam filminizin y\u0131kanmas\u0131 ve temizli\u011fi i\u00e7in yumu\u015fak bir bez yada temiz sentetik bir s\u00fcnger kullanabilirsiniz. Temizlik sonras\u0131 yumu\u015fak lastikli bir \u00e7ek\u00e7ek ve yumu\u015fak bir bez ile son bir kurulama yap\u0131labilir.<\/li>\n<\/ul>\n<p>[\/vc_column_text][\/vc_column][vc_column width=&#8221;1\/2&#8243; css=&#8221;.vc_custom_1457739267025{margin-top: 50px !important;}&#8221;][vc_single_image image=&#8221;15404&#8243; img_size=&#8221;large&#8221; css=&#8221;.vc_custom_1455943185584{border-radius: 20px !important;}&#8221;][vc_column_text css=&#8221;.vc_custom_1474979116768{margin-top: 30px !important;}&#8221;]<\/p>\n<ul>\n<li>Cam filminizi temizlerken a\u015f\u0131nd\u0131r\u0131c\u0131 y\u00fczeyli s\u00fcngerler, sert f\u0131r\u00e7al\u0131 temizlik aletleri yada kir partik\u00fcllerini i\u00e7inde tutan temizleme malzemeleri kullanmay\u0131n\u0131z. Cam\u0131n kirli y\u00fczeyini temizledi\u011finiz yada sildi\u011finiz bezler ile filmli y\u00fczeyi kesinlikle silmeyiniz.<\/li>\n<\/ul>\n<p>&nbsp;<\/p>\n<ul>\n<li>Fil y\u00fczeyi \u00e7izilmeye kar\u015f\u0131 koruyu katman ile korunuyor olsa da baz\u0131 sert havlu ka\u011f\u0131t temizleyiciler film y\u00fczeyinde k\u0131lcal \u00e7izikler olu\u015fturabilir. \u0130lk bak\u0131\u015fta g\u00f6r\u00fclemeyen bu k\u0131lcal \u00e7izikler zaman i\u00e7inde filmin zarar g\u00f6rmesini ve parlak, net g\u00f6r\u00fcnt\u00fcs\u00fcn\u00fc kaybetmesine neden olabilir.<\/li>\n<\/ul>\n<p>[\/vc_column_text][\/vc_column][\/vc_row]<\/p>\n<\/div>","protected":false},"excerpt":{"rendered":"<p>[vc_row top_margin=&#8221;md&#8221; bottom_margin=&#8221;sm&#8221;][vc_column][\/vc_column][vc_column width=&#8221;1\/2&#8243; css=&#8221;.vc_custom_1457739255357{margin-top: 20px !important;}&#8221;][vc_column_text] Filmin Kuruma S\u00fcresi: \u00a0 Solar Gard cam filmlerinin uygulamas\u0131nda kullan\u0131lan montaj sol\u00fcsyonunun bir miktar kuruma s\u00fcresine ihtiyac\u0131 vard\u0131r. Bu s\u00fcre direk g\u00fcne\u015f al\u0131nan yada s\u0131cak havalarda daha k\u0131sa, so\u011fuk veya g\u00fcne\u015fli olmayan g\u00fcnlerde daha uzun olabilir. Bu s\u00fcre i\u00e7inde k\u00fc\u00e7\u00fck s\u0131v\u0131 dolu baloncuklar ve dumans\u0131 bir g\u00f6r\u00fcn\u00fcm olabilir. &hellip; <a href=\"https:\/\/www.solargard.com\/tr\/bakim-talimatlari\/\">Continued<\/a><\/p>\n","protected":false},"author":1,"featured_media":0,"parent":0,"menu_order":0,"comment_status":"closed","ping_status":"closed","template":"","meta":{"_acf_changed":false,"footnotes":""},"class_list":["post-42370","page","type-page","status-publish","hentry"],"acf":[],"_links":{"self":[{"href":"https:\/\/www.solargard.com\/tr\/wp-json\/wp\/v2\/pages\/42370","targetHints":{"allow":["GET"]}}],"collection":[{"href":"https:\/\/www.solargard.com\/tr\/wp-json\/wp\/v2\/pages"}],"about":[{"href":"https:\/\/www.solargard.com\/tr\/wp-json\/wp\/v2\/types\/page"}],"author":[{"embeddable":true,"href":"https:\/\/www.solargard.com\/tr\/wp-json\/wp\/v2\/users\/1"}],"replies":[{"embeddable":true,"href":"https:\/\/www.solargard.com\/tr\/wp-json\/wp\/v2\/comments?post=42370"}],"version-history":[{"count":0,"href":"https:\/\/www.solargard.com\/tr\/wp-json\/wp\/v2\/pages\/42370\/revisions"}],"wp:attachment":[{"href":"https:\/\/www.solargard.com\/tr\/wp-json\/wp\/v2\/media?parent=42370"}],"curies":[{"name":"wp","href":"https:\/\/api.w.org\/{rel}","templated":true}]}}