{"id":42377,"date":"2016-07-06T19:41:15","date_gmt":"2016-07-06T19:41:15","guid":{"rendered":"https:\/\/www.solargard.com\/tr\/solar-gard-solutions\/home-and-business-products\/"},"modified":"2019-03-07T16:50:15","modified_gmt":"2019-03-07T23:50:15","slug":"ev-ve-is","status":"publish","type":"page","link":"https:\/\/www.solargard.com\/tr\/hakkinda-ev-ve-is\/ev-ve-is\/","title":{"rendered":"SOLAR GARD \u00dcR\u00dcNLER\u0130M\u0130Z"},"content":{"rendered":"<div class=\"wpb-content-wrapper\"><p>[vc_row top_margin=&#8221;2x&#8221; bottom_margin=&#8221;md&#8221;][vc_column]<div class=\"section-title sg-section-title text-center\"><div class=\"copy-content\"><h4 class=\" normal-title\">\u00dcr\u00fcnlerimizi Aray\u0131n<\/h4><\/div><div class=\"border-bg\"><\/div><\/div>[\/vc_column][\/vc_row][vc_row top_margin=&#8221;md&#8221; bottom_margin=&#8221;sm&#8221;][vc_column width=&#8221;1\/2&#8243; offset=&#8221;vc_col-xs-6&#8243;]<a href=\"https:\/\/www.solargard.com\/tr\/product-category\/architectural-tr\/solar-control-tr\/\" class=\"product-category-link\">\n    <div class=\"content-link-image\" style=\"background-image:url('https:\/\/www.solargard.com\/wp-content\/uploads\/2016\/05\/Solar-Control-1024x683.jpg')\">\n      \n    <\/div>\n    <h4>\n      G\u00dcNE\u015e KONTROL\u00dc\n    <\/h4>\n    <p>\n      <span>Konfor, enerji tasarrufu ve estetik a\u00e7\u0131s\u0131ndan en iyi deneyimi sunmak i\u00e7in tasarland\u0131. G\u00fcne\u015f Kontrol filmleri, ihtiya\u00e7lar\u0131n\u0131z\u0131 kar\u015f\u0131layacak \u015fekilde ki\u015fiye \u00f6zel olarak tasarlan\u0131r.<\/span>\n    <\/p>\n  <\/a>[\/vc_column][vc_column width=&#8221;1\/2&#8243; offset=&#8221;vc_col-xs-6&#8243;]<a href=\"https:\/\/www.solargard.com\/tr\/product-category\/architectural-tr\/dual-climate\/\" class=\"product-category-link\">\n    <div class=\"content-link-image\" style=\"background-image:url('https:\/\/www.solargard.com\/wp-content\/uploads\/2016\/05\/LowE-1024x684.jpg')\">\n      \n    <\/div>\n    <h4>\n      YIL BOYU KONFOR\n    <\/h4>\n    <p>\n      <span>\u00c7oklu iklime uygun filmler de d\u00fc\u015f\u00fck Emisyonlu cam gibi \u0131s\u0131y\u0131 yaz aylar\u0131nda d\u0131\u015farda ve k\u0131\u015fa aylar\u0131nda i\u00e7erde tutmak \u00fczere tasarlanm\u0131\u015ft\u0131r.<\/span>\n    <\/p>\n  <\/a>[\/vc_column][\/vc_row][vc_row top_margin=&#8221;sm&#8221; bottom_margin=&#8221;sm&#8221;][vc_column width=&#8221;1\/4&#8243; offset=&#8221;vc_col-xs-6&#8243;][\/vc_column][vc_column width=&#8221;1\/2&#8243;]<a href=\"https:\/\/www.solargard.com\/tr\/product-category\/architectural-tr\/safety-and-security-tr\/\" class=\"product-category-link\">\n    <div class=\"content-link-image\" style=\"background-image:url('https:\/\/www.solargard.com\/wp-content\/uploads\/2016\/05\/Safety-1024x611.jpg')\">\n      \n    <\/div>\n    <h4>\n      G\u00dcVENL\u0130K VE EMN\u0130YET\n    <\/h4>\n    <p>\n      <span>Kendinizi, ailenizi ve \u00e7al\u0131\u015fanlar\u0131n\u0131z\u0131, izinsiz giri\u015flere, cam k\u0131r\u0131lmalar\u0131na ve fiziksel darbelere kar\u015f\u0131 koruyun.<\/span>\n    <\/p>\n  <\/a>[\/vc_column][vc_column width=&#8221;1\/4&#8243;][\/vc_column][\/vc_row][vc_row top_margin=&#8221;md&#8221; bottom_margin=&#8221;none&#8221;][vc_column]<div class=\"section-title sg-section-title sep-top-sm text-center\"><div class=\"copy-content\"><h4 class=\" normal-title\">G\u00fcne\u015f Kontrol\u00fcnden Daha Fazlas\u0131<\/h4><\/div><div class=\"border-bg\"><\/div><\/div>[\/vc_column][\/vc_row][vc_row][vc_column width=&#8221;1\/4&#8243; offset=&#8221;vc_col-xs-6&#8243;][\/vc_column][vc_column width=&#8221;1\/2&#8243;]<a href=\"https:\/\/www.solargard.com\/tr\/product-category\/architectural-tr\/anti-graffiti-tr\/\" class=\"product-category-link\">\n    <div class=\"content-link-image\" style=\"background-image:url('https:\/\/www.solargard.com\/wp-content\/uploads\/2016\/05\/Anti-Grafitti-1024x768.jpg')\">\n      \n    <\/div>\n    <h4>\n      GRAF\u0130T\u0130 ENGELLEME\n    <\/h4>\n    <p>\n      <span>Vandallar k\u00f6t\u00fcd\u00fcr. Grafiti engelleyici filmlerimiz ise s\u00fcper kahramanlar gibidir.<\/span>\n    <\/p>\n  <\/a>[\/vc_column][vc_column width=&#8221;1\/4&#8243;][\/vc_column][\/vc_row][vc_row full_width=&#8221;stretch_row&#8221; el_class=&#8221;light-blue-row&#8221;][vc_column el_class=&#8221;gray-title&#8221;]<div class=\"section-title sep-bottom-md text-center\"><h3 class=\" normal-title\">\u00d6ZELL\u0130KL\u0130 \u00dcR\u00dcNLER<\/h3><\/div>[vc_row_inner][vc_column_inner el_class=&#8221;bordered&#8221; width=&#8221;1\/3&#8243;]<a href=\"https:\/\/www.solargard.com\/tr\/product\/ecolux\/\" class=\"content-link \"><div class=\"content-link-image\" style=\"background-image: url(https:\/\/www.solargard.com\/wp-content\/uploads\/2014\/11\/ecolux-300x300.jpg)\"><\/div><h4>Ecolux\u2122<\/h4><h5><\/h5><p>Solar Gard Ecolux\u2122 D\u00fc\u015f\u00fck Yay\u0131n\u0131rl\u0131kl\u0131 cam filmi Y\u0131l boyunca para tasarrufu sa\u011flamak ve size konfor sa\u011flamak i\u00e7in yo\u011fun \u00e7al\u0131\u015f\u0131yoruz! Bizler Solar Gard\u2019da Ecolux ad\u0131nda yeni, heyecan verici, d\u00fc\u015f\u00fck yay\u0131n\u0131rl\u0131kl\u0131 bir film geli\u015ftirdik ve bunu size tan\u0131tmak isteriz. Ecolux teknolojisi karma\u015f\u0131kt\u0131r; ama yapt\u0131klar\u0131 olduk\u00e7a basittir. Ecolux, i\u00e7 mekandaki havay\u0131 t\u00fcm mevsimlerde istedi\u011finiz gibi tutman\u0131za yard\u0131mc\u0131 olur. &hellip; <a href=\"https:\/\/www.solargard.com\/tr\/product\/ecolux\/\">Continued<\/a><\/p><\/a>[\/vc_column_inner][vc_column_inner el_class=&#8221;bordered&#8221; width=&#8221;1\/3&#8243;]<a href=\"https:\/\/www.solargard.com\/tr\/product\/seffaf-guvenlik-cam-filmi\/\" class=\"content-link \"><div class=\"content-link-image\" style=\"background-image: url(https:\/\/www.solargard.com\/wp-content\/uploads\/2016\/05\/Safety-alt-300x200.jpg)\"><\/div><h4>\u015eeffaf G\u00fcvenlik Cam Filmi<\/h4><h5><\/h5><p>Solar Gard Armorcoat Clear G\u00fcvenlik Cam\u00a0Filmleri Armorcoat g\u00fcvenlik filmleri cama ba\u011fl\u0131 yaralanmalara kar\u015f\u0131 sizi korur. Eviniz, okulunuz veya ofisiniz, sadece bir yerden ibaret de\u011fildir; bunlar birer yat\u0131r\u0131md\u0131r. Tam da bu nedenle, kazayla olsun veya ba\u015fka \u015fekilde olsun bunlara zarar verebilecek her \u015feye kar\u015f\u0131 koruma sa\u011flamak \u00f6nemlidir. Da\u011f\u0131lan camlar\u0131 bir arada tutmak \u00fczere \u00f6zel olarak tasarlanm\u0131\u015f &hellip; <a href=\"https:\/\/www.solargard.com\/tr\/product\/seffaf-guvenlik-cam-filmi\/\">Continued<\/a><\/p><\/a>[\/vc_column_inner][vc_column_inner el_class=&#8221;bordered&#8221; width=&#8221;1\/3&#8243;][\/vc_column_inner][\/vc_row_inner][\/vc_column][\/vc_row][vc_row top_margin=&#8221;md&#8221; bottom_margin=&#8221;sm&#8221;][vc_column]<div class=\"section-title sep-bottom-md text-center\"><h3 class=\" normal-title\">KAYNAKLAR<\/h3><\/div>[vc_row_inner el_class=&#8221;same-height-row&#8221;][vc_column_inner width=&#8221;1\/3&#8243;][\/vc_column_inner][vc_column_inner width=&#8221;1\/3&#8243;][vc_btn title=&#8221;EV VE \u0130\u015eYER\u0130 GARANT\u0130LER\u0130&#8221; style=&#8221;flat&#8221; shape=&#8221;square&#8221; color=&#8221;primary&#8221; size=&#8221;lg&#8221; align=&#8221;center&#8221; button_block=&#8221;true&#8221; el_class=&#8221;same-height-item&#8221; link=&#8221;url:http%3A%2F%2Fwww.solargard.com%2Ftr%2Fhome-and-business%2Fhome-and-business-warranties%2F|||&#8221;][\/vc_column_inner][vc_column_inner width=&#8221;1\/3&#8243;][\/vc_column_inner][\/vc_row_inner][\/vc_column][\/vc_row][vc_row full_width=&#8221;stretch_row&#8221; bottom_margin=&#8221;xs&#8221; css=&#8221;.vc_custom_1456356450604{background-color: #e5f5fc !important;}&#8221;][vc_column width=&#8221;2\/12&#8243;][\/vc_column][vc_column width=&#8221;4\/12&#8243;]<div class=\"section-title text-center\"><h3 class=\"upper normal-title\">Y\u00dcKLEMEYE HAZIR MISINIZ?<\/h3><\/div>[\/vc_column][vc_column width=&#8221;4\/12&#8243;][vc_btn title=&#8221;B\u0130Z\u0130MLE \u0130LET\u0130\u015e\u0130ME GE\u00c7\u0130N&#8221; style=&#8221;flat&#8221; shape=&#8221;square&#8221; color=&#8221;primary&#8221; link=&#8221;url:http%3A%2F%2Fwww.solargard.com%2Ftr%2Ffind-a-dealer%2F|||&#8221;][\/vc_column][vc_column width=&#8221;2\/12&#8243;][\/vc_column][\/vc_row]<\/p>\n<\/div>","protected":false},"excerpt":{"rendered":"<p>[vc_row top_margin=&#8221;2x&#8221; bottom_margin=&#8221;md&#8221;][vc_column][\/vc_column][\/vc_row][vc_row top_margin=&#8221;md&#8221; bottom_margin=&#8221;sm&#8221;][vc_column width=&#8221;1\/2&#8243; offset=&#8221;vc_col-xs-6&#8243;][\/vc_column][vc_column width=&#8221;1\/2&#8243; offset=&#8221;vc_col-xs-6&#8243;][\/vc_column][\/vc_row][vc_row top_margin=&#8221;sm&#8221; bottom_margin=&#8221;sm&#8221;][vc_column width=&#8221;1\/4&#8243; offset=&#8221;vc_col-xs-6&#8243;][\/vc_column][vc_column width=&#8221;1\/2&#8243;][\/vc_column][vc_column width=&#8221;1\/4&#8243;][\/vc_column][\/vc_row][vc_row top_margin=&#8221;md&#8221; bottom_margin=&#8221;none&#8221;][vc_column][\/vc_column][\/vc_row][vc_row][vc_column width=&#8221;1\/4&#8243; offset=&#8221;vc_col-xs-6&#8243;][\/vc_column][vc_column width=&#8221;1\/2&#8243;][\/vc_column][vc_column width=&#8221;1\/4&#8243;][\/vc_column][\/vc_row][vc_row full_width=&#8221;stretch_row&#8221; el_class=&#8221;light-blue-row&#8221;][vc_column el_class=&#8221;gray-title&#8221;][vc_row_inner][vc_column_inner el_class=&#8221;bordered&#8221; width=&#8221;1\/3&#8243;][\/vc_column_inner][vc_column_inner el_class=&#8221;bordered&#8221; width=&#8221;1\/3&#8243;][\/vc_column_inner][vc_column_inner el_class=&#8221;bordered&#8221; width=&#8221;1\/3&#8243;][\/vc_column_inner][\/vc_row_inner][\/vc_column][\/vc_row][vc_row top_margin=&#8221;md&#8221; bottom_margin=&#8221;sm&#8221;][vc_column][vc_row_inner el_class=&#8221;same-height-row&#8221;][vc_column_inner width=&#8221;1\/3&#8243;][\/vc_column_inner][vc_column_inner width=&#8221;1\/3&#8243;][vc_btn title=&#8221;EV VE \u0130\u015eYER\u0130 GARANT\u0130LER\u0130&#8221; style=&#8221;flat&#8221; shape=&#8221;square&#8221; color=&#8221;primary&#8221; size=&#8221;lg&#8221; align=&#8221;center&#8221; button_block=&#8221;true&#8221; el_class=&#8221;same-height-item&#8221; link=&#8221;url:http%3A%2F%2Fwww.solargard.com%2Ftr%2Fhome-and-business%2Fhome-and-business-warranties%2F|||&#8221;][\/vc_column_inner][vc_column_inner width=&#8221;1\/3&#8243;][\/vc_column_inner][\/vc_row_inner][\/vc_column][\/vc_row][vc_row full_width=&#8221;stretch_row&#8221; bottom_margin=&#8221;xs&#8221; css=&#8221;.vc_custom_1456356450604{background-color: #e5f5fc !important;}&#8221;][vc_column width=&#8221;2\/12&#8243;][\/vc_column][vc_column width=&#8221;4\/12&#8243;][\/vc_column][vc_column &hellip; <a href=\"https:\/\/www.solargard.com\/tr\/product\/seffaf-guvenlik-cam-filmi\/\">Continued<\/a><\/p>\n","protected":false},"author":1,"featured_media":42383,"parent":42324,"menu_order":0,"comment_status":"closed","ping_status":"closed","template":"","meta":{"_acf_changed":false,"footnotes":""},"class_list":["post-42377","page","type-page","status-publish","has-post-thumbnail","hentry"],"acf":[],"_links":{"self":[{"href":"https:\/\/www.solargard.com\/tr\/wp-json\/wp\/v2\/pages\/42377","targetHints":{"allow":["GET"]}}],"collection":[{"href":"https:\/\/www.solargard.com\/tr\/wp-json\/wp\/v2\/pages"}],"about":[{"href":"https:\/\/www.solargard.com\/tr\/wp-json\/wp\/v2\/types\/page"}],"author":[{"embeddable":true,"href":"https:\/\/www.solargard.com\/tr\/wp-json\/wp\/v2\/users\/1"}],"replies":[{"embeddable":true,"href":"https:\/\/www.solargard.com\/tr\/wp-json\/wp\/v2\/comments?post=42377"}],"version-history":[{"count":0,"href":"https:\/\/www.solargard.com\/tr\/wp-json\/wp\/v2\/pages\/42377\/revisions"}],"up":[{"embeddable":true,"href":"https:\/\/www.solargard.com\/tr\/wp-json\/wp\/v2\/pages\/42324"}],"wp:featuredmedia":[{"embeddable":true,"href":"https:\/\/www.solargard.com\/tr\/wp-json\/wp\/v2\/media\/42383"}],"wp:attachment":[{"href":"https:\/\/www.solargard.com\/tr\/wp-json\/wp\/v2\/media?parent=42377"}],"curies":[{"name":"wp","href":"https:\/\/api.w.org\/{rel}","templated":true}]}}