{"id":42386,"date":"2016-07-06T19:41:41","date_gmt":"2016-07-06T19:41:41","guid":{"rendered":"https:\/\/www.solargard.com\/tr\/about-automotive-films\/automotive\/"},"modified":"2026-03-10T23:33:31","modified_gmt":"2026-03-11T07:33:31","slug":"otomotiv","status":"publish","type":"page","link":"https:\/\/www.solargard.com\/tr\/hakkinda-otomotiv-filmleri\/otomotiv\/","title":{"rendered":"OTOMOT\u0130V &#8211; SOLAR GARD \u00c7\u00d6Z\u00dcMLER\u0130M\u0130Z"},"content":{"rendered":"<div class=\"wpb-content-wrapper\"><p>[vc_row top_margin=&#8221;2x&#8221; bottom_margin=&#8221;md&#8221;][vc_column]<div class=\"section-title sg-section-title text-center\"><div class=\"copy-content\"><h4 class=\" normal-title\">\u00dcr\u00fcnlerimizi Aray\u0131n<\/h4><\/div><div class=\"border-bg\"><\/div><\/div>[\/vc_column][\/vc_row][vc_row top_margin=&#8221;xs&#8221; bottom_margin=&#8221;md&#8221;][vc_column width=&#8221;1\/2&#8243; el_class=&#8221;left-gray-title&#8221; offset=&#8221;vc_col-xs-6&#8243;]<div class=\"product-list vc_txt_align_center \"><a href=\"https:\/\/www.solargard.com\/tr\/product\/cx-magnum-black-en-koyu-arac-cam-filmi\/\" class=\"product-link text-center\"><div class=\"product-image\" style=\"background-image: url(https:\/\/www.solargard.com\/wp-content\/uploads\/2020\/06\/IG-CX_Magnum_Black-300x228.jpg)\"><\/div><h4>CX Magnum Black<\/h4><\/a><a href=\"https:\/\/www.solargard.com\/tr\/product\/cx-magnum-ir-cam-filmi\/\" class=\"product-link text-center\"><div class=\"product-image\" style=\"background-image: url(https:\/\/www.solargard.com\/wp-content\/uploads\/2020\/06\/CX-Magnum-IR-Web-Product20-300x300.jpg)\"><\/div><h4>CX Magnum IR<\/h4><\/a><a href=\"https:\/\/www.solargard.com\/tr\/product\/ultra-performance\/\" class=\"product-link text-center\"><div class=\"product-image\" style=\"background-image: url(https:\/\/www.solargard.com\/wp-content\/uploads\/2016\/05\/UP-2-300x300.jpg)\"><\/div><h4>Ultra Performance<\/h4><\/a><\/div>[\/vc_column][vc_column width=&#8221;1\/2&#8243; offset=&#8221;vc_col-xs-6&#8243;]<div class=\"product-list vc_txt_align_center \"><a href=\"https:\/\/www.solargard.com\/tr\/product\/hp-charcoal\/\" class=\"product-link text-center\"><div class=\"product-image\" style=\"background-image: url(https:\/\/www.solargard.com\/wp-content\/uploads\/2016\/05\/HP-3-300x300.jpg)\"><\/div><h4>HP Charcoal<\/h4><\/a><a href=\"https:\/\/www.solargard.com\/tr\/product\/hp-quantum\/\" class=\"product-link text-center\"><div class=\"product-image\" style=\"background-image: url(https:\/\/www.solargard.com\/wp-content\/uploads\/2014\/11\/Quantum-300x273.jpg)\"><\/div><h4>HP Quantum<\/h4><\/a><a href=\"https:\/\/www.solargard.com\/tr\/product\/hp-smoke-plus\/\" class=\"product-link text-center\"><div class=\"product-image\" style=\"background-image: url(https:\/\/www.solargard.com\/wp-content\/uploads\/2014\/11\/HP-Smoke-300x273.jpg)\"><\/div><h4>HP Smoke Plus<\/h4><\/a><a href=\"https:\/\/www.solargard.com\/tr\/product\/hp-supreme\/\" class=\"product-link text-center\"><div class=\"product-image\" style=\"background-image: url(https:\/\/www.solargard.com\/wp-content\/uploads\/2014\/11\/HP-Supreme-300x273.jpg)\"><\/div><h4>HP Supreme<\/h4><\/a><\/div>[\/vc_column][\/vc_row][vc_row top_margin=&#8221;xs&#8221; bottom_margin=&#8221;md&#8221;][vc_column width=&#8221;1\/2&#8243; el_class=&#8221;left-gray-title&#8221; offset=&#8221;vc_col-xs-6&#8243;]<div class=\"product-list vc_txt_align_center \"><a href=\"https:\/\/www.solargard.com\/tr\/product\/galaxie\/\" class=\"product-link text-center\"><div class=\"product-image\" style=\"background-image: url(https:\/\/www.solargard.com\/wp-content\/uploads\/2016\/05\/NR-1-300x300.jpg)\"><\/div><h4>Galaxie<\/h4><\/a><a href=\"https:\/\/www.solargard.com\/tr\/product\/nr-smoke-plus\/\" class=\"product-link text-center\"><div class=\"product-image\" style=\"background-image: url(https:\/\/www.solargard.com\/wp-content\/uploads\/2014\/11\/NR-Smoke-300x273.jpg)\"><\/div><h4>NR Smoke Plus<\/h4><\/a><a href=\"https:\/\/www.solargard.com\/tr\/product\/supreme\/\" class=\"product-link text-center\"><div class=\"product-image\" style=\"background-image: url(https:\/\/www.solargard.com\/wp-content\/uploads\/2014\/11\/NR-Supreme-300x273.jpg)\"><\/div><h4>NR Supreme<\/h4><\/a><\/div>[\/vc_column][vc_column width=&#8221;1\/2&#8243; offset=&#8221;vc_col-xs-6&#8243;][\/vc_column][\/vc_row][vc_row top_margin=&#8221;2x&#8221; bottom_margin=&#8221;md&#8221;][vc_column]<div class=\"section-title sg-section-title sep-top-sm text-center\"><div class=\"copy-content\"><h4 class=\" normal-title\">Bir Cam Filminden Daha Fazlas\u0131<\/h4><\/div><div class=\"border-bg\"><\/div><\/div>[vc_column_text css=&#8221;&#8221;]<\/p>\n<h2 style=\"text-align: center;\">Boya Koruma Filmi<\/h2>\n<p style=\"text-align: center;\">Hem uygulay\u0131c\u0131lar hem de s\u00fcr\u00fcc\u00fcler taraf\u0131ndan g\u00fcvenilen Solar Gard\u2019\u0131n Clearshield\u00ae Pro Boya Koruma Filmi,<br \/>\ndayan\u0131kl\u0131l\u0131\u011f\u0131 ve performans\u0131yla g\u00fc\u00e7l\u00fc bir itibar kazanm\u0131\u015ft\u0131r.<\/p>\n<p>[\/vc_column_text][\/vc_column][\/vc_row][vc_row top_margin=&#8221;xs&#8221; bottom_margin=&#8221;md&#8221;][vc_column width=&#8221;1\/6&#8243; el_class=&#8221;left-gray-title&#8221; offset=&#8221;vc_col-xs-6&#8243;][\/vc_column][vc_column width=&#8221;2\/3&#8243;][vc_column_text css=&#8221;&#8221;]<\/p>\n<h3 style=\"text-align: center;\"><a href=\"https:\/\/www.solargard.com\/product\/clearshield-pro-activ\/\" target=\"_blank\" rel=\"noopener\"><img loading=\"lazy\" decoding=\"async\" class=\"alignnone wp-image-105555 size-full\" src=\"https:\/\/www.solargard.com\/wp-content\/uploads\/2026\/03\/hero-csp-activ-960x600-1-400x250-1.jpg\" alt=\"\" width=\"400\" height=\"250\" srcset=\"https:\/\/www.solargard.com\/wp-content\/uploads\/2026\/03\/hero-csp-activ-960x600-1-400x250-1.jpg 400w, https:\/\/www.solargard.com\/wp-content\/uploads\/2026\/03\/hero-csp-activ-960x600-1-400x250-1-300x188.jpg 300w, https:\/\/www.solargard.com\/wp-content\/uploads\/2026\/03\/hero-csp-activ-960x600-1-400x250-1-152x95.jpg 152w\" sizes=\"auto, (max-width: 400px) 100vw, 400px\" \/><\/a><\/h3>\n<h3 style=\"text-align: center;\"><a href=\"https:\/\/www.solargard.com\/product\/clearshield-pro-activ\/\" target=\"_blank\" rel=\"noopener\"><br \/>\nClearshield Pro\u00ae ACTIV<\/a><\/h3>\n<p style=\"text-align: center;\"><a href=\"https:\/\/www.solargard.com\/product\/clearshield-pro-activ\/\" target=\"_blank\" rel=\"noopener\"><span>Hi\u00e7 g\u00f6rmeyece\u011finiz en iyi koruma. Arac\u0131n\u0131z\u0131n y\u00fczeyini yoldaki tehlikelerden, zarar vericilerden ve park hasarlar\u0131ndan koruyacak g\u00f6r\u00fcnmez bariyer.<\/span><\/a><\/p>\n<h3 style=\"text-align: center;\"><\/h3>\n<p>[\/vc_column_text][\/vc_column][vc_column width=&#8221;1\/6&#8243;][\/vc_column][\/vc_row][vc_row full_width=&#8221;stretch_row&#8221; top_margin=&#8221;2x&#8221; el_class=&#8221;light-blue-row&#8221;][vc_column el_class=&#8221;gray-title&#8221;]<div class=\"section-title sep-bottom-lg text-center\"><h3 class=\" normal-title\">\u00d6ZELL\u0130KL\u0130 OTOMOT\u0130V \u00dcR\u00dcNLER\u0130<\/h3><\/div>[vc_row_inner][vc_column_inner width=&#8221;1\/12&#8243;][\/vc_column_inner][vc_column_inner el_class=&#8221;bordered&#8221; width=&#8221;5\/12&#8243;]<a href=\"https:\/\/www.solargard.com\/tr\/product\/cx-magnum-black-en-koyu-arac-cam-filmi\/\" class=\"content-link \"><div class=\"content-link-image\" style=\"background-image: url(https:\/\/www.solargard.com\/wp-content\/uploads\/2020\/06\/IG-CX_Magnum_Black-300x228.jpg)\"><\/div><h4>CX Magnum Black<\/h4><h5><\/h5><p>CX Magnum Black Cam Filmi En Koyu Ara\u00e7 Cam Filmi Solar Gard, ultraviyole ve k\u0131z\u0131l\u00f6tesi \u0131\u015f\u0131\u011f\u0131 emmek ve engellemek i\u00e7in cam filmi polimerine uygulanan ve nano boyutlu seramik par\u00e7ac\u0131klar\u0131ndan yararlanan yeni CX Magnum Black Seramik Cam Film Serisini kullan\u0131m\u0131n\u0131za sunuyor. CX Magnum Black\u2019de bulunan geli\u015fmi\u015f seramik teknolojisi, UV \u0131\u015f\u0131nlar\u0131n\u0131n % 99\u2019undan fazlas\u0131n\u0131 bloke eder, k\u0131z\u0131l\u00f6tesi &hellip; <a href=\"https:\/\/www.solargard.com\/tr\/product\/cx-magnum-black-en-koyu-arac-cam-filmi\/\">Continued<\/a><\/p><\/a>[\/vc_column_inner][vc_column_inner el_class=&#8221;bordered&#8221; width=&#8221;5\/12&#8243;]<a href=\"https:\/\/www.solargard.com\/tr\/product\/cx-magnum-ir-cam-filmi\/\" class=\"content-link \"><div class=\"content-link-image\" style=\"background-image: url(https:\/\/www.solargard.com\/wp-content\/uploads\/2020\/06\/CX-Magnum-IR-Web-Product20-300x300.jpg)\"><\/div><h4>CX Magnum IR<\/h4><h5><\/h5><p>CX Magnum IR Cam Filmi 8 Farkl\u0131 Tonda Araba Cam Filmi CX MAGNUM IR Nano-Seramik Filmler, daha fazla koruma sa\u011flamak ve daha fazla s\u00fcr\u00fc\u015f konforu sa\u011flamak i\u00e7in tasarlanm\u0131\u015f olup, ayn\u0131 zamanda araca m\u00fckemmel ve \u015f\u0131k bir g\u00f6r\u00fcn\u00fcm verir. CX MAGNUM IR&#8217;de bulunan geli\u015fmi\u015f seramik teknolojisi, UV \u0131\u015f\u0131nlar\u0131n\u0131n% 99&#8217;undan fazlas\u0131n\u0131 bloke eder, k\u0131z\u0131l\u00f6tesi \u0131\u015f\u0131nlar\u0131n% 91&#8217;ine kadar &hellip; <a href=\"https:\/\/www.solargard.com\/tr\/product\/cx-magnum-ir-cam-filmi\/\">Continued<\/a><\/p><\/a>[\/vc_column_inner][vc_column_inner width=&#8221;1\/12&#8243;][\/vc_column_inner][\/vc_row_inner][\/vc_column][\/vc_row][vc_row top_margin=&#8221;3x&#8221; bottom_margin=&#8221;3x&#8221;][vc_column]<div class=\"section-title sep-bottom-md text-center\"><h3 class=\" normal-title\">KAYNAKLAR<\/h3><\/div>[vc_row_inner el_class=&#8221;same-height-row&#8221;][vc_column_inner width=&#8221;1\/3&#8243;][vc_btn title=&#8221;CAM F\u0130LM\u0130 KANUNLARINA BAKIN&#8221; style=&#8221;flat&#8221; shape=&#8221;square&#8221; color=&#8221;primary&#8221; size=&#8221;lg&#8221; align=&#8221;center&#8221; button_block=&#8221;true&#8221; el_class=&#8221;same-height-item&#8221; link=&#8221;url:http%3A%2F%2Fwww.solargard.com%2Ftr%2Ftint-laws%2F|||&#8221;][\/vc_column_inner][vc_column_inner width=&#8221;1\/3&#8243;][vc_btn title=&#8221;BAKIM TAL\u0130MATI&#8221; style=&#8221;flat&#8221; shape=&#8221;square&#8221; color=&#8221;primary&#8221; size=&#8221;lg&#8221; align=&#8221;center&#8221; button_block=&#8221;true&#8221; el_class=&#8221;same-height-item&#8221; link=&#8221;url:http%3A%2F%2Fwww.solargard.com%2Ftr%2Fcare-instructions%2F|||&#8221;][\/vc_column_inner][vc_column_inner width=&#8221;1\/3&#8243;][vc_btn title=&#8221;GARANT\u0130LER&#8221; style=&#8221;flat&#8221; shape=&#8221;square&#8221; color=&#8221;primary&#8221; size=&#8221;lg&#8221; align=&#8221;center&#8221; button_block=&#8221;true&#8221; el_class=&#8221;same-height-item&#8221; link=&#8221;url:http%3A%2F%2Fwww.solargard.com%2Ftr%2Fautomotive%2Fautomotive-warranties%2F|||&#8221;][\/vc_column_inner][\/vc_row_inner][\/vc_column][\/vc_row][vc_row full_width=&#8221;stretch_row&#8221; bottom_margin=&#8221;xs&#8221; css=&#8221;.vc_custom_1456356435075{background-color: #e5f5fc !important;}&#8221;][vc_column width=&#8221;2\/12&#8243;][\/vc_column][vc_column width=&#8221;4\/12&#8243;]<div class=\"section-title text-center\"><h3 class=\"upper normal-title\">Y\u00dcKLEMEYE HAZIR MISINIZ?<\/h3><\/div>[\/vc_column][vc_column width=&#8221;4\/12&#8243;][vc_btn title=&#8221;B\u0130Z\u0130MLE \u0130LET\u0130\u015e\u0130ME GE\u00c7\u0130N&#8221; style=&#8221;flat&#8221; shape=&#8221;square&#8221; color=&#8221;primary&#8221; size=&#8221;lg&#8221; align=&#8221;center&#8221; link=&#8221;url:http%3A%2F%2Fwww.solargard.com%2Ftr%2Ffind-a-dealer%2F|||&#8221;][\/vc_column][vc_column width=&#8221;2\/12&#8243;][\/vc_column][\/vc_row]<\/p>\n<\/div>","protected":false},"excerpt":{"rendered":"<p>[vc_row top_margin=&#8221;2x&#8221; bottom_margin=&#8221;md&#8221;][vc_column][\/vc_column][\/vc_row][vc_row top_margin=&#8221;xs&#8221; bottom_margin=&#8221;md&#8221;][vc_column width=&#8221;1\/2&#8243; el_class=&#8221;left-gray-title&#8221; offset=&#8221;vc_col-xs-6&#8243;][\/vc_column][vc_column width=&#8221;1\/2&#8243; offset=&#8221;vc_col-xs-6&#8243;][\/vc_column][\/vc_row][vc_row top_margin=&#8221;xs&#8221; bottom_margin=&#8221;md&#8221;][vc_column width=&#8221;1\/2&#8243; el_class=&#8221;left-gray-title&#8221; offset=&#8221;vc_col-xs-6&#8243;][\/vc_column][vc_column width=&#8221;1\/2&#8243; offset=&#8221;vc_col-xs-6&#8243;][\/vc_column][\/vc_row][vc_row top_margin=&#8221;2x&#8221; bottom_margin=&#8221;md&#8221;][vc_column][vc_column_text css=&#8221;&#8221;] Boya Koruma Filmi Hem uygulay\u0131c\u0131lar hem de s\u00fcr\u00fcc\u00fcler taraf\u0131ndan g\u00fcvenilen Solar Gard\u2019\u0131n Clearshield\u00ae Pro Boya Koruma Filmi, dayan\u0131kl\u0131l\u0131\u011f\u0131 ve performans\u0131yla g\u00fc\u00e7l\u00fc bir itibar kazanm\u0131\u015ft\u0131r. [\/vc_column_text][\/vc_column][\/vc_row][vc_row top_margin=&#8221;xs&#8221; bottom_margin=&#8221;md&#8221;][vc_column width=&#8221;1\/6&#8243; el_class=&#8221;left-gray-title&#8221; offset=&#8221;vc_col-xs-6&#8243;][\/vc_column][vc_column width=&#8221;2\/3&#8243;][vc_column_text css=&#8221;&#8221;] Clearshield Pro\u00ae ACTIV &hellip; <a href=\"https:\/\/www.solargard.com\/tr\/product\/cx-magnum-ir-cam-filmi\/\">Continued<\/a><\/p>\n","protected":false},"author":1,"featured_media":104529,"parent":42342,"menu_order":0,"comment_status":"closed","ping_status":"closed","template":"","meta":{"_acf_changed":false,"footnotes":""},"class_list":["post-42386","page","type-page","status-publish","has-post-thumbnail","hentry"],"acf":[],"_links":{"self":[{"href":"https:\/\/www.solargard.com\/tr\/wp-json\/wp\/v2\/pages\/42386","targetHints":{"allow":["GET"]}}],"collection":[{"href":"https:\/\/www.solargard.com\/tr\/wp-json\/wp\/v2\/pages"}],"about":[{"href":"https:\/\/www.solargard.com\/tr\/wp-json\/wp\/v2\/types\/page"}],"author":[{"embeddable":true,"href":"https:\/\/www.solargard.com\/tr\/wp-json\/wp\/v2\/users\/1"}],"replies":[{"embeddable":true,"href":"https:\/\/www.solargard.com\/tr\/wp-json\/wp\/v2\/comments?post=42386"}],"version-history":[{"count":0,"href":"https:\/\/www.solargard.com\/tr\/wp-json\/wp\/v2\/pages\/42386\/revisions"}],"up":[{"embeddable":true,"href":"https:\/\/www.solargard.com\/tr\/wp-json\/wp\/v2\/pages\/42342"}],"wp:featuredmedia":[{"embeddable":true,"href":"https:\/\/www.solargard.com\/tr\/wp-json\/wp\/v2\/media\/104529"}],"wp:attachment":[{"href":"https:\/\/www.solargard.com\/tr\/wp-json\/wp\/v2\/media?parent=42386"}],"curies":[{"name":"wp","href":"https:\/\/api.w.org\/{rel}","templated":true}]}}