{"id":42457,"date":"2016-07-06T19:43:49","date_gmt":"2016-07-06T19:43:49","guid":{"rendered":"https:\/\/www.solargard.com\/tr\/trade-resources\/"},"modified":"2018-06-20T21:20:31","modified_gmt":"2018-06-20T21:20:31","slug":"kaynaklar","status":"publish","type":"page","link":"https:\/\/www.solargard.com\/tr\/kaynaklar\/","title":{"rendered":"Ticaret Kaynaklar\u0131"},"content":{"rendered":"<div class=\"wpb-content-wrapper\"><p>[vc_row top_margin=&#8221;2x&#8221; bottom_margin=&#8221;none&#8221; gmbt_prlx_bg_type=&#8221;parallax&#8221; gmbt_prlx_break_parents=&#8221;0&#8243; gmbt_prlx_smooth_scrolling=&#8221;&#8221; gmbt_prlx_video_mute=&#8221;&#8221; gmbt_prlx_video_force_hd=&#8221;&#8221; gmbt_prlx_opacity=&#8221;100&#8243; gmbt_prlx_video_aspect_ratio=&#8221;16:9&#8243; gmbt_prlx_parallax=&#8221;none&#8221; gmbt_prlx_speed=&#8221;0.3&#8243; gmbt_prlx_enable_mobile=&#8221;&#8221;][vc_column]<div class=\"section-title sg-section-title text-center\"><div class=\"copy-content\"><h4 class=\" normal-title\">Projeniz ne olursa olsun\u2026<\/h4><p class=\"lead x2 x2\">We're On It.<\/p><\/div><div class=\"border-bg\"><\/div><\/div>[\/vc_column][\/vc_row][vc_row top_margin=&#8221;none&#8221; bottom_margin=&#8221;2x&#8221; gmbt_prlx_bg_type=&#8221;parallax&#8221; gmbt_prlx_break_parents=&#8221;0&#8243; gmbt_prlx_smooth_scrolling=&#8221;&#8221; gmbt_prlx_video=&#8221;&#8221; gmbt_prlx_video_mute=&#8221;&#8221; gmbt_prlx_video_force_hd=&#8221;&#8221; gmbt_prlx_opacity=&#8221;100&#8243; gmbt_prlx_video_aspect_ratio=&#8221;16:9&#8243; gmbt_prlx_parallax=&#8221;none&#8221; gmbt_background_repeat=&#8221;&#8221; gmbt_background_position=&#8221;&#8221; gmbt_prlx_speed=&#8221;0.3&#8243; gmbt_prlx_enable_mobile=&#8221;&#8221;][vc_column width=&#8221;1\/4&#8243;]<div class=\"icon-box icon-horizontal icon-lg sep-top-2x icon-gradient\"><a class=\"vc_icon_element-link\" href=\"http:\/\/www.solargard.com\/tr\/resources\/\" title=\"\" target=\"_self\"><div style=\"background-color:#fdb824;\" class=\"icon-content img-circle wow bounceInUp\" data-wow-delay=\"0.25s\"><i class=\"fa fa-archive\"><\/i><\/div><div class=\"icon-box-content\"><h5 style=\"color:#fdb824;\" class=\"upper\">T\u0130CARET KAYNAKLARI<\/h5><p>Mimarlar, m\u00fchendisler ve yetkililer i\u00e7in kaynaklar ve film \u00f6zellikleri.<\/p><\/div><\/div><\/a>[\/vc_column][vc_column width=&#8221;1\/4&#8243;]<div class=\"icon-box icon-horizontal icon-lg sep-top-2x icon-gradient\"><a class=\"vc_icon_element-link\" href=\"http:\/\/www.solargard.com\/tr\/energy-efficiency-and-sustainability\/\" title=\"\" target=\"_self\"><div style=\"background-color:#fdb824;\" class=\"icon-content img-circle wow bounceInUp\" data-wow-delay=\"0.5s\"><i class=\"fa fa-sun-o\"><\/i><\/div><div class=\"icon-box-content\"><h5 style=\"color:#fdb824;\" class=\"upper\">Enerji Verimlili\u011fi ve S\u00fcrd\u00fcr\u00fclebilirli\u011fi <\/h5><p>Solar Gard cam filmleri enerji verimlili\u011finin s\u00fcrd\u00fcr\u00fclebilirli\u011finde en iyi \u00e7\u00f6z\u00fcmd\u00fcr.<\/p><\/div><\/div><\/a>[\/vc_column][vc_column width=&#8221;1\/4&#8243;]<div class=\"icon-box icon-horizontal icon-lg sep-top-2x icon-gradient\"><a class=\"vc_icon_element-link\" href=\"http:\/\/www.solargard.com\/tr\/project-gallery\/\" title=\"\" target=\"_self\"><div style=\"background-color:#fdb824;\" class=\"icon-content img-circle wow bounceInUp\" data-wow-delay=\"0.75s\"><i class=\"fa fa-building\"><\/i><\/div><div class=\"icon-box-content\"><h5 style=\"color:#fdb824;\" class=\"upper\">PROJE GALER\u0130S\u0130<\/h5><p>Solar Gard cam filmimizin bir sonraki projenizi nas\u0131l geli\u015ftirece\u011fine bak\u0131n.<\/p><\/div><\/div><\/a>[\/vc_column][vc_column width=&#8221;1\/4&#8243;]<div class=\"icon-box icon-horizontal icon-lg sep-top-2x icon-gradient\"><a class=\"vc_icon_element-link\" href=\"http:\/\/www.solargard.com\/tr\/resources\/safety-and-security-certifications\/\" title=\"\" target=\"_self\"><div style=\"background-color:#fdb824;\" class=\"icon-content img-circle wow bounceInUp\" data-wow-delay=\"1s\"><i class=\"fa fa-exclamation-triangle\"><\/i><\/div><div class=\"icon-box-content\"><h5 style=\"color:#fdb824;\" class=\"upper\">G\u00fcvenlik ve Emniyet Belgeleri<\/h5><p>G\u00fcvenlikli cam, patlama bas\u0131nc\u0131, yang\u0131n, izinsiz giri\u015f ve do\u011fal afetler<\/p><\/div><\/div><\/a>[\/vc_column][\/vc_row][vc_row top_margin=&#8221;2x&#8221; bottom_margin=&#8221;2x&#8221; gmbt_prlx_bg_type=&#8221;parallax&#8221; gmbt_prlx_break_parents=&#8221;0&#8243; gmbt_prlx_smooth_scrolling=&#8221;&#8221; gmbt_prlx_video=&#8221;&#8221; gmbt_prlx_video_mute=&#8221;&#8221; gmbt_prlx_video_force_hd=&#8221;&#8221; gmbt_prlx_opacity=&#8221;100&#8243; gmbt_prlx_video_aspect_ratio=&#8221;16:9&#8243; gmbt_prlx_parallax=&#8221;none&#8221; gmbt_background_repeat=&#8221;&#8221; gmbt_background_position=&#8221;&#8221; gmbt_prlx_speed=&#8221;0.3&#8243; gmbt_prlx_enable_mobile=&#8221;&#8221;][vc_column]<div class=\"section-title sep-bottom-md text-center wow bounceInRight\" data-wow-delay=\"0.5s\"><h3 class=\"upper normal-title\">SOLAR GARD YOUTUBE\u2019DA<\/h3><\/div>[vc_row_inner][vc_column_inner width=&#8221;1\/6&#8243;][\/vc_column_inner][vc_column_inner width=&#8221;2\/3&#8243;]<a href=\"https:\/\/www.youtube.com\/c\/solargardemea\" class=\"content-link text-left\" target=\"_blank\" rel=\"noopener\"><div class=\"content-link-image \" style=\"background-image: url(https:\/\/www.solargard.com\/wp-content\/uploads\/2016\/02\/e-warranty_tout-1024x611.jpg)\" ><\/div><h4>YOUTUBE KANALINDA V\u0130DEOLARIMIZI \u0130ZLEYEB\u0130L\u0130RS\u0130N\u0130Z.<\/h4><h5><\/h5><\/a>[\/vc_column_inner][vc_column_inner width=&#8221;1\/6&#8243;][\/vc_column_inner][\/vc_row_inner][\/vc_column][\/vc_row][vc_row full_width=&#8221;stretch_row&#8221; top_margin=&#8221;2x&#8221; gmbt_prlx_bg_type=&#8221;parallax&#8221; gmbt_prlx_break_parents=&#8221;0&#8243; gmbt_prlx_smooth_scrolling=&#8221;&#8221; gmbt_prlx_video_mute=&#8221;&#8221; gmbt_prlx_video_force_hd=&#8221;&#8221; gmbt_prlx_opacity=&#8221;100&#8243; gmbt_prlx_video_aspect_ratio=&#8221;16:9&#8243; gmbt_prlx_parallax=&#8221;none&#8221; gmbt_prlx_speed=&#8221;0.3&#8243; gmbt_prlx_enable_mobile=&#8221;&#8221; gmbt_prlx_image=&#8221;2254&#8243; css=&#8221;.vc_custom_1453158514974{background-color: #e5f5fc !important;}&#8221;][vc_column]<div class=\"section-title sep-bottom-sm text-center wow fadeInUp\" data-wow-delay=\"0.25s\"><h3 class=\"upper normal-title\">\u00d6ZELL\u0130KL\u0130 \u00dcR\u00dcNLER<\/h3><\/div>[vc_row_inner][vc_column_inner el_class=&#8221;bordered&#8221; width=&#8221;1\/3&#8243;]<a href=\"https:\/\/www.solargard.com\/tr\/product\/ecolux\/\" class=\"content-link \"><div class=\"content-link-image\" style=\"background-image: url(https:\/\/www.solargard.com\/wp-content\/uploads\/2014\/11\/ecolux-300x300.jpg)\"><\/div><h4>Ecolux\u2122<\/h4><h5><\/h5><p>Solar Gard Ecolux\u2122 D\u00fc\u015f\u00fck Yay\u0131n\u0131rl\u0131kl\u0131 cam filmi Y\u0131l boyunca para tasarrufu sa\u011flamak ve size konfor sa\u011flamak i\u00e7in yo\u011fun \u00e7al\u0131\u015f\u0131yoruz! Bizler Solar Gard\u2019da Ecolux ad\u0131nda yeni, heyecan verici, d\u00fc\u015f\u00fck yay\u0131n\u0131rl\u0131kl\u0131 bir film geli\u015ftirdik ve bunu size tan\u0131tmak isteriz. Ecolux teknolojisi karma\u015f\u0131kt\u0131r; ama yapt\u0131klar\u0131 olduk\u00e7a basittir. Ecolux, i\u00e7 mekandaki havay\u0131 t\u00fcm mevsimlerde istedi\u011finiz gibi tutman\u0131za yard\u0131mc\u0131 olur. &hellip; <a href=\"https:\/\/www.solargard.com\/tr\/product\/ecolux\/\">Continued<\/a><\/p><\/a>[\/vc_column_inner][vc_column_inner el_class=&#8221;bordered&#8221; width=&#8221;1\/3&#8243;]<a href=\"https:\/\/www.solargard.com\/tr\/product\/seffaf-guvenlik-cam-filmi\/\" class=\"content-link \"><div class=\"content-link-image\" style=\"background-image: url(https:\/\/www.solargard.com\/wp-content\/uploads\/2016\/05\/Safety-alt-300x200.jpg)\"><\/div><h4>\u015eeffaf G\u00fcvenlik Cam Filmi<\/h4><h5><\/h5><p>Solar Gard Armorcoat Clear G\u00fcvenlik Cam\u00a0Filmleri Armorcoat g\u00fcvenlik filmleri cama ba\u011fl\u0131 yaralanmalara kar\u015f\u0131 sizi korur. Eviniz, okulunuz veya ofisiniz, sadece bir yerden ibaret de\u011fildir; bunlar birer yat\u0131r\u0131md\u0131r. Tam da bu nedenle, kazayla olsun veya ba\u015fka \u015fekilde olsun bunlara zarar verebilecek her \u015feye kar\u015f\u0131 koruma sa\u011flamak \u00f6nemlidir. Da\u011f\u0131lan camlar\u0131 bir arada tutmak \u00fczere \u00f6zel olarak tasarlanm\u0131\u015f &hellip; <a href=\"https:\/\/www.solargard.com\/tr\/product\/seffaf-guvenlik-cam-filmi\/\">Continued<\/a><\/p><\/a>[\/vc_column_inner][vc_column_inner width=&#8221;1\/3&#8243;]<a href=\"https:\/\/www.solargard.com\/tr\/product\/panorama-sterling\/\" class=\"content-link \"><div class=\"content-link-image\" style=\"background-image: url(https:\/\/www.solargard.com\/wp-content\/uploads\/2016\/03\/AyersPhoto-300x225.jpg)\"><\/div><h4>Panorama Sterling<\/h4><h5><\/h5><p>Panorama Sterling Serisi: \u201cSpektral Se\u00e7icilik\u201d teknolojisi y\u00fcksek oranda \u0131s\u0131 enerjisini geri yans\u0131t\u0131rken do\u011fal \u0131\u015f\u0131\u011f\u0131n i\u00e7eri al\u0131nmas\u0131n\u0131 sa\u011flar. Seride 6 farkl\u0131 \u0131\u015f\u0131k ge\u00e7irgenli\u011fi seviyesinde renksizden koyu tona kadar farkl\u0131 \u00e7e\u015fitte \u00fcr\u00fcn bulunmaktad\u0131r. Temel Faydalar\u0131 \u201cSpektral Se\u00e7icilik\u201d teknolojisi \u0131s\u0131y\u0131 d\u0131\u015farda tutarak do\u011fal \u0131\u015f\u0131\u011f\u0131n i\u00e7eri al\u0131nmas\u0131n\u0131 sa\u011flar Y\u00fcksek \u0131s\u0131n\u0131n d\u0131\u015farda tutulmas\u0131 ile i\u00e7 mekan konforu artt\u0131r\u0131r, enerji sarrufuna &hellip; <a href=\"https:\/\/www.solargard.com\/tr\/product\/panorama-sterling\/\">Continued<\/a><\/p><\/a>[\/vc_column_inner][\/vc_row_inner][\/vc_column][\/vc_row][vc_row gmbt_prlx_bg_type=&#8221;parallax&#8221; gmbt_prlx_break_parents=&#8221;0&#8243; gmbt_prlx_smooth_scrolling=&#8221;&#8221; gmbt_prlx_video=&#8221;&#8221; gmbt_prlx_video_mute=&#8221;&#8221; gmbt_prlx_video_force_hd=&#8221;&#8221; gmbt_prlx_opacity=&#8221;100&#8243; gmbt_prlx_video_aspect_ratio=&#8221;16:9&#8243; gmbt_prlx_parallax=&#8221;none&#8221; gmbt_background_repeat=&#8221;&#8221; gmbt_background_position=&#8221;&#8221; gmbt_prlx_speed=&#8221;0.3&#8243; gmbt_prlx_enable_mobile=&#8221;&#8221;][vc_column]<div class=\"section-title sep-bottom-lg text-center wow fadeInUp\" data-wow-delay=\"0.25s\"><h3 class=\"upper normal-title\">DERNEKLER<\/h3><\/div>    <div class=\"\">\n      <div dir=\"ltr\" data-auto-play=\"3000\" data-items=\"8\" data-auto-height=\"false\" class=\"client-list owl-carousel owl-theme\">\n        <div class=\"item\"> <a href=\"http:\/\/www.aimcal.org\/\" target=\"_blank\" rel=\"noopener\"><img decoding=\"async\" class=\"img-responsive\" alt=\"AIMCAL\" src=\"https:\/\/www.solargard.com\/wp-content\/uploads\/2016\/03\/0009_bwlogo_aimcal.jpg\"><\/a> <\/div><div class=\"item\"> <a href=\"http:\/\/www.thenbs.com\/PublicationIndex\/documents?Pub=AIS\" target=\"_blank\" rel=\"noopener\"><img decoding=\"async\" class=\"img-responsive\" alt=\"AIS\" src=\"https:\/\/www.solargard.com\/wp-content\/uploads\/2016\/03\/ais.jpg\"><\/a> <\/div><div class=\"item\"> <a href=\"http:\/\/www.asid.org\" target=\"_blank\" rel=\"noopener\"><img decoding=\"async\" class=\"img-responsive\" alt=\"ASID\" src=\"https:\/\/www.solargard.com\/wp-content\/uploads\/2016\/03\/0008_bwlogo_asid.jpg\"><\/a> <\/div><div class=\"item\"> <a href=\"http:\/\/www.boma.org\" target=\"_blank\" rel=\"noopener\"><img decoding=\"async\" class=\"img-responsive\" alt=\"BOMA\" src=\"https:\/\/www.solargard.com\/wp-content\/uploads\/2016\/03\/0007_bwlogo_boma.jpg\"><\/a> <\/div><div class=\"item\"> <a href=\"https:\/\/www.energystar.gov\/\" target=\"_blank\" rel=\"noopener\"><img decoding=\"async\" class=\"img-responsive\" alt=\"Energy Star\" src=\"https:\/\/www.solargard.com\/wp-content\/uploads\/2016\/03\/0005_bwlogo_energystar.jpg\"><\/a> <\/div><div class=\"item\"> <a href=\"http:\/\/www.ggf.org.uk\" target=\"_blank\" rel=\"noopener\"><img decoding=\"async\" class=\"img-responsive\" alt=\"GGF\" src=\"https:\/\/www.solargard.com\/wp-content\/uploads\/2016\/03\/ggf.jpg\"><\/a> <\/div><div class=\"item\"> <a href=\"http:\/\/www.iwfa.com\" target=\"_blank\" rel=\"noopener\"><img decoding=\"async\" class=\"img-responsive\" alt=\"IWFA\" src=\"https:\/\/www.solargard.com\/wp-content\/uploads\/2016\/03\/iwfa.jpg\"><\/a> <\/div><div class=\"item\"> <a href=\"http:\/\/www.glass.org\" target=\"_blank\" rel=\"noopener\"><img decoding=\"async\" class=\"img-responsive\" alt=\"NGA\" src=\"https:\/\/www.solargard.com\/wp-content\/uploads\/2016\/03\/0002_bwlogo_nga.jpg\"><\/a> <\/div><div class=\"item\"> <a href=\"http:\/\/protectiveglazing.com\/\" target=\"_blank\" rel=\"noopener\"><img decoding=\"async\" class=\"img-responsive\" alt=\"PGC\" src=\"https:\/\/www.solargard.com\/wp-content\/uploads\/2016\/03\/0001_bwlogo_pgc.jpg\"><\/a> <\/div><div class=\"item\"> <a href=\"http:\/\/www.usgbc.org\/\" target=\"_blank\" rel=\"noopener\"><img decoding=\"async\" class=\"img-responsive\" alt=\"USGBC\" src=\"https:\/\/www.solargard.com\/wp-content\/uploads\/2016\/03\/0000_leaves-e1455834545243.jpg\"><\/a> <\/div><div class=\"item\"> <a href=\"http:\/\/www.wers.net\/wers-home\" target=\"_blank\" rel=\"noopener\"><img decoding=\"async\" class=\"img-responsive\" alt=\"Window Energy Rating Scheme\" src=\"https:\/\/www.solargard.com\/wp-content\/uploads\/2016\/06\/WER.png\"><\/a> <\/div><div class=\"item\"> <a href=\"http:\/\/www.wfaanz.org.au\/\" target=\"_blank\" rel=\"noopener\"><img decoding=\"async\" class=\"img-responsive\" alt=\"Window Film Association of Australia and New Zealand\" src=\"https:\/\/www.solargard.com\/wp-content\/uploads\/2016\/06\/WFAANZ-2.png\"><\/a> <\/div>\n      <\/div>\n    <\/div>[\/vc_column][\/vc_row][vc_row full_width=&#8221;stretch_row&#8221; bottom_margin=&#8221;xs&#8221; gmbt_prlx_bg_type=&#8221;parallax&#8221; gmbt_prlx_break_parents=&#8221;0&#8243; gmbt_prlx_smooth_scrolling=&#8221;&#8221; gmbt_prlx_video_mute=&#8221;&#8221; gmbt_prlx_video_force_hd=&#8221;&#8221; gmbt_prlx_opacity=&#8221;100&#8243; gmbt_prlx_video_aspect_ratio=&#8221;16:9&#8243; gmbt_prlx_parallax=&#8221;none&#8221; gmbt_prlx_speed=&#8221;0.3&#8243; gmbt_prlx_enable_mobile=&#8221;&#8221; css=&#8221;.vc_custom_1456356553746{background-color: #e5f5fc !important;}&#8221;][vc_column width=&#8221;2\/12&#8243;][\/vc_column][vc_column width=&#8221;4\/12&#8243;]<div class=\"section-title text-center\"><h3 class=\"upper normal-title\">Sorunuz var m\u0131?<\/h3><\/div>[\/vc_column][vc_column width=&#8221;4\/12&#8243;][vc_btn title=&#8221;B\u0130Z\u0130MLE \u0130LET\u0130\u015e\u0130ME GE\u00c7\u0130N&#8221; style=&#8221;flat&#8221; shape=&#8221;square&#8221; color=&#8221;primary&#8221; link=&#8221;url:http%3A%2F%2Fwww.solargard.com%2Ftr%2Fcontact-us%2F|||&#8221;][\/vc_column][vc_column width=&#8221;2\/12&#8243;][\/vc_column][\/vc_row]<\/p>\n<\/div>","protected":false},"excerpt":{"rendered":"<p>[vc_row top_margin=&#8221;2x&#8221; bottom_margin=&#8221;none&#8221; gmbt_prlx_bg_type=&#8221;parallax&#8221; gmbt_prlx_break_parents=&#8221;0&#8243; gmbt_prlx_smooth_scrolling=&#8221;&#8221; gmbt_prlx_video_mute=&#8221;&#8221; gmbt_prlx_video_force_hd=&#8221;&#8221; gmbt_prlx_opacity=&#8221;100&#8243; gmbt_prlx_video_aspect_ratio=&#8221;16:9&#8243; gmbt_prlx_parallax=&#8221;none&#8221; gmbt_prlx_speed=&#8221;0.3&#8243; gmbt_prlx_enable_mobile=&#8221;&#8221;][vc_column][\/vc_column][\/vc_row][vc_row top_margin=&#8221;none&#8221; bottom_margin=&#8221;2x&#8221; gmbt_prlx_bg_type=&#8221;parallax&#8221; gmbt_prlx_break_parents=&#8221;0&#8243; gmbt_prlx_smooth_scrolling=&#8221;&#8221; gmbt_prlx_video=&#8221;&#8221; gmbt_prlx_video_mute=&#8221;&#8221; gmbt_prlx_video_force_hd=&#8221;&#8221; gmbt_prlx_opacity=&#8221;100&#8243; gmbt_prlx_video_aspect_ratio=&#8221;16:9&#8243; gmbt_prlx_parallax=&#8221;none&#8221; gmbt_background_repeat=&#8221;&#8221; gmbt_background_position=&#8221;&#8221; gmbt_prlx_speed=&#8221;0.3&#8243; gmbt_prlx_enable_mobile=&#8221;&#8221;][vc_column width=&#8221;1\/4&#8243;][\/vc_column][vc_column width=&#8221;1\/4&#8243;][\/vc_column][vc_column width=&#8221;1\/4&#8243;][\/vc_column][vc_column width=&#8221;1\/4&#8243;][\/vc_column][\/vc_row][vc_row top_margin=&#8221;2x&#8221; bottom_margin=&#8221;2x&#8221; gmbt_prlx_bg_type=&#8221;parallax&#8221; gmbt_prlx_break_parents=&#8221;0&#8243; gmbt_prlx_smooth_scrolling=&#8221;&#8221; gmbt_prlx_video=&#8221;&#8221; gmbt_prlx_video_mute=&#8221;&#8221; gmbt_prlx_video_force_hd=&#8221;&#8221; gmbt_prlx_opacity=&#8221;100&#8243; gmbt_prlx_video_aspect_ratio=&#8221;16:9&#8243; gmbt_prlx_parallax=&#8221;none&#8221; gmbt_background_repeat=&#8221;&#8221; gmbt_background_position=&#8221;&#8221; gmbt_prlx_speed=&#8221;0.3&#8243; gmbt_prlx_enable_mobile=&#8221;&#8221;][vc_column][vc_row_inner][vc_column_inner width=&#8221;1\/6&#8243;][\/vc_column_inner][vc_column_inner width=&#8221;2\/3&#8243;][\/vc_column_inner][vc_column_inner width=&#8221;1\/6&#8243;][\/vc_column_inner][\/vc_row_inner][\/vc_column][\/vc_row][vc_row full_width=&#8221;stretch_row&#8221; top_margin=&#8221;2x&#8221; gmbt_prlx_bg_type=&#8221;parallax&#8221; gmbt_prlx_break_parents=&#8221;0&#8243; gmbt_prlx_smooth_scrolling=&#8221;&#8221; &hellip; <a href=\"https:\/\/www.solargard.com\/tr\/client\/window-film-association-australia-new-zealand-2\/\">Continued<\/a><\/p>\n","protected":false},"author":1,"featured_media":0,"parent":0,"menu_order":0,"comment_status":"closed","ping_status":"closed","template":"","meta":{"_acf_changed":false,"footnotes":""},"class_list":["post-42457","page","type-page","status-publish","hentry"],"acf":[],"_links":{"self":[{"href":"https:\/\/www.solargard.com\/tr\/wp-json\/wp\/v2\/pages\/42457","targetHints":{"allow":["GET"]}}],"collection":[{"href":"https:\/\/www.solargard.com\/tr\/wp-json\/wp\/v2\/pages"}],"about":[{"href":"https:\/\/www.solargard.com\/tr\/wp-json\/wp\/v2\/types\/page"}],"author":[{"embeddable":true,"href":"https:\/\/www.solargard.com\/tr\/wp-json\/wp\/v2\/users\/1"}],"replies":[{"embeddable":true,"href":"https:\/\/www.solargard.com\/tr\/wp-json\/wp\/v2\/comments?post=42457"}],"version-history":[{"count":0,"href":"https:\/\/www.solargard.com\/tr\/wp-json\/wp\/v2\/pages\/42457\/revisions"}],"wp:attachment":[{"href":"https:\/\/www.solargard.com\/tr\/wp-json\/wp\/v2\/media?parent=42457"}],"curies":[{"name":"wp","href":"https:\/\/api.w.org\/{rel}","templated":true}]}}