{"id":42469,"date":"2016-07-06T19:45:16","date_gmt":"2016-07-06T19:45:16","guid":{"rendered":"https:\/\/www.solargard.com\/tr\/resources\/"},"modified":"2024-03-07T07:43:22","modified_gmt":"2024-03-07T15:43:22","slug":"ticaret-kaynaklar","status":"publish","type":"page","link":"https:\/\/www.solargard.com\/tr\/ticaret-kaynaklar\/","title":{"rendered":"Ticaret Kaynaklar\u0131"},"content":{"rendered":"<div class=\"wpb-content-wrapper\"><p>[vc_row top_margin=&#8221;none&#8221; bottom_margin=&#8221;2x&#8221; gmbt_prlx_bg_type=&#8221;parallax&#8221; gmbt_prlx_break_parents=&#8221;0&#8243; gmbt_prlx_smooth_scrolling=&#8221;&#8221; gmbt_prlx_video_mute=&#8221;&#8221; gmbt_prlx_video_force_hd=&#8221;&#8221; gmbt_prlx_opacity=&#8221;100&#8243; gmbt_prlx_video_aspect_ratio=&#8221;16:9&#8243; gmbt_prlx_parallax=&#8221;none&#8221; gmbt_prlx_speed=&#8221;0.3&#8243; gmbt_prlx_enable_mobile=&#8221;&#8221;][vc_column]<div class=\"section-title sep-bottom-sm text-left wow bounceInRight\" data-wow-delay=\"0.25s\"><h3 class=\"upper normal-title\">\u00dcR\u00dcN PERFORMANS VE \u00d6ZELL\u0130KLER\u0130 \u0130\u00c7\u0130N KAYNAK<\/h3><\/div>[vc_column_text css=&#8221;.vc_custom_1477576641939{border-bottom-width: 20px !important;padding-bottom: 20px !important;}&#8221;]Yap\u0131 end\u00fcstrisinde binalar\u0131n ve yap\u0131lar\u0131n i\u00e7inde enerji verimlili\u011fini artt\u0131rmak i\u00e7in yap\u0131lan \u00e7al\u0131\u015fmalar en h\u0131zl\u0131 b\u00fcy\u00fcyen e\u011filimdir. Solar Gard yap\u0131 i\u00e7in s\u0131cak noktalar\u0131n olu\u015fumu, parlama, solma ve g\u00fcvenlik sorunlar\u0131n\u0131 \u00e7\u00f6zmek ad\u0131na \u00e7ek geni\u015f bir \u00fcr\u00fcn yelpazesi sunmaktad\u0131r.<\/p>\n<p>Ayr\u0131ca, Solar Gard \u0131s\u0131 izolasyon filmleri %30!a varan oranda enerji masraflar\u0131n\u0131 azalt\u0131rken karbon sal\u0131n\u0131m\u0131n\u0131 d\u00fc\u015f\u00fcrmenize yard\u0131mc\u0131 olur.<\/p>\n<p>G\u00fcvenlik filmlerimiz cam k\u0131r\u0131lmalar\u0131nda yaralanmalara kar\u015f\u0131 koruma i\u00e7in dizayn edilmi\u015ftir. Bomba patlamalar\u0131ndan, f\u0131rt\u0131nalardan, h\u0131rs\u0131zl\u0131k ve koruma gerektiren pek \u00e7ok kazaya kar\u015f\u0131 size koruyacak \u00e7ok geni\u015f bir g\u00fcvenlik filmi yelpazesi vard\u0131r.\u00a0Solar Gard y\u00fcksek enerji masraflar\u0131ndan , y\u00fcksek g\u00fcne\u015f \u0131s\u0131s\u0131ndan , parlamadan , kazalardan ve do\u011fal afetlerden korunmada mevcut cam sisteminizi geli\u015ftiren ve g\u00fc\u00e7lendiren en etkili \u00fcr\u00fcnleri sunar.<\/p>\n<p>A\u015fa\u011f\u0131daki Teknik Tablolar ihtiyac\u0131n\u0131z olan \u00fcr\u00fcn\u00fc belirlemede size en kolay bilgiyi sunacakt\u0131r.<br \/>\nSorular\u0131n\u0131z i\u00e7in l\u00fctfen bizimle irtibata ge\u00e7in.[\/vc_column_text][vc_tta_accordion style=&#8221;flat&#8221; shape=&#8221;square&#8221; color=&#8221;white&#8221; active_section=&#8221;false&#8221; collapsible_all=&#8221;true&#8221;][vc_tta_section title=&#8221;ISI KONTROL\u00dc&#8221; tab_id=&#8221;1464951670713-582e1627-7865&#8243;][vc_column_text]<strong>LX SERIES\u00a0\u00a0<\/strong><em>Interior Window Film<\/em><\/p>\n<hr \/>\n<p><a href=\"https:\/\/www.solargard.com\/wp-content\/uploads\/2018\/11\/Solar-Gard-Sample-Page-LX70-2018-lr.pdf\" target=\"_blank\" rel=\"noopener noreferrer\">LX 70<\/a><\/p>\n<hr \/>\n<p>&nbsp;<\/p>\n<p><strong>STERLING SERIES\u00a0\u00a0<\/strong><em>Internal Window Film<\/em><\/p>\n<p><a href=\"https:\/\/www.solargard.com\/wp-content\/uploads\/2018\/11\/Solar-Gard-Sample-Page-ST20-2018-lr.pdf\" target=\"_blank\" rel=\"noopener noreferrer\">Sterling 20<\/a><\/p>\n<hr \/>\n<p><a href=\"https:\/\/www.solargard.com\/wp-content\/uploads\/2018\/11\/Solar-Gard-Sample-Page-ST40-2018-lr.pdf\" target=\"_blank\" rel=\"noopener noreferrer\">Sterling 40<\/a><\/p>\n<hr \/>\n<p><a href=\"https:\/\/www.solargard.com\/wp-content\/uploads\/2018\/11\/Solar-Gard-Sample-Page-ST50-2018-lr.pdf\" target=\"_blank\" rel=\"noopener noreferrer\">Sterling 50<\/a><\/p>\n<hr \/>\n<p><a href=\"https:\/\/www.solargard.com\/wp-content\/uploads\/2018\/11\/Solar-Gard-Sample-Page-ST60-2018-lr.pdf\" target=\"_blank\" rel=\"noopener noreferrer\">Sterling 60<\/a><\/p>\n<hr \/>\n<p><a href=\"https:\/\/www.solargard.com\/wp-content\/uploads\/2018\/11\/Solar-Gard-Sample-Page-ST70-2018-lr.pdf\" target=\"_blank\" rel=\"noopener noreferrer\">Sterling 70<\/a><\/p>\n<hr \/>\n<p>&nbsp;<\/p>\n<p><strong>SILVER SERIES\u00a0\u00a0<\/strong><em>Internal Window Film<\/em><\/p>\n<hr \/>\n<p><a href=\"https:\/\/www.solargard.com\/wp-content\/uploads\/2018\/11\/Solar-Gard-Sample-Page-S20-2018-lr.pdf\" target=\"_blank\" rel=\"noopener noreferrer\">Silver 20<\/a><\/p>\n<hr \/>\n<p><a href=\"https:\/\/www.solargard.com\/wp-content\/uploads\/2018\/11\/Solar-Gard-Sample-Page-S35-2018-lr.pdf\" target=\"_blank\" rel=\"noopener noreferrer\">Silver 35<\/a><\/p>\n<hr \/>\n<p>&nbsp;<\/p>\n<p><strong>SOLAR BRONZE SERIEN\u00a0\u00a0<\/strong><em>Internal Window Film<\/em><\/p>\n<hr \/>\n<p><a href=\"https:\/\/www.solargard.com\/wp-content\/uploads\/2019\/01\/solar-bronze-20-solar-sample-page-0314sb20-sw-1.pdf\" target=\"_blank\" rel=\"noopener noreferrer\">Solar Bronze 20<\/a><\/p>\n<hr \/>\n<p><a href=\"https:\/\/www.solargard.com\/wp-content\/uploads\/2019\/01\/solar-bronze-35-solar-sample-page-0314sb35-sw.pdf\" target=\"_blank\" rel=\"noopener noreferrer\">Solar Bronze 35<\/a><\/p>\n<hr \/>\n<p>&nbsp;<\/p>\n<p><strong>STAINLESS STEEL SERIES\u00a0\u00a0<\/strong><em>Internal Window Film<\/em><\/p>\n<hr \/>\n<p><a href=\"https:\/\/www.solargard.com\/wp-content\/uploads\/2018\/11\/Solar-Gard-Sample-Page-SS-10-20-30-2018-lr.pdf\" target=\"_blank\" rel=\"noopener noreferrer\">Stainless Steel 10, 20 &amp; 30<\/a><\/p>\n<hr \/>\n<p>&nbsp;<\/p>\n<p><strong>TRUEVUE SERIES\u00a0\u00a0<\/strong><em>Internal Window Film<\/em><\/p>\n<hr \/>\n<p><a href=\"https:\/\/www.solargard.com\/wp-content\/uploads\/2018\/11\/Solar-Gard-Sample-Page-TV5-2018-lr.pdf\" target=\"_blank\" rel=\"noopener noreferrer\">TrueVue 5<\/a><\/p>\n<hr \/>\n<p><a href=\"https:\/\/www.solargard.com\/wp-content\/uploads\/2018\/11\/Solar-Gard-Sample-Page-TV15-2018-lr.pdf\" target=\"_blank\" rel=\"noopener noreferrer\">TrueVue 15<\/a><\/p>\n<hr \/>\n<p><a href=\"https:\/\/www.solargard.com\/wp-content\/uploads\/2018\/11\/Solar-Gard-Sample-Page-TV30-2018-lr.pdf\" target=\"_blank\" rel=\"noopener noreferrer\">TrueVue 30<\/a><\/p>\n<hr \/>\n<p><a href=\"https:\/\/www.solargard.com\/wp-content\/uploads\/2018\/11\/Solar-Gard-Sample-Page-TV40-2018-lr.pdf\" target=\"_blank\" rel=\"noopener noreferrer\">TrueVue 40<\/a><\/p>\n<hr \/>\n<p>&nbsp;<\/p>\n<p><strong>SENTINEL PLUS QX\u00a0 <\/strong><em>Exterior Window Film (Duo-reflective filmer)<\/em><\/p>\n<hr \/>\n<p><a href=\"https:\/\/www.solargard.com\/wp-content\/uploads\/2020\/06\/Solar-Gard-Sample-Page-Sentinel-Plus-QX40.pdf\" target=\"_blank\" rel=\"noopener noreferrer\">Sentinel Plus QX 40 OSW<\/a><\/p>\n<hr \/>\n<p><a href=\"https:\/\/www.solargard.com\/wp-content\/uploads\/2020\/06\/Solar-Gard-Sample-Page-Sentinel-Plus-QX70.pdf\" target=\"_blank\" rel=\"noopener noreferrer\">Sentinel Plus QX 70 OSW<\/a><\/p>\n<p>&nbsp;<\/p>\n<p><strong>SENTINEL PLUS DX\u00a0 <\/strong><em>Exterior Duo-Reflective<\/em><\/p>\n<hr \/>\n<p><a href=\"https:\/\/www.solargard.com\/wp-content\/uploads\/2020\/06\/Solar-Gard-Sample-Page-Sentinel-Plus-DX5.pdf\" target=\"_blank\" rel=\"noopener noreferrer\">Sentinel Plus DX 5 OSW<\/a><\/p>\n<hr \/>\n<p><a href=\"https:\/\/www.solargard.com\/wp-content\/uploads\/2020\/06\/Solar-Gard-Sample-Page-Sentinel-Plus-DX15.pdf\" target=\"_blank\" rel=\"noopener noreferrer\">Sentinel Plus DX 15 OSW<\/a><\/p>\n<p>&nbsp;<\/p>\n<p><strong>SENTINEL DX\u00a0\u00a0<\/strong><em>Exterior Duo-Reflective<\/em><\/p>\n<hr \/>\n<p><a href=\"https:\/\/www.solargard.com\/wp-content\/uploads\/2019\/04\/Solar-Gard-Sample-Page-SDX-5.pdf?x93385\" target=\"_blank\" rel=\"noopener noreferrer\">Sentinel DX 5 OSW<\/a><\/p>\n<hr \/>\n<p><a href=\"https:\/\/www.solargard.com\/wp-content\/uploads\/2019\/04\/Solar-Gard-Sample-Page-SDX-20.pdf?x93385\" target=\"_blank\" rel=\"noopener noreferrer\">Sentinel DX 20 OSW<\/a><\/p>\n<hr \/>\n<p><a href=\"https:\/\/www.solargard.com\/wp-content\/uploads\/2019\/04\/Solar-Gard-Sample-Page-SDX-35.pdf?x93385\" target=\"_blank\" rel=\"noopener noreferrer\">Sentinel DX 35 OSW<\/a><\/p>\n<hr \/>\n<p><a href=\"https:\/\/www.solargard.com\/wp-content\/uploads\/2019\/04\/Solar-Gard-Sample-Page-SDX-50.pdf?x93385\" target=\"_blank\" rel=\"noopener noreferrer\">Sentinel DX 50 OSW<\/a><\/p>\n<p>&nbsp;<\/p>\n<p><strong>SENTINEL PC\u00a0\u00a0<\/strong><em>Outside Weatherable\u00a0<\/em><em>film especially for polycarbonate<\/em><\/p>\n<hr \/>\n<p><a href=\"https:\/\/www.solargard.com\/wp-content\/uploads\/2019\/04\/Solar-Gard-Sample-Page-SS20PC.pdf?x93385\" target=\"_blank\" rel=\"noopener noreferrer\">Sentinel Silver 20 PC OSW<\/a><\/p>\n<p>&nbsp;<\/p>\n<p><strong>SENTINEL PLUS\u00a0\u00a0<\/strong><em>Outside Weatherable (SX=transparent and Silver, Stainless Steel &amp; Solar Bronze=reflective)<\/em><\/p>\n<hr \/>\n<p><a href=\"https:\/\/www.solargard.com\/wp-content\/uploads\/2018\/11\/Solar-Gard-Sample-Page-SPSX80-2018-lr.pdf\" target=\"_blank\" rel=\"noopener noreferrer\">Sentinel Plus SX 80 OSW<\/a><\/p>\n<hr \/>\n<p><a href=\"https:\/\/www.solargard.com\/wp-content\/uploads\/2018\/11\/Solar-Gard-Sample-Page-SPSX50-2018-lr.pdf\" target=\"_blank\" rel=\"noopener noreferrer\">Sentinel Plus SX 50 OSW<\/a><\/p>\n<hr \/>\n<p><a href=\"https:\/\/www.solargard.com\/wp-content\/uploads\/2018\/11\/Solar-Gard-Sample-Page-SPSS40-2018-lr.pdf\" target=\"_blank\" rel=\"noopener noreferrer\">Sentinel Plus Stainless Steel 40 OSW<\/a><\/p>\n<hr \/>\n<p><a href=\"https:\/\/www.solargard.com\/wp-content\/uploads\/2018\/11\/Solar-Gard-Sample-Page-SPSS25-2018-lr.pdf\" target=\"_blank\" rel=\"noopener noreferrer\">Sentinel Plus Stainless Steel 25 OSW<\/a><\/p>\n<hr \/>\n<p><a href=\"https:\/\/www.solargard.com\/wp-content\/uploads\/2018\/11\/Solar-Gard-Sample-Page-SPSS15-2018-lr.pdf\" target=\"_blank\" rel=\"noopener noreferrer\">Sentinel Plus Stainless Steel 15 OSW<\/a><\/p>\n<hr \/>\n<p><a href=\"https:\/\/www.solargard.com\/wp-content\/uploads\/2018\/11\/Solar-Gard-Sample-Page-SPS35-2018-lr.pdf\" target=\"_blank\" rel=\"noopener noreferrer\">Sentinel Plus Silver 35 OSW<\/a><\/p>\n<hr \/>\n<p><a href=\"https:\/\/www.solargard.com\/wp-content\/uploads\/2018\/11\/Solar-Gard-Sample-Page-SPS20-2018-lr.pdf\" target=\"_blank\" rel=\"noopener noreferrer\">Sentinel Plus Silver 20 OSW<\/a><\/p>\n<hr \/>\n<p><a href=\"https:\/\/www.solargard.com\/wp-content\/uploads\/2019\/04\/Solar-Gard-Sample-Page-SPSB20-2.pdf\" target=\"_blank\" rel=\"noopener noreferrer\">Sentinel Plus Solar Bronze 20 OSW<\/a><\/p>\n<p>&nbsp;<\/p>\n<p>[\/vc_column_text][\/vc_tta_section][vc_tta_section title=&#8221;G\u00dcVENL\u0130K VE KORUMA&#8221; tab_id=&#8221;1464952482404-82d8d324-d73a&#8221;][vc_column_text]<strong>ARMORCOAT CLEAR\u00a0\u00a0<\/strong><em>Internal Window Film<\/em><\/p>\n<hr \/>\n<p><a href=\"https:\/\/www.solargard.com\/tr\/download\/pcr2-print-film\/\" target=\"_blank\" rel=\"noopener noreferrer\">2 &#8211; 4 MIL Clear \/ Printfilm<\/a><\/p>\n<hr \/>\n<p><a href=\"https:\/\/www.solargard.com\/wp-content\/uploads\/2018\/11\/Solar-Gard-Sample-Page-AC-4-7-8mil-2018-lr.pdf\" target=\"_blank\" rel=\"noopener noreferrer\">4 &#8211; 7 &#8211; 8 MIL Clear<\/a><\/p>\n<hr \/>\n<p><a href=\"https:\/\/www.solargard.com\/wp-content\/uploads\/2018\/11\/Solar-Gard-Sample-Page-AC-10-11-14mil-2018-lr.pdf\" target=\"_blank\" rel=\"noopener noreferrer\">10 &#8211; 11 &#8211; 14\u00a0 MIL Clear<\/a><\/p>\n<hr \/>\n<p>&nbsp;<\/p>\n<p><strong>ARMORCOAT CLEAR\u00a0\u00a0<\/strong><em>External \/ Outside Weatherable Window Film<\/em><\/p>\n<hr \/>\n<p><a href=\"https:\/\/www.solargard.com\/wp-content\/uploads\/2018\/11\/Solar-Gard-Sample-Page-SP-4milCL-2018-lr.pdf?x93385\" target=\"_blank\" rel=\"noopener noreferrer\">4 MIL Clear \u2013 Sentinel Plus<\/a><\/p>\n<hr \/>\n<p><a href=\"https:\/\/www.solargard.com\/wp-content\/uploads\/2019\/04\/Solar-Gard-Sample-Page-S8Mil.pdf?x93385\" target=\"_blank\" rel=\"noopener noreferrer\">8 MIL Clear \u2013 Sentinel<\/a><\/p>\n<hr \/>\n<p>&nbsp;<\/p>\n<p><strong>ARMORCOAT CLEAR PC\u00a0<\/strong><em>External \/ Outside Weatherable Window Film<\/em><em>\u00a0for Polycarbonat<\/em><\/p>\n<hr \/>\n<p><a href=\"https:\/\/www.solargard.com\/wp-content\/uploads\/2019\/04\/Solar-Gard-Sample-Page-S4MilPC.pdf?x93385\" target=\"_blank\" rel=\"noopener noreferrer\">4 MIL Clear \u2013 Sentinel PC<\/a><\/p>\n<hr \/>\n<p>&nbsp;<\/p>\n<p><strong>GRAFFITIGARD\u00a0\u00a0<\/strong><\/p>\n<hr \/>\n<p><a href=\"https:\/\/www.solargard.com\/wp-content\/uploads\/2018\/11\/Solar-Gard-Sample-Page-GG-4-7milCL-2018-lr.pdf\" target=\"_blank\" rel=\"noopener noreferrer\">Graffitigard &#8211; Clear<\/a><\/p>\n<hr \/>\n<p>&nbsp;<\/p>\n<p>[\/vc_column_text][\/vc_tta_section][vc_tta_section title=&#8221;D\u00dc\u015e\u00dcK ENERJ\u0130&#8221; tab_id=&#8221;1549271007448-d5f11b8a-644e&#8221;][vc_column_text]<a href=\"https:\/\/www.solargard.com\/wp-content\/uploads\/2019\/01\/ecolux-sample-page-sk0314ecx70-int07672C615FC0-1.pdf\" target=\"_blank\" rel=\"noopener noreferrer\">Ecolux\u2122<\/a><\/p>\n<hr \/>\n<p><a href=\"https:\/\/www.solargard.com\/wp-content\/uploads\/2018\/11\/Solar-Gard-Sample-Page-SAG-25-50-2018-lr.pdf\" target=\"_blank\" rel=\"noopener noreferrer\">Silver AG<\/a>[\/vc_column_text][\/vc_tta_section][vc_tta_section title=&#8221;DEKORASYON CAM F\u0130LM\u0130&#8221; tab_id=&#8221;1549271006033-ebd785bb-19ae&#8221;][vc_column_text]<a href=\"https:\/\/www.solargard.com\/wp-content\/uploads\/2019\/01\/clear-frost-solar-sample-page-0314speccf-int.pdf\" target=\"_blank\" rel=\"noopener noreferrer\">Clear Frost<\/a><\/p>\n<hr \/>\n<p><a href=\"https:\/\/www.solargard.com\/wp-content\/uploads\/2019\/01\/white-opaque-solar-sample-page-0314specwo-int.pdf\" target=\"_blank\" rel=\"noopener noreferrer\">White Opaque<\/a><\/p>\n<hr \/>\n<p><a href=\"https:\/\/www.solargard.com\/wordpress\/wp-admin\/upload.php?item=80217\" target=\"_blank\" rel=\"noopener noreferrer\">Black Opaque<\/a><\/p>\n<hr \/>\n<p>[\/vc_column_text][\/vc_tta_section][\/vc_tta_accordion]<div class=\"section-title sep-top-2x text-center\"><h4 class=\"upper normal-title\">ARADI\u011eINIZI BULAMADINIZMI? S\u0130ZDEN DUYMAK \u0130STER\u0130Z<\/h4><\/div>[vc_row_inner][vc_column_inner width=&#8221;2\/12&#8243;][\/vc_column_inner][vc_column_inner width=&#8221;4\/12&#8243;]<div class=\"icon-box icon-horizontal icon-md sep-top-md icon-gradient\"><a class=\"vc_icon_element-link\" href=\"mailto:info@solargard.com.tr\" title=\"\" target=\"_blank\"><div style=\"background-color:#fdb824;\" class=\"icon-content img-circle wow bounceInUp\" data-wow-delay=\"0.5s\"><i class=\"fa fa-phone\"><\/i><\/div><div class=\"icon-box-content\"><h5 style=\"color:#fdb824;\" class=\"upper\">ARAYIN<\/h5><p>B\u0130R UZMANLA G\u00d6R\u00dc\u015e\u00dcN<br \/>\n+90 212 511 9005<\/p><\/div><\/div><\/a>[\/vc_column_inner][vc_column_inner width=&#8221;4\/12&#8243;]<div class=\"icon-box icon-horizontal icon-md sep-top-md icon-gradient\"><a class=\"vc_icon_element-link\" href=\"mailto:info@solargard.com.tr\" title=\"\" target=\"_blank\"><div style=\"background-color:#fdb824;\" class=\"icon-content img-circle wow bounceInUp\" data-wow-delay=\"0.75s\"><i class=\"fa fa-envelope\"><\/i><\/div><div class=\"icon-box-content\"><h5 style=\"color:#fdb824;\" class=\"upper\">E POSTA<\/h5><p>Email mesaj\u0131n\u0131z<br \/>\ninfo@solargard.com.tr<\/p><\/div><\/div><\/a>[\/vc_column_inner][vc_column_inner width=&#8221;2\/12&#8243;][\/vc_column_inner][\/vc_row_inner][\/vc_column][\/vc_row]<\/p>\n<\/div>","protected":false},"excerpt":{"rendered":"<p>[vc_row top_margin=&#8221;none&#8221; bottom_margin=&#8221;2x&#8221; gmbt_prlx_bg_type=&#8221;parallax&#8221; gmbt_prlx_break_parents=&#8221;0&#8243; gmbt_prlx_smooth_scrolling=&#8221;&#8221; gmbt_prlx_video_mute=&#8221;&#8221; gmbt_prlx_video_force_hd=&#8221;&#8221; gmbt_prlx_opacity=&#8221;100&#8243; gmbt_prlx_video_aspect_ratio=&#8221;16:9&#8243; gmbt_prlx_parallax=&#8221;none&#8221; gmbt_prlx_speed=&#8221;0.3&#8243; gmbt_prlx_enable_mobile=&#8221;&#8221;][vc_column][vc_column_text css=&#8221;.vc_custom_1477576641939{border-bottom-width: 20px !important;padding-bottom: 20px !important;}&#8221;]Yap\u0131 end\u00fcstrisinde binalar\u0131n ve yap\u0131lar\u0131n i\u00e7inde enerji verimlili\u011fini artt\u0131rmak i\u00e7in yap\u0131lan \u00e7al\u0131\u015fmalar en h\u0131zl\u0131 b\u00fcy\u00fcyen e\u011filimdir. Solar Gard yap\u0131 i\u00e7in s\u0131cak noktalar\u0131n olu\u015fumu, parlama, solma ve g\u00fcvenlik sorunlar\u0131n\u0131 \u00e7\u00f6zmek ad\u0131na \u00e7ek geni\u015f bir \u00fcr\u00fcn yelpazesi sunmaktad\u0131r. Ayr\u0131ca, Solar &hellip; <a href=\"https:\/\/www.solargard.com\/tr\/ticaret-kaynaklar\/\">Continued<\/a><\/p>\n","protected":false},"author":1,"featured_media":94517,"parent":0,"menu_order":0,"comment_status":"closed","ping_status":"closed","template":"templates\/resources.php","meta":{"_acf_changed":false,"footnotes":""},"class_list":["post-42469","page","type-page","status-publish","has-post-thumbnail","hentry"],"acf":[],"_links":{"self":[{"href":"https:\/\/www.solargard.com\/tr\/wp-json\/wp\/v2\/pages\/42469","targetHints":{"allow":["GET"]}}],"collection":[{"href":"https:\/\/www.solargard.com\/tr\/wp-json\/wp\/v2\/pages"}],"about":[{"href":"https:\/\/www.solargard.com\/tr\/wp-json\/wp\/v2\/types\/page"}],"author":[{"embeddable":true,"href":"https:\/\/www.solargard.com\/tr\/wp-json\/wp\/v2\/users\/1"}],"replies":[{"embeddable":true,"href":"https:\/\/www.solargard.com\/tr\/wp-json\/wp\/v2\/comments?post=42469"}],"version-history":[{"count":0,"href":"https:\/\/www.solargard.com\/tr\/wp-json\/wp\/v2\/pages\/42469\/revisions"}],"wp:featuredmedia":[{"embeddable":true,"href":"https:\/\/www.solargard.com\/tr\/wp-json\/wp\/v2\/media\/94517"}],"wp:attachment":[{"href":"https:\/\/www.solargard.com\/tr\/wp-json\/wp\/v2\/media?parent=42469"}],"curies":[{"name":"wp","href":"https:\/\/api.w.org\/{rel}","templated":true}]}}