{"id":52293,"date":"2016-08-09T21:07:50","date_gmt":"2016-08-09T21:07:50","guid":{"rendered":"https:\/\/www.solargard.com\/tr\/ecolux\/"},"modified":"2023-01-17T04:10:25","modified_gmt":"2023-01-17T12:10:25","slug":"ecolux-landing","status":"publish","type":"page","link":"https:\/\/www.solargard.com\/tr\/ecolux-landing\/","title":{"rendered":"Ecolux"},"content":{"rendered":"<div class=\"wpb-content-wrapper\"><p>[vc_row css=&#8221;.vc_custom_1470768685583{background-color: #ffffff !important;}&#8221;][vc_column width=&#8221;1\/2&#8243;][vc_raw_html]JTBBJTNDaDElMjBzdHlsZSUzRCUyMnRleHQtYWxpZ24lM0ElMjBsZWZ0JTNCJTIwY29sb3IlM0ElMjAlMjMwMDdEQjElM0IlMjBmb250LXNpemUlM0ElMjAyN3B4JTNCJTIyJTNFJTNDc3Ryb25nJTNFTiVDNCVCMCVDMyU4NyVDNCVCME4lMjBFQ09MVVglM0MlMkZzdHJvbmclM0UlM0MlMkZoMSUzRQ==[\/vc_raw_html][vc_raw_html]JTNDaDMlMjBzdHlsZSUzRCUyMnRleHQtYWxpZ24lM0ElMjBsZWZ0JTNCJTIwY29sb3IlM0ElMjAlMjMyMzFGMjAlM0IlMjBmb250LXNpemUlM0ElMjAxNy41cHglM0IlMjIlM0UlM0NzdHJvbmclM0VZJUM0JUIxbCUyMGJveXVuY2ElMjBrb25mb3JsdSUyMG9kYSUyMHMlQzQlQjFjYWtsJUM0JUIxJUM0JTlGJUM0JUIxJTIwaWxlJTIwZW5lcmppJTIwdGFzYXJydWZ1JTIwdmUlMjB0YXNhcnJ1ZnVudXp1biUyMGNlYmluaXpkZSUyMGthbG1hcyVDNCVCMSUyMGlsZSUyMHlhJUM1JTlGYW0lMjBhbGFuJUM0JUIxbiVDNCVCMXolQzQlQjFuJTIwJUM0JUIxcyVDNCVCMXMlQzQlQjFuJUM0JUIxJTIwa29udHJvbCUyMGVkaW4uJTNDJTJGc3Ryb25nJTNFJTNDJTJGaDMlM0U=[\/vc_raw_html][vc_raw_html]JTNDYnIlMkYlM0UlMEElM0NwJTIwc3R5bGUlM0QlMjJ0ZXh0LWFsaWduJTNBJTIwbGVmdCUzQiUyMGxpbmUtaGVpZ2h0JTNBJTIwMiUzQiUyMGZvbnQtc2l6ZSUzQSUyMDEzLjVweCUzQiUyMiUzRVllbmklMjBuZXNpbCUyMCVDMyVBN2lmdCUyMGlrbGltbGklMjBwZW5jZXJlJTIwZmlsbWklMjBFY29sdXglMjBMb3ctRSUyMGlsZSUyMHRhbiVDNCVCMSVDNSU5RiVDNCVCMW4uJTIwRWNvbHV4JTIwdGVrbm9sb2ppc2klMjBvbGR1ayVDMyVBN2ElMjBzb2Zpc3Rpa2UlMkMlMjBhbmNhayUyMHBlcmZvcm1hbnMlQzQlQjElMjBpJUMzJUE3JTIwbWVrYW5kYSUyMGtpJTIwZXRraW5saWtsZXJpbml6aW4lMjBrZXlmaW5pJTIwJUMzJUE3JUM0JUIxa2FybWFuJUM0JUIxeiVDNCVCMSUyMGtvbGF5bGElQzUlOUZ0JUM0JUIxcmFjYWt0JUM0JUIxci4lMjAlQzMlODdpZnQlMjBldGtpbGklMjBFY29sdXglMjBmaWxtaSUyMHlheiUyMGF5bGFyJUM0JUIxbmRhJTIwJUM0JUIxcyVDNCVCMXklQzQlQjElMjB5YW5zJUM0JUIxdG1heWElMjB5YXJkJUM0JUIxbWMlQzQlQjElMjBvbHVyJTIwdmUlMjBrJUM0JUIxJUM1JTlGJTIwYm95dW5jYSUyMCVDNCVCMXMlQzQlQjF5JUM0JUIxJTIwaSVDMyVBN2VyaWRlJTIwdHV0YXIuJTNDJTJGcCUzRSUwQSUzQ2JyJTJGJTNF[\/vc_raw_html][\/vc_column][vc_column width=&#8221;1\/2&#8243;][vc_single_image image=&#8221;46069&#8243; img_size=&#8221;full&#8221; alignment=&#8221;center&#8221;][\/vc_column][\/vc_row][vc_row full_width=&#8221;stretch_row&#8221; top_margin=&#8221;2x&#8221; bottom_margin=&#8221;2x&#8221; css=&#8221;.vc_custom_1470771195669{background-color: #eeeeee !important;}&#8221;][vc_column][vc_row_inner][vc_column_inner][vc_raw_html]JTNDaDMlMjBzdHlsZSUzRCUyMnRleHQtYWxpZ24lM0ElMjBjZW50ZXIlM0IlMjBjb2xvciUzQSUyMCUyMzAwN0RCMSUzQiUyMGZvbnQtc2l6ZSUzQSUyMDI3cHglM0IlMjIlM0UlM0NzdHJvbmclM0VFQ09MVVglMjdVTiUyMEZBWURBTEFSSSUzQSUzQyUyRnN0cm9uZyUzRSUzQyUyRmgzJTNFJTBBJTNDYnIlMkYlM0UlMEE=[\/vc_raw_html][vc_raw_html]JTNDcCUyMHN0eWxlJTNEJTIydGV4dC1hbGlnbiUzQSUyMGNlbnRlciUzQiUyMGZvbnQtc2l6ZSUzQSUyMDE3LjVweCUzQiUyMiUzRUNhbSVDNCVCMW4lMjB5YWwlQzQlQjF0JUM0JUIxbSUyMGthYmlsaXlldGluaSUyMCUyNSUyMDQ0JTIwb3JhbiVDNCVCMW5kYSUyMGdlbGklQzUlOUZ0aXJpciUyQyUyMGIlQzMlQjZ5bGVjZSUyMGVuZXJqaSUyMHRhc2FycnVmdSUyMGklQzMlQTdpbiUyMGRvJUM0JTlGcnUlMjB5ZXJkZSUyMG9sZHUlQzQlOUZ1bnV6dSUyMGhpc3NlZGVjZWtzaW5pei4lM0MlMkZwJTNFJTBBJTNDYnIlMkYlM0UlMEElM0NiciUyRiUzRQ==[\/vc_raw_html][\/vc_column_inner][\/vc_row_inner][vc_row_inner][vc_column_inner width=&#8221;1\/4&#8243;]<div class=\"content-icon text-left\"><div class=\"content-link-image wow bounceInUp\" style=\"background-image: url(https:\/\/www.solargard.com\/wp-content\/uploads\/2016\/04\/window.png)\"  data-wow-delay=\"0.25s\"><\/div><h4>Spekt\u00fcrel Se\u00e7ici<\/h4><h5><\/h5><p>Do\u011fal \u0131\u015f\u0131\u011f\u0131n % 68'ini i\u00e7eri alarak g\u00fcne\u015fin s\u0131cakl\u0131\u011f\u0131n\u0131n % 52'sini d\u0131\u015far\u0131da tutar.<\/p><\/div>[\/vc_column_inner][vc_column_inner width=&#8221;1\/4&#8243;]<div class=\"content-icon text-left\"><div class=\"content-link-image wow bounceInUp\" style=\"background-image: url(https:\/\/www.solargard.com\/wp-content\/uploads\/2016\/04\/signal.png)\"  data-wow-delay=\"0.5s\"><\/div><h4>Enerji ve Parada Tasarruf edin<\/h4><h5><\/h5><p>Y\u0131l boyunca so\u011futma ve \u0131s\u0131tma masraflar\u0131ndan tasarruf edin<\/p><\/div>[\/vc_column_inner][vc_column_inner width=&#8221;1\/4&#8243;]<div class=\"content-icon text-left\"><div class=\"content-link-image wow bounceInUp\" style=\"background-image: url(https:\/\/www.solargard.com\/wp-content\/uploads\/2016\/04\/glare_2.png)\"  data-wow-delay=\"0.75s\"><\/div><h4>UV Korumas\u0131<\/h4><h5><\/h5><p>\u0130nsanlar\u0131 ve m\u00fcnk\u00fcn\u00fcz\u00fc zararl\u0131 UV \u0131\u015f\u0131nlar\u0131na kar\u015f\u0131 &gt;%99 dan fazla koruyabilirsiniz.<\/p><\/div>[\/vc_column_inner][vc_column_inner width=&#8221;1\/4&#8243;]<div class=\"content-icon text-left\"><div class=\"content-link-image wow bounceInUp\" style=\"background-image: url(https:\/\/www.solargard.com\/wp-content\/uploads\/2016\/04\/earth.png)\"  data-wow-delay=\"1s\"><\/div><h4>Ekolojik Dostunuz<\/h4><h5><\/h5><p>\u00c7evresel s\u00fcrd\u00fcrebilirli\u011fi destekler<\/p><\/div>[\/vc_column_inner][\/vc_row_inner][vc_tta_accordion active_section=&#8221;0&#8243; collapsible_all=&#8221;true&#8221;][vc_tta_section title=&#8221;Eylemdeki Faydalar (Buraya T\u0131klay\u0131n):&#8221; tab_id=&#8221;1470865514887-83a086a4-b377&#8243;][vc_single_image image=&#8221;46019&#8243; img_size=&#8221;full&#8221; alignment=&#8221;center&#8221;][\/vc_tta_section][\/vc_tta_accordion][\/vc_column][\/vc_row][vc_row full_width=&#8221;stretch_row&#8221; top_margin=&#8221;2x&#8221; bottom_margin=&#8221;2x&#8221;][vc_column][vc_row_inner css=&#8221;.vc_custom_1470781261444{border-radius: 2px !important;}&#8221;][vc_column_inner width=&#8221;1\/2&#8243;][vc_raw_html]JTNDaDMlMjBzdHlsZSUzRCUyMnRleHQtYWxpZ24lM0ElMjBjZW50ZXIlM0IlMjBjb2xvciUzQSUyMCUyMzAwN0RCMSUzQiUyMGZvbnQtc2l6ZSUzQSUyMDI3cHglM0IlMjIlM0UlM0NzdHJvbmclM0VZQVolM0MlMkZzdHJvbmclM0UlM0MlMkZoMyUzRSUwQSUzQ2JyJTJGJTNFJTBB[\/vc_raw_html][vc_single_image image=&#8221;51413&#8243; img_size=&#8221;full&#8221; alignment=&#8221;center&#8221;][vc_raw_html]JTNDYnIlMkYlM0UlMEElM0NiciUyRiUzRSUzQ3AlMjBzdHlsZSUzRCUyMnRleHQtYWxpZ24lM0ElMjBjZW50ZXIlM0IlMjBmb250LXNpemUlM0ElMjAxNy41cHglM0IlMjIlM0VFY29sdXglMjdsZSUyMHlheiUzQSUyME5vcm1hbGRlJTIwcmFoYXRzJUM0JUIxeiUyMGVkaWNpJTIwZGVyZWNlZGUlMjBzJUM0JUIxY2FrJTIwb2xhbiUyMG9kYWxhciUyMGtvbmZvcnVudSUyMGtvcnVtYWslMjBpJUMzJUE3aW4lMjBkYWhhJTIwYXolMjBzbyVDNCU5RnV0bWElMjBlbmVyamlzaSUyMGdlcmVrdGlyaXIuJTNDJTJGcCUzRSUwQSUzQ2JyJTJGJTNF[\/vc_raw_html][\/vc_column_inner][vc_column_inner width=&#8221;1\/2&#8243;][vc_raw_html]JTNDaDMlMjBzdHlsZSUzRCUyMnRleHQtYWxpZ24lM0ElMjBjZW50ZXIlM0IlMjBjb2xvciUzQSUyMCUyMzAwN0RCMSUzQiUyMGZvbnQtc2l6ZSUzQSUyMDI3cHglM0IlMjIlM0UlM0NzdHJvbmclM0VLSSVDNSU5RSUzQyUyRnN0cm9uZyUzRSUzQyUyRmgzJTNFJTBBJTNDYnIlMkYlM0UlMEE=[\/vc_raw_html][vc_single_image image=&#8221;45923&#8243; img_size=&#8221;full&#8221; alignment=&#8221;center&#8221;][vc_raw_html]JTNDYnIlMkYlM0UlMEElM0NiciUyRiUzRSUzQ3AlMjBzdHlsZSUzRCUyMnRleHQtYWxpZ24lM0ElMjBjZW50ZXIlM0IlMjBmb250LXNpemUlM0ElMjAxNy41cHglM0IlMjIlM0VFY29sdXglMjdsdSUyMGslQzQlQjElQzUlOUYlM0ElMjAlQzQlQjAlQzMlQTclMjBtZWthbiUyMHMlQzQlQjFjYWtsJUM0JUIxJUM0JTlGJUM0JUIxJTJDJTIwY2FtZGFuJTIwaSVDMyVBN2VyaSUyMGdlcmklMjB5YW5zJUM0JUIxdCVDNCVCMWwlQzQlQjFyJTIwdmUlMjBiJUMzJUI2eWxlY2UlMjByYWhhdCUyMGJpciUyMG9ydGFtJTIwc2ElQzQlOUZsYW1hayUyMGklQzMlQTdpbiUyMGdlcmVrbGklMjBvbGFuJTIwJUM0JUIxcyVDNCVCMXRtYSUyMGVuZXJqaXNpJTIwYXphbHQlQzQlQjFsJUM0JUIxci4lM0MlMkZwJTNFJTBBJTNDYnIlMkYlM0U=[\/vc_raw_html][\/vc_column_inner][\/vc_row_inner][\/vc_column][\/vc_row][vc_row full_width=&#8221;stretch_row&#8221; css=&#8221;.vc_custom_1470867641390{background-color: #eeeeee !important;}&#8221;][vc_column width=&#8221;1\/2&#8243;][vc_raw_html]JTNDYnIlMkYlM0UlMEElM0NiciUyRiUzRSUwQSUzQ2JyJTJGJTNFJTBBJTNDYnIlMkYlM0UlMEElM0NoMyUyMHN0eWxlJTNEJTIydGV4dC1hbGlnbiUzQSUyMGNlbnRlciUzQiUyMGNvbG9yJTNBJTIwJTIzMDA3REIxJTNCJTIwZm9udC1zaXplJTNBJTIwMjdweCUzQiUyMiUzRSUzQ3N0cm9uZyUzRUhlciUyMHBlbmNlcmV5aSUyMGVuZXJqaSUyMHRhc2FycnVmdSUyMHNhJUM0JTlGbGF5YW4lMjBiaXIlMjBzaXN0ZW0lMjBoYWxpbmUlMjBnZXRpcmluJTIwLi4uJTNDJTJGc3Ryb25nJTNFJTNDJTJGaDMlM0U=[\/vc_raw_html][vc_raw_html]JTNDaDMlMjBzdHlsZSUzRCUyMnRleHQtYWxpZ24lM0ElMjBjZW50ZXIlM0IlMjBjb2xvciUzQSUyMCUyMzIzMUYyMCUzQiUyMGxpbmUtaGVpZ2h0JTNBJTIwMiUzQiUyMGZvbnQtc2l6ZSUzQSUyMDEzLjVweCUzQiUyMiUzRUhlciUyMHBlbmNlcmV5aSUyMGVuZXJqaSUyMHRhc2FycnVmbHUlMjBiaXIlMjBzaXN0ZW1lJTIwZCVDMyVCNm4lQzMlQkMlQzUlOUZ0JUMzJUJDciVDMyVCQ3IuJTIwU29sYXIlMjBHYXJkJTIwRWNvbHV4JTIwTG93LUUlMjBmaWxtaSUyQyUyMHJhaGF0bCVDNCVCMSVDNCU5RiVDNCVCMSUyMGFydHQlQzQlQjFyJUM0JUIxcCUyMGVuZXJqaSUyMGt1bGxhbiVDNCVCMW0lQzQlQjFuJUM0JUIxJTIwYXphbHRhcmFrJTIwZGVua2xlbWluJTIwZGVuZ2VsZW5tZXNpbmUlMjB5YXJkJUM0JUIxbWMlQzQlQjElMjBvbHVyLiUyMEV2aW5pemluJTIwdmV5YSUyMGJpbmFuJUM0JUIxeiVDNCVCMW4lMjBwZW5jZXJlbGVyaW5pbiUyMHZhciUyMG9sYW4lMjBwZXJmb3JtYW5zJUM0JUIxbiVDNCVCMSUyMGRlJUM0JTlGaSVDNSU5RnRpcm1lJTIwbWFsaXlldGluZGVuJTIwJUMzJUE3b2slMjBkYWhhJTIwZCVDMyVCQyVDNSU5RiVDMyVCQ2slMjBtYWxpeWV0bGUlMjBhcnR0JUM0JUIxcmFiaWxpcnNpbml6LiUzQyUyRmgzJTNFJTBBJTNDYnIlMkYlM0U=[\/vc_raw_html][vc_tta_accordion active_section=&#8221;0&#8243; collapsible_all=&#8221;true&#8221;][vc_tta_section title=&#8221;ROI Detaylar\u0131 (Buraya T\u0131klay\u0131n):&#8221; tab_id=&#8221;1470854663946-8bd99bfc-2326&#8243;][vc_raw_html]JTNDYnIlMkYlM0UlMEElM0N1bCUzRSUwQSUzQ2xpJTIwc3R5bGUlM0QlMjJsaW5lLWhlaWdodCUzQSUyMDIlM0IlMjBmb250LXNpemUlM0ElMjAxMy41cHglM0IlMjIlM0VLYXJib24lMjBrdWxsYW4lQzQlQjFtJUM0JUIxbiVDNCVCMSUyMGF6YWx0JUM0JUIxcCUyMHMlQzMlQkNyZCVDMyVCQ3IlQzMlQkNsZWJpbGlyJTIwYmlyJTIwaXlpbGUlQzUlOUZ0aXJtZSUyMHNhJUM0JTlGbGFyLiUzQyUyRmxpJTNFJTBBJTNDbGklMjBzdHlsZSUzRCUyMmxpbmUtaGVpZ2h0JTNBJTIwMiUzQiUyMGZvbnQtc2l6ZSUzQSUyMDEzLjVweCUzQiUyMiUzRU1hbGl5ZXRsZXJpJTIwZGUlQzQlOUZpJUM1JTlGdGlyaWxlY2VrJTIweWVuaSUyMGNhbWRhbiUyMCVDMyVCNm5lbWxpJTIwJUMzJUI2bCVDMyVBNyVDMyVCQ2RlJTIwZGFoYSUyMGQlQzMlQkMlQzUlOUYlQzMlQkNrdCVDMyVCQ3IuJTNDJTJGbGklM0UlMEElM0NsaSUyMHN0eWxlJTNEJTIybGluZS1oZWlnaHQlM0ElMjAyJTNCJTIwZm9udC1zaXplJTNBJTIwMTMuNXB4JTNCJTIyJTNFUHJvZmVzeW9uZWwlMjBtb250YWouJTNDJTJGbGklM0UlMEElM0NsaSUyMHN0eWxlJTNEJTIybGluZS1oZWlnaHQlM0ElMjAyJTNCJTIwZm9udC1zaXplJTNBJTIwMTMuNXB4JTNCJTIyJTNFS3VydWx1bSUyMHMlQzQlQjFyYXMlQzQlQjFuZGElMjBtaW5pbXVtJTIwYWtzYW1hJTIwdmV5YSUyMHJhaGF0cyVDNCVCMXpsJUM0JUIxayUyMC0lMjB0aWNhcmklMjBiaW5hbGFyJTJDJTIwaGFzdGFuZWxlciUyMHZlJTIwa29udXRsYXJkYSUyMHlhJUM1JTlGYXlhbmxhciUyMGklQzMlQTdpbiUyMCVDMyVCNm5lbWxpZGlyLiUzQyUyRmxpJTNFJTBBJTNDJTJGdWwlM0UlMEElM0NiciUyRiUzRQ==[\/vc_raw_html][\/vc_tta_section][\/vc_tta_accordion][\/vc_column][vc_column width=&#8221;1\/2&#8243;][vc_row_inner][vc_column_inner][vc_single_image image=&#8221;45941&#8243; img_size=&#8221;full&#8221; alignment=&#8221;center&#8221;][\/vc_column_inner][\/vc_row_inner][\/vc_column][\/vc_row][vc_row][vc_column width=&#8221;1\/2&#8243;][vc_row_inner][vc_column_inner][vc_single_image image=&#8221;46001&#8243; img_size=&#8221;full&#8221; alignment=&#8221;center&#8221;][\/vc_column_inner][\/vc_row_inner][\/vc_column][vc_column width=&#8221;1\/2&#8243;][vc_raw_html]JTNDYnIlMkYlM0UlMEElM0NiciUyRiUzRSUwQSUzQ2JyJTJGJTNFJTBBJTNDYnIlMkYlM0UlMEElM0NoMyUyMHN0eWxlJTNEJTIydGV4dC1hbGlnbiUzQSUyMGNlbnRlciUzQiUyMGNvbG9yJTNBJTIwJTIzMDA3REIxJTNCJTIwZm9udC1zaXplJTNBJTIwMjdweCUzQiUyMiUzRSUzQ3N0cm9uZyUzRUVORVJKJUM0JUIwJTIwVEFTQVJSVUZVJTNDJTJGc3Ryb25nJTNFJTNDJTJGaDMlM0U=[\/vc_raw_html][vc_raw_html]JTNDaDMlMjBzdHlsZSUzRCUyMnRleHQtYWxpZ24lM0ElMjBjZW50ZXIlM0IlMjBjb2xvciUzQSUyMCUyMzIzMUYyMCUzQiUyMGxpbmUtaGVpZ2h0JTNBJTIwMiUzQiUyMGZvbnQtc2l6ZSUzQSUyMDEzLjVweCUzQiUyMiUzRSVDMyU4N2V2cmUlMjBkb3N0dSUyMG9sYW4lMjBFY29sdXglMjBMb3ctRSUyMGNhbSUyMGZpbG1pJTJDJTIwZW5lcmppJTIwdmUlMjBrYXJib24lMjB0YXNhcnJ1ZnVuYSUyMHlhcmQlQzQlQjFtYyVDNCVCMSUyMG9sdXIuJTIwTG93LWUlMjBrYXBsYW1heSVDNCVCMSUyMGclQzMlQkNuZSVDNSU5RiUyMGtvbnRyb2wlMjAlQzMlQjZ6ZWxsaWtsZXJpJTIwaWxlJTIwYmlybGUlQzUlOUZ0aXJlcmVrJTJDJTIwZyVDMyVCQ25lJUM1JTlGJTIwa29udHJvbCUyMGZpbG1sZXJpbmRlbiUyMGRhaGElMjBpeWklMjBwZXJmb3JtYW5zJTIwZyVDMyVCNnN0ZXJlbiUyMHllbmlsaWslQzMlQTdpJTIwYmlyJTIwY2FtJTIwaXpvbGFzeW9ubHUlMjBmaWxtJTIwdGVrbm9sb2ppc2luZSUyMHNhaGlwdGlyLiUzQyUyRmgzJTNFJTBBJTNDYnIlMkYlM0U=[\/vc_raw_html][vc_tta_accordion active_section=&#8221;0&#8243; collapsible_all=&#8221;true&#8221;][vc_tta_section title=&#8221;Enerji Tasarrufu Detaylar\u0131 (Buraya T\u0131klay\u0131n\u0131z):&#8221; tab_id=&#8221;1470855804765-74d85a15-5662&#8243;][vc_raw_html]JTNDYnIlMkYlM0UlMEElM0N1bCUzRSUwQSUzQ2xpJTIwc3R5bGUlM0QlMjJsaW5lLWhlaWdodCUzQSUyMDIlM0IlMjBmb250LXNpemUlM0ElMjAxMy41cHglM0IlMjIlM0VJcyVDNCVCMXRtYSUyMHZlJTIwc28lQzQlOUZ1dG1hJTIwaSVDMyVBN2luJTIwaGVyJTIweSVDNCVCMWwlMjBlbmVyamklMjB0YXNhcnJ1ZnUlMjBzYSVDNCU5RmxhciUzQyUyRmxpJTNFJTBBJTNDbGklMjBzdHlsZSUzRCUyMmxpbmUtaGVpZ2h0JTNBJTIwMiUzQiUyMGZvbnQtc2l6ZSUzQSUyMDEzLjVweCUzQiUyMiUzRVMlQzQlQjFjYWslMjBnJUMzJUJDbmxlciUyMHZlJTIwZ2VjZWxlciUyMGRlJTIwZCVDNCVCMSVDNSU5RmFyJUM0JUIxZGFuJTIwZ2VsZWNlayUyMCVDNCVCMXMlQzQlQjF5JUM0JUIxJTIwZ2VyaSUyMCVDMyVBN2V2aXJpci4lM0MlMkZsaSUzRSUwQSUzQ2xpJTIwc3R5bGUlM0QlMjJsaW5lLWhlaWdodCUzQSUyMDIlM0IlMjBmb250LXNpemUlM0ElMjAxMy41cHglM0IlMjIlM0VTbyVDNCU5RnVrJTIwZyVDMyVCQ25sZXJkZSUyMG9kYWRhJTIwa2klMjAlQzQlQjFzJUM0JUIxeSVDNCVCMSUyMGhhcHNlZGVyLiUzQyUyRmxpJTNFJTBBJTNDbGklMjBzdHlsZSUzRCUyMmxpbmUtaGVpZ2h0JTNBJTIwMiUzQiUyMGZvbnQtc2l6ZSUzQSUyMDEzLjVweCUzQiUyMiUzRU1lcmtlemklMjAlQzQlQjFzJUM0JUIxdG1hJTIwdmUlMjBzbyVDNCU5RnV0bWElMjBrdWxsYW4lQzQlQjFtJUM0JUIxbiVDNCVCMSUyMGF6YWx0bWF5YSUyMHlhcmQlQzQlQjFtYyVDNCVCMSUyMG9sdXIuJTNDJTJGbGklM0UlMEElM0NsaSUyMHN0eWxlJTNEJTIybGluZS1oZWlnaHQlM0ElMjAyJTNCJTIwZm9udC1zaXplJTNBJTIwMTMuNXB4JTNCJTIyJTNFSGVyJTIwbWV2c2ltZGUlMjBkYWhhJTIwa29uZm9ybHUlMjBiaXIlMjBzJUM0JUIxY2FrbCVDNCVCMWslMjBpbGUlMjAlQzQlQjFzJUM0JUIxbiVDNCVCMW4lQzQlQjFuJTIwZyVDMyVCQ25kJUMzJUJDeiUyMHZlJTIwZ2VjZSUyMGRhaGElMjB2ZXJpbWxpJTIwa3VsbGFuJUM0JUIxbG1hcyVDNCVCMW5hJTIwbmVkZW4lMjBvbHVyLiUzQyUyRmxpJTNFJTBBJTNDbGklMjBzdHlsZSUzRCUyMmxpbmUtaGVpZ2h0JTNBJTIwMiUzQiUyMGZvbnQtc2l6ZSUzQSUyMDEzLjVweCUzQiUyMiUzRUNpbHQlMjBrYW5zZXJpJTIwb2xtYSUyMHJpc2tpbmklMjBhemFsdG1hZGElMjBTUEYlMjBkZXJlY2VzaSUyMDcwMCUyQiUyMGlsZSUyMGtvcnVtYSUyMHNhJUM0JTlGbGFyJTBBTW9iaWx5YSUyMHZlJTIwemVtaW5sZXJkZWtpJTIwc29sbWF5JUM0JUIxJTIwJUMzJUI2bmxlbWVrJTIwaSVDMyVBN2luJTIwVVYlMjAlQzQlQjElQzUlOUYlQzQlQjFubGFyJUM0JUIxbiVDNCVCMW4lMjUlMjA5OSUyN3VudSUyMGdlcmklMjB5YW5zJUM0JUIxdCVDNCVCMXIuJTBBJTNDJTJGbGklM0UlMEElM0MlMkZ1bCUzRSUwQSUzQ2JyJTJGJTNF[\/vc_raw_html][\/vc_tta_section][\/vc_tta_accordion][\/vc_column][\/vc_row][vc_row full_width=&#8221;stretch_row&#8221; css=&#8221;.vc_custom_1470867641390{background-color: #eeeeee !important;}&#8221;][vc_column width=&#8221;1\/2&#8243;]<div class=\"section-title text-center\"><h4 class=\"upper normal-title\">ECOLUX HAKKIDAN DAHA FAZLA B\u0130LG\u0130 \u0130\u00c7\u0130N<\/h4><\/div>[vc_btn title=&#8221;BANA ANLAT&#8221; color=&#8221;primary&#8221; align=&#8221;center&#8221; link=&#8221;url:http%3A%2F%2Fwww.solargard.com%2Ftr%2Fproduct%2Fecolux%2F|title:Product%20Page||&#8221;][\/vc_column][vc_column width=&#8221;1\/2&#8243;]<div class=\"section-title text-center\"><h4 class=\"upper normal-title\">UYGULAMA YAPTIRMAYA HAZIRMISINIZ?<\/h4><\/div>[vc_btn title=&#8221;PROFESYONEL BUL&#8221; color=&#8221;primary&#8221; align=&#8221;center&#8221; link=&#8221;url:http%3A%2F%2Fwww.solargard.com%2Ftr%2Ffind-a-dealer%2F|title:PROFESYONEL%20BUL||&#8221;][\/vc_column][\/vc_row]<\/p>\n<\/div>","protected":false},"excerpt":{"rendered":"<p>[vc_row css=&#8221;.vc_custom_1470768685583{background-color: #ffffff !important;}&#8221;][vc_column width=&#8221;1\/2&#8243;][vc_raw_html]JTBBJTNDaDElMjBzdHlsZSUzRCUyMnRleHQtYWxpZ24lM0ElMjBsZWZ0JTNCJTIwY29sb3IlM0ElMjAlMjMwMDdEQjElM0IlMjBmb250LXNpemUlM0ElMjAyN3B4JTNCJTIyJTNFJTNDc3Ryb25nJTNFTiVDNCVCMCVDMyU4NyVDNCVCME4lMjBFQ09MVVglM0MlMkZzdHJvbmclM0UlM0MlMkZoMSUzRQ==[\/vc_raw_html][vc_raw_html]JTNDaDMlMjBzdHlsZSUzRCUyMnRleHQtYWxpZ24lM0ElMjBsZWZ0JTNCJTIwY29sb3IlM0ElMjAlMjMyMzFGMjAlM0IlMjBmb250LXNpemUlM0ElMjAxNy41cHglM0IlMjIlM0UlM0NzdHJvbmclM0VZJUM0JUIxbCUyMGJveXVuY2ElMjBrb25mb3JsdSUyMG9kYSUyMHMlQzQlQjFjYWtsJUM0JUIxJUM0JTlGJUM0JUIxJTIwaWxlJTIwZW5lcmppJTIwdGFzYXJydWZ1JTIwdmUlMjB0YXNhcnJ1ZnVudXp1biUyMGNlYmluaXpkZSUyMGthbG1hcyVDNCVCMSUyMGlsZSUyMHlhJUM1JTlGYW0lMjBhbGFuJUM0JUIxbiVDNCVCMXolQzQlQjFuJTIwJUM0JUIxcyVDNCVCMXMlQzQlQjFuJUM0JUIxJTIwa29udHJvbCUyMGVkaW4uJTNDJTJGc3Ryb25nJTNFJTNDJTJGaDMlM0U=[\/vc_raw_html][vc_raw_html]JTNDYnIlMkYlM0UlMEElM0NwJTIwc3R5bGUlM0QlMjJ0ZXh0LWFsaWduJTNBJTIwbGVmdCUzQiUyMGxpbmUtaGVpZ2h0JTNBJTIwMiUzQiUyMGZvbnQtc2l6ZSUzQSUyMDEzLjVweCUzQiUyMiUzRVllbmklMjBuZXNpbCUyMCVDMyVBN2lmdCUyMGlrbGltbGklMjBwZW5jZXJlJTIwZmlsbWklMjBFY29sdXglMjBMb3ctRSUyMGlsZSUyMHRhbiVDNCVCMSVDNSU5RiVDNCVCMW4uJTIwRWNvbHV4JTIwdGVrbm9sb2ppc2klMjBvbGR1ayVDMyVBN2ElMjBzb2Zpc3Rpa2UlMkMlMjBhbmNhayUyMHBlcmZvcm1hbnMlQzQlQjElMjBpJUMzJUE3JTIwbWVrYW5kYSUyMGtpJTIwZXRraW5saWtsZXJpbml6aW4lMjBrZXlmaW5pJTIwJUMzJUE3JUM0JUIxa2FybWFuJUM0JUIxeiVDNCVCMSUyMGtvbGF5bGElQzUlOUZ0JUM0JUIxcmFjYWt0JUM0JUIxci4lMjAlQzMlODdpZnQlMjBldGtpbGklMjBFY29sdXglMjBmaWxtaSUyMHlheiUyMGF5bGFyJUM0JUIxbmRhJTIwJUM0JUIxcyVDNCVCMXklQzQlQjElMjB5YW5zJUM0JUIxdG1heWElMjB5YXJkJUM0JUIxbWMlQzQlQjElMjBvbHVyJTIwdmUlMjBrJUM0JUIxJUM1JTlGJTIwYm95dW5jYSUyMCVDNCVCMXMlQzQlQjF5JUM0JUIxJTIwaSVDMyVBN2VyaWRlJTIwdHV0YXIuJTNDJTJGcCUzRSUwQSUzQ2JyJTJGJTNF[\/vc_raw_html][\/vc_column][vc_column width=&#8221;1\/2&#8243;][vc_single_image image=&#8221;46069&#8243; img_size=&#8221;full&#8221; alignment=&#8221;center&#8221;][\/vc_column][\/vc_row][vc_row full_width=&#8221;stretch_row&#8221; top_margin=&#8221;2x&#8221; bottom_margin=&#8221;2x&#8221; css=&#8221;.vc_custom_1470771195669{background-color: #eeeeee !important;}&#8221;][vc_column][vc_row_inner][vc_column_inner][vc_raw_html]JTNDaDMlMjBzdHlsZSUzRCUyMnRleHQtYWxpZ24lM0ElMjBjZW50ZXIlM0IlMjBjb2xvciUzQSUyMCUyMzAwN0RCMSUzQiUyMGZvbnQtc2l6ZSUzQSUyMDI3cHglM0IlMjIlM0UlM0NzdHJvbmclM0VFQ09MVVglMjdVTiUyMEZBWURBTEFSSSUzQSUzQyUyRnN0cm9uZyUzRSUzQyUyRmgzJTNFJTBBJTNDYnIlMkYlM0UlMEE=[\/vc_raw_html][vc_raw_html]JTNDcCUyMHN0eWxlJTNEJTIydGV4dC1hbGlnbiUzQSUyMGNlbnRlciUzQiUyMGZvbnQtc2l6ZSUzQSUyMDE3LjVweCUzQiUyMiUzRUNhbSVDNCVCMW4lMjB5YWwlQzQlQjF0JUM0JUIxbSUyMGthYmlsaXlldGluaSUyMCUyNSUyMDQ0JTIwb3JhbiVDNCVCMW5kYSUyMGdlbGklQzUlOUZ0aXJpciUyQyUyMGIlQzMlQjZ5bGVjZSUyMGVuZXJqaSUyMHRhc2FycnVmdSUyMGklQzMlQTdpbiUyMGRvJUM0JTlGcnUlMjB5ZXJkZSUyMG9sZHUlQzQlOUZ1bnV6dSUyMGhpc3NlZGVjZWtzaW5pei4lM0MlMkZwJTNFJTBBJTNDYnIlMkYlM0UlMEElM0NiciUyRiUzRQ==[\/vc_raw_html][\/vc_column_inner][\/vc_row_inner][vc_row_inner][vc_column_inner width=&#8221;1\/4&#8243;][\/vc_column_inner][vc_column_inner width=&#8221;1\/4&#8243;][\/vc_column_inner][vc_column_inner width=&#8221;1\/4&#8243;][\/vc_column_inner][vc_column_inner width=&#8221;1\/4&#8243;][\/vc_column_inner][\/vc_row_inner][vc_tta_accordion active_section=&#8221;0&#8243; collapsible_all=&#8221;true&#8221;][vc_tta_section title=&#8221;Eylemdeki Faydalar (Buraya T\u0131klay\u0131n):&#8221; tab_id=&#8221;1470865514887-83a086a4-b377&#8243;][vc_single_image image=&#8221;46019&#8243; img_size=&#8221;full&#8221; alignment=&#8221;center&#8221;][\/vc_tta_section][\/vc_tta_accordion][\/vc_column][\/vc_row][vc_row full_width=&#8221;stretch_row&#8221; top_margin=&#8221;2x&#8221; bottom_margin=&#8221;2x&#8221;][vc_column][vc_row_inner css=&#8221;.vc_custom_1470781261444{border-radius: 2px !important;}&#8221;][vc_column_inner width=&#8221;1\/2&#8243;][vc_raw_html]JTNDaDMlMjBzdHlsZSUzRCUyMnRleHQtYWxpZ24lM0ElMjBjZW50ZXIlM0IlMjBjb2xvciUzQSUyMCUyMzAwN0RCMSUzQiUyMGZvbnQtc2l6ZSUzQSUyMDI3cHglM0IlMjIlM0UlM0NzdHJvbmclM0VZQVolM0MlMkZzdHJvbmclM0UlM0MlMkZoMyUzRSUwQSUzQ2JyJTJGJTNFJTBB[\/vc_raw_html][vc_single_image image=&#8221;51413&#8243; img_size=&#8221;full&#8221; alignment=&#8221;center&#8221;][vc_raw_html]JTNDYnIlMkYlM0UlMEElM0NiciUyRiUzRSUzQ3AlMjBzdHlsZSUzRCUyMnRleHQtYWxpZ24lM0ElMjBjZW50ZXIlM0IlMjBmb250LXNpemUlM0ElMjAxNy41cHglM0IlMjIlM0VFY29sdXglMjdsZSUyMHlheiUzQSUyME5vcm1hbGRlJTIwcmFoYXRzJUM0JUIxeiUyMGVkaWNpJTIwZGVyZWNlZGUlMjBzJUM0JUIxY2FrJTIwb2xhbiUyMG9kYWxhciUyMGtvbmZvcnVudSUyMGtvcnVtYWslMjBpJUMzJUE3aW4lMjBkYWhhJTIwYXolMjBzbyVDNCU5RnV0bWElMjBlbmVyamlzaSUyMGdlcmVrdGlyaXIuJTNDJTJGcCUzRSUwQSUzQ2JyJTJGJTNF[\/vc_raw_html][\/vc_column_inner][vc_column_inner width=&#8221;1\/2&#8243;][vc_raw_html]JTNDaDMlMjBzdHlsZSUzRCUyMnRleHQtYWxpZ24lM0ElMjBjZW50ZXIlM0IlMjBjb2xvciUzQSUyMCUyMzAwN0RCMSUzQiUyMGZvbnQtc2l6ZSUzQSUyMDI3cHglM0IlMjIlM0UlM0NzdHJvbmclM0VLSSVDNSU5RSUzQyUyRnN0cm9uZyUzRSUzQyUyRmgzJTNFJTBBJTNDYnIlMkYlM0UlMEE=[\/vc_raw_html][vc_single_image image=&#8221;45923&#8243; img_size=&#8221;full&#8221; alignment=&#8221;center&#8221;][vc_raw_html]JTNDYnIlMkYlM0UlMEElM0NiciUyRiUzRSUzQ3AlMjBzdHlsZSUzRCUyMnRleHQtYWxpZ24lM0ElMjBjZW50ZXIlM0IlMjBmb250LXNpemUlM0ElMjAxNy41cHglM0IlMjIlM0VFY29sdXglMjdsdSUyMGslQzQlQjElQzUlOUYlM0ElMjAlQzQlQjAlQzMlQTclMjBtZWthbiUyMHMlQzQlQjFjYWtsJUM0JUIxJUM0JTlGJUM0JUIxJTJDJTIwY2FtZGFuJTIwaSVDMyVBN2VyaSUyMGdlcmklMjB5YW5zJUM0JUIxdCVDNCVCMWwlQzQlQjFyJTIwdmUlMjBiJUMzJUI2eWxlY2UlMjByYWhhdCUyMGJpciUyMG9ydGFtJTIwc2ElQzQlOUZsYW1hayUyMGklQzMlQTdpbiUyMGdlcmVrbGklMjBvbGFuJTIwJUM0JUIxcyVDNCVCMXRtYSUyMGVuZXJqaXNpJTIwYXphbHQlQzQlQjFsJUM0JUIxci4lM0MlMkZwJTNFJTBBJTNDYnIlMkYlM0U=[\/vc_raw_html][\/vc_column_inner][\/vc_row_inner][\/vc_column][\/vc_row][vc_row full_width=&#8221;stretch_row&#8221; css=&#8221;.vc_custom_1470867641390{background-color: #eeeeee !important;}&#8221;][vc_column width=&#8221;1\/2&#8243;][vc_raw_html]JTNDYnIlMkYlM0UlMEElM0NiciUyRiUzRSUwQSUzQ2JyJTJGJTNFJTBBJTNDYnIlMkYlM0UlMEElM0NoMyUyMHN0eWxlJTNEJTIydGV4dC1hbGlnbiUzQSUyMGNlbnRlciUzQiUyMGNvbG9yJTNBJTIwJTIzMDA3REIxJTNCJTIwZm9udC1zaXplJTNBJTIwMjdweCUzQiUyMiUzRSUzQ3N0cm9uZyUzRUhlciUyMHBlbmNlcmV5aSUyMGVuZXJqaSUyMHRhc2FycnVmdSUyMHNhJUM0JTlGbGF5YW4lMjBiaXIlMjBzaXN0ZW0lMjBoYWxpbmUlMjBnZXRpcmluJTIwLi4uJTNDJTJGc3Ryb25nJTNFJTNDJTJGaDMlM0U=[\/vc_raw_html][vc_raw_html]JTNDaDMlMjBzdHlsZSUzRCUyMnRleHQtYWxpZ24lM0ElMjBjZW50ZXIlM0IlMjBjb2xvciUzQSUyMCUyMzIzMUYyMCUzQiUyMGxpbmUtaGVpZ2h0JTNBJTIwMiUzQiUyMGZvbnQtc2l6ZSUzQSUyMDEzLjVweCUzQiUyMiUzRUhlciUyMHBlbmNlcmV5aSUyMGVuZXJqaSUyMHRhc2FycnVmbHUlMjBiaXIlMjBzaXN0ZW1lJTIwZCVDMyVCNm4lQzMlQkMlQzUlOUZ0JUMzJUJDciVDMyVCQ3IuJTIwU29sYXIlMjBHYXJkJTIwRWNvbHV4JTIwTG93LUUlMjBmaWxtaSUyQyUyMHJhaGF0bCVDNCVCMSVDNCU5RiVDNCVCMSUyMGFydHQlQzQlQjFyJUM0JUIxcCUyMGVuZXJqaSUyMGt1bGxhbiVDNCVCMW0lQzQlQjFuJUM0JUIxJTIwYXphbHRhcmFrJTIwZGVua2xlbWluJTIwZGVuZ2VsZW5tZXNpbmUlMjB5YXJkJUM0JUIxbWMlQzQlQjElMjBvbHVyLiUyMEV2aW5pemluJTIwdmV5YSUyMGJpbmFuJUM0JUIxeiVDNCVCMW4lMjBwZW5jZXJlbGVyaW5pbiUyMHZhciUyMG9sYW4lMjBwZXJmb3JtYW5zJUM0JUIxbiVDNCVCMSUyMGRlJUM0JTlGaSVDNSU5RnRpcm1lJTIwbWFsaXlldGluZGVuJTIwJUMzJUE3b2slMjBkYWhhJTIwZCVDMyVCQyVDNSU5RiVDMyVCQ2slMjBtYWxpeWV0bGUlMjBhcnR0JUM0JUIxcmFiaWxpcnNpbml6LiUzQyUyRmgzJTNFJTBBJTNDYnIlMkYlM0U=[\/vc_raw_html][vc_tta_accordion active_section=&#8221;0&#8243; collapsible_all=&#8221;true&#8221;][vc_tta_section title=&#8221;ROI Detaylar\u0131 (Buraya T\u0131klay\u0131n):&#8221; tab_id=&#8221;1470854663946-8bd99bfc-2326&#8243;][vc_raw_html]JTNDYnIlMkYlM0UlMEElM0N1bCUzRSUwQSUzQ2xpJTIwc3R5bGUlM0QlMjJsaW5lLWhlaWdodCUzQSUyMDIlM0IlMjBmb250LXNpemUlM0ElMjAxMy41cHglM0IlMjIlM0VLYXJib24lMjBrdWxsYW4lQzQlQjFtJUM0JUIxbiVDNCVCMSUyMGF6YWx0JUM0JUIxcCUyMHMlQzMlQkNyZCVDMyVCQ3IlQzMlQkNsZWJpbGlyJTIwYmlyJTIwaXlpbGUlQzUlOUZ0aXJtZSUyMHNhJUM0JTlGbGFyLiUzQyUyRmxpJTNFJTBBJTNDbGklMjBzdHlsZSUzRCUyMmxpbmUtaGVpZ2h0JTNBJTIwMiUzQiUyMGZvbnQtc2l6ZSUzQSUyMDEzLjVweCUzQiUyMiUzRU1hbGl5ZXRsZXJpJTIwZGUlQzQlOUZpJUM1JTlGdGlyaWxlY2VrJTIweWVuaSUyMGNhbWRhbiUyMCVDMyVCNm5lbWxpJTIwJUMzJUI2bCVDMyVBNyVDMyVCQ2RlJTIwZGFoYSUyMGQlQzMlQkMlQzUlOUYlQzMlQkNrdCVDMyVCQ3IuJTNDJTJGbGklM0UlMEElM0NsaSUyMHN0eWxlJTNEJTIybGluZS1oZWlnaHQlM0ElMjAyJTNCJTIwZm9udC1zaXplJTNBJTIwMTMuNXB4JTNCJTIyJTNFUHJvZmVzeW9uZWwlMjBtb250YWouJTNDJTJGbGklM0UlMEElM0NsaSUyMHN0eWxlJTNEJTIybGluZS1oZWlnaHQlM0ElMjAyJTNCJTIwZm9udC1zaXplJTNBJTIwMTMuNXB4JTNCJTIyJTNFS3VydWx1bSUyMHMlQzQlQjFyYXMlQzQlQjFuZGElMjBtaW5pbXVtJTIwYWtzYW1hJTIwdmV5YSUyMHJhaGF0cyVDNCVCMXpsJUM0JUIxayUyMC0lMjB0aWNhcmklMjBiaW5hbGFyJTJDJTIwaGFzdGFuZWxlciUyMHZlJTIwa29udXRsYXJkYSUyMHlhJUM1JTlGYXlhbmxhciUyMGklQzMlQTdpbiUyMCVDMyVCNm5lbWxpZGlyLiUzQyUyRmxpJTNFJTBBJTNDJTJGdWwlM0UlMEElM0NiciUyRiUzRQ==[\/vc_raw_html][\/vc_tta_section][\/vc_tta_accordion][\/vc_column][vc_column &hellip; <a href=\"https:\/\/www.solargard.com\/tr\/ecolux-landing\/\">Continued<\/a><\/p>\n","protected":false},"author":1,"featured_media":42811,"parent":0,"menu_order":0,"comment_status":"closed","ping_status":"closed","template":"","meta":{"_acf_changed":false,"footnotes":""},"class_list":["post-52293","page","type-page","status-publish","has-post-thumbnail","hentry"],"acf":[],"_links":{"self":[{"href":"https:\/\/www.solargard.com\/tr\/wp-json\/wp\/v2\/pages\/52293","targetHints":{"allow":["GET"]}}],"collection":[{"href":"https:\/\/www.solargard.com\/tr\/wp-json\/wp\/v2\/pages"}],"about":[{"href":"https:\/\/www.solargard.com\/tr\/wp-json\/wp\/v2\/types\/page"}],"author":[{"embeddable":true,"href":"https:\/\/www.solargard.com\/tr\/wp-json\/wp\/v2\/users\/1"}],"replies":[{"embeddable":true,"href":"https:\/\/www.solargard.com\/tr\/wp-json\/wp\/v2\/comments?post=52293"}],"version-history":[{"count":0,"href":"https:\/\/www.solargard.com\/tr\/wp-json\/wp\/v2\/pages\/52293\/revisions"}],"wp:featuredmedia":[{"embeddable":true,"href":"https:\/\/www.solargard.com\/tr\/wp-json\/wp\/v2\/media\/42811"}],"wp:attachment":[{"href":"https:\/\/www.solargard.com\/tr\/wp-json\/wp\/v2\/media?parent=52293"}],"curies":[{"name":"wp","href":"https:\/\/api.w.org\/{rel}","templated":true}]}}