{"id":53124,"date":"2016-08-19T23:34:49","date_gmt":"2016-08-19T23:34:49","guid":{"rendered":"https:\/\/www.solargard.com\/tr\/school-safety\/"},"modified":"2026-01-12T04:40:52","modified_gmt":"2026-01-12T12:40:52","slug":"okullarda-guvenlik-ve-koruma","status":"publish","type":"page","link":"https:\/\/www.solargard.com\/tr\/okullarda-guvenlik-ve-koruma\/","title":{"rendered":"OKULLARDA G\u00dcVENL\u0130K VE KORUMA"},"content":{"rendered":"<div class=\"wpb-content-wrapper\"><p>[vc_row full_width=&#8221;stretch_row&#8221; top_margin=&#8221;sm&#8221; css=&#8221;.vc_custom_1473798246340{background-color: #eeeeee !important;}&#8221;][vc_column][vc_row_inner][vc_column_inner][vc_column_text]<\/p>\n<h1 style=\"color: #007db1; font-size: 32px; text-align: center;\"><strong>OKULLARDA G\u00dcVENL\u0130K F\u0130LM\u0130N\u0130N KULLANIMININ \u00d6NEM\u0130 NED\u0130R?<\/strong><\/h1>\n<p>[\/vc_column_text][vc_column_text]<\/p>\n<p style=\"text-align: center; padding-top: 10px; color: #231f20; font-size: 17.5px;\">Solar Gard Armorcoat\u00ae G\u00fcvenlik ve Koruma Cam Filmleri, sald\u0131r\u0131 giri\u015fimini geciktirerek kritik bir koruma katman\u0131 yarat\u0131r. \u00c7arpma ve darbe durumunda par\u00e7alanm\u0131\u015f cam\u0131n bir arada tutulmas\u0131na yard\u0131mc\u0131 olur.<\/p>\n<p>[\/vc_column_text][vc_empty_space height=&#8221;64px&#8221;][vc_video link=&#8221;https:\/\/vimeo.com\/687892635&#8243; css=&#8221;&#8221;][\/vc_column_inner][\/vc_row_inner][\/vc_column][\/vc_row][vc_row][vc_column][vc_row_inner][vc_column_inner width=&#8221;1\/2&#8243;]<a href=\"http:\/\/saint-gobain-1.wistia.com\/medias\/wwd1oc2xgs?embedType=async&amp;seo=false&amp;videoFoam=true&amp;videoWidth=640\" class=\"content-link text-left\" data-modal=\"true\" target=\"_blank\" rel=\"noopener\"><div class=\"content-link-image \" style=\"background-image: url(https:\/\/www.solargard.com\/wp-content\/uploads\/2016\/08\/School-Safety-Video-2.jpg)\" ><\/div><h4>Okul G\u00fcvenli\u011finin \u00d6nemi<\/h4><h5><\/h5><\/a>[\/vc_column_inner][vc_column_inner width=&#8221;1\/2&#8243;][vc_column_text]<\/p>\n<h2 style=\"text-align: center; padding-top: 15px; color: #231f20; font-size: 22px;\"><strong>ARMOCOAT\u00ae OKULLARDA G\u00dcVENL\u0130\u011e\u0130N SA\u011eLANMASINA NASIL YARDIMCI OLUR?<\/strong><\/h2>\n<p>[\/vc_column_text][vc_column_text]<\/p>\n<p style=\"text-align: left; padding-top: 20px; line-height: 2; font-size: 13.5px;\">Solar Gard Armorcoat\u00ae G\u00fcvenlik ve Koruma Filmleri, onlarca y\u0131ld\u0131r ABD&#8217;deki en \u00f6nemli h\u00fck\u00fcmet tesislerini de i\u00e7eren d\u00fcnya \u00e7ap\u0131nda pek \u00e7ok binada kullan\u0131lmaktad\u0131r. ArmorCoat g\u00fcvenlik filmleri okullarda, kap\u0131 camlar\u0131nda, giri\u015f kat camlar\u0131nda, cam kap\u0131larda , aynalarda vb alanlarda kullan\u0131ld\u0131\u011f\u0131nda lamine camlara k\u0131yasla \u00e7ok daha uygun maliyetli bir koruma se\u00e7ene\u011fidir.<\/p>\n<p>[\/vc_column_text][\/vc_column_inner][\/vc_row_inner][\/vc_column][\/vc_row][vc_row full_width=&#8221;stretch_row&#8221; css=&#8221;.vc_custom_1471561590951{background-color: #eeeeee !important;}&#8221;][vc_column][vc_column_text]<\/p>\n<h3 style=\"text-align: center; color: #007db1; font-size: 27px;\"><span id=\"BENEFITS\"> <\/span><strong>G\u00dcVENL\u0130K F\u0130LMLER\u0130N\u0130N OKULLARDA FAYDALARI:<\/strong><\/h3>\n<p>[\/vc_column_text][vc_row_inner][vc_column_inner][vc_column_text]<\/p>\n<p style=\"text-align: center; padding-top: 30px; padding-bottom: 20px; font-size: 17.5px;\">Okulunuzu korumak i\u00e7in neden g\u00fcvenlik ve koruma filmine ihtiya\u00e7 duydu\u011funuzun sebepleri<\/p>\n<p>[\/vc_column_text][\/vc_column_inner][\/vc_row_inner][vc_row_inner][vc_column_inner width=&#8221;1\/4&#8243;]<div class=\"content-icon text-left\"><div class=\"content-link-image wow bounceInUp\" style=\"background-image: url(https:\/\/www.solargard.com\/wp-content\/uploads\/2016\/04\/safety_2.png)\"  data-wow-delay=\"0.25s\"><\/div><h4>Anti-h\u0131rs\u0131z<\/h4><h5><\/h5><p>\u0130stenmeyen davetsiz misafirleri engeller, yard\u0131m i\u00e7in kritik zaman\u0131 kazand\u0131r\u0131r.<\/p><\/div>[\/vc_column_inner][vc_column_inner width=&#8221;1\/4&#8243;]<div class=\"content-icon text-left\"><div class=\"content-link-image wow bounceInUp\" style=\"background-image: url(https:\/\/www.solargard.com\/wp-content\/uploads\/2016\/04\/window.png)\"  data-wow-delay=\"0.5s\"><\/div><h4>G\u00f6r\u00fcnmez Bariyer<\/h4><h5><\/h5><p>Pencerelerden g\u00f6r\u00fcn\u00fcr \u0131\u015f\u0131\u011f\u0131n %89'una kadar girmesine izin vererek do\u011fal \u0131\u015f\u0131\u011f\u0131 korur.<\/p><\/div>[\/vc_column_inner][vc_column_inner width=&#8221;1\/4&#8243;]<div class=\"content-icon text-left\"><div class=\"content-link-image wow bounceInUp\" style=\"background-image: url(https:\/\/www.solargard.com\/wp-content\/uploads\/2016\/04\/shield_2.png)\"  data-wow-delay=\"0.75s\"><\/div><h4>Koruma<\/h4><h5><\/h5><p>Camla ilgili yaralanmalar\u0131 ve maddi hasar\u0131 en aza indirmeye yard\u0131mc\u0131 olur.<\/p><\/div>[\/vc_column_inner][vc_column_inner width=&#8221;1\/4&#8243;]<div class=\"content-icon text-left\"><div class=\"content-link-image wow bounceInUp\" style=\"background-image: url(https:\/\/www.solargard.com\/wp-content\/uploads\/2016\/04\/energy_savings.png)\"  data-wow-delay=\"1s\"><\/div><h4>So\u011futma Maliyetleri<\/h4><h5><\/h5><p>\u0130klim kontrol\u00fc ile verimlili\u011fi artt\u0131r\u0131r, enerji taleplerini ve kamu hizmeti maliyetlerini azalt\u0131r.<\/p><\/div>[\/vc_column_inner][\/vc_row_inner][\/vc_column][\/vc_row][vc_row full_width=&#8221;stretch_row&#8221; css=&#8221;.vc_custom_1472695525354{background-color: #eeeeee !important;}&#8221;][vc_column][vc_row_inner][vc_column_inner][vc_column_text]<\/p>\n<h3 style=\"text-align: center; color: #007db1; font-size: 27px;\"><strong>M\u0130MARLAR \u0130\u00c7\u0130N OKUL G\u00dcVENL\u0130\u011e\u0130<\/strong><\/h3>\n<p>[\/vc_column_text][\/vc_column_inner][\/vc_row_inner][vc_row_inner][vc_column_inner][vc_column_text]<\/p>\n<h3 style=\"text-align: center; padding-top: 30px; padding-bottom: 15px; color: #445c6e; font-size: 18px;\"><strong>V\u0130DEO L\u0130NKLER\u0130:<\/strong><\/h3>\n<p>[\/vc_column_text][vc_column_text]<\/p>\n<p style=\"font-family: Avenir,Helvetica,Arial,sans-serif; font-size: 14px; text-align: left; padding-top: 10px; padding-bottom: 10px;\"><a href=\"https:\/\/www.solargard.com\/tr\/ticaret-kaynaklar\/#1455206102158-83575a86-5684\" target=\"_blank\" rel=\"noopener\">T\u00fcm \u00fcr\u00fcnlerin \u00f6zellikleri BURADA<\/a><\/p>\n<p>[\/vc_column_text]<a href=\"http:\/\/saint-gobain-1.wistia.com\/medias\/sdo5g9hd0u?embedType=async&amp;seo=false&amp;videoFoam=true&amp;videoWidth=640\" class=\"content-link text-center\" data-modal=\"true\" target=\"_blank\" rel=\"noopener\"><div class=\"content-link-image \" style=\"background-image: url(https:\/\/www.solargard.com\/wp-content\/uploads\/2016\/08\/Intruder-Test.jpg)\" ><\/div><h4>Sald\u0131r\u0131 Simulasyonu: With and Without Armorcoat\u00ae G\u00fcvenlik Filmiyle ve Filmsiz<\/h4><h5><\/h5><\/a>[\/vc_column_inner][\/vc_row_inner][\/vc_column][\/vc_row][vc_row full_width=&#8221;stretch_row&#8221; top_margin=&#8221;sm&#8221;][vc_column][vc_row_inner][vc_column_inner][vc_column_text]<\/p>\n<h3 style=\"text-align: center; color: #007db1; font-size: 27px;\"><strong>UZMANLI\u011eIMIZ<\/strong><\/h3>\n<p>[\/vc_column_text][\/vc_column_inner][\/vc_row_inner][vc_row_inner css=&#8221;.vc_custom_1473798424344{border-radius: 30px !important;}&#8221;][vc_column_inner width=&#8221;1\/12&#8243;][\/vc_column_inner][vc_column_inner width=&#8221;5\/12&#8243;][vc_column_text]<a href=\"http:\/\/www.saint-gobain-northamerica.com\/business\/product-categories\/building-materials\" target=\"_blank\" rel=\"noopener\"><img loading=\"lazy\" decoding=\"async\" class=\"aligncenter wp-image-50976 size-medium\" src=\"https:\/\/www.solargard.com\/wp-content\/uploads\/2016\/10\/SAINTGOBAIN-300x125.jpg\" alt=\"saintgobain\" width=\"300\" height=\"125\" srcset=\"https:\/\/www.solargard.com\/wp-content\/uploads\/2016\/10\/SAINTGOBAIN-300x125.jpg 300w, https:\/\/www.solargard.com\/wp-content\/uploads\/2016\/10\/SAINTGOBAIN-190x79.jpg 190w, https:\/\/www.solargard.com\/wp-content\/uploads\/2016\/10\/SAINTGOBAIN.jpg 450w\" sizes=\"auto, (max-width: 300px) 100vw, 300px\" \/><\/a>[\/vc_column_text][vc_column_text]<\/p>\n<p style=\"font-size: 17.5px; padding-bottom: 30px; padding-top: 30px;\">Cam \u00fcretiminde 350 y\u0131l\u0131 a\u015fk\u0131n tecr\u00fcbeye sahip olan Saint-Gobain, 1665 y\u0131l\u0131ndan beri patentli cam malzemeler \u00fcretmektedir.<\/p>\n<p>[\/vc_column_text][\/vc_column_inner][vc_column_inner width=&#8221;1\/12&#8243;][\/vc_column_inner][vc_column_inner width=&#8221;5\/12&#8243;][vc_column_text]<a href=\"https:\/\/www.solargard.com\/tr\/nicin-solar-gard\/\" target=\"_blank\" rel=\"noopener\"><img loading=\"lazy\" decoding=\"async\" class=\"aligncenter wp-image-52071 size-full\" src=\"https:\/\/www.solargard.com\/wp-content\/uploads\/2016\/08\/SGSGlogo-PMS.jpg\" alt=\"sgsglogo-pms\" width=\"225\" height=\"125\" srcset=\"https:\/\/www.solargard.com\/wp-content\/uploads\/2016\/08\/SGSGlogo-PMS.jpg 225w, https:\/\/www.solargard.com\/wp-content\/uploads\/2016\/08\/SGSGlogo-PMS-171x95.jpg 171w\" sizes=\"auto, (max-width: 225px) 100vw, 225px\" \/><\/a>[\/vc_column_text][vc_column_text]<\/p>\n<p style=\"font-size: 17.5px; padding-bottom: 30px; padding-top: 30px;\">Solar Gard 40 y\u0131l\u0131 a\u015fk\u0131n s\u00fcredir film ve kaplama \u00e7\u00f6z\u00fcmlerinde end\u00fcstri uzman\u0131d\u0131r. G\u00fcvenlik ve koruma filmlerimizin tamam\u0131, GSA, ISO ve ASTM dahil olmak \u00fczere, k\u00fcresel olarak kabul edilmi\u015f, gecikmeli sald\u0131r\u0131 standartlar\u0131na g\u00f6re titizlikle test edilmi\u015ftir.<\/p>\n<p>[\/vc_column_text][\/vc_column_inner][\/vc_row_inner][\/vc_column][\/vc_row][vc_row full_width=&#8221;stretch_row&#8221; top_margin=&#8221;sm&#8221; bottom_margin=&#8221;sm&#8221; css=&#8221;.vc_custom_1473798204884{background-color: #eeeeee !important;}&#8221;][vc_column][vc_row_inner][vc_column_inner][vc_column_text]<\/p>\n<h3 style=\"text-align: center; padding-top: -15px; padding-bottom: -35px; color: #007db1; font-size: 27px;\"><strong>SOLARGARD \u00c7\u00d6Z\u00dcMLER\u0130<\/strong><\/h3>\n<p>[\/vc_column_text][\/vc_column_inner][\/vc_row_inner][\/vc_column][\/vc_row][vc_row full_width=&#8221;stretch_row&#8221; top_margin=&#8221;sm&#8221; css=&#8221;.vc_custom_1473798246340{background-color: #eeeeee !important;}&#8221;][vc_column width=&#8221;1\/2&#8243;][vc_row_inner][vc_column_inner]<a href=\"https:\/\/www.solargard.com\/product\/solar-safety\/\" class=\"content-link text-left\"><div class=\"content-link-image \" style=\"background-image: url(https:\/\/www.solargard.com\/wp-content\/uploads\/2016\/05\/Safety-alt-1024x683.jpg)\" ><\/div><h4>G\u00dcNE\u015e KONTROL G\u00dcVENL\u0130K F\u0130LMLER\u0130<\/h4><h5><\/h5><p><span>G\u00fcne\u015f kontrol g\u00fcvenlik filmleri, G\u00fcne\u015f Kontrol filmleri ile Armorcoat\u00ae Renksiz G\u00fcvenlik filmlerimizin sa\u011flam bir \u015fekilde birle\u015ftirilmesidir. Bomba patlamalar\u0131n\u0131n zarar\u0131n\u0131 azaltarak \u0131s\u0131 ve zararl\u0131 UV \u0131\u015f\u0131nlar\u0131n\u0131 uzak tutar.<\/span><\/p><\/a>[\/vc_column_inner][\/vc_row_inner][\/vc_column][vc_column width=&#8221;1\/2&#8243;][vc_row_inner][vc_column_inner]<a href=\"https:\/\/www.solargard.com\/product\/clear-safety\/\" class=\"content-link text-left\"><div class=\"content-link-image \" style=\"background-image: url(https:\/\/www.solargard.com\/wp-content\/uploads\/2016\/05\/Safety-1024x611.jpg)\" ><\/div><h4>RENKS\u0130Z G\u00dcVENL\u0130K F\u0130LMLER\u0130<\/h4><h5><\/h5><p><span>Renksiz g\u00fcvenlik filmleri optik olarak berrak ve renksizdir. Cam \u00fczerinde g\u00f6r\u00fcnmezler. Armorcoat\u00ae emniyet filmleri g\u00fcnd\u00fcz veya gece pencerelerin do\u011fal g\u00f6r\u00fcn\u00fcm\u00fcn\u00fc korur. Y\u00fcksek darbeye dayan\u0131kl\u0131l\u0131\u011f\u0131 ile bomba patlamalar\u0131ndan zarar\u0131n azalt\u0131lmas\u0131na yard\u0131mc\u0131 olur.<\/span><\/p><\/a>[\/vc_column_inner][\/vc_row_inner][\/vc_column][\/vc_row][vc_row full_width=&#8221;stretch_row&#8221; top_margin=&#8221;sm&#8221; css=&#8221;.vc_custom_1473798246340{background-color: #eeeeee !important;}&#8221;][vc_column][vc_row_inner][vc_column_inner][vc_column_text]<\/p>\n<h3 style=\"text-align: left; padding-bottom: 20px; color: #445c6e; font-size: 17.5px;\"><strong>YASAL UYARI:<\/strong><\/h3>\n<p>[\/vc_column_text][vc_column_text]<\/p>\n<p style=\"text-align: left; font-size: 12px;\">Saint-Gobain Solar Gard\u00ae Armorcoat\u00ae G\u00fcvenlik ve Koruma Filmleri, Pencerelerde ve giri\u015f cam\u0131lar\u0131nda g\u00fcvenlik ve korumay\u0131 artt\u0131rmak ve zorla girmeyi geciktirmek i\u00e7in dizayn edilmi\u015ftir. Armorcoat\u00ae, Solar Gard kurulum \u00f6zelliklerine g\u00f6re profesyonel olarak uygulanmal\u0131d\u0131r.<\/p>\n<p>Armorcoat\u00ae filmleri, uyguland\u0131\u011f\u0131 binada zorla veya yetkisiz giri\u015fi \u00f6nlemek i\u00e7in tasarlanmam\u0131\u015ft\u0131r. Armorcoat\u00ae kur\u015fun ge\u00e7irmez veya patlamaya kesin \u00e7\u00f6z\u00fcm de\u011fildir ve kur\u015fun direnci i\u00e7in ASTM F 1233 veya UL 752&#8217;yi veya h\u0131rs\u0131zl\u0131\u011fa kar\u015f\u0131 dayan\u0131kl\u0131 cam malzemeleri i\u00e7in UL 972&#8217;yi kar\u015f\u0131lamamaktad\u0131r.<\/p>\n<p style=\"text-align: left; font-size: 12px;\">SAINT-GOBAIN SOLAR GARD, ARMORCOAT G\u00dcVENL\u0130K F\u0130LMLER\u0130N\u0130N UYGULANDI\u011eI B\u0130NALARDA ARMORCOAT G\u00dcVENL\u0130K F\u0130LMLER\u0130N\u0130N G\u00dcVENL\u0130K VE KORUMA PERFORMANSI \u0130\u00c7\u0130N B\u0130NA \u0130\u00c7\u0130NDE VEYA DAH\u0130L\u0130NDE YA\u015eAYANLARIN YETK\u0130S\u0130Z VEYA ZORLA G\u0130R\u0130\u015e SONUCUNDA D\u0130REK YA DA DOLAYLI OLARAK K\u0130\u015e\u0130SEL VEYA MADD\u0130 OLARAK ZARAR G\u00d6RMELER DURUMUNDA M\u00dcLK\u0130YET\u0130N ZARAR VEYA HASAR G\u00d6RMES\u0130 DURUMUNDA HERHANG\u0130 B\u0130R Y\u00dcK\u00dcML\u00dcL\u00dcK VEYA SORUMLULUK KABUL ETMEZ.<\/p>\n<p>[\/vc_column_text][\/vc_column_inner][\/vc_row_inner][\/vc_column][\/vc_row]<\/p>\n<\/div>","protected":false},"excerpt":{"rendered":"<p>[vc_row full_width=&#8221;stretch_row&#8221; top_margin=&#8221;sm&#8221; css=&#8221;.vc_custom_1473798246340{background-color: #eeeeee !important;}&#8221;][vc_column][vc_row_inner][vc_column_inner][vc_column_text] OKULLARDA G\u00dcVENL\u0130K F\u0130LM\u0130N\u0130N KULLANIMININ \u00d6NEM\u0130 NED\u0130R? [\/vc_column_text][vc_column_text] Solar Gard Armorcoat\u00ae G\u00fcvenlik ve Koruma Cam Filmleri, sald\u0131r\u0131 giri\u015fimini geciktirerek kritik bir koruma katman\u0131 yarat\u0131r. \u00c7arpma ve darbe durumunda par\u00e7alanm\u0131\u015f cam\u0131n bir arada tutulmas\u0131na yard\u0131mc\u0131 olur. [\/vc_column_text][vc_empty_space height=&#8221;64px&#8221;][vc_video link=&#8221;https:\/\/vimeo.com\/687892635&#8243; css=&#8221;&#8221;][\/vc_column_inner][\/vc_row_inner][\/vc_column][\/vc_row][vc_row][vc_column][vc_row_inner][vc_column_inner width=&#8221;1\/2&#8243;][\/vc_column_inner][vc_column_inner width=&#8221;1\/2&#8243;][vc_column_text] ARMOCOAT\u00ae OKULLARDA G\u00dcVENL\u0130\u011e\u0130N SA\u011eLANMASINA NASIL YARDIMCI OLUR? [\/vc_column_text][vc_column_text] Solar &hellip; <a href=\"https:\/\/www.solargard.com\/tr\/okullarda-guvenlik-ve-koruma\/\">Continued<\/a><\/p>\n","protected":false},"author":1,"featured_media":76669,"parent":0,"menu_order":0,"comment_status":"closed","ping_status":"closed","template":"","meta":{"_acf_changed":false,"footnotes":""},"class_list":["post-53124","page","type-page","status-publish","has-post-thumbnail","hentry"],"acf":[],"_links":{"self":[{"href":"https:\/\/www.solargard.com\/tr\/wp-json\/wp\/v2\/pages\/53124","targetHints":{"allow":["GET"]}}],"collection":[{"href":"https:\/\/www.solargard.com\/tr\/wp-json\/wp\/v2\/pages"}],"about":[{"href":"https:\/\/www.solargard.com\/tr\/wp-json\/wp\/v2\/types\/page"}],"author":[{"embeddable":true,"href":"https:\/\/www.solargard.com\/tr\/wp-json\/wp\/v2\/users\/1"}],"replies":[{"embeddable":true,"href":"https:\/\/www.solargard.com\/tr\/wp-json\/wp\/v2\/comments?post=53124"}],"version-history":[{"count":0,"href":"https:\/\/www.solargard.com\/tr\/wp-json\/wp\/v2\/pages\/53124\/revisions"}],"wp:featuredmedia":[{"embeddable":true,"href":"https:\/\/www.solargard.com\/tr\/wp-json\/wp\/v2\/media\/76669"}],"wp:attachment":[{"href":"https:\/\/www.solargard.com\/tr\/wp-json\/wp\/v2\/media?parent=53124"}],"curies":[{"name":"wp","href":"https:\/\/api.w.org\/{rel}","templated":true}]}}