{"id":68265,"date":"2016-02-17T22:04:24","date_gmt":"2016-02-17T22:04:24","guid":{"rendered":"https:\/\/www.solargard.com\/energy-efficiency-and-sustainability\/leed-credits\/"},"modified":"2023-05-04T04:15:48","modified_gmt":"2023-05-04T12:15:48","slug":"leed-kredileri","status":"publish","type":"page","link":"https:\/\/www.solargard.com\/tr\/ticaret-kaynaklar\/epd-onayli-enerji-verimli-cam-filmi\/leed-kredileri\/","title":{"rendered":"LEED KRED\u0130S\u0130"},"content":{"rendered":"<div class=\"wpb-content-wrapper\"><p>[vc_row][vc_column][vc_row_inner][vc_column_inner][vc_column_text]<\/p>\n<h1 style=\"text-align: center; font-size: 30px; color: #007db1;\"><strong>LEED KRED\u0130S\u0130<\/strong><\/h1>\n<p>[\/vc_column_text][\/vc_column_inner][\/vc_row_inner][vc_row_inner][vc_column_inner][vc_column_text]<\/p>\n<h2 style=\"font-size: 22px; text-align: center;\"><strong>Solar Gard standart camlar\u0131 y\u00fcksek performansl\u0131 pencerelere d\u00f6n\u00fc\u015ft\u00fcr\u00fcr<\/strong><\/h2>\n<p>[\/vc_column_text][\/vc_column_inner][\/vc_row_inner][\/vc_column][\/vc_row][vc_row css=&#8221;.vc_custom_1455747640582{margin-left: 20px !important;}&#8221;][vc_column width=&#8221;1\/3&#8243; css=&#8221;.vc_custom_1455748366949{margin-right: 20px !important;padding-right: 20px !important;padding-left: 20px !important;background-color: #e5f5fc !important;}&#8221;][vc_column_text]<\/p>\n<h3>LEED Kredisi Kazanma<\/h3>\n<p>&nbsp;<\/p>\n<p>LEED Kredisi Kazanma<br \/>\nABD ye\u015fil Bina Konseyi (USGBC) arac\u0131l\u0131\u011f\u0131yla LEED sertifikasyonunu takip ederseniz hedeflerinize ula\u015fmak i\u00e7in bir\u00e7ok se\u00e7enek ke\u015ffedeceksiniz demektir. Solar Gard cam filmi, LEED Kredileri kazanman\u0131za do\u011frudan yard\u0131mc\u0131 olacak kan\u0131tlanm\u0131\u015f bir enerji tasarrufu \u00fcr\u00fcn\u00fcd\u00fcr. A\u015fa\u011f\u0131da, LEED kredileri kazanmak amac\u0131yla kriterlerin kar\u015f\u0131lanmas\u0131na y\u00f6nelik olarak g\u00fcne\u015f kontroll\u00fc cam filminin uygulanabilece\u011fi standart dahilinde alt\u0131 kategori verilmi\u015ftir.<\/p>\n<p>LEED sertifikasyonuna ba\u015fvuran yeni ve mevcut t\u00fcm binalar, EPA ENERGY STAR\u00ae\u2019n\u0131n derecelendirmesine g\u00f6re en az 60 puan almal\u0131d\u0131r. Minimum enerji performans\u0131 sertifikasyonu, binan\u0131n elektrik faturalar\u0131n\u0131n, masraf\u0131n\u0131n ve kullan\u0131m\u0131n\u0131n, iyile\u015ftirmeler sa\u011flanmadan \u00f6nce sunulmas\u0131n\u0131 ve belirli bir bina t\u00fcr\u00fc ve i\u015flevi i\u00e7in belirli enerji azaltma hedeflerinin EPA ENERGY STAR derecelendirmesine y\u00f6nelik ilkelere g\u00f6re kar\u015f\u0131lanm\u0131\u015f olmas\u0131n\u0131 gerektirmektedir.<\/p>\n<p>Cam filminin enerji tasarrufu avantajlar\u0131, \u015firketlerin 60 puanl\u0131k bir ba\u015flang\u0131\u00e7 derecelendirmesi almas\u0131n\u0131 sa\u011flayabilir ve ayr\u0131ca taban de\u011ferler kar\u015f\u0131land\u0131ktan sonra ek LEED kredileri de sa\u011flayabilir. G\u00fcne\u015f enerjisi tasarrufu sa\u011flayan cam filmi, Mevcut Binalar\u0131n Sertifikasyonu i\u00e7in LEED kapsam\u0131ndad\u0131r. USGBC\u2019nin web sitesi arac\u0131l\u0131\u011f\u0131yla eri\u015filebilen Mevcut Binalar i\u00e7in USGBC LEED Referans Rehberi versiyon 2.0\u2019da ayr\u0131nt\u0131l\u0131 bilgiye ula\u015fabilirsiniz.[\/vc_column_text][vc_separator css=&#8221;.vc_custom_1455748086165{margin-top: 20px !important;margin-bottom: 20px !important;}&#8221;][vc_column_text]<\/p>\n<h3><strong>LEED Kredilerinizi Optimize Edin<\/strong><\/h3>\n<p>&nbsp;<\/p>\n<p style=\"color: #333333;\"><span>LEED sertifikasyonuna ba\u015fvururken cam filminden faydalanmaya y\u00f6nelik \u00e7ok say\u0131da olanak vard\u0131r. Baz\u0131 kategoriler birbiriyle \u00e7eli\u015fiyor gibi g\u00f6r\u00fcnse de f\u0131rsatlar\u0131 bir b\u00fct\u00fcn olarak g\u00f6rmek ve binan\u0131z i\u00e7in en fazla etkiyi sa\u011flayacak alanlara ba\u015fvurmak \u00f6nemlidir. Solar Gard, farkl\u0131 VLT\u2019lere ve \u0131s\u0131 engelleme \u00f6zelliklerine sahip \u00e7e\u015fitli cam filmleri sunmaktad\u0131r. LEED sertifikasyon gereklilikleri do\u011frultusunda binan\u0131z\u0131 ve bina sakinlerinin ihtiya\u00e7lar\u0131n\u0131 analiz etmeniz, binan\u0131z i\u00e7in en iyi filmi veya film gruplar\u0131n\u0131 se\u00e7menize yard\u0131mc\u0131 olacakt\u0131r.<\/span><\/p>\n<p>[\/vc_column_text][\/vc_column][vc_column width=&#8221;7\/12&#8243; css=&#8221;.vc_custom_1455747773249{margin-left: 20px !important;}&#8221;][vc_column_text]<\/p>\n<h5><span style=\"color: #999999;\">Cam Filmi Nas\u0131l LEED Kredileri Kazan\u0131r<\/span><\/h5>\n<h3>1. Enerji Performans\u0131 Kredileri<\/h3>\n<p>EPA ENERGY STAR derecelendirmesinin sertifikasyon i\u00e7in gerekli g\u00f6rd\u00fc\u011f\u00fc 60 puan\u0131 ge\u00e7en binalar, ilave enerji verimlili\u011fi iyile\u015ftirmeleri arac\u0131l\u0131\u011f\u0131yla 10 LEED kredisine kadar kredi alabilmektedir (LEED E&amp;A Credit #1). A\u015fa\u011f\u0131daki tablo, ilave enerji verimlili\u011fi iyile\u015ftirmelerine dayal\u0131 olarak mevcut bir bina i\u00e7in kazan\u0131labilecek LEED puanlar\u0131n\u0131 g\u00f6stermektedir. \u00c7evreye ve monte edilen filme ba\u011fl\u0131 olarak cam filminin enerji verimlili\u011fi iyile\u015ftirmelerinde tek ba\u015f\u0131na sa\u011flayabilece\u011fi LEED puanlar\u0131n\u0131n say\u0131s\u0131, bir ile d\u00f6rt aras\u0131nda de\u011fi\u015fmektedir.<\/p>\n<h3>2. I\u015f\u0131k Kirlili\u011finin Azalt\u0131lmas\u0131na Y\u00f6nelik Kredi<\/h3>\n<p>I\u015f\u0131k kirlili\u011finin azalt\u0131lmas\u0131 \u201cS\u00fcrd\u00fcr\u00fclebilir Sahalar\u201d dahilinde Credit #7 kapsam\u0131ndad\u0131r. \u201cI\u015f\u0131k tecav\u00fcz\u00fc\u201d, bina i\u00e7erisinde kullan\u0131lan \u0131\u015f\u0131kland\u0131rman\u0131n civardaki d\u0131\u015f \u00e7evrede belirli d\u00fczeylerde g\u00f6r\u00fcn\u00fcr olmas\u0131 durumunda ger\u00e7ekle\u015fir. Bu LEED kredisini alabilmek i\u00e7in i\u00e7 \u0131\u015f\u0131\u011f\u0131n b\u00fcy\u00fck bir k\u0131sm\u0131n\u0131n, bina i\u00e7erisinde kalmas\u0131 gerekmektedir. T\u00fcm \u0131\u015f\u0131klar kapal\u0131yken d\u0131\u015far\u0131da ayd\u0131nl\u0131k \u00f6l\u00e7\u00fcm\u00fc yap\u0131l\u0131r ve ayn\u0131 \u00f6l\u00e7\u00fcm daha sonra t\u00fcm \u0131\u015f\u0131klar a\u00e7\u0131kken yap\u0131l\u0131r. D\u0131\u015far\u0131daki ayd\u0131nl\u0131k d\u00fczeyi, \u201c\u0131\u015f\u0131klar a\u00e7\u0131ld\u0131\u011f\u0131nda\u201d %10\u2019dan daha fazla artmazsa LEED kredisi verilir.<\/p>\n<p>G\u00fcne\u015f kontroll\u00fc cam filminin monte edilmesi, pencereler arac\u0131l\u0131\u011f\u0131yla g\u00f6r\u00fcn\u00fcr \u0131\u015f\u0131k ilerimi (VLT) miktar\u0131n\u0131n azalmas\u0131n\u0131 sa\u011flar. Cam filmlerinin sa\u011flad\u0131\u011f\u0131 g\u00f6r\u00fcn\u00fcr \u0131\u015f\u0131k iletimi d\u00fczeyleri farkl\u0131l\u0131k g\u00f6stermektedir; d\u00fc\u015f\u00fck VLT oranlar\u0131na sahip filmler, binadan \u00e7\u0131kan \u0131\u015f\u0131k miktar\u0131n\u0131 b\u00fcy\u00fck \u00f6l\u00e7\u00fcde d\u00fc\u015f\u00fcr\u00fcr. Film se\u00e7erken \u00f6nceden olas\u0131 \u0131\u015f\u0131k tecav\u00fcz\u00fc miktar\u0131n\u0131 g\u00f6z \u00f6n\u00fcnde bulundurunuz ve kafan\u0131zda belirli bir hedef i\u00e7in belirli filmleri se\u00e7in. \u00d6rne\u011fin Paslanmaz \u00c7elik 50, bir pencereden \u00e7\u0131kan \u0131\u015f\u0131k miktar\u0131n\u0131 yar\u0131 yar\u0131ya keser.<\/p>\n<h3>3. Par\u0131lt\u0131 Azaltma Kredisi<\/h3>\n<p>\u00c7evresel Kalite (EQ #8.2) kategorisi kapsam\u0131nda \u201c\u0131\u015f\u0131\u011f\u0131n do\u011frudan ge\u00e7i\u015finin, bina i\u00e7erisindeki insanlar\u0131n normal eylemlerine engel oldu\u011fu durumlarda t\u00fcm pencereler i\u00e7in par\u0131lt\u0131 kontrol \u00f6zelliklerinin sa\u011flanmas\u0131\u201d i\u00e7in kredi kazan\u0131labilir. Bu, \u201c\u0131\u015f\u0131k tecav\u00fcz\u00fcne\u201d ili\u015fkin S\u00fcrd\u00fcr\u00fclebilir Sahalar Kredisi 7\u2019deki \u0131\u015f\u0131k kirlili\u011fi gereklili\u011fiyle ba\u011flant\u0131l\u0131 olarak i\u015fleyen bir hedeftir. Bu gereklilik, bina i\u00e7erisindeki insanlar\u0131n par\u0131lt\u0131s\u0131z aktivite i\u00e7in duydu\u011fu gereksinimleri kar\u015f\u0131lamaya yetecek kadar d\u00fc\u015f\u00fck VLT oranlar\u0131na sahip cam filmlerinin monte edilmesiyle yerine getirilebilir. \u00d6rne\u011fin, \u0131\u015f\u0131k tecav\u00fcz\u00fcn\u00fc azaltan Paslanmaz \u00c7elik 50, par\u0131lt\u0131 azaltma avantaj\u0131n\u0131 da ilaveten i\u00e7erecektir. Bu filmi kullanmak, bilgisayar ekranlar\u0131ndaki istenmeyen par\u0131lt\u0131lar\u0131 ortadan kald\u0131rabilmekte ve i\u00e7eride par\u0131lt\u0131s\u0131z bir ortam sa\u011flayabilmektedir; b\u00f6ylece tek bir uygulamada \u201chem \u0131\u015f\u0131k tecav\u00fcz\u00fc hem de par\u0131lt\u0131 azaltma\u201d kredilerine talip olabilirsiniz.<\/p>\n<h3>4. Termal Konfor<\/h3>\n<p>Sertifikasyon program\u0131n\u0131n EQ 7.1 k\u0131sm\u0131 kapsam\u0131ndaki se\u00e7eneklerden birisi de bir LEED Kredisi i\u00e7in termal konforunu art\u0131r\u0131p idame ettirmektir. Performans \u00f6l\u00e7\u00fcmleri Amerikan Is\u0131tma Toplulu\u011fu, So\u011futma ve \u0130klimlendirme M\u00fchendisleri (ASHRAE) Standard 55-2004 ile ayn\u0131d\u0131r. ASHRAE 55-2004, bir mekan\u0131 i\u00e7erisinde ya\u015fayanlar i\u00e7in termal olarak uygun d\u00fczeyde konforlu olarak belgelemek i\u00e7in gerekli g\u00f6r\u00fclen \u015fartlar\u0131 belirten bir termal konfor standard\u0131d\u0131r. Kredi, s\u0131cakl\u0131k kayd\u0131 verileri ile uyumlulu\u011fun g\u00f6sterilmesi (#7.6.2.2) veya bina sakinlerinin %80\u2019inin bina ikliminde kendilerini konforlu olarak g\u00f6rd\u00fcklerini g\u00f6steren bir anket uygulamas\u0131 (#7.6.2.1) yoluyla kazan\u0131labilir. Bu, \u201cyerel konforsuzlu\u011fun\u201d azalt\u0131lmas\u0131n\u0131 (#5.2.4) ve zamanla s\u0131cakl\u0131k de\u011fi\u015fmelerinin d\u00fc\u015f\u00fcr\u00fclmesini (#5.2.5) i\u00e7erir.<\/p>\n<p>Saf pencereler arac\u0131l\u0131\u011f\u0131yla iletilen g\u00fcne\u015f \u0131s\u0131s\u0131 genellikle yerel konforsuzlu\u011fun sebebini te\u015fkil etmektedir. Sakinlerin a\u015f\u0131r\u0131 s\u0131cak veya k\u0131zg\u0131nl\u0131klar hakk\u0131ndaki \u015fikayetleri, y\u00fcksek performansl\u0131 ve g\u00fcne\u015fi engelleyen cam filmleri taraf\u0131ndan tamam\u0131yla ortadan kald\u0131r\u0131labilir (k\u0131s\u0131m #5.2.4\u2019te de\u011finildi\u011fi gibi). G\u00fcne\u015f kontroll\u00fc cam filmi \u0131s\u0131 de\u011fi\u015fmelerini zamanla azaltmada olduk\u00e7a ba\u015far\u0131l\u0131d\u0131r; bu nedenle termal konforu b\u00fcy\u00fck \u00f6l\u00e7\u00fcde geli\u015ftirirler (#5.2.5\u2019te de\u011finildi\u011fi gibi).<\/p>\n<h3>5. Yenilik\u00e7ilik Kredileri<\/h3>\n<p>Bir ila d\u00f6rt LEED kredisi sa\u011flayan bir yenilik\u00e7ilik kategorisi de mevcuttur; Mevcut Binalar i\u00e7in LEED standard\u0131 kapsam\u0131nda bulunmayan bir bina geli\u015ftirme i\u015finin binan\u0131n \u00e7evresini iyile\u015ftirdi\u011fini g\u00f6stererek bu kategoriye ba\u015fvurabilirsiniz.<\/p>\n<p>Cam filmi i\u00e7in yenilik\u00e7ilik kredilerine ba\u015fvurmada kullan\u0131labilecek iki yol mevcuttur. Bunlardan biri, g\u00fcne\u015f kontroll\u00fc cam film arac\u0131l\u0131\u011f\u0131yla ultraviyole radyasyonun engellenmesinin sa\u011flad\u0131\u011f\u0131 \u00e7evresel faydalara dayal\u0131 bir krediye ba\u015fvurmakt\u0131r. Cam filmi, cilt hasar\u0131na ve cilt kanserine neden olan ve i\u00e7 mekanda solman\u0131n ana fakt\u00f6r\u00fc olan zararl\u0131 UVA ve UVB \u0131\u015f\u0131nlar\u0131n\u0131n %99\u2019unu veya daha fazlas\u0131n\u0131 engeller. Bir di\u011fer kredi ise, standard\u0131n Materyaller ve Kaynaklar isimli k\u0131sm\u0131nda belirtildi\u011fi gibi, solma azaltma i\u015fleminin at\u0131k azaltma ve bina bak\u0131m\u0131n\u0131 iyile\u015ftirmeye uygulanabilmesi halinde kazan\u0131labilir.<\/p>\n<p>&nbsp;<\/p>\n<h2><\/h2>\n<p>[\/vc_column_text][\/vc_column][\/vc_row]<\/p>\n<\/div>","protected":false},"excerpt":{"rendered":"<p>[vc_row][vc_column][vc_row_inner][vc_column_inner][vc_column_text] LEED KRED\u0130S\u0130 [\/vc_column_text][\/vc_column_inner][\/vc_row_inner][vc_row_inner][vc_column_inner][vc_column_text] Solar Gard standart camlar\u0131 y\u00fcksek performansl\u0131 pencerelere d\u00f6n\u00fc\u015ft\u00fcr\u00fcr [\/vc_column_text][\/vc_column_inner][\/vc_row_inner][\/vc_column][\/vc_row][vc_row css=&#8221;.vc_custom_1455747640582{margin-left: 20px !important;}&#8221;][vc_column width=&#8221;1\/3&#8243; css=&#8221;.vc_custom_1455748366949{margin-right: 20px !important;padding-right: 20px !important;padding-left: 20px !important;background-color: #e5f5fc !important;}&#8221;][vc_column_text] LEED Kredisi Kazanma &nbsp; LEED Kredisi Kazanma ABD ye\u015fil Bina Konseyi (USGBC) arac\u0131l\u0131\u011f\u0131yla LEED sertifikasyonunu takip ederseniz hedeflerinize ula\u015fmak i\u00e7in bir\u00e7ok se\u00e7enek ke\u015ffedeceksiniz demektir. Solar Gard cam filmi, LEED &hellip; <a href=\"https:\/\/www.solargard.com\/tr\/ticaret-kaynaklar\/epd-onayli-enerji-verimli-cam-filmi\/leed-kredileri\/\">Continued<\/a><\/p>\n","protected":false},"author":1,"featured_media":94517,"parent":101123,"menu_order":0,"comment_status":"closed","ping_status":"closed","template":"templates\/resources.php","meta":{"_acf_changed":false,"footnotes":""},"class_list":["post-68265","page","type-page","status-publish","has-post-thumbnail","hentry"],"acf":[],"_links":{"self":[{"href":"https:\/\/www.solargard.com\/tr\/wp-json\/wp\/v2\/pages\/68265","targetHints":{"allow":["GET"]}}],"collection":[{"href":"https:\/\/www.solargard.com\/tr\/wp-json\/wp\/v2\/pages"}],"about":[{"href":"https:\/\/www.solargard.com\/tr\/wp-json\/wp\/v2\/types\/page"}],"author":[{"embeddable":true,"href":"https:\/\/www.solargard.com\/tr\/wp-json\/wp\/v2\/users\/1"}],"replies":[{"embeddable":true,"href":"https:\/\/www.solargard.com\/tr\/wp-json\/wp\/v2\/comments?post=68265"}],"version-history":[{"count":0,"href":"https:\/\/www.solargard.com\/tr\/wp-json\/wp\/v2\/pages\/68265\/revisions"}],"up":[{"embeddable":true,"href":"https:\/\/www.solargard.com\/tr\/wp-json\/wp\/v2\/pages\/101123"}],"wp:featuredmedia":[{"embeddable":true,"href":"https:\/\/www.solargard.com\/tr\/wp-json\/wp\/v2\/media\/94517"}],"wp:attachment":[{"href":"https:\/\/www.solargard.com\/tr\/wp-json\/wp\/v2\/media?parent=68265"}],"curies":[{"name":"wp","href":"https:\/\/api.w.org\/{rel}","templated":true}]}}