{"id":68273,"date":"2016-03-17T20:34:42","date_gmt":"2016-03-17T20:34:42","guid":{"rendered":"https:\/\/www.solargard.com\/about-automotive-films\/automotive\/fleets\/"},"modified":"2018-06-20T20:41:30","modified_gmt":"2018-06-20T20:41:30","slug":"filolar","status":"publish","type":"page","link":"https:\/\/www.solargard.com\/tr\/hakkinda-otomotiv-filmleri\/otomotiv\/filolar\/","title":{"rendered":"Filo Ara\u00e7lar\u0131n\u0131z \u0130\u00e7in"},"content":{"rendered":"<div class=\"wpb-content-wrapper\"><p>[vc_row gmbt_prlx_bg_type=&#8221;parallax&#8221; gmbt_prlx_break_parents=&#8221;0&#8243; gmbt_prlx_smooth_scrolling=&#8221;&#8221; gmbt_prlx_video=&#8221;&#8221; gmbt_prlx_video_mute=&#8221;&#8221; gmbt_prlx_video_force_hd=&#8221;&#8221; gmbt_prlx_opacity=&#8221;100&#8243; gmbt_prlx_video_aspect_ratio=&#8221;16:9&#8243; gmbt_prlx_parallax=&#8221;none&#8221; gmbt_background_repeat=&#8221;&#8221; gmbt_background_position=&#8221;&#8221; gmbt_prlx_speed=&#8221;0.3&#8243; gmbt_prlx_enable_mobile=&#8221;&#8221;][vc_column css=&#8221;.vc_custom_1456251829290{margin-bottom: 50px !important;}&#8221;]<div class=\"section-title sg-section-title text-center\"><div class=\"copy-content\"><h4 class=\" normal-title\">Filo Ara\u00e7lar\u0131n\u0131z \u0130\u00e7in<\/h4><\/div><div class=\"border-bg\"><\/div><\/div>[\/vc_column][vc_column width=&#8221;1\/2&#8243;][vc_single_image image=&#8221;26461&#8243; img_size=&#8221;full&#8221; alignment=&#8221;center&#8221;][\/vc_column][vc_column width=&#8221;1\/2&#8243;][vc_column_text]<\/p>\n<h4>Filo End\u00fcstrisindeki S\u00fcr\u00fc\u015f Problemi<\/h4>\n<p><span>ABD\u2019deki cilt kanserlerinin yakla\u015f\u0131k %53\u2019\u00fc v\u00fccudun son k\u0131sm\u0131nda, yani s\u00fcr\u00fcc\u00fc taraf\u0131nda g\u00f6r\u00fclmektedir; be\u015f Amerikal\u0131dan birinin, ya\u015famlar\u0131n\u0131n herhangi bir b\u00f6l\u00fcm\u00fcnde g\u00fcne\u015fin zararl\u0131 \u0131\u015f\u0131nlar\u0131ndan dolay\u0131 melanom veya ba\u015fka bir cilt kanseri ge\u00e7irece\u011fi y\u00f6n\u00fcnde yayg\u0131n bir \u00f6ng\u00f6r\u00fc mevcuttur. G\u00fcnde 11 saate kadar s\u00fcren bir zaman\u0131 direksiyon ba\u015f\u0131nda ge\u00e7iren kamyon s\u00fcr\u00fcc\u00fcleri, korumas\u0131z yan kabin camlar\u0131 arac\u0131l\u0131\u011f\u0131yla giren g\u00fcne\u015fin zararl\u0131 UV \u0131\u015f\u0131nlar\u0131na s\u00fcrekli olarak maruz kalmaktad\u0131r. Bir filo y\u00f6neticisi olarak siz, s\u00fcr\u00fcc\u00fclerinizi g\u00fcne\u015fe maruz kalman\u0131n zararlar\u0131ndan korumada bu zamana kadar \u00e7ok az \u015fey yapabilmi\u015f bulunmaktas\u0131n\u0131z.\u00a0<\/span>[\/vc_column_text][\/vc_column][\/vc_row][vc_row full_width=&#8221;stretch_row&#8221; gmbt_prlx_bg_type=&#8221;parallax&#8221; gmbt_prlx_break_parents=&#8221;0&#8243; gmbt_prlx_smooth_scrolling=&#8221;&#8221; gmbt_prlx_video=&#8221;&#8221; gmbt_prlx_video_mute=&#8221;&#8221; gmbt_prlx_video_force_hd=&#8221;&#8221; gmbt_prlx_opacity=&#8221;100&#8243; gmbt_prlx_video_aspect_ratio=&#8221;16:9&#8243; gmbt_prlx_parallax=&#8221;none&#8221; gmbt_background_repeat=&#8221;&#8221; gmbt_background_position=&#8221;&#8221; gmbt_prlx_speed=&#8221;0.3&#8243; gmbt_prlx_enable_mobile=&#8221;&#8221; css=&#8221;.vc_custom_1456855005248{background-color: #f7f7f7 !important;}&#8221;][vc_column width=&#8221;5\/12&#8243; css=&#8221;.vc_custom_1458678422568{margin-top: 30px !important;}&#8221;][vc_column_text]<\/p>\n<h4 style=\"text-align: right;\"><span>Etkili Bir \u00c7\u00f6z\u00fcm<\/span><\/h4>\n<p style=\"text-align: right;\"><span>Ama art\u0131k Ula\u015ft\u0131rma Departman\u0131\u2019n\u0131n bir beyan\u0131yla 26,001 pound\u2019dan daha a\u011f\u0131r olan kamyonlarda UV korumal\u0131 cam filminin monte edilmesine a\u00e7\u0131k bir \u015fekilde izin verilmektedir. Uluslararas\u0131 Cam Filmi Birli\u011fi (IWFA) a\u015fa\u011f\u0131daki ifadeyi i\u00e7eren bir yaz\u0131 yay\u0131mlam\u0131\u015ft\u0131r:\u00a0<\/span><\/p>\n<p>[\/vc_column_text][\/vc_column][vc_column width=&#8221;1\/12&#8243;][\/vc_column][vc_column width=&#8221;5\/12&#8243;][vc_column_text]<\/p>\n<blockquote>\n<h4><span style=\"color: #2b99ba;\"><strong><em>\u201cFederal Motorlu Ta\u015f\u0131t G\u00fcvenli\u011fi \u0130daresi, Amerika Birle\u015fik Devletleri\u2019nde b\u00fcy\u00fck kamyonlar\u0131n \u00f6n camlar\u0131na \u201c\u015feffaf\u201d cam filmlerinin kullan\u0131m\u0131na izin vermi\u015ftir. Bu, Amerikal\u0131 kamyon s\u00fcr\u00fcc\u00fclerinin sa\u011fl\u0131\u011f\u0131n\u0131 ve g\u00fcvenli\u011fini korumaya yard\u0131mc\u0131 olmaya y\u00f6nelik dev bir ad\u0131md\u0131r.\u201d<span>\u00a0<\/span><\/em><\/strong><\/span><\/h4>\n<\/blockquote>\n<p>[\/vc_column_text][\/vc_column][\/vc_row][vc_row top_margin=&#8221;&#8221; bottom_margin=&#8221;&#8221; gmbt_prlx_bg_type=&#8221;parallax&#8221; gmbt_prlx_break_parents=&#8221;0&#8243; gmbt_prlx_smooth_scrolling=&#8221;&#8221; gmbt_prlx_video=&#8221;&#8221; gmbt_prlx_video_mute=&#8221;&#8221; gmbt_prlx_video_force_hd=&#8221;&#8221; gmbt_prlx_opacity=&#8221;100&#8243; gmbt_prlx_video_aspect_ratio=&#8221;16:9&#8243; gmbt_prlx_parallax=&#8221;none&#8221; gmbt_background_repeat=&#8221;&#8221; gmbt_background_position=&#8221;&#8221; gmbt_prlx_speed=&#8221;0.3&#8243; gmbt_prlx_enable_mobile=&#8221;&#8221;][vc_column width=&#8221;1\/6&#8243;][\/vc_column][vc_column width=&#8221;2\/3&#8243;]<div class=\"section-title sep-top-2x text-center\"><h3 class=\" normal-title\">Yararlar\u0131<\/h3><\/div>[\/vc_column][vc_column width=&#8221;1\/6&#8243;][\/vc_column][\/vc_row][vc_row top_margin=&#8221;none&#8221; bottom_margin=&#8221;md&#8221; gmbt_prlx_bg_type=&#8221;parallax&#8221; gmbt_prlx_break_parents=&#8221;0&#8243; gmbt_prlx_smooth_scrolling=&#8221;&#8221; gmbt_prlx_video=&#8221;&#8221; gmbt_prlx_video_mute=&#8221;&#8221; gmbt_prlx_video_force_hd=&#8221;&#8221; gmbt_prlx_opacity=&#8221;100&#8243; gmbt_prlx_video_aspect_ratio=&#8221;16:9&#8243; gmbt_prlx_parallax=&#8221;none&#8221; gmbt_background_repeat=&#8221;&#8221; gmbt_background_position=&#8221;&#8221; gmbt_prlx_speed=&#8221;0.3&#8243; gmbt_prlx_enable_mobile=&#8221;&#8221;][vc_column width=&#8221;1\/4&#8243;]<div class=\"icon-box icon-horizontal icon-lg sep-top-2x icon-gradient\"><div class=\"icon-content img-circle wow fadeIn\" data-wow-delay=\"0.25s\"><i class=\"fa fa-shield\"><\/i><\/div><div class=\"icon-box-content\"><h5 class=\"upper\">\u00d6NLEME<\/h5><\/div><\/div>[\/vc_column][vc_column width=&#8221;1\/4&#8243;]<div class=\"icon-box icon-horizontal icon-lg sep-top-2x icon-gradient\"><div class=\"icon-content img-circle wow fadeIn\" data-wow-delay=\"0.5s\"><i style=\"color:#ffffff;\" class=\"fa fa-money\"><\/i><\/div><div class=\"icon-box-content\"><h5 class=\"upper\">TASARRUF<\/h5><\/div><\/div>[\/vc_column][vc_column width=&#8221;1\/4&#8243;]<div class=\"icon-box icon-horizontal icon-lg sep-top-2x icon-gradient\"><div class=\"icon-content img-circle wow fadeIn\" data-wow-delay=\"0.75s\"><i style=\"color:#ffffff;\" class=\"fa fa-sun-o\"><\/i><\/div><div class=\"icon-box-content\"><h5 class=\"upper\">g\u00f6r\u00fcn\u00fcrl\u00fck<\/h5><\/div><\/div>[\/vc_column][vc_column width=&#8221;1\/4&#8243;]<div class=\"icon-box icon-horizontal icon-lg sep-top-2x icon-gradient\"><div class=\"icon-content img-circle wow fadeIn\" data-wow-delay=\"1s\"><i style=\"color:#ffffff;\" class=\"fa fa-lock\"><\/i><\/div><div class=\"icon-box-content\"><h5 class=\"upper\">g\u00fcvenlik<\/h5><\/div><\/div>[\/vc_column][\/vc_row][vc_row bottom_margin=&#8221;sm&#8221;][vc_column width=&#8221;1\/2&#8243; el_class=&#8221;sep-bottom-md&#8221;][vc_column_text css=&#8221;.vc_custom_1515415549869{margin-top: 20px !important;}&#8221;]<span>S\u00fcr\u00fcc\u00fclerini g\u00fcne\u015fe maruz kalman\u0131n zararlar\u0131ndan korumak i\u00e7in harekete ge\u00e7en filo y\u00f6neticileri, art\u0131k Solar Gard Ultragard UV cam filmini kamyonlar\u0131n\u0131n yan camlar\u0131na monte edebilmektedir. Cilt Kanseri Vakf\u0131 taraf\u0131ndan tavsiye edilen Ultragard UV, g\u00fcne\u015f hasar\u0131na ve cilt kanserine sebep olan zararl\u0131 UV-A ve UV-B \u0131\u015f\u0131nlar\u0131n\u0131n %99\u2019unu engeller. Ayr\u0131ca kamyonetler ve binek arabalar gibi daha hafif ara\u00e7lara da film monte ettirmek isteyen filo y\u00f6neticileri, art\u0131k bunu yapma se\u00e7ene\u011fine sahiptir (yerel cam filmi kanunlar\u0131na ba\u011fl\u0131 kalmak kayd\u0131yla).<\/span>[\/vc_column_text][\/vc_column][vc_column width=&#8221;1\/2&#8243;][vc_cta h2=&#8221;Daha fazla bilgi i\u00e7in&#8221; shape=&#8221;square&#8221; style=&#8221;flat&#8221; css=&#8221;.vc_custom_1515416097685{border-radius: 1px !important;}&#8221;]\u00dcr\u00fcnler, fiyatland\u0131rma ve yerel cam filmi kanunlar\u0131 hakk\u0131nda daha fazla bilgi i\u00e7in bug\u00fcn bir Solar Gard temsilcisiyle ileti\u015fime ge\u00e7in:<\/p>\n<h4><strong>Tel:\u00a0<span>+90 212 511 90 05\u00a0<\/span><br \/>\nE-mail:\u00a0<a href=\"mailto:info@solargard.com.tr\" target=\"_blank\" rel=\"noopener\"><span>info@solargard.com.tr<\/span><\/a><\/strong><\/h4>\n<p>[\/vc_cta][\/vc_column][\/vc_row]<\/p>\n<\/div>","protected":false},"excerpt":{"rendered":"<p>[vc_row gmbt_prlx_bg_type=&#8221;parallax&#8221; gmbt_prlx_break_parents=&#8221;0&#8243; gmbt_prlx_smooth_scrolling=&#8221;&#8221; gmbt_prlx_video=&#8221;&#8221; gmbt_prlx_video_mute=&#8221;&#8221; gmbt_prlx_video_force_hd=&#8221;&#8221; gmbt_prlx_opacity=&#8221;100&#8243; gmbt_prlx_video_aspect_ratio=&#8221;16:9&#8243; gmbt_prlx_parallax=&#8221;none&#8221; gmbt_background_repeat=&#8221;&#8221; gmbt_background_position=&#8221;&#8221; gmbt_prlx_speed=&#8221;0.3&#8243; gmbt_prlx_enable_mobile=&#8221;&#8221;][vc_column css=&#8221;.vc_custom_1456251829290{margin-bottom: 50px !important;}&#8221;][\/vc_column][vc_column width=&#8221;1\/2&#8243;][vc_single_image image=&#8221;26461&#8243; img_size=&#8221;full&#8221; alignment=&#8221;center&#8221;][\/vc_column][vc_column width=&#8221;1\/2&#8243;][vc_column_text] Filo End\u00fcstrisindeki S\u00fcr\u00fc\u015f Problemi ABD\u2019deki cilt kanserlerinin yakla\u015f\u0131k %53\u2019\u00fc v\u00fccudun son k\u0131sm\u0131nda, yani s\u00fcr\u00fcc\u00fc taraf\u0131nda g\u00f6r\u00fclmektedir; be\u015f Amerikal\u0131dan birinin, ya\u015famlar\u0131n\u0131n herhangi bir b\u00f6l\u00fcm\u00fcnde g\u00fcne\u015fin zararl\u0131 \u0131\u015f\u0131nlar\u0131ndan dolay\u0131 melanom veya ba\u015fka bir cilt kanseri &hellip; <a href=\"https:\/\/www.solargard.com\/tr\/hakkinda-otomotiv-filmleri\/otomotiv\/filolar\/\">Continued<\/a><\/p>\n","protected":false},"author":1,"featured_media":42769,"parent":42386,"menu_order":0,"comment_status":"closed","ping_status":"closed","template":"","meta":{"_acf_changed":false,"footnotes":""},"class_list":["post-68273","page","type-page","status-publish","has-post-thumbnail","hentry"],"acf":[],"_links":{"self":[{"href":"https:\/\/www.solargard.com\/tr\/wp-json\/wp\/v2\/pages\/68273","targetHints":{"allow":["GET"]}}],"collection":[{"href":"https:\/\/www.solargard.com\/tr\/wp-json\/wp\/v2\/pages"}],"about":[{"href":"https:\/\/www.solargard.com\/tr\/wp-json\/wp\/v2\/types\/page"}],"author":[{"embeddable":true,"href":"https:\/\/www.solargard.com\/tr\/wp-json\/wp\/v2\/users\/1"}],"replies":[{"embeddable":true,"href":"https:\/\/www.solargard.com\/tr\/wp-json\/wp\/v2\/comments?post=68273"}],"version-history":[{"count":0,"href":"https:\/\/www.solargard.com\/tr\/wp-json\/wp\/v2\/pages\/68273\/revisions"}],"up":[{"embeddable":true,"href":"https:\/\/www.solargard.com\/tr\/wp-json\/wp\/v2\/pages\/42386"}],"wp:featuredmedia":[{"embeddable":true,"href":"https:\/\/www.solargard.com\/tr\/wp-json\/wp\/v2\/media\/42769"}],"wp:attachment":[{"href":"https:\/\/www.solargard.com\/tr\/wp-json\/wp\/v2\/media?parent=68273"}],"curies":[{"name":"wp","href":"https:\/\/api.w.org\/{rel}","templated":true}]}}