{"id":71132,"date":"2016-02-18T21:32:25","date_gmt":"2016-02-18T21:32:25","guid":{"rendered":"https:\/\/www.solargard.com\/iletisim\/service-centers\/"},"modified":"2018-08-29T07:22:08","modified_gmt":"2018-08-29T14:22:08","slug":"hizmet-noktamiz","status":"publish","type":"page","link":"https:\/\/www.solargard.com\/tr\/iletisim\/hizmet-noktamiz\/","title":{"rendered":"Hizmet Noktam\u0131z\u0131"},"content":{"rendered":"<div class=\"wpb-content-wrapper\"><p>[vc_row top_margin=&#8221;md&#8221; bottom_margin=&#8221;xs&#8221;][vc_column width=&#8221;1\/6&#8243;][\/vc_column][vc_column width=&#8221;2\/3&#8243;][vc_column_text]<\/p>\n<h1 style=\"color: #007db1; font-size: 27px; text-align: center;\"><strong>Size En Yak\u0131n Hizmet Noktam\u0131z\u0131 Bulun<\/strong><\/h1>\n<p>[\/vc_column_text][\/vc_column][vc_column width=&#8221;1\/6&#8243;][\/vc_column][\/vc_row][vc_row top_margin=&#8221;sm&#8221; bottom_margin=&#8221;sm&#8221;][vc_column width=&#8221;1\/2&#8243;][vc_column_text]<\/p>\n<h2 style=\"text-align: center; color: #231f20; font-size: 22px;\"><strong>Nerede olursan\u0131z olun, ihtiya\u00e7lar\u0131n\u0131z\u0131 kar\u015f\u0131lamak<br \/>\ni\u00e7in buraday\u0131z.<\/strong><\/h2>\n<p>[\/vc_column_text][vc_column_text]<\/p>\n<p style=\"text-align: center; padding-top: 15px; padding-bottom: 15px; color: #231f20; font-size: 17px;\">Solar Gard, d\u00fcnya \u00e7ap\u0131ndaki m\u00fc\u015fterilerimize hizmet vermekten gurur duyan k\u00fcresel bir \u015firkettir. Her saat diliminde hizmet alabilece\u011finiz bir servis merkezimiz vard\u0131r. Bu sayede nerede olursan\u0131z olun SolarGard \u00fcr\u00fcn ve hizmetlerinden faydalanabilirsiniz.\u2026<br \/>\nSizin i\u00e7in \u00f6nemli olan ne ise Biz Oraday\u0131z.<\/p>\n<p>[\/vc_column_text][\/vc_column][vc_column width=&#8221;1\/2&#8243;][vc_column_text]<a href=\"https:\/\/www.solargard.com\/wp-content\/uploads\/2015\/04\/SG_contact_us-300x200.jpg\"><img loading=\"lazy\" decoding=\"async\" class=\"aligncenter wp-image-42375 size-medium\" src=\"https:\/\/www.solargard.com\/wp-content\/uploads\/2015\/04\/SG_contact_us-300x200.jpg\" alt=\"SG_contact_us\" width=\"300\" height=\"200\" srcset=\"https:\/\/www.solargard.com\/wp-content\/uploads\/2015\/04\/SG_contact_us-300x200.jpg 300w, https:\/\/www.solargard.com\/wp-content\/uploads\/2015\/04\/SG_contact_us-768x512.jpg 768w, https:\/\/www.solargard.com\/wp-content\/uploads\/2015\/04\/SG_contact_us-142x95.jpg 142w, https:\/\/www.solargard.com\/wp-content\/uploads\/2015\/04\/SG_contact_us.jpg 1000w\" sizes=\"auto, (max-width: 300px) 100vw, 300px\" \/><\/a>[\/vc_column_text][\/vc_column][\/vc_row][vc_row full_width=&#8221;stretch_row&#8221; top_margin=&#8221;xs&#8221; css=&#8221;.vc_custom_1477440945774{background-color: #eeeeee !important;}&#8221;][vc_column][vc_tta_accordion shape=&#8221;square&#8221; c_align=&#8221;center&#8221; active_section=&#8221;0&#8243; collapsible_all=&#8221;true&#8221; css=&#8221;.vc_custom_1477504760684{margin-top: 15px !important;}&#8221;][vc_tta_section title=&#8221;ASYA&#8221; tab_id=&#8221;1455830786602-d5b28632-1eb2&#8243;][vc_column_text]<\/p>\n<h2>Solar Gard\u00a0Asia<\/h2>\n<div id=\"ContactInfo\">7\/F, Office Tower, Bund Center, 222 Yan\u2019an Road East,<br \/>\nShanghai 200002, China<br \/>\n+86 21 6361 8899 Phone<br \/>\n+86 21 6322 2909<br \/>\nEvan Li,\u00a0<a href=\"mailto:li.zhenhua@saint-gobain.com\">li.zhenhua@saint-gobain.com<\/a><\/div>\n<p>[\/vc_column_text][\/vc_tta_section][vc_tta_section title=&#8221;AVRUPA&#8221; tab_id=&#8221;1455830940762-d527fe1a-7869&#8243;][vc_column_text]<\/p>\n<div id=\"ContactInfo\">\n<div>\n<div>\n<div>\n<div>\n<div>\n<div>\n<div>\n<div>\n<h2><span>SGIMB\/Solar Gard Nordic<\/span> &#8211; Sweden \/ Denmark<\/h2>\n<div id=\"ContactInfo\">\n<p>Stockholmsv\u00e4gen 21<br \/>\nRimbo S-762 21 Sweden<br \/>\n+46 (0)175 748 80 Phone<br \/>\n+46 (0)175 748 89 Fax<br \/>\nAnna Bilger,\u00a0<a href=\"mailto:nordicinfo@saint-gobain.com\">nordicinfo@saint-gobain.com<\/a><\/p>\n<p>Sweden, Denmark and architectural in Norway<\/p>\n<\/div>\n<\/div>\n<\/div>\n<\/div>\n<\/div>\n<\/div>\n<\/div>\n<\/div>\n<\/div>\n<\/div>\n<div>\n<div>\n<div>\n<div>\n<div>\n<div>\n<div>\n<div>\n<div>\n<h2>Saint-Gobain Solar Gard\u00a0&#8211; UK<\/h2>\n<div id=\"ContactInfo\">\n<p>+44 (0)1905 640 400 Phone<br \/>\n+44 (0)1905 640 500 Fax<br \/>\nSusie Loveridge,\u00a0<a href=\"mailto:susanna.loveridge@saint-gobain.com\">susanna.loveridge@saint-gobain.com<\/a><br \/>\n<span><a href=\"mailto:solargarduk@saint-gobain.com\" target=\"_blank\" rel=\"noopener\">solargarduk@saint-gobain.com<\/a><\/span><\/p>\n<p>England, Scotland, Wales, Northern Ireland and Ireland<\/p>\n<\/div>\n<\/div>\n<\/div>\n<\/div>\n<\/div>\n<\/div>\n<\/div>\n<\/div>\n<\/div>\n<\/div>\n<h2>Saint-Gobain Solar Gard NV &#8211;\u00a0<span>Central office for EMEA and Russia<\/span><\/h2>\n<div id=\"ContactInfo\">\n<p>Karreweg 18<br \/>\nZulte 9870 Belgium<br \/>\n+32 (0)9 240 95 66 Phone<br \/>\n+32 (0)9 240 95 90 Fax<br \/>\nPeter Staelens,\u00a0<a href=\"mailto:peter.staelens@saint-gobain.com\">peter.staelens@saint-gobain.com<\/a><br \/>\n<a href=\"mailto:solargard.eu@saint-gobain.com\" target=\"_blank\" rel=\"noopener\"><span class=\"s1\">solargard.eu@saint-gobain.com<\/span><\/a><\/p>\n<p class=\"p1\"><span class=\"s1\">Europe, Middle East, Africa and Russia<\/span><\/p>\n<\/div>\n<p>[\/vc_column_text][\/vc_tta_section][vc_tta_section title=&#8221;AVUSTRALYA&#8221; tab_id=&#8221;1455830914887-156f9d6d-24cd&#8221;][vc_column_text]<\/p>\n<h2>Saint-Gobain Performance Plastics<\/h2>\n<div id=\"ContactInfo\">\n<p>7 Walker Place<br \/>\nWetherill Park NSW 2164 Australia<br \/>\n61 2 9838 8888 Phone<br \/>\n61 2 9838 8088<br \/>\nRob Hamilton,\u00a0<a href=\"mailto:robert.hamilton@saint-gobain.com\">robert.hamilton@saint-gobain.com<\/a><\/p>\n<\/div>\n<p>[\/vc_column_text][\/vc_tta_section][vc_tta_section title=&#8221;DO\u011eU VE G\u00dcNEYDO\u011eU ASYA&#8221; tab_id=&#8221;1455830858776-fe24e8fb-feb7&#8243;][vc_column_text]<\/p>\n<div>\n<h2>Saint-Gobain Performance Plastics &#8211; Japan<\/h2>\n<div>\n<div id=\"ContactInfo\">\n<p>6F, 3-7, Kojimachi<br \/>\nChiyoda-ku Tokyo 102-0083 Japan<br \/>\n+81-3-5216-7512 Phone<br \/>\n+81-3-3263-0286<br \/>\nYoko Morita,\u00a0<a href=\"mailto:yoko.morita@saint-gobain.com\">yoko.morita@saint-gobain.com<\/a><\/p>\n<\/div>\n<h2>Saint-Gobain Performance Plastics &#8211; Korea<\/h2>\n<div id=\"ContactInfo\">\n<p>8th Fl., KFAS Bldg., 211 Teheran-lo, Gangnam-gu<br \/>\nSeoul, 135-915, Korea<br \/>\n+82-2-6098-0175 Phone<br \/>\n+82-2-554-1550 Fax<br \/>\nJaeseong (Jason) Park,\u00a0<a href=\"mailto:jaeseong.park@saint-gobain.com\">jaeseong.park@saint-gobain.com<\/a><\/p>\n<\/div>\n<\/div>\n<\/div>\n<p><span>South East Asia, Korea and Japan<\/span>[\/vc_column_text][\/vc_tta_section][vc_tta_section title=&#8221;KUZEY AMER\u0130KA&#8221; tab_id=&#8221;1455830786518-96522854-b8c1&#8243;][vc_column_text]<\/p>\n<h2>Solar Gard San Diego Service Center<\/h2>\n<p><span>4520 Viewridge Avenue<\/span><br \/>\n<span>San Diego, CA 92123<\/span><br \/>\n<span>800 735 4743 toll-free<\/span><br \/>\n<span>Carolina Fernandez, <a href=\"mailto:carol.fernandez@saint-gobain.com\">carol.fernandez@saint-gobain.com<\/a><\/span><span>\u00a0\u00a0<\/span><\/p>\n<h2>Solar Gard Largo Service Center<\/h2>\n<div id=\"ContactInfo\">\n<p>8585 A Somerset Drive<br \/>\nLargo FL 33773 USA<br \/>\n800-359-8468; 727-437-1000 Phone<br \/>\nIrene Williams,\u00a0<a href=\"mailto:irene.williams@saint-gobain.com\">irene.williams@saint-gobain.com<\/a><\/p>\n<div>\n<h2>Solar Gard Honolulu Service Center<\/h2>\n<div id=\"ContactInfo\">\n<p>331 Kamani Street, Ste. D<br \/>\nHonolulu HI 96813 USA<br \/>\n808-591-2827 Phone<br \/>\nKarl Springman,\u00a0<a href=\"mailto:karl.springman@saint-gobain.com\">karl.springman@saint-gobain.com<\/a><\/p>\n<\/div>\n<h2>Solar Gard Tempe Service Center<\/h2>\n<div id=\"ContactInfo\">\n<p>4625 South Ash Avenue, Suite J14<br \/>\nTempe AZ 85282 USA<br \/>\n800-746-6401; 480-731-9800 Phone<br \/>\nAnn Mesa,\u00a0<a href=\"mailto:ann.mesa@saint-gobain.com\">ann.mesa@saint-gobain.com<\/a><\/p>\n<div>\n<div id=\"ContactInfo\">\n<div>\n<h2>Solar Gard Ontario Service Center<\/h2>\n<div id=\"ContactInfo\">\n<p>760 Pacific Road, Unit 1<br \/>\nOakville Ontario L6L 6M5 Canada<br \/>\n800-595-8468 Phone<br \/>\nFrank Mackay,\u00a0<a href=\"mailto:frank.mackay@saint-gobain.com\">frank.mackay@saint-gobain.com<\/a><\/p>\n<\/div>\n<\/div>\n<\/div>\n<\/div>\n<\/div>\n<\/div>\n<\/div>\n<p>[\/vc_column_text][\/vc_tta_section][vc_tta_section title=&#8221;ORTA DO\u011eU&#8221; tab_id=&#8221;1455830957714-19a9ffad-734f&#8221;][vc_column_text]<\/p>\n<h2>Saint-Gobain\u00a0Solar Gard LLC, USA<\/h2>\n<div id=\"ContactInfo\"><\/div>\n<div>\n<div id=\"ContactInfo\">\n<p><span>c\/o Sodamco Emirates Factory for Building Materials, L.L.C<\/span><br \/>\n<span>P.O. Box 31320, Dubai, U.A.E.<\/span><br \/>\n<span>+971 5 444 808 59<\/span><br \/>\n<span>Marcellino Souaid,\u00a0<\/span><a href=\"mailto:marcellino.souaid@saint-gobain.com\">marcellino.souaid@saint-gobain.com<\/a><\/p>\n<\/div>\n<\/div>\n<p><span>Bahrain, Iraq, Jordan, Kuwait, Lebanon, Oman, Qatar, Saudi Arabia, UAE, Yemen, Afghanistan, Pakistan<\/span><span><span><\/span><\/span><\/p>\n<div><\/div>\n<p>&nbsp;<\/p>\n<p><span style=\"margin: 0px; padding: 0px; font-family: AvenirRoman; line-height: 18px; font-size: 12px;\">\u00a0<\/span>[\/vc_column_text][\/vc_tta_section][\/vc_tta_accordion][\/vc_column][\/vc_row]<\/p>\n<\/div>","protected":false},"excerpt":{"rendered":"<p>[vc_row top_margin=&#8221;md&#8221; bottom_margin=&#8221;xs&#8221;][vc_column width=&#8221;1\/6&#8243;][\/vc_column][vc_column width=&#8221;2\/3&#8243;][vc_column_text] Size En Yak\u0131n Hizmet Noktam\u0131z\u0131 Bulun [\/vc_column_text][\/vc_column][vc_column width=&#8221;1\/6&#8243;][\/vc_column][\/vc_row][vc_row top_margin=&#8221;sm&#8221; bottom_margin=&#8221;sm&#8221;][vc_column width=&#8221;1\/2&#8243;][vc_column_text] Nerede olursan\u0131z olun, ihtiya\u00e7lar\u0131n\u0131z\u0131 kar\u015f\u0131lamak i\u00e7in buraday\u0131z. [\/vc_column_text][vc_column_text] Solar Gard, d\u00fcnya \u00e7ap\u0131ndaki m\u00fc\u015fterilerimize hizmet vermekten gurur duyan k\u00fcresel bir \u015firkettir. Her saat diliminde hizmet alabilece\u011finiz bir servis merkezimiz vard\u0131r. Bu sayede nerede olursan\u0131z olun SolarGard \u00fcr\u00fcn ve hizmetlerinden faydalanabilirsiniz.\u2026 &hellip; <a href=\"https:\/\/www.solargard.com\/tr\/iletisim\/hizmet-noktamiz\/\">Continued<\/a><\/p>\n","protected":false},"author":1,"featured_media":0,"parent":42373,"menu_order":0,"comment_status":"closed","ping_status":"closed","template":"","meta":{"_acf_changed":false,"footnotes":""},"class_list":["post-71132","page","type-page","status-publish","hentry"],"acf":[],"_links":{"self":[{"href":"https:\/\/www.solargard.com\/tr\/wp-json\/wp\/v2\/pages\/71132","targetHints":{"allow":["GET"]}}],"collection":[{"href":"https:\/\/www.solargard.com\/tr\/wp-json\/wp\/v2\/pages"}],"about":[{"href":"https:\/\/www.solargard.com\/tr\/wp-json\/wp\/v2\/types\/page"}],"author":[{"embeddable":true,"href":"https:\/\/www.solargard.com\/tr\/wp-json\/wp\/v2\/users\/1"}],"replies":[{"embeddable":true,"href":"https:\/\/www.solargard.com\/tr\/wp-json\/wp\/v2\/comments?post=71132"}],"version-history":[{"count":0,"href":"https:\/\/www.solargard.com\/tr\/wp-json\/wp\/v2\/pages\/71132\/revisions"}],"up":[{"embeddable":true,"href":"https:\/\/www.solargard.com\/tr\/wp-json\/wp\/v2\/pages\/42373"}],"wp:attachment":[{"href":"https:\/\/www.solargard.com\/tr\/wp-json\/wp\/v2\/media?parent=71132"}],"curies":[{"name":"wp","href":"https:\/\/api.w.org\/{rel}","templated":true}]}}