{"id":80977,"date":"2011-05-20T18:49:43","date_gmt":"2011-05-21T01:49:43","guid":{"rendered":"https:\/\/www.solargard.com\/home-page\/"},"modified":"2025-05-27T04:44:59","modified_gmt":"2025-05-27T12:44:59","slug":"home-page","status":"publish","type":"page","link":"https:\/\/www.solargard.com\/tr\/","title":{"rendered":"Home Page"},"content":{"rendered":"<div class=\"wpb-content-wrapper\"><p>[vc_row bottom_margin=&#8221;none&#8221; gmbt_prlx_bg_type=&#8221;parallax&#8221; gmbt_prlx_break_parents=&#8221;0&#8243; gmbt_prlx_smooth_scrolling=&#8221;&#8221; gmbt_prlx_video_mute=&#8221;&#8221; gmbt_prlx_video_force_hd=&#8221;&#8221; gmbt_prlx_opacity=&#8221;100&#8243; gmbt_prlx_video_aspect_ratio=&#8221;16:9&#8243; gmbt_prlx_parallax=&#8221;none&#8221; gmbt_prlx_speed=&#8221;0.3&#8243; gmbt_prlx_enable_mobile=&#8221;&#8221;][vc_column]<div class=\"section-title sg-section-title text-center\"><div class=\"copy-content\"><h4 class=\" normal-title\">En \u00e7ok \u00f6nem verdikleriniz...<\/h4><p class=\"lead x2 x2\">We're On It!<\/p><\/div><div class=\"border-bg\"><\/div><\/div>[\/vc_column][\/vc_row][vc_row top_margin=&#8221;xs&#8221; bottom_margin=&#8221;2x&#8221; gmbt_prlx_bg_type=&#8221;parallax&#8221; gmbt_prlx_break_parents=&#8221;0&#8243; gmbt_prlx_smooth_scrolling=&#8221;&#8221; gmbt_prlx_video=&#8221;&#8221; gmbt_prlx_video_mute=&#8221;&#8221; gmbt_prlx_video_force_hd=&#8221;&#8221; gmbt_prlx_opacity=&#8221;100&#8243; gmbt_prlx_video_aspect_ratio=&#8221;16:9&#8243; gmbt_prlx_parallax=&#8221;none&#8221; gmbt_background_repeat=&#8221;&#8221; gmbt_background_position=&#8221;&#8221; gmbt_prlx_speed=&#8221;0.3&#8243; gmbt_prlx_enable_mobile=&#8221;&#8221;][vc_column width=&#8221;1\/4&#8243; offset=&#8221;vc_col-xs-6&#8243;]<div class=\"icon-box icon-horizontal icon-lg icon-gradient\"><a class=\"vc_icon_element-link\" href=\"http:\/\/www.solargard.com\/tr\/solar-gard-solutions\/home-and-business-products\/\" title=\"\" target=\"_self\"><div style=\"background-color:#fdb824;\" class=\"icon-content img-circle wow fadeIn\" data-wow-delay=\"0.25s\"><i class=\"fa fa-home\"><\/i><\/div><div class=\"icon-box-content\"><h5 style=\"color:#fdb824;\" class=\"upper\">EV\u0130N\u0130ZE \u00d6ZEL<\/h5><p>Ev gibisi yoktur. Solar Gard cam filmleri, evinizdeki konforu sa\u011flar, i\u00e7 mekanda zamanla olu\u015fan renk solmalar\u0131n\u0131 engeller ve hatta evinizin g\u00fczelli\u011fine g\u00fczellik katar.<\/p><\/div><\/div><\/a>[\/vc_column][vc_column width=&#8221;1\/4&#8243; offset=&#8221;vc_col-xs-6&#8243;]<div class=\"icon-box icon-horizontal icon-lg icon-gradient\"><a class=\"vc_icon_element-link\" href=\"http:\/\/www.solargard.com\/tr\/about-automotive-films\/automotive\/\" title=\"\" target=\"_self\"><div style=\"background-color:#fdb824;\" class=\"icon-content img-circle wow fadeIn\" data-wow-delay=\"0.5s\"><i class=\"fa fa-car\"><\/i><\/div><div class=\"icon-box-content\"><h5 style=\"color:#fdb824;\" class=\"upper\">ARABANIZA \u00d6ZEL<\/h5><p>Araban\u0131zdaki Solar Gard cam filmi ultraviyole \u0131\u015f\u0131nlar\u0131 %99\u2019a kadar engeller ve sizi serin tutar. G\u00fcne\u015f \u0131s\u0131s\u0131n\u0131 %79\u2019a kadar engelleyin ve tarz\u0131n\u0131za en uygun renk tonunu se\u00e7in.<\/p><\/div><\/div><\/a>[\/vc_column][vc_column width=&#8221;1\/4&#8243; offset=&#8221;vc_col-xs-6&#8243;]<div class=\"icon-box icon-horizontal icon-lg icon-gradient\"><a class=\"vc_icon_element-link\" href=\"http:\/\/www.solargard.com\/tr\/solar-gard-solutions\/home-and-business-products\/\" title=\"\" target=\"_self\"><div style=\"background-color:#fdb824;\" class=\"icon-content img-circle wow fadeIn\" data-wow-delay=\"0.75s\"><i class=\"fa fa-building\"><\/i><\/div><div class=\"icon-box-content\"><h5 style=\"color:#fdb824;\" class=\"upper\">\u0130\u015e\u0130N\u0130ZE \u00d6ZEL<\/h5><p>Solar Gard cam filmi, enerji masraflar\u0131n\u0131 b\u00fcy\u00fck oranda azalt\u0131r, verimlili\u011fi artt\u0131r\u0131r ve profesyonel estetik d\u0131\u015f g\u00f6r\u00fcn\u00fc\u015f sa\u011flar. Bunlar\u0131, k\u00e2r hanenize yazmaya ne dersiniz?<\/p><\/div><\/div><\/a>[\/vc_column][vc_column width=&#8221;1\/4&#8243; offset=&#8221;vc_col-xs-6&#8243;]<div class=\"icon-box icon-horizontal icon-lg icon-gradient\"><a class=\"vc_icon_element-link\" href=\"http:\/\/www.solargard.com\/tr\/solar-gard-solutions\/home-and-business-products\/safety\/\" title=\"\" target=\"_self\"><div style=\"background-color:#fdb824;\" class=\"icon-content img-circle wow fadeIn\" data-wow-delay=\"1s\"><i class=\"fa fa-shield\"><\/i><\/div><div class=\"icon-box-content\"><h5 style=\"color:#fdb824;\" class=\"upper\">G\u00dcVENL\u0130\u011e\u0130N\u0130Z \u0130\u00c7\u0130N<\/h5><p>Camlar\u0131n\u0131z i\u00e7in g\u00f6r\u00fcnmez bir g\u00fcvenlik katman\u0131 sunar. Solar Gard Armorcoat \u00e7\u00f6z\u00fcmleri, sevdiklerinizi ve e\u015fyalar\u0131n\u0131z\u0131, hava \u015fartlar\u0131ndan, izinsiz giri\u015flerden ve d\u0131\u015f darbelerden koruman\u0131za yard\u0131mc\u0131 olur.<\/p><\/div><\/div><\/a>[\/vc_column][\/vc_row][vc_row full_width=&#8221;stretch_row&#8221; gmbt_prlx_bg_type=&#8221;parallax&#8221; gmbt_prlx_break_parents=&#8221;0&#8243; gmbt_prlx_smooth_scrolling=&#8221;&#8221; gmbt_prlx_video_mute=&#8221;&#8221; gmbt_prlx_video_force_hd=&#8221;&#8221; gmbt_prlx_opacity=&#8221;100&#8243; gmbt_prlx_video_aspect_ratio=&#8221;16:9&#8243; gmbt_prlx_parallax=&#8221;none&#8221; gmbt_prlx_speed=&#8221;0.3&#8243; gmbt_prlx_enable_mobile=&#8221;&#8221; gmbt_prlx_image=&#8221;2254&#8243; el_class=&#8221;light-blue-row&#8221;][vc_column]<div class=\"section-title text-center wow fadeInDown\" data-wow-delay=\"0.25s\"><h3 class=\"upper normal-title\">HAYATI POZ\u0130T\u0130F ETK\u0130LEYEN KARBON NEGAT\u0130F \u00c7\u00d6Z\u00dcMLER<\/h3><\/div>[vc_row_inner][vc_column_inner el_class=&#8221;chart-container&#8221; width=&#8221;1\/4&#8243;]  <div class=\"text-center sep-top-lg wow none\" data-wow-delay=\"0s\">\n    <div class=\"chart dark\" data-percent=\"79\">\n      <span class=\"chart-item\" data-color=\"#efc321\">\n        <b data-from=\"0\" data-to=\"79\" class=\"counter\">0<\/b><em>%<\/em>\n      <\/span>\n    <\/div>\n    <p class=\"lead x2\">G\u00dcNE\u015e ISISINI ENGELLEME<\/p>\n    <p class=\"\">Solar Gard filmleri, g\u00fcne\u015f enerjisini %79\u2019a varan oranlarda engeller.<\/p>\n  <\/div>[\/vc_column_inner][vc_column_inner el_class=&#8221;chart-container&#8221; width=&#8221;1\/4&#8243;]  <div class=\"text-center sep-top-lg wow none\" data-wow-delay=\"0s\">\n    <div class=\"chart dark\" data-percent=\"30\">\n      <span class=\"chart-item\" data-color=\"#ff2323\">\n        <b data-from=\"0\" data-to=\"30\" class=\"counter\">0<\/b><em>%<\/em>\n      <\/span>\n    <\/div>\n    <p class=\"lead x2\">ENERJ\u0130 MAL\u0130YET\u0130NDEN TASARRUF<\/p>\n    <p class=\"\">Y\u0131ll\u0131k enerji faturalar\u0131n\u0131zda y\u0131ll\u0131k %30\u2019a varan oranlarda tasarruf edin.<\/p>\n  <\/div>[\/vc_column_inner][vc_column_inner el_class=&#8221;chart-container&#8221; width=&#8221;1\/4&#8243;]  <div class=\"text-center sep-top-lg wow none\" data-wow-delay=\"0s\">\n    <div class=\"chart dark\" data-percent=\"99\">\n      <span class=\"chart-item\" data-color=\"#e5ce20\">\n        <b data-from=\"0\" data-to=\"99\" class=\"counter\">0<\/b><em>%<\/em>\n      <\/span>\n    <\/div>\n    <p class=\"lead x2\">UV I\u015eI\u011eI KORUMASI<\/p>\n    <p class=\"\">Solar Gard filmleri, zararl\u0131 UV \u0131\u015f\u0131\u011f\u0131n\u0131 %99\u2019a varan oranlarda bloke eder.<\/p>\n  <\/div>[\/vc_column_inner][vc_column_inner el_class=&#8221;chart-container&#8221; width=&#8221;1\/4&#8243;]  <div class=\"text-center sep-top-lg\" data-wow-delay=\"0s\">\n    <div class=\"chart dark\" data-percent=\"95\">\n      <span class=\"chart-item\" data-color=\"#e5ce20\">\n        <b data-from=\"0\" data-to=\"95\" class=\"counter\">0<\/b><em>%<\/em>\n      <\/span>\n    <\/div>\n    <p class=\"lead x2\">D\u00dc\u015e\u00dcK PARLAMA<\/p>\n    <p class=\"\">Solar Gard filmleri, rahats\u0131z edici parlamalar\u0131, %95\u2019e varan oranlarda azalt\u0131r<\/p>\n  <\/div>[\/vc_column_inner][\/vc_row_inner][\/vc_column][\/vc_row][vc_row el_class=&#8221;hidden&#8221;][vc_column]<div class=\"section-title text-center\"><h3 class=\"upper normal-title\">F\u0130LM TEKNOLOJ\u0130S\u0130<\/h3><\/div>[image_map image=&#8221;48635&#8243; mobile_image=&#8221;48653&#8243;]<div class=\"image-map-section\" data-shape=\"\" data-coords=\"\" data-coords-mobile=\"\"><h3>RENKLEND\u0130R\u0130LM\u0130\u015e<\/h3><p style=\"font-size: 20px;\">Polyester film, pigment maddeleriyle renklendirilerek farkl\u0131 tonlarda film elde edilir.<\/p>\n<\/div><div class=\"image-map-section\" data-shape=\"\" data-coords=\"\" data-coords-mobile=\"\"><h3>METAL\u0130K<\/h3><p style=\"font-size: 20px;\">G\u00fcne\u015f \u0131s\u0131 enerjisini yans\u0131tan \u0131s\u0131 engelleyici metallerin kullan\u0131ld\u0131\u011f\u0131 metalik filmler rahatl\u0131\u011f\u0131 artt\u0131r\u0131r.<\/p>\n<\/div><div class=\"image-map-section\" data-shape=\"\" data-coords=\"\" data-coords-mobile=\"\"><h3>NANO<\/h3><p style=\"font-size: 20px;\">Nano teknoloji, k\u0131z\u0131l\u00f6tesi \u0131s\u0131n\u0131n emilmesi i\u00e7in polyestere nano boyutlu partik\u00fcllerin uyguland\u0131\u011f\u0131 bir teknoloji \u00e7e\u015fididir.<\/p>\n<\/div><div class=\"image-map-section\" data-shape=\"\" data-coords=\"\" data-coords-mobile=\"\"><h3>\u00c7OK KATMANLI<\/h3><p style=\"font-size: 20px;\">Solar Gard\u2019\u0131n patentli SolMox teknolojisi, vakumlu bir hazne i\u00e7erisinde film \u00fczerine kompleks de\u011ferli metal katmanlar\u0131n uyguland\u0131\u011f\u0131 geli\u015fmi\u015f film kaplama y\u00f6nteminin kullan\u0131ld\u0131\u011f\u0131 bir teknolojidir. Tek kelimeyle inan\u0131lmaz.<\/p>\n<\/div>[\/image_map][\/vc_column][\/vc_row][vc_row full_width=&#8221;stretch_row&#8221; top_margin=&#8221;2x&#8221; bottom_margin=&#8221;md&#8221; gmbt_prlx_bg_type=&#8221;parallax&#8221; gmbt_prlx_break_parents=&#8221;0&#8243; gmbt_prlx_smooth_scrolling=&#8221;&#8221; gmbt_prlx_video=&#8221;&#8221; gmbt_prlx_video_mute=&#8221;&#8221; gmbt_prlx_video_force_hd=&#8221;&#8221; gmbt_prlx_opacity=&#8221;100&#8243; gmbt_prlx_video_aspect_ratio=&#8221;16:9&#8243; gmbt_prlx_parallax=&#8221;none&#8221; gmbt_background_repeat=&#8221;&#8221; gmbt_background_position=&#8221;&#8221; gmbt_prlx_speed=&#8221;0.3&#8243; gmbt_prlx_enable_mobile=&#8221;&#8221; el_class=&#8221;light-blue-row&#8221;][vc_column]<div class=\"section-title sep-bottom-md text-center wow fadeIn\" data-wow-delay=\"0.5s\"><h3 class=\"upper normal-title\">\u00d6NE \u00c7IKANLAR<\/h3><\/div>[vc_row_inner][vc_column_inner][vc_basic_grid post_type=&#8221;post&#8221; max_items=&#8221;6&#8243; show_filter=&#8221;yes&#8221; filter_color=&#8221;peacoc&#8221; filter_size=&#8221;lg&#8221; item=&#8221;71016&#8243; grid_id=&#8221;vc_gid:1689240274056-7a495976-43f3-10&#8243; filter_source=&#8221;category&#8221;][\/vc_column_inner][\/vc_row_inner][\/vc_column][\/vc_row][vc_row gmbt_prlx_bg_type=&#8221;parallax&#8221; gmbt_prlx_break_parents=&#8221;0&#8243; gmbt_prlx_smooth_scrolling=&#8221;&#8221; gmbt_prlx_video=&#8221;&#8221; gmbt_prlx_video_mute=&#8221;&#8221; gmbt_prlx_video_force_hd=&#8221;&#8221; gmbt_prlx_opacity=&#8221;100&#8243; gmbt_prlx_video_aspect_ratio=&#8221;16:9&#8243; gmbt_prlx_parallax=&#8221;none&#8221; gmbt_background_repeat=&#8221;&#8221; gmbt_background_position=&#8221;&#8221; gmbt_prlx_speed=&#8221;0.3&#8243; gmbt_prlx_enable_mobile=&#8221;&#8221;][vc_column]<div class=\"section-title sep-bottom-lg text-center wow fadeInRightBig\" data-wow-delay=\"0.25s\"><h3 class=\"upper normal-title\">DERNEKLER<\/h3><\/div>    <div class=\"\">\n      <div dir=\"ltr\" data-auto-play=\"3000\" data-items=\"8\" data-auto-height=\"false\" class=\"client-list owl-carousel owl-theme\">\n        <div class=\"item\"> <a href=\"http:\/\/www.aimcal.org\/\" target=\"_blank\" rel=\"noopener\"><img decoding=\"async\" class=\"img-responsive\" alt=\"AIMCAL\" src=\"https:\/\/www.solargard.com\/wp-content\/uploads\/2016\/03\/0009_bwlogo_aimcal.jpg\"><\/a> <\/div><div class=\"item\"> <a href=\"http:\/\/www.thenbs.com\/PublicationIndex\/documents?Pub=AIS\" target=\"_blank\" rel=\"noopener\"><img decoding=\"async\" class=\"img-responsive\" alt=\"AIS\" src=\"https:\/\/www.solargard.com\/wp-content\/uploads\/2016\/03\/ais.jpg\"><\/a> <\/div><div class=\"item\"> <a href=\"http:\/\/www.asid.org\" target=\"_blank\" rel=\"noopener\"><img decoding=\"async\" class=\"img-responsive\" alt=\"ASID\" src=\"https:\/\/www.solargard.com\/wp-content\/uploads\/2016\/03\/0008_bwlogo_asid.jpg\"><\/a> <\/div><div class=\"item\"> <a href=\"http:\/\/www.boma.org\" target=\"_blank\" rel=\"noopener\"><img decoding=\"async\" class=\"img-responsive\" alt=\"BOMA\" src=\"https:\/\/www.solargard.com\/wp-content\/uploads\/2016\/03\/0007_bwlogo_boma.jpg\"><\/a> <\/div><div class=\"item\"> <a href=\"https:\/\/www.energystar.gov\/\" target=\"_blank\" rel=\"noopener\"><img decoding=\"async\" class=\"img-responsive\" alt=\"Energy Star\" src=\"https:\/\/www.solargard.com\/wp-content\/uploads\/2016\/03\/0005_bwlogo_energystar.jpg\"><\/a> <\/div><div class=\"item\"> <a href=\"http:\/\/www.ggf.org.uk\" target=\"_blank\" rel=\"noopener\"><img decoding=\"async\" class=\"img-responsive\" alt=\"GGF\" src=\"https:\/\/www.solargard.com\/wp-content\/uploads\/2016\/03\/ggf.jpg\"><\/a> <\/div><div class=\"item\"> <a href=\"http:\/\/www.iwfa.com\" target=\"_blank\" rel=\"noopener\"><img decoding=\"async\" class=\"img-responsive\" alt=\"IWFA\" src=\"https:\/\/www.solargard.com\/wp-content\/uploads\/2016\/03\/iwfa.jpg\"><\/a> <\/div><div class=\"item\"> <a href=\"http:\/\/www.glass.org\" target=\"_blank\" rel=\"noopener\"><img decoding=\"async\" class=\"img-responsive\" alt=\"NGA\" src=\"https:\/\/www.solargard.com\/wp-content\/uploads\/2016\/03\/0002_bwlogo_nga.jpg\"><\/a> <\/div><div class=\"item\"> <a href=\"http:\/\/protectiveglazing.com\/\" target=\"_blank\" rel=\"noopener\"><img decoding=\"async\" class=\"img-responsive\" alt=\"PGC\" src=\"https:\/\/www.solargard.com\/wp-content\/uploads\/2016\/03\/0001_bwlogo_pgc.jpg\"><\/a> <\/div><div class=\"item\"> <a href=\"http:\/\/www.usgbc.org\/\" target=\"_blank\" rel=\"noopener\"><img decoding=\"async\" class=\"img-responsive\" alt=\"USGBC\" src=\"https:\/\/www.solargard.com\/wp-content\/uploads\/2016\/03\/0000_leaves-e1455834545243.jpg\"><\/a> <\/div><div class=\"item\"> <a href=\"http:\/\/www.wers.net\/wers-home\" target=\"_blank\" rel=\"noopener\"><img decoding=\"async\" class=\"img-responsive\" alt=\"Window Energy Rating Scheme\" src=\"https:\/\/www.solargard.com\/wp-content\/uploads\/2016\/06\/WER.png\"><\/a> <\/div><div class=\"item\"> <a href=\"http:\/\/www.wfaanz.org.au\/\" target=\"_blank\" rel=\"noopener\"><img decoding=\"async\" class=\"img-responsive\" alt=\"Window Film Association of Australia and New Zealand\" src=\"https:\/\/www.solargard.com\/wp-content\/uploads\/2016\/06\/WFAANZ-2.png\"><\/a> <\/div>\n      <\/div>\n    <\/div>[\/vc_column][\/vc_row][vc_row full_width=&#8221;stretch_row&#8221; top_margin=&#8221;md&#8221; bottom_margin=&#8221;md&#8221; gmbt_prlx_bg_type=&#8221;parallax&#8221; gmbt_prlx_break_parents=&#8221;0&#8243; gmbt_prlx_smooth_scrolling=&#8221;&#8221; gmbt_prlx_video_mute=&#8221;&#8221; gmbt_prlx_video_force_hd=&#8221;&#8221; gmbt_prlx_opacity=&#8221;100&#8243; gmbt_prlx_video_aspect_ratio=&#8221;16:9&#8243; gmbt_prlx_parallax=&#8221;none&#8221; gmbt_prlx_speed=&#8221;0.3&#8243; gmbt_prlx_enable_mobile=&#8221;&#8221; el_class=&#8221;light-blue-row&#8221;][vc_column width=&#8221;2\/12&#8243;][\/vc_column][vc_column width=&#8221;4\/12&#8243;]<div class=\"section-title text-center\"><h3 class=\"upper normal-title\">Y\u00dcKLEMEYE HAZIR MISINIZ?<\/h3><\/div>[\/vc_column][vc_column width=&#8221;4\/12&#8243;][vc_btn title=&#8221;B\u0130Z\u0130MLE \u0130LET\u0130\u015e\u0130ME GE\u00c7\u0130N&#8221; style=&#8221;flat&#8221; shape=&#8221;square&#8221; color=&#8221;primary&#8221; link=&#8221;url:https%3A%2F%2Fwww.solargard.com%2Ftr%2Fbayi-arama%2F|||&#8221;][\/vc_column][vc_column width=&#8221;2\/12&#8243;][\/vc_column][\/vc_row]<\/p>\n<\/div>","protected":false},"excerpt":{"rendered":"<p>[vc_row bottom_margin=&#8221;none&#8221; gmbt_prlx_bg_type=&#8221;parallax&#8221; gmbt_prlx_break_parents=&#8221;0&#8243; gmbt_prlx_smooth_scrolling=&#8221;&#8221; gmbt_prlx_video_mute=&#8221;&#8221; gmbt_prlx_video_force_hd=&#8221;&#8221; gmbt_prlx_opacity=&#8221;100&#8243; gmbt_prlx_video_aspect_ratio=&#8221;16:9&#8243; gmbt_prlx_parallax=&#8221;none&#8221; gmbt_prlx_speed=&#8221;0.3&#8243; gmbt_prlx_enable_mobile=&#8221;&#8221;][vc_column][\/vc_column][\/vc_row][vc_row top_margin=&#8221;xs&#8221; bottom_margin=&#8221;2x&#8221; gmbt_prlx_bg_type=&#8221;parallax&#8221; gmbt_prlx_break_parents=&#8221;0&#8243; gmbt_prlx_smooth_scrolling=&#8221;&#8221; gmbt_prlx_video=&#8221;&#8221; gmbt_prlx_video_mute=&#8221;&#8221; gmbt_prlx_video_force_hd=&#8221;&#8221; gmbt_prlx_opacity=&#8221;100&#8243; gmbt_prlx_video_aspect_ratio=&#8221;16:9&#8243; gmbt_prlx_parallax=&#8221;none&#8221; gmbt_background_repeat=&#8221;&#8221; gmbt_background_position=&#8221;&#8221; gmbt_prlx_speed=&#8221;0.3&#8243; gmbt_prlx_enable_mobile=&#8221;&#8221;][vc_column width=&#8221;1\/4&#8243; offset=&#8221;vc_col-xs-6&#8243;][\/vc_column][vc_column width=&#8221;1\/4&#8243; offset=&#8221;vc_col-xs-6&#8243;][\/vc_column][vc_column width=&#8221;1\/4&#8243; offset=&#8221;vc_col-xs-6&#8243;][\/vc_column][vc_column width=&#8221;1\/4&#8243; offset=&#8221;vc_col-xs-6&#8243;][\/vc_column][\/vc_row][vc_row full_width=&#8221;stretch_row&#8221; gmbt_prlx_bg_type=&#8221;parallax&#8221; gmbt_prlx_break_parents=&#8221;0&#8243; gmbt_prlx_smooth_scrolling=&#8221;&#8221; gmbt_prlx_video_mute=&#8221;&#8221; gmbt_prlx_video_force_hd=&#8221;&#8221; gmbt_prlx_opacity=&#8221;100&#8243; gmbt_prlx_video_aspect_ratio=&#8221;16:9&#8243; gmbt_prlx_parallax=&#8221;none&#8221; gmbt_prlx_speed=&#8221;0.3&#8243; gmbt_prlx_enable_mobile=&#8221;&#8221; gmbt_prlx_image=&#8221;2254&#8243; el_class=&#8221;light-blue-row&#8221;][vc_column][vc_row_inner][vc_column_inner el_class=&#8221;chart-container&#8221; width=&#8221;1\/4&#8243;][\/vc_column_inner][vc_column_inner el_class=&#8221;chart-container&#8221; width=&#8221;1\/4&#8243;][\/vc_column_inner][vc_column_inner el_class=&#8221;chart-container&#8221; width=&#8221;1\/4&#8243;][\/vc_column_inner][vc_column_inner el_class=&#8221;chart-container&#8221; &hellip; <a href=\"https:\/\/www.solargard.com\/tr\/client\/window-film-association-australia-new-zealand-2\/\">Continued<\/a><\/p>\n","protected":false},"author":1,"featured_media":0,"parent":0,"menu_order":0,"comment_status":"closed","ping_status":"closed","template":"","meta":{"_acf_changed":false,"footnotes":""},"class_list":["post-80977","page","type-page","status-publish","hentry"],"acf":[],"_links":{"self":[{"href":"https:\/\/www.solargard.com\/tr\/wp-json\/wp\/v2\/pages\/80977","targetHints":{"allow":["GET"]}}],"collection":[{"href":"https:\/\/www.solargard.com\/tr\/wp-json\/wp\/v2\/pages"}],"about":[{"href":"https:\/\/www.solargard.com\/tr\/wp-json\/wp\/v2\/types\/page"}],"author":[{"embeddable":true,"href":"https:\/\/www.solargard.com\/tr\/wp-json\/wp\/v2\/users\/1"}],"replies":[{"embeddable":true,"href":"https:\/\/www.solargard.com\/tr\/wp-json\/wp\/v2\/comments?post=80977"}],"version-history":[{"count":0,"href":"https:\/\/www.solargard.com\/tr\/wp-json\/wp\/v2\/pages\/80977\/revisions"}],"wp:attachment":[{"href":"https:\/\/www.solargard.com\/tr\/wp-json\/wp\/v2\/media?parent=80977"}],"curies":[{"name":"wp","href":"https:\/\/api.w.org\/{rel}","templated":true}]}}