{"id":93963,"date":"2019-08-13T09:38:13","date_gmt":"2019-08-13T16:38:13","guid":{"rendered":"https:\/\/www.solargard.com\/hakkinda-otomotiv-filmleri\/otomotiv\/clearshield-pro-hydro-paint-protection\/"},"modified":"2021-04-15T04:42:24","modified_gmt":"2021-04-15T12:42:24","slug":"clearshield-pro-hydro-boya-korumasi","status":"publish","type":"page","link":"https:\/\/www.solargard.com\/tr\/hakkinda-otomotiv-filmleri\/otomotiv\/clearshield-pro-hydro-boya-korumasi\/","title":{"rendered":"Clearshield Pro\u00ae HYDRO"},"content":{"rendered":"<div class=\"wpb-content-wrapper\"><p>[vc_row bottom_margin=&#8221;none&#8221;][vc_column][vc_row_inner el_id=&#8221;lead-in&#8221;][vc_column_inner][vc_column_text]Solar Gard&#8217;\u0131n en son boya koruma yenili\u011fi olan <strong>Clearshield Pro\u00ae HYDRO<\/strong> &#8211; sizin i\u00e7in. Sekt\u00f6r lideri olan <strong>StainX&#174;<\/strong> son kat koruma teknolojisi ile yeni cilalanm\u0131\u015f g\u00f6r\u00fcn\u00fcml\u00fc bir arabada daha fazla s\u00fcr\u00fc\u015f zevki ya\u015famak ve onu y\u0131kamak i\u00e7in daha az zaman harcaman\u0131n tad\u0131n\u0131 \u00e7\u0131karabilirsiniz<\/p>\n<p><img loading=\"lazy\" decoding=\"async\" id=\"stainx-logo-500x150\" class=\"aligncenter wp-image-82449\" src=\"https:\/\/www.solargard.com\/wp-content\/uploads\/2019\/08\/stainX_logo.png\" alt=\"StainX Topcoat Technology\" width=\"500\" height=\"150\" srcset=\"https:\/\/www.solargard.com\/wp-content\/uploads\/2019\/08\/stainX_logo.png 759w, https:\/\/www.solargard.com\/wp-content\/uploads\/2019\/08\/stainX_logo-300x90.png 300w, https:\/\/www.solargard.com\/wp-content\/uploads\/2019\/08\/stainX_logo-190x57.png 190w, https:\/\/www.solargard.com\/wp-content\/uploads\/2019\/08\/stainX_logo-600x179.png 600w\" sizes=\"auto, (max-width: 500px) 100vw, 500px\" \/><\/p>\n<h3>Clearshield Pro Hydro&#8217;yu tan\u0131y\u0131n<\/h3>\n<p>Clearshield Pro HYDRO&#8217;yu, solmayan, ancak kulland\u0131k\u00e7a daha iyi hale gelen, neredeyse g\u00f6r\u00fcnmez bir kaplama olarak d\u00fc\u015f\u00fcn\u00fcn. Clearshield Pro gibi, sekt\u00f6rdeki en iyi \u00e7izilme direncine sahiptir. Ancak tescilli StainX teknolojimizin ilave faydas\u0131yla birlikte hidrofobik su tutmaz yap\u0131s\u0131, her ya\u011fmur ya\u011f\u0131\u015f\u0131n\u0131 an\u0131nda araba y\u0131kamaya d\u00f6n\u00fc\u015ft\u00fcr\u00fcr ve arac\u0131n\u0131z\u0131n HYDRO&#8217;nun ilk montaj\u0131n\u0131n yap\u0131ld\u0131\u011f\u0131 g\u00fcnk\u00fc kadar g\u00fczel g\u00f6r\u00fcnmesini sa\u011flar.<\/p>\n<p>Rakipsiz leke direnci i\u00e7in ustal\u0131kla geli\u015ftirilmi\u015f StainX son kat\u0131na g\u00fcvenebilirsiniz. Hidrofobik, \u00e7apraz ba\u011fl\u0131 tasar\u0131m\u0131, suyu, \u00e7amuru ve kiri an\u0131nda toplar ve iter, her t\u00fcrden elementi arac\u0131n\u0131z\u0131n y\u00fczeyinden uzak tutar.[\/vc_column_text][\/vc_column_inner][\/vc_row_inner][\/vc_column][\/vc_row][vc_row bottom_margin=&#8221;xs&#8221;][vc_column width=&#8221;1\/4&#8243;][\/vc_column][vc_column width=&#8221;1\/2&#8243;][vc_btn title=&#8221;Yetkili bir bayi bulun&#8221; style=&#8221;custom&#8221; custom_background=&#8221;&#8221; custom_text=&#8221;#ffffff&#8221; shape=&#8221;round&#8221; size=&#8221;lg&#8221; align=&#8221;center&#8221; button_block=&#8221;true&#8221; css=&#8221;.vc_custom_1618490146891{padding-top: 15px !important;padding-bottom: 15px !important;background-image: url(https:\/\/www.solargard.com\/wp-content\/uploads\/2019\/08\/bg-metal-csp-hydro.jpg?id=82563) !important;border-radius: 5px !important;}&#8221; link=&#8221;url:https%3A%2F%2Fwww.solargard.com%2Ftr%2Fbayi-arama%2F&#8221;][\/vc_column][vc_column width=&#8221;1\/4&#8243;][\/vc_column][\/vc_row][vc_row top_margin=&#8221;xs&#8221;][vc_column][vc_video link=&#8221;https:\/\/vimeo.com\/353644939\/d369cb3e9b&#8221; align=&#8221;center&#8221;][\/vc_column][\/vc_row][vc_row bottom_margin=&#8221;xs&#8221;][vc_column]<div class=\"section-title sg-section-title text-center\"><div class=\"copy-content\"><h2 class=\" normal-title\">\u00d6zellikleri ve Faydalar\u0131<\/h2><\/div><div class=\"border-bg\"><\/div><\/div>[\/vc_column][\/vc_row][vc_row top_margin=&#8221;xs&#8221; bottom_margin=&#8221;none&#8221;][vc_column width=&#8221;1\/3&#8243; css=&#8221;.vc_custom_1565732723749{margin-bottom: 15% !important;}&#8221;][vc_single_image image=&#8221;82522&#8243; img_size=&#8221;&#8221; alignment=&#8221;center&#8221;][vc_column_text]<\/p>\n<h3 style=\"text-align: center;\">StainX Sonkat Teknoloji<\/h3>\n<p style=\"text-align: center;\">Arac\u0131n\u0131z\u0131n boya y\u00fczeyini su, kir ve lekeler, b\u00f6cek \u00e7arpmas\u0131 ve ku\u015f pisliklerinin neden oldu\u011fu hasarlardan g\u00f6r\u00fcnmez bir \u015fekilde korur<\/p>\n<p>[\/vc_column_text][\/vc_column][vc_column width=&#8221;1\/3&#8243; css=&#8221;.vc_custom_1565732777099{margin-bottom: 15% !important;}&#8221;][vc_single_image image=&#8221;82507&#8243; img_size=&#8221;&#8221; alignment=&#8221;center&#8221;][vc_column_text]<\/p>\n<h3 style=\"text-align: center;\">Kendi kendini iyile\u015ftirme<\/h3>\n<p style=\"text-align: center;\">Geli\u015fmi\u015f polimer teknolojisi, k\u00fc\u00e7\u00fck a\u015f\u0131nmalar\u0131n ortadan kalkmas\u0131na ve kendini yenilemesine yard\u0131mc\u0131 olur<\/p>\n<p>[\/vc_column_text][\/vc_column][vc_column width=&#8221;1\/3&#8243; css=&#8221;.vc_custom_1565732786064{margin-bottom: 15% !important;}&#8221;][vc_single_image image=&#8221;82552&#8243; img_size=&#8221;&#8221; alignment=&#8221;center&#8221;][vc_column_text]<\/p>\n<h3 style=\"text-align: center;\">Garanti (5 y\u0131l)<\/h3>\n<p style=\"text-align: center;\">Lekelenme, sararma, b\u00fcz\u00fc\u015fme, \u00e7atlama, soyulma ve k\u00fcflenmeye kar\u015f\u0131 daha fazla koruma<\/p>\n<p>[\/vc_column_text][\/vc_column][\/vc_row][vc_row top_margin=&#8221;none&#8221;][vc_column width=&#8221;1\/3&#8243; css=&#8221;.vc_custom_1565732796470{margin-bottom: 15% !important;}&#8221;][vc_single_image image=&#8221;82537&#8243; img_size=&#8221;&#8221; alignment=&#8221;center&#8221;][vc_column_text]<\/p>\n<h3 style=\"text-align: center;\">Zaman tasarrufu<\/h3>\n<p style=\"text-align: center;\">\u00dcr\u00fcn\u00fcn leke tutmaz teknolojisi ile arac\u0131n\u0131z\u0131 daha az y\u0131kay\u0131n, tasarruf edin<\/p>\n<p>[\/vc_column_text][\/vc_column][vc_column width=&#8221;1\/3&#8243; css=&#8221;.vc_custom_1565732805567{margin-bottom: 15% !important;}&#8221;][vc_single_image image=&#8221;82492&#8243; img_size=&#8221;&#8221; alignment=&#8221;center&#8221;][vc_column_text]<\/p>\n<h3 style=\"text-align: center;\">ComputerCut\u00ae Yaz\u0131l\u0131m\u0131<\/h3>\n<p style=\"text-align: center;\">Daha h\u0131zl\u0131 i\u015f tamamlama ve verimli envanter kontrol\u00fc i\u00e7in \u00f6d\u00fcll\u00fc internet tabanl\u0131 film kesme sistemi<\/p>\n<p>[\/vc_column_text][\/vc_column][vc_column width=&#8221;1\/3&#8243; css=&#8221;.vc_custom_1565732814187{margin-bottom: 15% !important;}&#8221;][vc_single_image image=&#8221;82477&#8243; img_size=&#8221;&#8221; alignment=&#8221;center&#8221;][vc_column_text]<\/p>\n<h3 style=\"text-align: center;\">L\u00fcks g\u00f6r\u00fcn\u00fcm<\/h3>\n<p style=\"text-align: center;\">Parlak ve yeni cilalanm\u0131\u015f bir g\u00f6r\u00fcn\u00fcm elde edin<\/p>\n<p>[\/vc_column_text][\/vc_column][\/vc_row][vc_row][vc_column]<div class=\"section-title sg-section-title sep-bottom-sm text-center\"><div class=\"copy-content\"><h2 class=\" normal-title\">Teknik Hizmet Almak \u0130ster Misiniz?<\/h2><\/div><div class=\"border-bg\"><\/div><\/div>[vc_row_inner][vc_column_inner width=&#8221;1\/2&#8243;][vc_single_image image=&#8221;82594&#8243; img_size=&#8221;&#8221; alignment=&#8221;center&#8221;][\/vc_column_inner][vc_column_inner width=&#8221;1\/2&#8243;][vc_column_text]<\/p>\n<h3>Clearshield\u00ae Pro Hydro Teknik Veri Sayfas\u0131<\/h3>\n<ul>\n<li>Fiziki ozellikleri<\/li>\n<li>Yap\u0131\u015fma<\/li>\n<li>Ya\u015flanma testleri<\/li>\n<li>\u00c7arpma dayan\u0131kl\u0131l\u0131\u011f\u0131<\/li>\n<li>Kimyasal diren\u00e7<\/li>\n<li>Leke direnci<\/li>\n<\/ul>\n<p>[\/vc_column_text][vc_btn title=&#8221;Veri Sayfas\u0131n\u0131 \u0130ndirin (\u0130ngilizce)&#8221; style=&#8221;flat&#8221; shape=&#8221;square&#8221; color=&#8221;primary&#8221; size=&#8221;lg&#8221; align=&#8221;left&#8221; i_icon_fontawesome=&#8221;far fa-arrow-alt-circle-down&#8221; add_icon=&#8221;true&#8221; css=&#8221;.vc_custom_1618490492664{padding-top: 2% !important;padding-bottom: 2% !important;}&#8221; link=&#8221;url:https%3A%2F%2Fwww.solargard.com%2Fwp-content%2Fuploads%2F2020%2F05%2FCSP-Hydro_DataSheet_SK0168CSPHYDRODS_INT.pdf|title:Clearshield%20Pro%20Hydro%20Data%20Sheet%20EN|target:_blank&#8221;][\/vc_column_inner][\/vc_row_inner][\/vc_column][\/vc_row][vc_row full_width=&#8221;stretch_row&#8221; equal_height=&#8221;yes&#8221; top_margin=&#8221;none&#8221; bottom_margin=&#8221;none&#8221; css=&#8221;.vc_custom_1565717041122{background-color: #fab800 !important;}&#8221;][vc_column width=&#8221;2\/3&#8243;][vc_column_text]<\/p>\n<p style=\"text-align: center;\"><strong>Clearshield Pro&#8217;nun nerede uygulanabilece\u011fi hakk\u0131nda daha fazla bilgi edinin.<\/strong><\/p>\n<p>[\/vc_column_text][\/vc_column][vc_column width=&#8221;1\/3&#8243;][vc_btn title=&#8221;Yetkili bir bayi bulun&#8221; style=&#8221;flat&#8221; shape=&#8221;square&#8221; color=&#8221;primary&#8221; size=&#8221;lg&#8221; align=&#8221;center&#8221; button_block=&#8221;true&#8221; link=&#8221;url:https%3A%2F%2Fwww.solargard.com%2Ftr%2Fbayi-arama%2F&#8221;][\/vc_column][\/vc_row]<\/p>\n<\/div>","protected":false},"excerpt":{"rendered":"<p>[vc_row bottom_margin=&#8221;none&#8221;][vc_column][vc_row_inner el_id=&#8221;lead-in&#8221;][vc_column_inner][vc_column_text]Solar Gard&#8217;\u0131n en son boya koruma yenili\u011fi olan Clearshield Pro\u00ae HYDRO &#8211; sizin i\u00e7in. Sekt\u00f6r lideri olan StainX&#174; son kat koruma teknolojisi ile yeni cilalanm\u0131\u015f g\u00f6r\u00fcn\u00fcml\u00fc bir arabada daha fazla s\u00fcr\u00fc\u015f zevki ya\u015famak ve onu y\u0131kamak i\u00e7in daha az zaman harcaman\u0131n tad\u0131n\u0131 \u00e7\u0131karabilirsiniz Clearshield Pro Hydro&#8217;yu tan\u0131y\u0131n Clearshield Pro HYDRO&#8217;yu, solmayan, ancak kulland\u0131k\u00e7a &hellip; <a href=\"https:\/\/www.solargard.com\/tr\/hakkinda-otomotiv-filmleri\/otomotiv\/clearshield-pro-hydro-boya-korumasi\/\">Continued<\/a><\/p>\n","protected":false},"author":1,"featured_media":82447,"parent":42386,"menu_order":0,"comment_status":"closed","ping_status":"closed","template":"","meta":{"_acf_changed":false,"footnotes":""},"class_list":["post-93963","page","type-page","status-publish","has-post-thumbnail","hentry"],"acf":[],"_links":{"self":[{"href":"https:\/\/www.solargard.com\/tr\/wp-json\/wp\/v2\/pages\/93963","targetHints":{"allow":["GET"]}}],"collection":[{"href":"https:\/\/www.solargard.com\/tr\/wp-json\/wp\/v2\/pages"}],"about":[{"href":"https:\/\/www.solargard.com\/tr\/wp-json\/wp\/v2\/types\/page"}],"author":[{"embeddable":true,"href":"https:\/\/www.solargard.com\/tr\/wp-json\/wp\/v2\/users\/1"}],"replies":[{"embeddable":true,"href":"https:\/\/www.solargard.com\/tr\/wp-json\/wp\/v2\/comments?post=93963"}],"version-history":[{"count":0,"href":"https:\/\/www.solargard.com\/tr\/wp-json\/wp\/v2\/pages\/93963\/revisions"}],"up":[{"embeddable":true,"href":"https:\/\/www.solargard.com\/tr\/wp-json\/wp\/v2\/pages\/42386"}],"wp:featuredmedia":[{"embeddable":true,"href":"https:\/\/www.solargard.com\/tr\/wp-json\/wp\/v2\/media\/82447"}],"wp:attachment":[{"href":"https:\/\/www.solargard.com\/tr\/wp-json\/wp\/v2\/media?parent=93963"}],"curies":[{"name":"wp","href":"https:\/\/api.w.org\/{rel}","templated":true}]}}