{"id":94255,"date":"2020-12-14T05:47:57","date_gmt":"2020-12-14T13:47:57","guid":{"rendered":"https:\/\/www.solargard.com\/marine\/"},"modified":"2021-06-08T03:33:07","modified_gmt":"2021-06-08T11:33:07","slug":"marin","status":"publish","type":"page","link":"https:\/\/www.solargard.com\/tr\/marin\/","title":{"rendered":"MAR\u0130N F\u0130LMLER\u0130"},"content":{"rendered":"<div class=\"wpb-content-wrapper\"><p>[vc_row top_margin=&#8221;none&#8221; bottom_margin=&#8221;md&#8221;][vc_column][vc_row_inner][vc_column_inner][vc_column_text css=&#8221;.vc_custom_1623059332212{padding-top: 2% !important;padding-bottom: 4% !important;}&#8221;]<\/p>\n<h3 style=\"text-align: center; font-weight: 900;\">Solar Gard\u00ae Deneyimi<\/h3>\n<div style=\"text-align: center;\">Solar Gard g\u00fcne\u015f koruyucu filmlerimiz, g\u00fcne\u015ften gelen \u0131s\u0131 enerjisini azaltarak, hem seyir halinde hem de limandayken teknenizin konforunu \u00e7\u0131karman\u0131za yard\u0131mc\u0131 olur. Camlar\u0131n\u0131zda do\u011fal bir g\u00f6r\u00fcn\u00fcm ve konforlu i\u00e7 mekan s\u0131cakl\u0131\u011f\u0131 sa\u011flar. \u00dcretiminde kullan\u0131lan e\u015fsiz seramik teknolojimizin y\u00fcksek optik netli\u011fi, gece veya g\u00fcnd\u00fcz net g\u00f6r\u00fc\u015f a\u00e7\u0131s\u0131na olanak tan\u0131r.<\/div>\n<p>[\/vc_column_text][\/vc_column_inner][\/vc_row_inner][vc_row_inner][vc_column_inner width=&#8221;1\/4&#8243; offset=&#8221;vc_col-xs-6&#8243;]<div class=\"content-icon text-left\"><div class=\"content-link-image wow bounceInUp\" style=\"background-image: url(https:\/\/www.solargard.com\/wp-content\/uploads\/2016\/04\/keep_me_cool_2.png)\"  data-wow-delay=\"0.25s\"><\/div><h4>KONFOR<\/h4><h5><\/h5><p>\u0130\u00e7 mekan\u0131 so\u011futmak i\u00e7in g\u00fcne\u015f \u0131s\u0131s\u0131n\u0131 %93'e kadar engelleyin<\/p><\/div>[\/vc_column_inner][vc_column_inner width=&#8221;1\/4&#8243; offset=&#8221;vc_col-xs-6&#8243;]<div class=\"content-icon text-left\"><div class=\"content-link-image wow bounceInUp\" style=\"background-image: url(https:\/\/www.solargard.com\/wp-content\/uploads\/2016\/04\/shield_2.png)\"  data-wow-delay=\"0.5s\"><\/div><h4>UV KORUMA<\/h4><h5><\/h5><p>G\u00fcne\u015f Koruma Fakt\u00f6r\u00fc 285'e e\u015fde\u011fer<\/p><\/div>[\/vc_column_inner][vc_column_inner width=&#8221;1\/4&#8243; offset=&#8221;vc_col-xs-6&#8243;]<div class=\"content-icon text-left\"><div class=\"content-link-image wow bounceInUp\" style=\"background-image: url(https:\/\/www.solargard.com\/wp-content\/uploads\/2016\/04\/prevent_fading_2.png)\"  data-wow-delay=\"0.75s\"><\/div><h4>SOLMA<\/h4><h5><\/h5><p>\u0130\u00e7 mekan\u0131 zararl\u0131 UV \u0131\u015f\u0131nlar\u0131ndan korumaya yard\u0131mc\u0131 olun<\/p><\/div>[\/vc_column_inner][vc_column_inner width=&#8221;1\/4&#8243; offset=&#8221;vc_col-xs-6&#8243;]<div class=\"content-icon text-left\"><div class=\"content-link-image wow bounceInUp\" style=\"background-image: url(https:\/\/www.solargard.com\/wp-content\/uploads\/2016\/04\/glare_2.png)\"  data-wow-delay=\"1s\"><\/div><h4>PARLAMA<\/h4><h5><\/h5><p>G\u00fcne\u015ften gelen parlaman\u0131n sizi k\u00f6r etmesini \u00f6nleyin<\/p><\/div>[\/vc_column_inner][\/vc_row_inner][\/vc_column][\/vc_row][vc_row top_margin=&#8221;md&#8221; bottom_margin=&#8221;sm&#8221;][vc_column]<div class=\"section-title sg-section-title text-center\"><div class=\"copy-content\"><h2 class=\" normal-title\">\u00dcr\u00fcnlerimizi \u0130nceleyin<\/h2><\/div><div class=\"border-bg\"><\/div><\/div>[\/vc_column][\/vc_row][vc_row top_margin=&#8221;none&#8221; bottom_margin=&#8221;sm&#8221;][vc_column][vc_row_inner el_id=&#8221;marine-products&#8221;][vc_column_inner width=&#8221;1\/4&#8243;][vc_cta h2=&#8221;CX Magnum Black&#8221; h4=&#8221;Ultraviyole ve k\u0131z\u0131l\u00f6tesi \u0131\u015f\u0131nlar\u0131 engelleyen Seramik Film Serisi.&#8221; shape=&#8221;square&#8221; add_button=&#8221;bottom&#8221; btn_title=&#8221;More info&#8221; btn_style=&#8221;flat&#8221; btn_shape=&#8221;square&#8221; btn_color=&#8221;primary&#8221; btn_link=&#8221;url:https%3A%2F%2Fwww.solargard.com%2Ftr%2Fproduct%2Fcx-magnum-black-en-koyu-arac-cam-filmi%2F|title:CX%20Magnum%20Black&#8221; el_id=&#8221;panoramacx&#8221;][\/vc_cta][\/vc_column_inner][vc_column_inner width=&#8221;1\/4&#8243;][vc_cta h2=&#8221;CX Magnum IR&#8221; h4=&#8221;8 farkl\u0131 tonda ve \u015f\u0131k bir g\u00f6r\u00fcn\u00fcmle \u00fcst\u00fcn \u0131s\u0131 geri yans\u0131tma \u00f6zelli\u011fi.&#8221; shape=&#8221;square&#8221; add_button=&#8221;bottom&#8221; btn_title=&#8221;More info&#8221; btn_style=&#8221;flat&#8221; btn_shape=&#8221;square&#8221; btn_color=&#8221;primary&#8221; btn_link=&#8221;url:https%3A%2F%2Fwww.solargard.com%2Ftr%2Fproduct%2Fcx-magnum-ir-cam-filmi%2F|title:CX%20Magnum%20IR&#8221; el_id=&#8221;purevue&#8221;][\/vc_cta][\/vc_column_inner][vc_column_inner width=&#8221;1\/4&#8243;][vc_cta h2=&#8221;Ultra Performance Plus&#8221; h4=&#8221;S\u00fcr\u00fc\u015f deneyiminizi ve konforunuzu en \u00fcst d\u00fczeye \u00e7\u0131karma&#8221; shape=&#8221;square&#8221; add_button=&#8221;bottom&#8221; btn_title=&#8221;More info&#8221; btn_style=&#8221;flat&#8221; btn_shape=&#8221;square&#8221; btn_color=&#8221;primary&#8221; btn_link=&#8221;url:https%3A%2F%2Fwww.solargard.com%2Ftr%2Fproduct%2Fultra-performance%2F|title:Ultra%20Performance%20Plus&#8221; el_id=&#8221;xenithir&#8221;][\/vc_cta][\/vc_column_inner][vc_column_inner width=&#8221;1\/4&#8243;][vc_cta h2=&#8221;Galaxie&#8221; h4=&#8221;10 y\u0131l garantili ve cezbedici renk tonu&#8221; shape=&#8221;square&#8221; add_button=&#8221;bottom&#8221; btn_title=&#8221;More info&#8221; btn_style=&#8221;flat&#8221; btn_shape=&#8221;square&#8221; btn_color=&#8221;primary&#8221; btn_link=&#8221;url:https%3A%2F%2Fwww.solargard.com%2Ftr%2Fproduct%2Fgalaxie%2F|title:Galaxie&#8221; el_id=&#8221;vortexir&#8221;][\/vc_cta][\/vc_column_inner][\/vc_row_inner][\/vc_column][\/vc_row][vc_row top_margin=&#8221;md&#8221; bottom_margin=&#8221;sm&#8221;][vc_column]<div class=\"section-title sg-section-title text-center\"><div class=\"copy-content\"><h2 class=\" normal-title\">Kaynaklar<\/h2><\/div><div class=\"border-bg\"><\/div><\/div>[\/vc_column][\/vc_row][vc_row full_width=&#8221;stretch_row&#8221; top_margin=&#8221;xs&#8221; bottom_margin=&#8221;xs&#8221;][vc_column][vc_row_inner equal_height=&#8221;yes&#8221;][vc_column_inner width=&#8221;1\/3&#8243;][vc_btn title=&#8221;Yetkili Uygulamac\u0131 Bulun&#8221; style=&#8221;custom&#8221; custom_background=&#8221;#fdb924&#8243; custom_text=&#8221;#0a0a0a&#8221; shape=&#8221;square&#8221; size=&#8221;lg&#8221; align=&#8221;center&#8221; i_icon_fontawesome=&#8221;&#8221; css_animation=&#8221;bounceInDown&#8221; button_block=&#8221;true&#8221; add_icon=&#8221;true&#8221; link=&#8221;url:https%3A%2F%2Fwww.solargard.com%2Ftr%2Fbayi-arama%2F|title:Find%20a%20Dealer&#8221;][\/vc_column_inner][vc_column_inner width=&#8221;1\/3&#8243;][vc_btn title=&#8221;Bak\u0131m Talimatlar\u0131&#8221; style=&#8221;flat&#8221; shape=&#8221;square&#8221; color=&#8221;primary&#8221; size=&#8221;lg&#8221; align=&#8221;center&#8221; button_block=&#8221;true&#8221; el_class=&#8221;same-height-item&#8221; link=&#8221;url:https%3A%2F%2Fwww.solargard.com%2Ftr%2Fbakim-talimatlari%2F&#8221;][\/vc_column_inner][vc_column_inner width=&#8221;1\/3&#8243;][vc_btn title=&#8221;Garantiler&#8221; style=&#8221;flat&#8221; shape=&#8221;square&#8221; color=&#8221;primary&#8221; size=&#8221;lg&#8221; align=&#8221;center&#8221; button_block=&#8221;true&#8221; el_class=&#8221;same-height-item&#8221; link=&#8221;url:https%3A%2F%2Fwww.solargard.com%2Ftr%2Fhakkinda-otomotiv-filmleri%2Fotomotiv%2Fotomotiv-garantileri%2F&#8221;][\/vc_column_inner][\/vc_row_inner][\/vc_column][\/vc_row]<\/p>\n<\/div>","protected":false},"excerpt":{"rendered":"<p>[vc_row top_margin=&#8221;none&#8221; bottom_margin=&#8221;md&#8221;][vc_column][vc_row_inner][vc_column_inner][vc_column_text css=&#8221;.vc_custom_1623059332212{padding-top: 2% !important;padding-bottom: 4% !important;}&#8221;] Solar Gard\u00ae Deneyimi Solar Gard g\u00fcne\u015f koruyucu filmlerimiz, g\u00fcne\u015ften gelen \u0131s\u0131 enerjisini azaltarak, hem seyir halinde hem de limandayken teknenizin konforunu \u00e7\u0131karman\u0131za yard\u0131mc\u0131 olur. Camlar\u0131n\u0131zda do\u011fal bir g\u00f6r\u00fcn\u00fcm ve konforlu i\u00e7 mekan s\u0131cakl\u0131\u011f\u0131 sa\u011flar. \u00dcretiminde kullan\u0131lan e\u015fsiz seramik teknolojimizin y\u00fcksek optik netli\u011fi, gece veya g\u00fcnd\u00fcz net g\u00f6r\u00fc\u015f &hellip; <a href=\"https:\/\/www.solargard.com\/tr\/marin\/\">Continued<\/a><\/p>\n","protected":false},"author":27,"featured_media":92295,"parent":0,"menu_order":0,"comment_status":"closed","ping_status":"closed","template":"","meta":{"_acf_changed":false,"footnotes":""},"class_list":["post-94255","page","type-page","status-publish","has-post-thumbnail","hentry"],"acf":[],"_links":{"self":[{"href":"https:\/\/www.solargard.com\/tr\/wp-json\/wp\/v2\/pages\/94255","targetHints":{"allow":["GET"]}}],"collection":[{"href":"https:\/\/www.solargard.com\/tr\/wp-json\/wp\/v2\/pages"}],"about":[{"href":"https:\/\/www.solargard.com\/tr\/wp-json\/wp\/v2\/types\/page"}],"author":[{"embeddable":true,"href":"https:\/\/www.solargard.com\/tr\/wp-json\/wp\/v2\/users\/27"}],"replies":[{"embeddable":true,"href":"https:\/\/www.solargard.com\/tr\/wp-json\/wp\/v2\/comments?post=94255"}],"version-history":[{"count":0,"href":"https:\/\/www.solargard.com\/tr\/wp-json\/wp\/v2\/pages\/94255\/revisions"}],"wp:featuredmedia":[{"embeddable":true,"href":"https:\/\/www.solargard.com\/tr\/wp-json\/wp\/v2\/media\/92295"}],"wp:attachment":[{"href":"https:\/\/www.solargard.com\/tr\/wp-json\/wp\/v2\/media?parent=94255"}],"curies":[{"name":"wp","href":"https:\/\/api.w.org\/{rel}","templated":true}]}}