{"id":42525,"date":"2014-11-03T19:56:08","date_gmt":"2016-07-06T20:44:00","guid":{"rendered":"https:\/\/www.solargard.com\/tr\/?post_type=product&#038;p=42525"},"modified":"2022-04-05T11:08:42","modified_gmt":"2022-04-05T19:08:42","slug":"clearshield-pro","status":"publish","type":"product","link":"https:\/\/www.solargard.com\/tr\/product\/clearshield-pro\/","title":{"rendered":"Clearshield Pro"},"content":{"rendered":"<p><strong>Clearshield PRO<\/strong><\/p>\n<p>Solar Gard Clearshield Pro, otomotiv boya y\u00fczeyi korumada en ileri d\u00fczey y\u00f6ntemi sunar. Neredeyse ay\u0131rt edilemeyen bu koruyucu \u00fcretan film mucur, moloz, ta\u015f, yol tuzu ve hatta b\u00f6cekler gibi g\u00fcnl\u00fck zararl\u0131 yol tehlikelerinden gelebilecek etkilere kar\u015f\u0131 koruma sa\u011flayacak \u015fekilde tasarlanm\u0131\u015ft\u0131r.<\/p>\n<p>Araban\u0131z: yolculuk yapt\u0131\u011f\u0131n\u0131z ara\u00e7tan daha fazlas\u0131d\u0131r, sizin gurur kayna\u011f\u0131n\u0131zd\u0131r. Neden arac\u0131n\u0131z\u0131n boyas\u0131nda olabilecek \u00e7izik ,boya k\u0131r\u0131klar\u0131 ve lekeler i\u00e7in endi\u015felenesiniz ki? Clearshield PRO ile arac\u0131n\u0131z\u0131n boyas\u0131 i\u00e7in endi\u015felenmenize gerek kalmaz. Arac\u0131n\u0131z\u0131n g\u00f6r\u00fcn\u00fcm\u00fc y\u0131llarca Clearshield PRO korumas\u0131 ile ilk g\u00fcnk\u00fc gibi kalacakt\u0131r.<\/p>\n<p><strong>Nas\u0131l Korur?<br \/>\n<\/strong>Clearshield PRO boya \u00fczerinde \u015feffaf ama sert ve g\u00f6r\u00fcnmez bir z\u0131rh olu\u015fturur. Bu g\u00f6r\u00fcnmez katman arac\u0131n\u0131z\u0131 kullan\u0131rken h\u0131zla gelebilecek k\u00fc\u00e7\u00fck par\u00e7ac\u0131klar, b\u00f6cekler, kum tanecikleri sonucunda boyan\u0131n \u00e7izilmesini ve deforme olmas\u0131na kar\u015f\u0131 korumaya yard\u0131mc\u0131 olur. Clearshield PRO 152,4cm enindeki rulo \u00f6l\u00e7\u00fcs\u00fc ile t\u00fcm kaputun, \u00e7amurluklar\u0131n yada arac\u0131n\u0131z\u0131n boyas\u0131n\u0131n zarar g\u00f6rebilece\u011fini d\u00fc\u015f\u00fcnd\u00fc\u011f\u00fcn\u00fcz t\u00fcm y\u00fczeylerinde kullan\u0131labilir.<\/p>\n<p><strong>Profesyonel Kalite\u00a0 &#8211; Profesyonel Uygulama<br \/>\n<\/strong>Clearshiled PRO uygulamac\u0131lar\u0131 en kaliteli \u00fcr\u00fcn i\u00e7in e\u011fitilmi\u015f olan tecr\u00fcbeli uygulamac\u0131lard\u0131r. Uygulamadaki tecr\u00fcbeleri ComputerCut sistemimizin tam \u015fablonlu kesim tekni\u011fi ile birlikte toplam ba\u015far\u0131y\u0131 sa\u011flamaktad\u0131r.<\/p>\n<p><strong>ComputerCut Sistemi<br \/>\n<\/strong><span style=\"line-height: 1.42857;\">ComputerCut, cam filmi end\u00fcstrisinin ilk bulut sistemli kesim teknolojisidir. Bu sistemde, sadece yetkilendirilmi\u015f bayiler sistem \u00fczerindeki \u00f6nceden haz\u0131rlanm\u0131\u015f \u015fablonlar\u0131 direk olarak indirerek Clearshiled Pro \u00fczerinde veya her t\u00fcrl\u00fc cam filmi \u00fczerinde kesim yapabilmektedirler.<\/span><\/p>\n","protected":false},"excerpt":{"rendered":"<p>Clearshield PRO Solar Gard Clearshield Pro, otomotiv boya y\u00fczeyi korumada en ileri d\u00fczey y\u00f6ntemi sunar. Neredeyse ay\u0131rt edilemeyen bu koruyucu \u00fcretan film mucur, moloz, ta\u015f, yol tuzu ve hatta b\u00f6cekler gibi g\u00fcnl\u00fck zararl\u0131 yol tehlikelerinden gelebilecek etkilere kar\u015f\u0131 koruma sa\u011flayacak \u015fekilde tasarlanm\u0131\u015ft\u0131r. Araban\u0131z: yolculuk yapt\u0131\u011f\u0131n\u0131z ara\u00e7tan daha fazlas\u0131d\u0131r, sizin gurur kayna\u011f\u0131n\u0131zd\u0131r. Neden arac\u0131n\u0131z\u0131n boyas\u0131nda olabilecek &hellip; <a href=\"https:\/\/www.solargard.com\/tr\/product\/clearshield-pro\/\">Continued<\/a><\/p>\n","protected":false},"featured_media":102120,"comment_status":"open","ping_status":"closed","template":"","meta":{"_acf_changed":false},"product_brand":[],"product_cat":[1196],"product_tag":[1617],"class_list":{"0":"post-42525","1":"product","2":"type-product","3":"status-publish","4":"has-post-thumbnail","6":"product_cat-paint-protection-tr","7":"product_tag-paint-protection-tr","9":"first","10":"outofstock","11":"shipping-taxable","12":"product-type-simple"},"acf":[],"_links":{"self":[{"href":"https:\/\/www.solargard.com\/tr\/wp-json\/wp\/v2\/product\/42525","targetHints":{"allow":["GET"]}}],"collection":[{"href":"https:\/\/www.solargard.com\/tr\/wp-json\/wp\/v2\/product"}],"about":[{"href":"https:\/\/www.solargard.com\/tr\/wp-json\/wp\/v2\/types\/product"}],"replies":[{"embeddable":true,"href":"https:\/\/www.solargard.com\/tr\/wp-json\/wp\/v2\/comments?post=42525"}],"wp:featuredmedia":[{"embeddable":true,"href":"https:\/\/www.solargard.com\/tr\/wp-json\/wp\/v2\/media\/102120"}],"wp:attachment":[{"href":"https:\/\/www.solargard.com\/tr\/wp-json\/wp\/v2\/media?parent=42525"}],"wp:term":[{"taxonomy":"product_brand","embeddable":true,"href":"https:\/\/www.solargard.com\/tr\/wp-json\/wp\/v2\/product_brand?post=42525"},{"taxonomy":"product_cat","embeddable":true,"href":"https:\/\/www.solargard.com\/tr\/wp-json\/wp\/v2\/product_cat?post=42525"},{"taxonomy":"product_tag","embeddable":true,"href":"https:\/\/www.solargard.com\/tr\/wp-json\/wp\/v2\/product_tag?post=42525"}],"curies":[{"name":"wp","href":"https:\/\/api.w.org\/{rel}","templated":true}]}}