{"id":42527,"date":"2016-07-06T20:45:33","date_gmt":"2016-07-06T20:45:33","guid":{"rendered":"https:\/\/www.solargard.com\/tr\/?post_type=product&#038;p=42527"},"modified":"2017-05-03T11:18:03","modified_gmt":"2017-05-03T11:18:03","slug":"hp-smoke-plus","status":"publish","type":"product","link":"https:\/\/www.solargard.com\/tr\/product\/hp-smoke-plus\/","title":{"rendered":"HP Smoke Plus"},"content":{"rendered":"<h2>Solar Gard Otomobil Filmleri: High Performance Smoke\u00ae Plus<\/h2>\n<p>Arac\u0131n\u0131za uygun bir filmde arayaca\u011f\u0131n\u0131z her \u015fey<\/p>\n<div>\n<p>Solar Gard (HP) Smoke Plus, ekonomik bir otomotiv cam filmidir. Bu film inan\u0131lmaz bir fiyata klasik bir g\u00f6r\u00fcnt\u00fc sunar. HP Smoke Plus \u00fcr\u00fcn\u00fc, \u0131s\u0131y\u0131 daha iyi engellemek i\u00e7in metalize edilmi\u015ftir ve s\u0131n\u0131rl\u0131 \u00f6m\u00fcr boyu garantisi vard\u0131r. Arac\u0131n\u0131z\u0131n i\u00e7 k\u0131s\u0131mlar\u0131nda solmay\u0131 \u00f6nlemek i\u00e7in UV korumas\u0131 sunar. D\u00f6rt farkl\u0131 klasik gri tonu i\u00e7eren HP Smoke Plus, s\u00fcr\u00fc\u015f\u00fcn\u00fcze tarz katar.<\/p>\n<p><strong>\u00d6nemli \u00d6zellikler<\/strong><\/p>\n<ul>\n<ul>\n<li>Klasik duman rengi<\/li>\n<li>D\u00f6rt farkl\u0131 ton se\u00e7ene\u011fi<\/li>\n<li>Ultraviyole \u0131\u015f\u0131nlar\u0131n %98\u2019ine kadar\u0131n\u0131 engeller<\/li>\n<li>S\u0131n\u0131rl\u0131 \u00f6m\u00fcr boyu garanti<\/li>\n<\/ul>\n<\/ul>\n<\/div>\n","protected":false},"excerpt":{"rendered":"<p>Solar Gard Otomobil Filmleri: High Performance Smoke\u00ae Plus Arac\u0131n\u0131za uygun bir filmde arayaca\u011f\u0131n\u0131z her \u015fey Solar Gard (HP) Smoke Plus, ekonomik bir otomotiv cam filmidir. Bu film inan\u0131lmaz bir fiyata klasik bir g\u00f6r\u00fcnt\u00fc sunar. HP Smoke Plus \u00fcr\u00fcn\u00fc, \u0131s\u0131y\u0131 daha iyi engellemek i\u00e7in metalize edilmi\u015ftir ve s\u0131n\u0131rl\u0131 \u00f6m\u00fcr boyu garantisi vard\u0131r. Arac\u0131n\u0131z\u0131n i\u00e7 k\u0131s\u0131mlar\u0131nda solmay\u0131 &hellip; <a href=\"https:\/\/www.solargard.com\/tr\/product\/hp-smoke-plus\/\">Continued<\/a><\/p>\n","protected":false},"featured_media":98824,"comment_status":"open","ping_status":"closed","template":"","meta":{"_acf_changed":false},"product_brand":[],"product_cat":[1193,1194],"product_tag":[1660,1646,1533,1577],"class_list":{"0":"post-42527","1":"product","2":"type-product","3":"status-publish","4":"has-post-thumbnail","6":"product_cat-automotive-tr","7":"product_cat-high-performance-tr","8":"product_tag-dark-tint-tr","9":"product_tag-medium-tint-tr","10":"product_tag-reflective-tr","11":"product_tag-staying-cool-tr","13":"first","14":"outofstock","15":"shipping-taxable","16":"product-type-simple"},"acf":[],"_links":{"self":[{"href":"https:\/\/www.solargard.com\/tr\/wp-json\/wp\/v2\/product\/42527","targetHints":{"allow":["GET"]}}],"collection":[{"href":"https:\/\/www.solargard.com\/tr\/wp-json\/wp\/v2\/product"}],"about":[{"href":"https:\/\/www.solargard.com\/tr\/wp-json\/wp\/v2\/types\/product"}],"replies":[{"embeddable":true,"href":"https:\/\/www.solargard.com\/tr\/wp-json\/wp\/v2\/comments?post=42527"}],"wp:featuredmedia":[{"embeddable":true,"href":"https:\/\/www.solargard.com\/tr\/wp-json\/wp\/v2\/media\/98824"}],"wp:attachment":[{"href":"https:\/\/www.solargard.com\/tr\/wp-json\/wp\/v2\/media?parent=42527"}],"wp:term":[{"taxonomy":"product_brand","embeddable":true,"href":"https:\/\/www.solargard.com\/tr\/wp-json\/wp\/v2\/product_brand?post=42527"},{"taxonomy":"product_cat","embeddable":true,"href":"https:\/\/www.solargard.com\/tr\/wp-json\/wp\/v2\/product_cat?post=42527"},{"taxonomy":"product_tag","embeddable":true,"href":"https:\/\/www.solargard.com\/tr\/wp-json\/wp\/v2\/product_tag?post=42527"}],"curies":[{"name":"wp","href":"https:\/\/api.w.org\/{rel}","templated":true}]}}