{"id":42528,"date":"2016-07-06T20:46:12","date_gmt":"2016-07-06T20:46:12","guid":{"rendered":"https:\/\/www.solargard.com\/tr\/?post_type=product&#038;p=42528"},"modified":"2017-05-03T11:22:34","modified_gmt":"2017-05-03T11:22:34","slug":"nr-smoke-plus","status":"publish","type":"product","link":"https:\/\/www.solargard.com\/tr\/product\/nr-smoke-plus\/","title":{"rendered":"NR Smoke Plus"},"content":{"rendered":"<h2>Non-Reflective Smoke\u00ae Plus: Smoke Plus Serisi &#8211; Arac\u0131n\u0131z g\u00fcne\u015f \u0131\u015f\u0131nlar\u0131yla m\u00fccadele etsin<\/h2>\n<div>\n<div class=\"title1\"><\/div>\n<div>\n<p>Solar Gard (NR) Smoke Plus Serisi de, Solar Gard (HP) Smoke Plus Serisi gibi ekonomik bir otomotiv cam filmidir. D\u00f6rt farkl\u0131 klasik gri renk tonuyla ara\u00e7 i\u00e7in m\u00fckemmel bir g\u00f6r\u00fcn\u00fcm olu\u015fturman\u0131za olanak sa\u011flar. S\u00fcr\u00fc\u015f konforunu artt\u0131r\u0131rken, g\u00f6r\u00fc\u015f\u00fcn\u00fcz\u00fcn berrak ve net kalmas\u0131n\u0131 sa\u011flayarak sizi ve arac\u0131n\u0131z\u0131 g\u00fcne\u015fin zararl\u0131 UV \u0131\u015f\u0131nlar\u0131ndan % 98 oran\u0131nda korur.<\/p>\n<ul>\n<ul>\n<li>Uydu radyo, GPS, GSM ve lastik bas\u0131nc\u0131 izleme sistemi ile uyumlu<\/li>\n<li>D\u00f6rt farkl\u0131 ton se\u00e7ene\u011fi<\/li>\n<li>M\u00fckemmel film netli\u011fi<\/li>\n<li>Be\u015f y\u0131ll\u0131k s\u0131n\u0131rl\u0131 garanti<\/li>\n<\/ul>\n<\/ul>\n<\/div>\n<\/div>\n","protected":false},"excerpt":{"rendered":"<p>Non-Reflective Smoke\u00ae Plus: Smoke Plus Serisi &#8211; Arac\u0131n\u0131z g\u00fcne\u015f \u0131\u015f\u0131nlar\u0131yla m\u00fccadele etsin Solar Gard (NR) Smoke Plus Serisi de, Solar Gard (HP) Smoke Plus Serisi gibi ekonomik bir otomotiv cam filmidir. D\u00f6rt farkl\u0131 klasik gri renk tonuyla ara\u00e7 i\u00e7in m\u00fckemmel bir g\u00f6r\u00fcn\u00fcm olu\u015fturman\u0131za olanak sa\u011flar. S\u00fcr\u00fc\u015f konforunu artt\u0131r\u0131rken, g\u00f6r\u00fc\u015f\u00fcn\u00fcz\u00fcn berrak ve net kalmas\u0131n\u0131 sa\u011flayarak sizi &hellip; <a href=\"https:\/\/www.solargard.com\/tr\/product\/nr-smoke-plus\/\">Continued<\/a><\/p>\n","protected":false},"featured_media":98849,"comment_status":"open","ping_status":"closed","template":"","meta":{"_acf_changed":false},"product_brand":[],"product_cat":[1193,1195],"product_tag":[1660,1646,1533,1591],"class_list":{"0":"post-42528","1":"product","2":"type-product","3":"status-publish","4":"has-post-thumbnail","6":"product_cat-automotive-tr","7":"product_cat-non-reflective-tr","8":"product_tag-dark-tint-tr","9":"product_tag-medium-tint-tr","10":"product_tag-reflective-tr","11":"product_tag-signal-friendly-tr","13":"first","14":"outofstock","15":"shipping-taxable","16":"product-type-simple"},"acf":[],"_links":{"self":[{"href":"https:\/\/www.solargard.com\/tr\/wp-json\/wp\/v2\/product\/42528","targetHints":{"allow":["GET"]}}],"collection":[{"href":"https:\/\/www.solargard.com\/tr\/wp-json\/wp\/v2\/product"}],"about":[{"href":"https:\/\/www.solargard.com\/tr\/wp-json\/wp\/v2\/types\/product"}],"replies":[{"embeddable":true,"href":"https:\/\/www.solargard.com\/tr\/wp-json\/wp\/v2\/comments?post=42528"}],"wp:featuredmedia":[{"embeddable":true,"href":"https:\/\/www.solargard.com\/tr\/wp-json\/wp\/v2\/media\/98849"}],"wp:attachment":[{"href":"https:\/\/www.solargard.com\/tr\/wp-json\/wp\/v2\/media?parent=42528"}],"wp:term":[{"taxonomy":"product_brand","embeddable":true,"href":"https:\/\/www.solargard.com\/tr\/wp-json\/wp\/v2\/product_brand?post=42528"},{"taxonomy":"product_cat","embeddable":true,"href":"https:\/\/www.solargard.com\/tr\/wp-json\/wp\/v2\/product_cat?post=42528"},{"taxonomy":"product_tag","embeddable":true,"href":"https:\/\/www.solargard.com\/tr\/wp-json\/wp\/v2\/product_tag?post=42528"}],"curies":[{"name":"wp","href":"https:\/\/api.w.org\/{rel}","templated":true}]}}