{"id":42529,"date":"2014-11-03T19:55:23","date_gmt":"2016-07-06T20:46:43","guid":{"rendered":"https:\/\/www.solargard.com\/tr\/?post_type=product&#038;p=42529"},"modified":"2022-08-25T02:28:59","modified_gmt":"2022-08-25T10:28:59","slug":"galaxie","status":"publish","type":"product","link":"https:\/\/www.solargard.com\/tr\/product\/galaxie\/","title":{"rendered":"Galaxie"},"content":{"rendered":"<h4>Solar Gard Galaxie&#x2122; Otomobil Filmleri &#8211; Siyah g\u00f6r\u00fcnt\u00fcs\u00fcyle ba\u015f d\u00f6nd\u00fcr\u00fcc\u00fc bir y\u00fczey sunar<\/h4>\n<p>\u00dcst\u00fcn kalite ve e\u015fsiz performans ile s\u00fcr\u00fc\u015f kaliteniz artacak ve g\u00fcne\u015f \u0131s\u0131s\u0131ndan ve zararl\u0131 UV \u0131\u015f\u0131nlardan korunacaks\u0131n\u0131z. G\u00f6r\u00fc\u015f netli\u011fini koruyan ve s\u00fcr\u00fc\u015f g\u00fcvenli\u011fini sa\u011flayan e\u015fsiz berrakl\u0131k \u00f6zelli\u011fi, Galaxie\u2019yi \u015f\u0131k bir g\u00f6r\u00fcnt\u00fc ve serin bir hava i\u00e7in ideal cam filmi yapmaktad\u0131r.<br \/>\n<strong>\u00d6zellikler ve Avantajlar:<\/strong><span> <\/span><\/p>\n<ul>\n<li style=\"list-style-type: none;\">\n<ul>\n<li>D\u00f6rt ton se\u00e7enekli siyah renk<\/li>\n<li>UV \u0131\u015f\u0131nlar\u0131n\u0131n %99\u2019undan fazlas\u0131n\u0131 engelleyerek sizi, yolcular\u0131n\u0131z\u0131 ve araban\u0131z\u0131n i\u00e7 k\u0131sm\u0131n\u0131 korur<\/li>\n<li>GPS, uydu radyolar\u0131, cep telefonlar\u0131 ve lastik bas\u0131nc\u0131 g\u00f6r\u00fcnt\u00fcleme sistemleri sinyalleriyle uyumlu<\/li>\n<li>G\u00f6r\u00fc\u015f netli\u011finin korunmas\u0131 i\u00e7in m\u00fckemmel film berrakl\u0131\u011f\u0131<\/li>\n<li>G\u00fcvenli ve konforlu s\u00fcr\u00fc\u015f i\u00e7in \u00fcst\u00fcn par\u0131lt\u0131 azaltma \u00f6zelli\u011fi<\/li>\n<li>A\u015f\u0131r\u0131 solma ve renk de\u011fi\u015fimine kar\u015f\u0131 garantili<\/li>\n<li>\u00a0Siyah g\u00f6r\u00fcnt\u00fcs\u00fcyle ba\u015f d\u00f6nd\u00fcr\u00fcc\u00fc bir y\u00fczey sunarBak\u0131ma gerek b\u0131rakmayan, \u00e7izilmeyi \u00f6nleyen e\u015fsiz kaplama<\/li>\n<\/ul>\n<\/li>\n<\/ul>\n","protected":false},"excerpt":{"rendered":"<p>Solar Gard Galaxie&#x2122; Otomobil Filmleri &#8211; Siyah g\u00f6r\u00fcnt\u00fcs\u00fcyle ba\u015f d\u00f6nd\u00fcr\u00fcc\u00fc bir y\u00fczey sunar \u00dcst\u00fcn kalite ve e\u015fsiz performans ile s\u00fcr\u00fc\u015f kaliteniz artacak ve g\u00fcne\u015f \u0131s\u0131s\u0131ndan ve zararl\u0131 UV \u0131\u015f\u0131nlardan korunacaks\u0131n\u0131z. G\u00f6r\u00fc\u015f netli\u011fini koruyan ve s\u00fcr\u00fc\u015f g\u00fcvenli\u011fini sa\u011flayan e\u015fsiz berrakl\u0131k \u00f6zelli\u011fi, Galaxie\u2019yi \u015f\u0131k bir g\u00f6r\u00fcnt\u00fc ve serin bir hava i\u00e7in ideal cam filmi yapmaktad\u0131r. \u00d6zellikler ve &hellip; <a href=\"https:\/\/www.solargard.com\/tr\/product\/galaxie\/\">Continued<\/a><\/p>\n","protected":false},"featured_media":42523,"comment_status":"open","ping_status":"closed","template":"","meta":{"_acf_changed":false},"product_brand":[],"product_cat":[1193,1195],"product_tag":[1605,1660,1646,1533,1591],"class_list":{"0":"post-42529","1":"product","2":"type-product","3":"status-publish","4":"has-post-thumbnail","6":"product_cat-automotive-tr","7":"product_cat-non-reflective-tr","8":"product_tag-color-stability-tr","9":"product_tag-dark-tint-tr","10":"product_tag-medium-tint-tr","11":"product_tag-reflective-tr","12":"product_tag-signal-friendly-tr","14":"first","15":"instock","16":"shipping-taxable","17":"product-type-simple"},"acf":[],"_links":{"self":[{"href":"https:\/\/www.solargard.com\/tr\/wp-json\/wp\/v2\/product\/42529","targetHints":{"allow":["GET"]}}],"collection":[{"href":"https:\/\/www.solargard.com\/tr\/wp-json\/wp\/v2\/product"}],"about":[{"href":"https:\/\/www.solargard.com\/tr\/wp-json\/wp\/v2\/types\/product"}],"replies":[{"embeddable":true,"href":"https:\/\/www.solargard.com\/tr\/wp-json\/wp\/v2\/comments?post=42529"}],"wp:featuredmedia":[{"embeddable":true,"href":"https:\/\/www.solargard.com\/tr\/wp-json\/wp\/v2\/media\/42523"}],"wp:attachment":[{"href":"https:\/\/www.solargard.com\/tr\/wp-json\/wp\/v2\/media?parent=42529"}],"wp:term":[{"taxonomy":"product_brand","embeddable":true,"href":"https:\/\/www.solargard.com\/tr\/wp-json\/wp\/v2\/product_brand?post=42529"},{"taxonomy":"product_cat","embeddable":true,"href":"https:\/\/www.solargard.com\/tr\/wp-json\/wp\/v2\/product_cat?post=42529"},{"taxonomy":"product_tag","embeddable":true,"href":"https:\/\/www.solargard.com\/tr\/wp-json\/wp\/v2\/product_tag?post=42529"}],"curies":[{"name":"wp","href":"https:\/\/api.w.org\/{rel}","templated":true}]}}