{"id":42531,"date":"2016-07-06T20:47:55","date_gmt":"2016-07-06T20:47:55","guid":{"rendered":"https:\/\/www.solargard.com\/tr\/?post_type=product&#038;p=42531"},"modified":"2017-05-03T11:16:19","modified_gmt":"2017-05-03T11:16:19","slug":"graffitigard","status":"publish","type":"product","link":"https:\/\/www.solargard.com\/tr\/product\/graffitigard\/","title":{"rendered":"Graffitigard"},"content":{"rendered":"<div class=\"title1\">Anti Graffiti Film<\/div>\n<div><strong>Kamu ve \u00f6zel m\u00fclk\u00fc vandalizme kar\u015f\u0131 korur<\/strong><br \/>\nSolar Gard\u2019\u0131n Grafittigard koruyucu filmi Vandallarla i\u00e7 ve d\u0131\u015f cam pencereler ve aynalar\u0131n yan\u0131 s\u0131ra paslanmaz \u00e7elik ve mermer gibi di\u011fer g\u00f6zenekli olmayan y\u00fczeyler de d\u00e2hil \u00a0kaplad\u0131klar\u0131 y\u00fczeyler aras\u0131nda, g\u00f6zden \u00e7\u0131kar\u0131labilir bir engel olarak i\u015flev g\u00f6ren, dayan\u0131kl\u0131, optik olarak saydam ve s\u00f6k\u00fclebilir bir \u00fcr\u00fcnd\u00fcr. Fark edilmeyen film y\u00fczeyleri boya, anahtar \u00e7izikleri, yaz\u0131lar ve hatta asit da\u011flamas\u0131na kar\u015f\u0131 korur. Vandall\u0131kla kar\u015f\u0131la\u015f\u0131ld\u0131\u011f\u0131nda temizlemek i\u00e7in bu film kolayl\u0131kla s\u00f6k\u00fclerek yenisiyle de\u011fi\u015ftirilebilir ve m\u00fclke hasar\u0131 azaltarak esteti\u011fin muhafazas\u0131n\u0131 sa\u011flar. Ma\u011faza cephelerinden \u00fcst ge\u00e7itlere kadar, Graffitigard gittik\u00e7e daha pop\u00fcler olmaktad\u0131r \u00e7\u00fcnk\u00fc korudu\u011fu \u015feyi de\u011fi\u015ftirmeye nazaran yenilenmesi ve yeni bir katman\u0131n montaj\u0131 \u00e7ok daha ucuzdur. Kamusal y\u00fczeylerinizi kasti ve kas\u0131tl\u0131 olmayan hasarlara kar\u015f\u0131 Solar Gard grafiti koruyucu filmleri ile koruyun!<\/div>\n","protected":false},"excerpt":{"rendered":"<p>Anti Graffiti Film Kamu ve \u00f6zel m\u00fclk\u00fc vandalizme kar\u015f\u0131 korur Solar Gard\u2019\u0131n Grafittigard koruyucu filmi Vandallarla i\u00e7 ve d\u0131\u015f cam pencereler ve aynalar\u0131n yan\u0131 s\u0131ra paslanmaz \u00e7elik ve mermer gibi di\u011fer g\u00f6zenekli olmayan y\u00fczeyler de d\u00e2hil \u00a0kaplad\u0131klar\u0131 y\u00fczeyler aras\u0131nda, g\u00f6zden \u00e7\u0131kar\u0131labilir bir engel olarak i\u015flev g\u00f6ren, dayan\u0131kl\u0131, optik olarak saydam ve s\u00f6k\u00fclebilir bir \u00fcr\u00fcnd\u00fcr. Fark &hellip; <a href=\"https:\/\/www.solargard.com\/tr\/product\/graffitigard\/\">Continued<\/a><\/p>\n","protected":false},"featured_media":42588,"comment_status":"open","ping_status":"closed","template":"","meta":{"_acf_changed":false},"product_brand":[],"product_cat":[1184,1191,1183],"product_tag":[1563,1458],"class_list":{"0":"post-42531","1":"product","2":"type-product","3":"status-publish","4":"has-post-thumbnail","6":"product_cat-anti-graffiti-tr","7":"product_cat-safety-and-security-tr","8":"product_cat-architectural-tr","9":"product_tag-clear-tr","10":"product_tag-commercial-tr","12":"first","13":"instock","14":"shipping-taxable","15":"product-type-simple"},"acf":[],"_links":{"self":[{"href":"https:\/\/www.solargard.com\/tr\/wp-json\/wp\/v2\/product\/42531","targetHints":{"allow":["GET"]}}],"collection":[{"href":"https:\/\/www.solargard.com\/tr\/wp-json\/wp\/v2\/product"}],"about":[{"href":"https:\/\/www.solargard.com\/tr\/wp-json\/wp\/v2\/types\/product"}],"replies":[{"embeddable":true,"href":"https:\/\/www.solargard.com\/tr\/wp-json\/wp\/v2\/comments?post=42531"}],"wp:featuredmedia":[{"embeddable":true,"href":"https:\/\/www.solargard.com\/tr\/wp-json\/wp\/v2\/media\/42588"}],"wp:attachment":[{"href":"https:\/\/www.solargard.com\/tr\/wp-json\/wp\/v2\/media?parent=42531"}],"wp:term":[{"taxonomy":"product_brand","embeddable":true,"href":"https:\/\/www.solargard.com\/tr\/wp-json\/wp\/v2\/product_brand?post=42531"},{"taxonomy":"product_cat","embeddable":true,"href":"https:\/\/www.solargard.com\/tr\/wp-json\/wp\/v2\/product_cat?post=42531"},{"taxonomy":"product_tag","embeddable":true,"href":"https:\/\/www.solargard.com\/tr\/wp-json\/wp\/v2\/product_tag?post=42531"}],"curies":[{"name":"wp","href":"https:\/\/api.w.org\/{rel}","templated":true}]}}