{"id":42532,"date":"2016-07-06T13:48:26","date_gmt":"2016-07-06T20:48:26","guid":{"rendered":"https:\/\/www.solargard.com\/tr\/?post_type=product&#038;p=42532"},"modified":"2019-03-21T08:39:09","modified_gmt":"2019-03-21T15:39:09","slug":"sentinel-plus","status":"publish","type":"product","link":"https:\/\/www.solargard.com\/tr\/product\/sentinel-plus\/","title":{"rendered":"Sentinel Plus"},"content":{"rendered":"<p>Sentinel Plus serisi Solar Gard\u2019\u0131n d\u0131\u015f cepheden kullan\u0131labilen cam filmleri serisidir. Bu seri filmler g\u00fcne\u015f \u0131s\u0131s\u0131na ve parlamaya kar\u015f\u0131 ilk s\u0131rada koruma sa\u011flayan, y\u00fcksek \u0131s\u0131 geri yans\u0131tma \u00f6zelli\u011fine sahip, performansl\u0131 \u00fcr\u00fcnlerdir. Sentinel Plus serisi i\u00e7inde Stainless Steel, Silver ,Renksiz \u015eeffaf ve SX (y\u00fcksek performansl\u0131 a\u00e7\u0131k renkler) serisi filmler mevcuttur.<\/p>\n<p>Temel Faydalar\u0131:<\/p>\n<ul>\n<li>D\u0131\u015f y\u00fczeyden yap\u0131lacak uygulamalarda %82\u2019ye varan Toplam Is\u0131 Enerjisi Geri Yans\u0131tma oran\u0131na sahiptir.<\/li>\n<li>D\u0131\u015fardan eskimi\u015f g\u00f6r\u00fcnen cephelere modern ve yeni bir g\u00f6r\u00fcn\u00fcm sa\u011flar<\/li>\n<li>Y\u00fcksek \u0131s\u0131 enerjisi geri yans\u0131tma orans\u0131 ile y\u00fcksek oranda enerji tasarrufu sa\u011flar<\/li>\n<li>Zararl\u0131 UV \u0131\u015f\u0131nlar\u0131na kar\u015f\u0131 koruyucular\u0131 ile i\u00e7 mekan\u0131n ve i\u00e7erde ya\u015fayanlar\u0131n zarar g\u00f6rmesini engeller<\/li>\n<\/ul>\n","protected":false},"excerpt":{"rendered":"<p>Sentinel Plus serisi Solar Gard\u2019\u0131n d\u0131\u015f cepheden kullan\u0131labilen cam filmleri serisidir. Bu seri filmler g\u00fcne\u015f \u0131s\u0131s\u0131na ve parlamaya kar\u015f\u0131 ilk s\u0131rada koruma sa\u011flayan, y\u00fcksek \u0131s\u0131 geri yans\u0131tma \u00f6zelli\u011fine sahip, performansl\u0131 \u00fcr\u00fcnlerdir. Sentinel Plus serisi i\u00e7inde Stainless Steel, Silver ,Renksiz \u015eeffaf ve SX (y\u00fcksek performansl\u0131 a\u00e7\u0131k renkler) serisi filmler mevcuttur. Temel Faydalar\u0131: D\u0131\u015f y\u00fczeyden yap\u0131lacak uygulamalarda &hellip; <a href=\"https:\/\/www.solargard.com\/tr\/product\/sentinel-plus\/\">Continued<\/a><\/p>\n","protected":false},"featured_media":55647,"comment_status":"open","ping_status":"closed","template":"","meta":{"_acf_changed":false},"product_brand":[],"product_cat":[1190,1192,1183],"product_tag":[1563,1458,1473,1488,1675,1533],"class_list":{"0":"post-42532","1":"product","2":"type-product","3":"status-publish","4":"has-post-thumbnail","6":"product_cat-exterior-films-tr","7":"product_cat-solar-control-tr","8":"product_cat-architectural-tr","9":"product_tag-clear-tr","10":"product_tag-commercial-tr","11":"product_tag-glare-tr","12":"product_tag-heat-tr","13":"product_tag-neutral-tr","14":"product_tag-reflective-tr","16":"first","17":"outofstock","18":"shipping-taxable","19":"product-type-simple"},"acf":[],"_links":{"self":[{"href":"https:\/\/www.solargard.com\/tr\/wp-json\/wp\/v2\/product\/42532","targetHints":{"allow":["GET"]}}],"collection":[{"href":"https:\/\/www.solargard.com\/tr\/wp-json\/wp\/v2\/product"}],"about":[{"href":"https:\/\/www.solargard.com\/tr\/wp-json\/wp\/v2\/types\/product"}],"replies":[{"embeddable":true,"href":"https:\/\/www.solargard.com\/tr\/wp-json\/wp\/v2\/comments?post=42532"}],"wp:featuredmedia":[{"embeddable":true,"href":"https:\/\/www.solargard.com\/tr\/wp-json\/wp\/v2\/media\/55647"}],"wp:attachment":[{"href":"https:\/\/www.solargard.com\/tr\/wp-json\/wp\/v2\/media?parent=42532"}],"wp:term":[{"taxonomy":"product_brand","embeddable":true,"href":"https:\/\/www.solargard.com\/tr\/wp-json\/wp\/v2\/product_brand?post=42532"},{"taxonomy":"product_cat","embeddable":true,"href":"https:\/\/www.solargard.com\/tr\/wp-json\/wp\/v2\/product_cat?post=42532"},{"taxonomy":"product_tag","embeddable":true,"href":"https:\/\/www.solargard.com\/tr\/wp-json\/wp\/v2\/product_tag?post=42532"}],"curies":[{"name":"wp","href":"https:\/\/api.w.org\/{rel}","templated":true}]}}