{"id":42533,"date":"2016-07-06T20:50:08","date_gmt":"2016-07-06T20:50:08","guid":{"rendered":"https:\/\/www.solargard.com\/tr\/?post_type=product&#038;p=42533"},"modified":"2016-11-01T10:29:51","modified_gmt":"2016-11-01T10:29:51","slug":"solar-safety","status":"publish","type":"product","link":"https:\/\/www.solargard.com\/tr\/product\/solar-safety\/","title":{"rendered":"\u0131s\u0131 izolasyonlu g\u00fcvenlik filmleri"},"content":{"rendered":"<p>Armorcoat \u0131s\u0131 izolasyonlu g\u00fcvenlik filmleri, \u0131s\u0131 izolasyon filmlerimiz ile renksiz\u00a0<a href=\"https:\/\/www.solargard.com\/tr\/product\/clear-safety\/\">&#8220;g\u00fcvenlik filmlerimizin&#8221;<\/a> birle\u015ftirilmesi ile imal edilmektedir. Bu \u00e7e\u015fit filmler \u00e7ok katman teknolojisi ve cama tutunan agresif yap\u0131\u015ft\u0131r\u0131c\u0131lar ile darbe ve patlama bas\u0131nc\u0131na kar\u015f\u0131 koruma sa\u011flamak i\u00e7in \u00fcretilmektedir.<\/p>\n<p><strong>Temel Faydalar\u0131:<\/strong><\/p>\n<ul>\n<li>%20-%72 aras\u0131nda de\u011fi\u015fen \u0131\u015f\u0131k ge\u00e7irgenli\u011fi sahip \u00e7e\u015fitlilik<\/li>\n<li>Y\u00fcksek \u0131s\u0131 izolasyonu sayesinde i\u00e7 mekan konforunda art\u0131\u015f ve enerji tasarrufu \u00a0sa\u011flanmas\u0131<\/li>\n<li>UV koruyucular ve g\u00fcvenlik \u00f6zelli\u011fi ile insanlar\u0131 ve m\u00fclkleri korumak<\/li>\n<\/ul>\n","protected":false},"excerpt":{"rendered":"<p>Armorcoat \u0131s\u0131 izolasyonlu g\u00fcvenlik filmleri, \u0131s\u0131 izolasyon filmlerimiz ile renksiz\u00a0&#8220;g\u00fcvenlik filmlerimizin&#8221; birle\u015ftirilmesi ile imal edilmektedir. Bu \u00e7e\u015fit filmler \u00e7ok katman teknolojisi ve cama tutunan agresif yap\u0131\u015ft\u0131r\u0131c\u0131lar ile darbe ve patlama bas\u0131nc\u0131na kar\u015f\u0131 koruma sa\u011flamak i\u00e7in \u00fcretilmektedir. Temel Faydalar\u0131: %20-%72 aras\u0131nda de\u011fi\u015fen \u0131\u015f\u0131k ge\u00e7irgenli\u011fi sahip \u00e7e\u015fitlilik Y\u00fcksek \u0131s\u0131 izolasyonu sayesinde i\u00e7 mekan konforunda art\u0131\u015f ve enerji &hellip; <a href=\"https:\/\/www.solargard.com\/tr\/product\/solar-safety\/\">Continued<\/a><\/p>\n","protected":false},"featured_media":42602,"comment_status":"open","ping_status":"closed","template":"","meta":{"_acf_changed":false},"product_brand":[],"product_cat":[1191,1183],"product_tag":[1563,1458,1473,1488,1675,1533,1518],"class_list":{"0":"post-42533","1":"product","2":"type-product","3":"status-publish","4":"has-post-thumbnail","6":"product_cat-safety-and-security-tr","7":"product_cat-architectural-tr","8":"product_tag-clear-tr","9":"product_tag-commercial-tr","10":"product_tag-glare-tr","11":"product_tag-heat-tr","12":"product_tag-neutral-tr","13":"product_tag-reflective-tr","14":"product_tag-safety-tr","16":"first","17":"outofstock","18":"shipping-taxable","19":"product-type-simple"},"acf":[],"_links":{"self":[{"href":"https:\/\/www.solargard.com\/tr\/wp-json\/wp\/v2\/product\/42533","targetHints":{"allow":["GET"]}}],"collection":[{"href":"https:\/\/www.solargard.com\/tr\/wp-json\/wp\/v2\/product"}],"about":[{"href":"https:\/\/www.solargard.com\/tr\/wp-json\/wp\/v2\/types\/product"}],"replies":[{"embeddable":true,"href":"https:\/\/www.solargard.com\/tr\/wp-json\/wp\/v2\/comments?post=42533"}],"wp:featuredmedia":[{"embeddable":true,"href":"https:\/\/www.solargard.com\/tr\/wp-json\/wp\/v2\/media\/42602"}],"wp:attachment":[{"href":"https:\/\/www.solargard.com\/tr\/wp-json\/wp\/v2\/media?parent=42533"}],"wp:term":[{"taxonomy":"product_brand","embeddable":true,"href":"https:\/\/www.solargard.com\/tr\/wp-json\/wp\/v2\/product_brand?post=42533"},{"taxonomy":"product_cat","embeddable":true,"href":"https:\/\/www.solargard.com\/tr\/wp-json\/wp\/v2\/product_cat?post=42533"},{"taxonomy":"product_tag","embeddable":true,"href":"https:\/\/www.solargard.com\/tr\/wp-json\/wp\/v2\/product_tag?post=42533"}],"curies":[{"name":"wp","href":"https:\/\/api.w.org\/{rel}","templated":true}]}}