{"id":42534,"date":"2016-07-06T13:50:43","date_gmt":"2016-07-06T20:50:43","guid":{"rendered":"https:\/\/www.solargard.com\/tr\/?post_type=product&#038;p=42534"},"modified":"2018-10-24T08:00:24","modified_gmt":"2018-10-24T15:00:24","slug":"seffaf-guvenlik-cam-filmi","status":"publish","type":"product","link":"https:\/\/www.solargard.com\/tr\/product\/seffaf-guvenlik-cam-filmi\/","title":{"rendered":"\u015eeffaf G\u00fcvenlik Cam Filmi"},"content":{"rendered":"<div class=\"title1\">Solar Gard Armorcoat Clear G\u00fcvenlik Cam\u00a0Filmleri<\/div>\n<div><strong>Armorcoat g\u00fcvenlik filmleri cama ba\u011fl\u0131 yaralanmalara kar\u015f\u0131 sizi korur.<\/strong><\/div>\n<div><\/div>\n<div>\n<p><span>Eviniz, okulunuz veya ofisiniz, sadece bir yerden ibaret de\u011fildir; bunlar birer yat\u0131r\u0131md\u0131r. Tam da bu nedenle, kazayla olsun veya ba\u015fka \u015fekilde olsun bunlara zarar verebilecek her \u015feye kar\u015f\u0131 koruma sa\u011flamak \u00f6nemlidir. Da\u011f\u0131lan camlar\u0131 bir arada tutmak \u00fczere \u00f6zel olarak tasarlanm\u0131\u015f olan Solar Gard Armorcoat cam filmi, yaln\u0131zca sizi u\u00e7an cam par\u00e7alar\u0131ndan korumakla kalmaz, ayr\u0131ca size a\u015fa\u011f\u0131dakilere kar\u015f\u0131 da koruma sa\u011flar: <\/span><\/p>\n<ul>\n<li style=\"list-style-type: none;\">\n<ul>\n<li>H\u0131rs\u0131zl\u0131k ve ya\u011fma<\/li>\n<li>Depremler ve sismik aktivite<\/li>\n<li>Ciddi f\u0131rt\u0131na hasar\u0131<\/li>\n<li>Bomba patlamalar\u0131 ve ter\u00f6r<\/li>\n<\/ul>\n<\/li>\n<\/ul>\n<p>Solar Gard sizi, i\u015fletmenizi, sevdiklerinizi ve varl\u0131klar\u0131n\u0131z\u0131 g\u00fcven ve koruma alt\u0131nda tutarak sizi g\u00f6n\u00fcl rahatl\u0131\u011f\u0131na kavu\u015fturur.<\/p>\n<p>Optik olarak p\u00fcr\u00fczs\u00fcz olan Armorcoat g\u00fcvenlik filmleri renksizdir ve cam \u00fczerinde fark edilemezler ve cam\u0131 g\u00fc\u00e7lendirerek m\u00fckemmel koruma sa\u011flarlar. Di\u011fer baz\u0131 filmlerin aksine, Armorcoat p\u00fcr\u00fczs\u00fcz g\u00fcvenlik camlar\u0131 yans\u0131tmas\u0131zd\u0131rlar bu y\u00fczden nerdeyse cam\u0131n \u00fczerinde hi\u00e7 g\u00f6r\u00fclmezler. Gece veya g\u00fcnd\u00fcz pencerenizin do\u011fal g\u00f6r\u00fcnmesini sa\u011flay\u0131n. Cam \u00fczerinde ayna etkisi veya fark edilebilir bir de\u011fi\u015fiklik olmaz bu y\u00fczden pencereniz p\u00fcr\u00fczs\u00fcz, parlak ve g\u00fczel g\u00f6r\u00fcn\u00fcr.Y\u00fcksek mukavemetli polyesterin esnek tabakalar\u0131, sert yap\u0131\u015ft\u0131r\u0131c\u0131lar, ultraviyole \u00f6nleyicileri ve \u00e7izilmeye dayan\u0131kl\u0131 kaplamalar daha fazla filmle daha fazla koruma sunan filmlerle ola\u011fan\u00fcst\u00fc darbeye dayan\u0131kl\u0131 kaplamalar sunar. Bu a\u00e7\u0131k filmler sadece k\u0131r\u0131lan cam par\u00e7alar\u0131n\u0131 bir arada tutmakla kalmaz ayr\u0131ca ultraviyole \u00f6nleyiciler ev e\u015fyalar\u0131n\u0131z\u0131 ve de\u011ferli e\u015fyalar\u0131n\u0131z\u0131 solmaya kar\u015f\u0131 korumaya yard\u0131mc\u0131 olur.<\/p>\n<p>2 Mil kal\u0131nl\u0131ktan 14 Mil kal\u0131nl\u0131\u011fa, bu film ailenizi, evinizi ve de\u011ferli e\u015fyalar\u0131n\u0131z\u0131 korumak i\u00e7in \u00e7ok \u00e7al\u0131\u015f\u0131r.<\/p>\n<\/div>\n<p>Bomba patlamas\u0131 testini g\u00f6steren videomuzu izlemek i\u00e7in <a class=\"orangeLink\" href=\"http:\/\/www.youtube.com\/watch?v=DWOAuqaO6QI\" target=\"_blank\" rel=\"noopener\">t\u0131klay\u0131n\u0131z.<\/a><\/p>\n<p><a class=\"orangeLink\" href=\"https:\/\/www.solargard.com\/tr\/product\/solar-safety\/\">Armorcoat \u0131s\u0131 izolasyonlu g\u00fcvenlik filmleri.<\/a><\/p>\n","protected":false},"excerpt":{"rendered":"<p>Solar Gard Armorcoat Clear G\u00fcvenlik Cam\u00a0Filmleri Armorcoat g\u00fcvenlik filmleri cama ba\u011fl\u0131 yaralanmalara kar\u015f\u0131 sizi korur. Eviniz, okulunuz veya ofisiniz, sadece bir yerden ibaret de\u011fildir; bunlar birer yat\u0131r\u0131md\u0131r. Tam da bu nedenle, kazayla olsun veya ba\u015fka \u015fekilde olsun bunlara zarar verebilecek her \u015feye kar\u015f\u0131 koruma sa\u011flamak \u00f6nemlidir. Da\u011f\u0131lan camlar\u0131 bir arada tutmak \u00fczere \u00f6zel olarak tasarlanm\u0131\u015f &hellip; <a href=\"https:\/\/www.solargard.com\/tr\/product\/seffaf-guvenlik-cam-filmi\/\">Continued<\/a><\/p>\n","protected":false},"featured_media":42612,"comment_status":"open","ping_status":"closed","template":"","meta":{"_acf_changed":false},"product_brand":[],"product_cat":[1191,1183],"product_tag":[1563,1458,1518],"class_list":{"0":"post-42534","1":"product","2":"type-product","3":"status-publish","4":"has-post-thumbnail","6":"product_cat-safety-and-security-tr","7":"product_cat-architectural-tr","8":"product_tag-clear-tr","9":"product_tag-commercial-tr","10":"product_tag-safety-tr","12":"first","13":"outofstock","14":"shipping-taxable","15":"product-type-simple"},"acf":[],"_links":{"self":[{"href":"https:\/\/www.solargard.com\/tr\/wp-json\/wp\/v2\/product\/42534","targetHints":{"allow":["GET"]}}],"collection":[{"href":"https:\/\/www.solargard.com\/tr\/wp-json\/wp\/v2\/product"}],"about":[{"href":"https:\/\/www.solargard.com\/tr\/wp-json\/wp\/v2\/types\/product"}],"replies":[{"embeddable":true,"href":"https:\/\/www.solargard.com\/tr\/wp-json\/wp\/v2\/comments?post=42534"}],"wp:featuredmedia":[{"embeddable":true,"href":"https:\/\/www.solargard.com\/tr\/wp-json\/wp\/v2\/media\/42612"}],"wp:attachment":[{"href":"https:\/\/www.solargard.com\/tr\/wp-json\/wp\/v2\/media?parent=42534"}],"wp:term":[{"taxonomy":"product_brand","embeddable":true,"href":"https:\/\/www.solargard.com\/tr\/wp-json\/wp\/v2\/product_brand?post=42534"},{"taxonomy":"product_cat","embeddable":true,"href":"https:\/\/www.solargard.com\/tr\/wp-json\/wp\/v2\/product_cat?post=42534"},{"taxonomy":"product_tag","embeddable":true,"href":"https:\/\/www.solargard.com\/tr\/wp-json\/wp\/v2\/product_tag?post=42534"}],"curies":[{"name":"wp","href":"https:\/\/api.w.org\/{rel}","templated":true}]}}