{"id":42535,"date":"2014-12-11T21:20:23","date_gmt":"2016-07-06T20:51:13","guid":{"rendered":"https:\/\/www.solargard.com\/tr\/?post_type=product&#038;p=42535"},"modified":"2021-04-28T01:59:32","modified_gmt":"2021-04-28T09:59:32","slug":"silver-ag","status":"publish","type":"product","link":"https:\/\/www.solargard.com\/tr\/product\/silver-ag\/","title":{"rendered":"Silver AG"},"content":{"rendered":"<p><strong>Silver AG Low E<\/strong> di\u011fer d\u00fc\u015f\u00fck emisyonlu filmlere g\u00f6re daha fazla do\u011fal \u0131\u015f\u0131n i\u00e7eri al\u0131nmas\u0131n\u0131 sa\u011flar. Bunun sonucunda:<\/p>\n<ul>\n<li>Di\u011fer izolasyonlu pencere tiplerine g\u00f6re g\u00fcn \u0131\u015f\u0131\u011f\u0131ndan daha fazla yararlan\u0131lmas\u0131n\u0131 sa\u011flar<\/li>\n<li>G\u00fcnd\u00fcz saatlerinde i\u00e7 ayd\u0131nlatman\u0131n daha az kullan\u0131lmas\u0131 ile enerji tasarrufuna \u00a0yard\u0131mc\u0131 olur<\/li>\n<li>\u0130\u00e7erden bak\u0131ld\u0131\u011f\u0131nda m\u00fckemmel g\u00f6r\u00fc\u015f kalitesi ve d\u0131\u015fardan bak\u0131ld\u0131\u011f\u0131nda daha do\u011fal bir g\u00f6r\u00fcm\u00fcn\u00fc vard\u0131r<\/li>\n<\/ul>\n","protected":false},"excerpt":{"rendered":"<p>Silver AG Low E di\u011fer d\u00fc\u015f\u00fck emisyonlu filmlere g\u00f6re daha fazla do\u011fal \u0131\u015f\u0131n i\u00e7eri al\u0131nmas\u0131n\u0131 sa\u011flar. Bunun sonucunda: Di\u011fer izolasyonlu pencere tiplerine g\u00f6re g\u00fcn \u0131\u015f\u0131\u011f\u0131ndan daha fazla yararlan\u0131lmas\u0131n\u0131 sa\u011flar G\u00fcnd\u00fcz saatlerinde i\u00e7 ayd\u0131nlatman\u0131n daha az kullan\u0131lmas\u0131 ile enerji tasarrufuna \u00a0yard\u0131mc\u0131 olur \u0130\u00e7erden bak\u0131ld\u0131\u011f\u0131nda m\u00fckemmel g\u00f6r\u00fc\u015f kalitesi ve d\u0131\u015fardan bak\u0131ld\u0131\u011f\u0131nda daha do\u011fal bir g\u00f6r\u00fcm\u00fcn\u00fc vard\u0131r<\/p>\n","protected":false},"featured_media":98580,"comment_status":"open","ping_status":"closed","template":"","meta":{"_acf_changed":false},"product_brand":[],"product_cat":[1186],"product_tag":[1458,1473,1488,1503,1533],"class_list":{"0":"post-42535","1":"product","2":"type-product","3":"status-publish","4":"has-post-thumbnail","6":"product_cat-dual-climate","7":"product_tag-commercial-tr","8":"product_tag-glare-tr","9":"product_tag-heat-tr","10":"product_tag-privacy-tr","11":"product_tag-reflective-tr","13":"first","14":"instock","15":"shipping-taxable","16":"product-type-simple"},"acf":[],"_links":{"self":[{"href":"https:\/\/www.solargard.com\/tr\/wp-json\/wp\/v2\/product\/42535","targetHints":{"allow":["GET"]}}],"collection":[{"href":"https:\/\/www.solargard.com\/tr\/wp-json\/wp\/v2\/product"}],"about":[{"href":"https:\/\/www.solargard.com\/tr\/wp-json\/wp\/v2\/types\/product"}],"replies":[{"embeddable":true,"href":"https:\/\/www.solargard.com\/tr\/wp-json\/wp\/v2\/comments?post=42535"}],"wp:featuredmedia":[{"embeddable":true,"href":"https:\/\/www.solargard.com\/tr\/wp-json\/wp\/v2\/media\/98580"}],"wp:attachment":[{"href":"https:\/\/www.solargard.com\/tr\/wp-json\/wp\/v2\/media?parent=42535"}],"wp:term":[{"taxonomy":"product_brand","embeddable":true,"href":"https:\/\/www.solargard.com\/tr\/wp-json\/wp\/v2\/product_brand?post=42535"},{"taxonomy":"product_cat","embeddable":true,"href":"https:\/\/www.solargard.com\/tr\/wp-json\/wp\/v2\/product_cat?post=42535"},{"taxonomy":"product_tag","embeddable":true,"href":"https:\/\/www.solargard.com\/tr\/wp-json\/wp\/v2\/product_tag?post=42535"}],"curies":[{"name":"wp","href":"https:\/\/api.w.org\/{rel}","templated":true}]}}