{"id":42537,"date":"2016-07-06T20:52:06","date_gmt":"2016-07-06T20:52:06","guid":{"rendered":"https:\/\/www.solargard.com\/tr\/?post_type=product&#038;p=42537"},"modified":"2017-05-03T11:32:16","modified_gmt":"2017-05-03T11:32:16","slug":"stainless-steel","status":"publish","type":"product","link":"https:\/\/www.solargard.com\/tr\/product\/stainless-steel\/","title":{"rendered":"Stainless Steel"},"content":{"rendered":"<p><span>Solar Gard Paslanmaz \u00c7elik serisi, d\u00fcnyan\u0131n her yerindeki binalar i\u00e7in yayg\u0131n olarak kabul g\u00f6ren bir solar \u00e7\u00f6z\u00fcmd\u00fcr. Bu g\u00f6lgelendirmeler, \u00e7o\u011fu i\u00e7 ve d\u0131\u015f renk gruplar\u0131na do\u011fal bir tamamlay\u0131c\u0131 i\u015flevi g\u00f6rmelerini sa\u011flayan d\u00fc\u015f\u00fck yans\u0131t\u0131c\u0131 \u00f6zellikli ve gri tondad\u0131r. Bu g\u00f6lgelendirme serisinde kullan\u0131lan paslanmaz \u00e7elik metali, katman halindeki yap\u0131\u015ft\u0131r\u0131c\u0131lar ve \u00e7izilmeye kar\u015f\u0131 dayan\u0131kl\u0131 kaplamalar y\u00fcksek performans, dayan\u0131kl\u0131l\u0131k ve uzun \u00f6m\u00fcrl\u00fcl\u00fck sa\u011flar; bu \u00f6zellikler sayesinde bu seri bir\u00e7ok ki\u015fi taraf\u0131ndan tercih edilmektedir.<\/span><\/p>\n","protected":false},"excerpt":{"rendered":"<p>Solar Gard Paslanmaz \u00c7elik serisi, d\u00fcnyan\u0131n her yerindeki binalar i\u00e7in yayg\u0131n olarak kabul g\u00f6ren bir solar \u00e7\u00f6z\u00fcmd\u00fcr. Bu g\u00f6lgelendirmeler, \u00e7o\u011fu i\u00e7 ve d\u0131\u015f renk gruplar\u0131na do\u011fal bir tamamlay\u0131c\u0131 i\u015flevi g\u00f6rmelerini sa\u011flayan d\u00fc\u015f\u00fck yans\u0131t\u0131c\u0131 \u00f6zellikli ve gri tondad\u0131r. Bu g\u00f6lgelendirme serisinde kullan\u0131lan paslanmaz \u00e7elik metali, katman halindeki yap\u0131\u015ft\u0131r\u0131c\u0131lar ve \u00e7izilmeye kar\u015f\u0131 dayan\u0131kl\u0131 kaplamalar y\u00fcksek performans, dayan\u0131kl\u0131l\u0131k &hellip; <a href=\"https:\/\/www.solargard.com\/tr\/product\/stainless-steel\/\">Continued<\/a><\/p>\n","protected":false},"featured_media":42633,"comment_status":"open","ping_status":"closed","template":"","meta":{"_acf_changed":false},"product_brand":[],"product_cat":[1192,1183],"product_tag":[1458,1533],"class_list":{"0":"post-42537","1":"product","2":"type-product","3":"status-publish","4":"has-post-thumbnail","6":"product_cat-solar-control-tr","7":"product_cat-architectural-tr","8":"product_tag-commercial-tr","9":"product_tag-reflective-tr","11":"first","12":"outofstock","13":"shipping-taxable","14":"product-type-simple"},"acf":[],"_links":{"self":[{"href":"https:\/\/www.solargard.com\/tr\/wp-json\/wp\/v2\/product\/42537","targetHints":{"allow":["GET"]}}],"collection":[{"href":"https:\/\/www.solargard.com\/tr\/wp-json\/wp\/v2\/product"}],"about":[{"href":"https:\/\/www.solargard.com\/tr\/wp-json\/wp\/v2\/types\/product"}],"replies":[{"embeddable":true,"href":"https:\/\/www.solargard.com\/tr\/wp-json\/wp\/v2\/comments?post=42537"}],"wp:featuredmedia":[{"embeddable":true,"href":"https:\/\/www.solargard.com\/tr\/wp-json\/wp\/v2\/media\/42633"}],"wp:attachment":[{"href":"https:\/\/www.solargard.com\/tr\/wp-json\/wp\/v2\/media?parent=42537"}],"wp:term":[{"taxonomy":"product_brand","embeddable":true,"href":"https:\/\/www.solargard.com\/tr\/wp-json\/wp\/v2\/product_brand?post=42537"},{"taxonomy":"product_cat","embeddable":true,"href":"https:\/\/www.solargard.com\/tr\/wp-json\/wp\/v2\/product_cat?post=42537"},{"taxonomy":"product_tag","embeddable":true,"href":"https:\/\/www.solargard.com\/tr\/wp-json\/wp\/v2\/product_tag?post=42537"}],"curies":[{"name":"wp","href":"https:\/\/api.w.org\/{rel}","templated":true}]}}