{"id":42538,"date":"2016-07-06T13:52:37","date_gmt":"2016-07-06T20:52:37","guid":{"rendered":"https:\/\/www.solargard.com\/tr\/?post_type=product&#038;p=42538"},"modified":"2019-04-04T07:29:25","modified_gmt":"2019-04-04T14:29:25","slug":"ecolux","status":"publish","type":"product","link":"https:\/\/www.solargard.com\/tr\/product\/ecolux\/","title":{"rendered":"Ecolux\u2122"},"content":{"rendered":"<p><strong>Solar Gard Ecolux\u2122 D\u00fc\u015f\u00fck Yay\u0131n\u0131rl\u0131kl\u0131 cam filmi<\/strong><br \/>\nY\u0131l boyunca para tasarrufu sa\u011flamak ve size konfor sa\u011flamak i\u00e7in yo\u011fun \u00e7al\u0131\u015f\u0131yoruz!<br \/>\nBizler Solar Gard\u2019da Ecolux ad\u0131nda yeni, heyecan verici, d\u00fc\u015f\u00fck yay\u0131n\u0131rl\u0131kl\u0131 bir film geli\u015ftirdik ve bunu size tan\u0131tmak isteriz. Ecolux teknolojisi karma\u015f\u0131kt\u0131r; ama yapt\u0131klar\u0131 olduk\u00e7a basittir. Ecolux, i\u00e7 mekandaki havay\u0131 t\u00fcm mevsimlerde istedi\u011finiz gibi tutman\u0131za yard\u0131mc\u0131 olur.<\/p>\n<p>Basit ve kesintisiz bir i\u015flemle Ecolux yetkili bir Ecolux Bayisi taraf\u0131ndan pencerelerinizin i\u00e7 k\u0131sm\u0131na yap\u0131\u015ft\u0131r\u0131l\u0131r. Ecolux, monte edildi\u011fi anda sizin i\u00e7in \u00e7al\u0131\u015fmaya ba\u015flar. So\u011fuk aylarda Ecolux \u0131s\u0131y\u0131 yakalar ve odaya geri y\u00f6nlendirerek genel konforu art\u0131r\u0131r, enerji kullan\u0131m\u0131n\u0131 d\u00fc\u015f\u00fcr\u00fcr ve \u0131s\u0131nma harcamalar\u0131nda paradan tasarruf etmenizi sa\u011flar. S\u0131cak aylarda ise Ecolux g\u00fcne\u015f \u0131s\u0131s\u0131n\u0131 pencerelerden geri yans\u0131tarak i\u00e7 so\u011futma ihtiyac\u0131n\u0131 ve masraf\u0131n\u0131 azalt\u0131r. Para kazanmak i\u00e7in \u00e7ok \u00e7al\u0131\u015ft\u0131\u011f\u0131n\u0131z\u0131 biliyoruz ve Ecolux ile patan\u0131z\u0131 cebinizde tutman\u0131z\u0131 istiyoruz.\u00a0Yukar\u0131dakilerin yan\u0131nda Ecolux ayr\u0131ca di\u011fer cam filmlerinin avntajlar\u0131n\u0131 da sa\u011flar.<\/p>\n<p>Ecolux\u2122 faydalar\u0131:<\/p>\n<ul>\n<li>\u0131s\u0131tma ve so\u011futma masraflar\u0131n\u0131 d\u00fc\u015f\u00fcrerek faturalarda paradan tasarruf etmenize yard\u0131mc\u0131 olur<\/li>\n<li>Daha az enerji t\u00fcketmenize yard\u0131mc\u0131 olur<\/li>\n<li>Daha fazla konfor i\u00e7in g\u00fcne\u015f \u0131s\u0131s\u0131 ve par\u0131lt\u0131s\u0131na kar\u015f\u0131 koruma sa\u011flar<\/li>\n<li>\u0130nsanlar\u0131 ve e\u015fyalar\u0131 zararl\u0131 ultraviyole \u0131\u015f\u0131nlar\u0131ndan korur<\/li>\n<li>Evinizin ve binan\u0131z\u0131n d\u0131\u015f g\u00fczelli\u011fini ve mahremiyetini art\u0131r\u0131r<\/li>\n<\/ul>\n","protected":false},"excerpt":{"rendered":"<p>Solar Gard Ecolux\u2122 D\u00fc\u015f\u00fck Yay\u0131n\u0131rl\u0131kl\u0131 cam filmi Y\u0131l boyunca para tasarrufu sa\u011flamak ve size konfor sa\u011flamak i\u00e7in yo\u011fun \u00e7al\u0131\u015f\u0131yoruz! Bizler Solar Gard\u2019da Ecolux ad\u0131nda yeni, heyecan verici, d\u00fc\u015f\u00fck yay\u0131n\u0131rl\u0131kl\u0131 bir film geli\u015ftirdik ve bunu size tan\u0131tmak isteriz. Ecolux teknolojisi karma\u015f\u0131kt\u0131r; ama yapt\u0131klar\u0131 olduk\u00e7a basittir. Ecolux, i\u00e7 mekandaki havay\u0131 t\u00fcm mevsimlerde istedi\u011finiz gibi tutman\u0131za yard\u0131mc\u0131 olur. &hellip; <a href=\"https:\/\/www.solargard.com\/tr\/product\/ecolux\/\">Continued<\/a><\/p>\n","protected":false},"featured_media":48510,"comment_status":"open","ping_status":"closed","template":"","meta":{"_acf_changed":false},"product_brand":[],"product_cat":[1183,1186],"product_tag":[1548,1488,1443,1675],"class_list":{"0":"post-42538","1":"product","2":"type-product","3":"status-publish","4":"has-post-thumbnail","6":"product_cat-architectural-tr","7":"product_cat-dual-climate","8":"product_tag-black-grey-tr","9":"product_tag-heat-tr","10":"product_tag-home-tr","11":"product_tag-neutral-tr","13":"first","14":"outofstock","15":"shipping-taxable","16":"product-type-simple"},"acf":[],"_links":{"self":[{"href":"https:\/\/www.solargard.com\/tr\/wp-json\/wp\/v2\/product\/42538","targetHints":{"allow":["GET"]}}],"collection":[{"href":"https:\/\/www.solargard.com\/tr\/wp-json\/wp\/v2\/product"}],"about":[{"href":"https:\/\/www.solargard.com\/tr\/wp-json\/wp\/v2\/types\/product"}],"replies":[{"embeddable":true,"href":"https:\/\/www.solargard.com\/tr\/wp-json\/wp\/v2\/comments?post=42538"}],"wp:featuredmedia":[{"embeddable":true,"href":"https:\/\/www.solargard.com\/tr\/wp-json\/wp\/v2\/media\/48510"}],"wp:attachment":[{"href":"https:\/\/www.solargard.com\/tr\/wp-json\/wp\/v2\/media?parent=42538"}],"wp:term":[{"taxonomy":"product_brand","embeddable":true,"href":"https:\/\/www.solargard.com\/tr\/wp-json\/wp\/v2\/product_brand?post=42538"},{"taxonomy":"product_cat","embeddable":true,"href":"https:\/\/www.solargard.com\/tr\/wp-json\/wp\/v2\/product_cat?post=42538"},{"taxonomy":"product_tag","embeddable":true,"href":"https:\/\/www.solargard.com\/tr\/wp-json\/wp\/v2\/product_tag?post=42538"}],"curies":[{"name":"wp","href":"https:\/\/api.w.org\/{rel}","templated":true}]}}