{"id":42539,"date":"2016-07-06T20:53:15","date_gmt":"2016-07-06T20:53:15","guid":{"rendered":"https:\/\/www.solargard.com\/tr\/?post_type=product&#038;p=42539"},"modified":"2017-05-03T11:30:58","modified_gmt":"2017-05-03T11:30:58","slug":"solar-bronze","status":"publish","type":"product","link":"https:\/\/www.solargard.com\/tr\/product\/solar-bronze\/","title":{"rendered":"Solar Bronze"},"content":{"rendered":"<div class=\"title1\">Solar Gard Solar Bronze serisi, mimari pencerelere s\u0131cak bak\u0131r kaplama ekleyerek do\u011fal ve topraks\u0131 renk gruplar\u0131yla uyum sa\u011flar. Bu g\u00f6lgelendirmeler, y\u00fcksek d\u00fczeyde \u0131s\u0131 engellemesi ve m\u00fckemmel d\u00fczeyde mahremiyet sa\u011flarken ayn\u0131 zamanda yeterli d\u00fczeyde de do\u011fal \u0131\u015f\u0131k giri\u015fini temin eder. Solar Bronze ile m\u00fclk\u00fcn\u00fcze modernlik ve g\u00fczellik kazand\u0131r\u0131n.<\/div>\n","protected":false},"excerpt":{"rendered":"<p>Solar Gard Solar Bronze serisi, mimari pencerelere s\u0131cak bak\u0131r kaplama ekleyerek do\u011fal ve topraks\u0131 renk gruplar\u0131yla uyum sa\u011flar. Bu g\u00f6lgelendirmeler, y\u00fcksek d\u00fczeyde \u0131s\u0131 engellemesi ve m\u00fckemmel d\u00fczeyde mahremiyet sa\u011flarken ayn\u0131 zamanda yeterli d\u00fczeyde de do\u011fal \u0131\u015f\u0131k giri\u015fini temin eder. Solar Bronze ile m\u00fclk\u00fcn\u00fcze modernlik ve g\u00fczellik kazand\u0131r\u0131n.<\/p>\n","protected":false},"featured_media":42646,"comment_status":"open","ping_status":"closed","template":"","meta":{"_acf_changed":false},"product_brand":[],"product_cat":[1192,1183],"product_tag":[1458,1488,1503,1533],"class_list":{"0":"post-42539","1":"product","2":"type-product","3":"status-publish","4":"has-post-thumbnail","6":"product_cat-solar-control-tr","7":"product_cat-architectural-tr","8":"product_tag-commercial-tr","9":"product_tag-heat-tr","10":"product_tag-privacy-tr","11":"product_tag-reflective-tr","13":"first","14":"outofstock","15":"shipping-taxable","16":"product-type-simple"},"acf":[],"_links":{"self":[{"href":"https:\/\/www.solargard.com\/tr\/wp-json\/wp\/v2\/product\/42539","targetHints":{"allow":["GET"]}}],"collection":[{"href":"https:\/\/www.solargard.com\/tr\/wp-json\/wp\/v2\/product"}],"about":[{"href":"https:\/\/www.solargard.com\/tr\/wp-json\/wp\/v2\/types\/product"}],"replies":[{"embeddable":true,"href":"https:\/\/www.solargard.com\/tr\/wp-json\/wp\/v2\/comments?post=42539"}],"wp:featuredmedia":[{"embeddable":true,"href":"https:\/\/www.solargard.com\/tr\/wp-json\/wp\/v2\/media\/42646"}],"wp:attachment":[{"href":"https:\/\/www.solargard.com\/tr\/wp-json\/wp\/v2\/media?parent=42539"}],"wp:term":[{"taxonomy":"product_brand","embeddable":true,"href":"https:\/\/www.solargard.com\/tr\/wp-json\/wp\/v2\/product_brand?post=42539"},{"taxonomy":"product_cat","embeddable":true,"href":"https:\/\/www.solargard.com\/tr\/wp-json\/wp\/v2\/product_cat?post=42539"},{"taxonomy":"product_tag","embeddable":true,"href":"https:\/\/www.solargard.com\/tr\/wp-json\/wp\/v2\/product_tag?post=42539"}],"curies":[{"name":"wp","href":"https:\/\/api.w.org\/{rel}","templated":true}]}}